{"id":390,"date":"2019-10-07T23:02:07","date_gmt":"2019-10-07T16:02:07","guid":{"rendered":"http:\/\/shop2.ninhbinhweb.biz\/?post_type=product&#038;p=390"},"modified":"2019-11-05T11:43:08","modified_gmt":"2019-11-05T04:43:08","slug":"may-hut-mun-cam-chuyen-dung-derma-110","status":"publish","type":"product","link":"https:\/\/webmaibinh.com\/w\/noithat132011\/san-pham\/may-hut-mun-cam-chuyen-dung-derma-110\/","title":{"rendered":"M\u00e1y h\u00fat m\u1ee5n c\u00e1m chuy\u00ean d\u1ee5ng Derma 110"},"content":{"rendered":"<h3><strong>T\u00ednh n\u0103ng, \u0111\u1eb7c \u0111i\u1ec3m c\u1ee7a m\u00e1y h\u00fat m\u1ee5n Derma 110<\/strong><\/h3>\n<ul>\n<li>Thi\u1ebft k\u1ebf \u0111\u1eb7c bi\u1ec7t v\u1edbi n\u00fat c\u1ea3m \u1ee9ng si\u00eau nh\u1ea1y<\/li>\n<li>Th\u1eddi gian s\u1eed d\u1ee5ng l\u00ean t\u1edbi 30 ng\u00e0y sau 1 l\u1ea7n s\u1ea1c pin<\/li>\n<li>L\u1ef1c h\u00fat m\u1ea1nh, \u0111\u1ed9 rung \u00eam \u00e1i<\/li>\n<li>C\u00f3 3 m\u1ee9c \u0111\u1ed9 h\u00fat m\u1ee5n t\u1eeb nh\u1eb9 \u0111\u1ebfn m\u1ea1nh<\/li>\n<li>Ch\u1ee9c n\u0103ng h\u00fat m\u1ee5n v\u00e0 t\u1ea9y da ch\u1ebft<\/li>\n<li>V\u1edbi 1 n\u00fat c\u1ea3m \u1ee9ng k\u1ebft h\u1ee3p ch\u1ee9c n\u0103ng b\u1eadt\/t\u1eaft v\u00e0 \u0111i\u1ec1u ch\u1ec9nh c\u00e1c c\u01b0\u1eddng \u0111\u1ed9 l\u1ef1c h\u00fat<\/li>\n<li>S\u1eed d\u1ee5ng d\u00f2ng pin s\u1ea1c Lithium.<\/li>\n<li>S\u1edf h\u1eefu 04 \u0111\u1ea7u h\u00fat chuy\u00ean d\u1ee5ng<\/li>\n<li>C\u00f3 kh\u1ea3 n\u0103ng \u0111\u1ee9ng \u0111\u01b0\u1ee3c tr\u00ean m\u1ed9t m\u1eb7t ph\u1eb3ng<\/li>\n<li>Ki\u1ec3u d\u00e1ng \u0111\u1eb9p m\u1eaft, thon g\u1ecdn v\u00e0 ch\u1eafc ch\u1eafn<\/li>\n<li>Tr\u1ecdng l\u01b0\u1ee3ng m\u00e1y si\u00eau nh\u1eb9: ch\u1ec9 300gam<\/li>\n<li>S\u1ea3n ph\u1ea9m c\u00f3 m\u00e0u tr\u1eafng tinh kh\u00f4i, hi\u1ec7n \u0111\u1ea1i<\/li>\n<\/ul>\n<h3><strong>L\u1ee3i \u00edch kh\u00e1ch h\u00e0ng nh\u1eadn \u0111\u01b0\u1ee3c<\/strong><\/h3>\n<ul>\n<li>S\u1ea3n ph\u1ea9m c\u00f3 gi\u00e1 th\u00e0nh r\u1ebb l\u1ea1i \u0111\u01b0\u1ee3c thi\u1ebft k\u1ebf n\u00fat b\u1ea5m c\u1ea3m \u1ee9ng si\u00eau nh\u1ea1y gi\u00fap vi\u1ec7c s\u1eed d\u1ee5ng \u0111\u01b0\u1ee3c nhanh ch\u00f3ng v\u00e0 ti\u1ec7n l\u1ee3i so v\u1edbi c\u00e1c d\u00f2ng m\u00e1y r\u1ebb ti\u1ec1n kh\u00e1c tr\u00ean th\u1ecb tr\u01b0\u1eddng.<\/li>\n<li>Derma 110 l\u00e0 s\u1ef1 c\u1ea3i ti\u1ebfn \u0111\u1ed9t ph\u00e1 thay th\u1ebf pin ti\u1ec3u b\u1eb1ng s\u1ea1c pin v\u00f4 c\u00f9ng \u0111\u01a1n gi\u1ea3n v\u00e0 ti\u1ec7n l\u1ee3i.<\/li>\n<li>Pin lithium b\u1ec1n, t\u1ed1t cho s\u1ee9c kh\u1ecfe, kh\u00f4ng \u1ea3nh h\u01b0\u1edfng \u0111\u1ebfn m\u00f4i tr\u01b0\u1eddng t\u1ea1o l\u1ef1c h\u00fat m\u1ea1nh, \u0111\u1ea1t hi\u1ec7u qu\u1ea3 cao.<\/li>\n<li>Ngo\u00e0i ch\u1ee9c n\u0103ng h\u00fat m\u1ee5n si\u00eau s\u1ea1ch, m\u00e1y c\u00f3 th\u00eam t\u00ednh n\u0103ng t\u1ea9y da ch\u1ebft cho l\u00e0n da m\u1ecbn m\u00e0ng s\u00e1ng b\u00f3ng.<\/li>\n<li>D\u00f9 l\u00e0 gi\u00e1 th\u00e0nh r\u1ea5t r\u1ebb nh\u01b0ng nh\u00e0 s\u1ea3n xu\u1ea5t v\u1eabn \u0111\u1ea3m b\u1ea3o s\u1ea3n ph\u1ea9m c\u00f3 \u0111\u1ea7y \u0111\u1ee7 03 \u0111\u1ea7u h\u00fat chuy\u00ean d\u1ee5ng h\u00fat c\u00e1c lo\u1ea1i m\u1ee5n l\u00e2u ng\u00e0y nh\u01b0: m\u1ee5n c\u00e1m, m\u1ee5n \u0111\u1ea7u \u0111en, m\u1ee5n tr\u1ee9ng c\u00e1,\u2026 V\u00e0 01 \u0111\u1ea7u h\u00fat ri\u00eang bi\u1ec7t t\u1ea9y da ch\u1ebft gi\u00fap da m\u1eb7t lu\u00f4n s\u00e1ng b\u00f3ng, m\u1ecbn m\u00e0ng<\/li>\n<li>\u0110\u1ed9 rung \u00eam \u00e1i, h\u00ecnh d\u00e1ng thon g\u1ecdn n\u00ean vi\u1ec7c di chuy\u1ec3n nhi\u1ec1u v\u1ecb tr\u00ed tr\u00ean khu\u00f4n m\u1eb7t \u0111\u01b0\u1ee3c d\u1ec5 d\u00e0ng d\u1eabn \u0111\u1ebfn hi\u1ec7u qu\u1ea3 h\u00fat m\u1ee5n v\u01b0\u1ee3t tr\u1ed9i v\u00e0 nhanh ch\u00f3ng<\/li>\n<li>S\u1edf h\u1eefu 3 c\u01b0\u1eddng \u0111\u1ed9 l\u1ef1c h\u00fat kh\u00e1c nhau, t\u00f9y v\u00e0o t\u1eebng lo\u1ea1i da v\u00e0 c\u00e1c lo\u1ea1i m\u1ee5n n\u00ean b\u1ea1n c\u00f3 th\u1ec3 l\u1ef1a ch\u1ecdn m\u1ee9c c\u01b0\u1eddng \u0111\u1ed9 ph\u00f9 h\u1ee3p v\u1edbi lo\u1ea1i da lo\u1ea1i m\u1ee5n c\u1ee7a m\u00ecnh<\/li>\n<li>Nh\u00e2n vi\u00ean ch\u0103m s\u00f3c kh\u00e1ch h\u00e0ng t\u1eadn t\u00ecnh, chu \u0111\u00e1o h\u1ed7 tr\u1ee3 tr\u01b0\u1edbc v\u00e0 sau khi mua h\u00e0ng<\/li>\n<li>\u0110\u01b0\u1ee3c quy\u1ec1n ki\u1ec3m tra s\u1ea3n ph\u1ea9m khi nh\u1eadn h\u00e0ng<\/li>\n<li>C\u00f3 quy\u1ec1n \u0111\u1ed5i tr\u1ea3 n\u1ebfu nh\u01b0 s\u1ea3n ph\u1ea9m l\u1ed7i ho\u1eb7c kh\u00f4ng ph\u00f9 h\u1ee3p trong v\u00f2ng 30 ng\u00e0y k\u1ec3 t\u1eeb ng\u00e0y mua s\u1ea3n ph\u1ea9m.<\/li>\n<\/ul>\n<h3><strong>B\u1ed9 s\u1ea3n ph\u1ea9m bao g\u1ed3m<\/strong><\/h3>\n<ul>\n<li>01 m\u00e1y h\u00fat m\u1ee5n Derma 110<\/li>\n<li>04 \u0111\u1ea7u h\u00fat chuy\u00ean d\u1ee5ng<\/li>\n<li>01 c\u00e1p s\u1ea1c MicroUSB<\/li>\n<li>01 b\u1ed9 b\u00f4ng l\u1ecdc d\u1ef1 ph\u00f2ng<\/li>\n<li>01 h\u01b0\u1edbng d\u1eabn s\u1eed d\u1ee5ng ti\u1ebfng Vi\u1ec7t<\/li>\n<li>01 th\u1ebb b\u1ea3o h\u00e0nh c\u1ee7a H\u00e0ng T\u1ed1t Nh\u1eadp Kh\u1ea9u<\/li>\n<\/ul>\n","protected":false},"excerpt":{"rendered":"<p>S\u1ea3n ph\u1ea9m kh\u00f4ng th\u1ec3 thi\u1ebfu v\u1edbi b\u1ea5t k\u00ec t\u00edn \u0111\u1ed3 l\u00e0m \u0111\u1eb9p n\u00e0o \u0111ang b\u1ecb c\u00e1c lo\u1ea1i m\u1ee5n l\u00e0m m\u1ea5t \u0111i v\u1ebb thanh t\u00fa tr\u00ean g\u01b0\u01a1ng m\u1eb7t.<\/p>\n<p>M\u00e1y s\u1eed d\u1ee5ng c\u01a1 ch\u1ebf c\u1ea3m bi\u1ebfn \u1edf n\u00fat b\u1ea5m c\u00f9ng thi\u1ebft k\u1ebf \u0111\u1eb9p hi\u1ec7n \u0111\u1ea1i v\u00e0 l\u1ef1c h\u00fat si\u00eau m\u1ea1nh s\u1ebd c\u00f9ng b\u1ea1n d\u1eb9p lo\u1ea1n t\u1ea5t c\u1ea3 binh \u0111o\u00e0n nh\u00e0 m\u1ee5n.<\/p>\n","protected":false},"featured_media":1152,"comment_status":"open","ping_status":"closed","template":"","meta":[],"_links":{"self":[{"href":"https:\/\/webmaibinh.com\/w\/noithat132011\/wp-json\/wp\/v2\/product\/390"}],"collection":[{"href":"https:\/\/webmaibinh.com\/w\/noithat132011\/wp-json\/wp\/v2\/product"}],"about":[{"href":"https:\/\/webmaibinh.com\/w\/noithat132011\/wp-json\/wp\/v2\/types\/product"}],"replies":[{"embeddable":true,"href":"https:\/\/webmaibinh.com\/w\/noithat132011\/wp-json\/wp\/v2\/comments?post=390"}],"wp:featuredmedia":[{"embeddable":true,"href":"https:\/\/webmaibinh.com\/w\/noithat132011\/wp-json\/wp\/v2\/media\/1152"}],"wp:attachment":[{"href":"https:\/\/webmaibinh.com\/w\/noithat132011\/wp-json\/wp\/v2\/media?parent=390"}],"curies":[{"name":"wp","href":"https:\/\/api.w.org\/{rel}","templated":true}]}}