{"id":374,"date":"2019-10-07T22:54:20","date_gmt":"2019-10-07T15:54:20","guid":{"rendered":"http:\/\/shop2.ninhbinhweb.biz\/?post_type=product&#038;p=374"},"modified":"2019-11-05T11:44:22","modified_gmt":"2019-11-05T04:44:22","slug":"may-tro-thinh-ky-thuat-so-thay-pin-vhp-220","status":"publish","type":"product","link":"https:\/\/webmaibinh.com\/w\/noithat132011\/san-pham\/may-tro-thinh-ky-thuat-so-thay-pin-vhp-220\/","title":{"rendered":"M\u00e1y tr\u1ee3 th\u00ednh k\u1ef9 thu\u1eadt s\u1ed1 thay pin VHP 220"},"content":{"rendered":"<h3><strong>T\u00ednh n\u0103ng, \u0111\u1eb7c \u0111i\u1ec3m c\u1ee7a m\u00e1y tr\u1ee3 th\u00ednh VHP 220:<\/strong><\/h3>\n<p>+ Th\u1eddi gian s\u1eed d\u1ee5ng Pin c\u1ef1c kh\u1ee7ng l\u00ean \u0111\u1ebfn 30 ng\u00e0y li\u00ean t\u1ee5c<br \/>\n+ D\u00f9ng pin thay c\u00fac \u00e1o nh\u1ecf g\u1ecdn d\u1ec5 thay th\u1ebf<br \/>\n+ L\u1eaby thay pin c\u1ee9ng c\u00e1p ch\u1ed1ng g\u1eaby hi\u1ec7u qu\u1ea3 trong qu\u00e1 tr\u00ecnh s\u1eed d\u1ee5ng<br \/>\n+ Thi\u1ebft k\u1ebf \u0111eo v\u00e0nh tai ti\u1ec7n d\u1ee5ng<br \/>\n+ C\u00f3 n\u00fat c\u01a1 h\u1ecdc \u0111i\u1ec1u ch\u1ec9nh 15 m\u1ee9c \u00e2m l\u01b0\u1ee3ng kh\u00e1c nhau<br \/>\n+ C\u00f3 th\u1ec3 t\u1eaft m\u00e1y b\u1eb1ng ph\u00edm c\u1ee9ng<br \/>\n+ C\u00f3 ch\u1ee9c n\u0103ng ch\u1ed1ng \u1ed3n, gi\u1ea3m ti\u1ebfng s\u00f4i, h\u00fa<br \/>\n+ Trang b\u1ecb n\u00fat \u1ea5n c\u01a1 h\u1ecdc \u0111\u1ec3 chuy\u1ec3n ch\u1ebf \u0111\u1ed9 si\u00eau gi\u1ea3m \u1ed3n ti\u1ec7n d\u1ee5ng<br \/>\n+\u00a0 C\u00f3 \u0111\u1ea7u xoay 360 ph\u00f9 h\u1ee3p \u0111\u1ec3 \u0111eo cho c\u1ea3 hai tai<br \/>\n+ Ph\u1ea7n n\u00fam tai bo tr\u00f2n \u00f4m kh\u00edt tai ng\u01b0\u1eddi s\u1eed d\u1ee5ng<br \/>\n+ N\u00fam silicon hai l\u1edbp \u0111\u1ed9c \u0111\u00e1o v\u1eeba kh\u00edt l\u1ed7 tai<br \/>\n+ Tr\u1ecdng l\u01b0\u1ee3ng m\u00e1y si\u00eau nh\u1eb9: Ch\u1ec9 10g<br \/>\n+ S\u1edf h\u1eefu m\u00e0u x\u00e1m b\u1ea1c m\u1ea1nh m\u1ebd sang tr\u1ecdng<br \/>\n+ \u00c2m thanh \u0111\u1ea7u ra t\u1ed1i \u0111a: 130dB<\/p>\n<h3><strong>L\u1ee3i \u00edch m\u00e0 kh\u00e1ch h\u00e0ng nh\u1eadn \u0111\u01b0\u1ee3c:<\/strong><\/h3>\n<p>+ T\u1eb7ng 2 v\u1ec9 pin ch\u00ednh h\u00e3ng s\u1eed d\u1ee5ng 6 th\u00e1ng mi\u1ec5n ph\u00ed tr\u1ecb gi\u00e1 c\u1ea3 tri\u1ec7u \u0111\u1ed3ng<br \/>\n+ Th\u1eddi l\u01b0\u1ee3ng s\u1eed d\u1ee5ng pin l\u00e2u l\u00ean \u0111\u1ebfn 30 ng\u00e0y xua tan l\u1ed7i lo h\u1ebft PIN b\u1ea5t ch\u1ee3t trong qua tr\u00ecnh s\u1eed d\u1ee5ng<br \/>\n+ \u0110i k\u00e8m theo m\u00e1y l\u00e0 h\u1ed9p \u0111\u1ef1ng \u0111\u01b0\u1ee3c thi\u1ebft k\u1ebf 2 khay \u0111\u1ec3 pin s\u1ebd gi\u00fap b\u1ea1n d\u1ef1 tr\u1eef pin khi \u0111i xa, v\u00e0 b\u1ea3o qu\u1ea3n m\u00e1y tr\u00e1nh r\u01a1i v\u1ee1, nhi\u1ec5m \u1ea9m trong th\u1eddi gian kh\u00f4ng s\u1eed d\u1ee5ng m\u00e1y.<br \/>\n+ S\u1ea3n ph\u1ea9m mang thi\u1ebft k\u1ebf \u0111eo v\u00e0nh tai (BTE) l\u00e0 thi\u1ebft k\u1ebf ph\u00f9 h\u1ee3p nh\u1ea5t \u0111\u1ed1i v\u1edbi ng\u01b0\u1eddi cao tu\u1ed5i ho\u1eb7c ng\u01b0\u1eddi k\u00e9m th\u00ednh n\u1eb7ng.<br \/>\n+ T\u1ef1 m\u00ecnh \u0111i\u1ec1u ch\u1ec9nh \u00e2m thanh ph\u00f9 h\u1ee3p v\u1edbi t\u00ecnh tr\u1ea1ng k\u00e9m th\u00ednh hi\u1ec7n t\u1ea1i. Kh\u00f4ng c\u1ea7n ph\u1ea3i \u0111i \u0111o kh\u00e1m n\u1ebfu b\u1ecb k\u00e9m th\u00ednh do tu\u1ed5i gi\u00e0 ho\u1eb7c s\u1eed d\u1ee5ng c\u00e1c lo\u1ea1i thu\u1ed1c kh\u00e1ng sinh l\u00e0m suy gi\u1ea3m th\u00ednh l\u1ef1c. (Tr\u01b0\u1eddng h\u1ee3p b\u1ecb k\u00e9m th\u00ednh b\u1ea9m sinh, b\u1ecb vi\u00eam tai vui l\u00f2ng tham kh\u1ea3o ch\u1ec9 \u0111\u1ecbnh c\u1ee7a b\u00e1c s\u1ef9)<br \/>\n+ Tr\u1ecdng l\u01b0\u1ee3ng m\u00e1y r\u1ea5t nh\u1eb9 + thi\u1ebft k\u1ebf \u00f4m kh\u00edt gi\u00fap ng\u01b0\u1eddi s\u1eed d\u1ee5ng \u0111eo l\u00e2u kh\u00f4ng b\u1ecb m\u1ecfi tai, \u0111au tai.<br \/>\n+ S\u1eed d\u1ee5ng \u0111\u01a1n gi\u1ea3n, thao t\u00e1c d\u1ec5 d\u00e0ng kh\u00f4ng b\u1ecb nh\u1ea7m<br \/>\n+ L\u00e0 s\u1ea3n ph\u1ea9m m\u00e1y \u0111\u01b0\u1ee3c nhi\u1ec1u ng\u01b0\u1eddi y\u00eau th\u00edch v\u00ec ch\u1ea5t l\u01b0\u1ee3ng \u00e2m thanh t\u1ed1t. Ph\u00f9 h\u1ee3p \u0111\u1ec3 l\u00e0m qu\u00e0 bi\u1ebfu, qu\u00e0 t\u1eb7ng cho ng\u01b0\u1eddi cao tu\u1ed5i k\u00e9m th\u00ednh<br \/>\n+ Gi\u00e1 ph\u00f9 h\u1ee3p, v\u1eeba ti\u1ec1n \u0111\u1ed1i v\u1edbi thu nh\u1eadp c\u1ee7a ng\u01b0\u1eddi Vi\u1ec7t Nam. \u0110\u1eb7c bi\u1ec7t v\u1edbi nh\u1eefng kh\u00e1ch h\u00e0ng l\u1ea7n \u0111\u1ea7u s\u1eed d\u1ee5ng m\u00e1y tr\u1ee3 th\u00ednh th\u00ec kh\u00f4ng n\u00ean s\u1eed d\u1ee5ng m\u00e1y qu\u00e1 \u0111\u1eaft v\u00ec n\u1ebfu ch\u01b0a quen n\u00f3 th\u1ec3 l\u00e0m r\u01a1i h\u1ecfng, \u0111\u1ec3 qu\u00ean d\u1eabn \u0111\u1ebfn t\u1ed1n k\u00e9m m\u1ed9t kho\u1ea3n ph\u00ed kh\u00f4ng nh\u1ecf.<\/p>\n<h3><strong>B\u1ed9 s\u1ea3n ph\u1ea9m ch\u00ednh h\u00e3ng bao g\u1ed3m:<\/strong><\/h3>\n<p>+ 01 m\u00e1y tr\u1ee3 th\u00ednh VHP 220<br \/>\n+ 02 v\u1ec9 pin ch\u00ednh h\u00e3ng<br \/>\n+ 01 h\u1ed9p \u0111\u1ef1ng m\u00e1y ch\u1eafc ch\u1eafn<br \/>\n+ 01 b\u1ed9 n\u00fam tai silicon d\u00f9ng \u0111\u1ec3 t\u00f9y ch\u1ec9nh c\u00f3 t\u1eebng k\u00edch th\u01b0\u1edbc l\u1ed7 tai kh\u00e1c nhau<br \/>\n+ 01 h\u01b0\u1edbng d\u1eabn s\u1eed d\u1ee5ng b\u1eb1ng ti\u1ebfng Vi\u1ec7t<br \/>\n+ 01 h\u00f3a \u0111\u01a1n b\u00e1n h\u00e0ng<br \/>\n+ 01 th\u1ebb b\u1ea3o h\u00e0nh (S\u1ea3n ph\u1ea9m \u0111\u01b0\u1ee3c b\u1ea3o h\u00e0nh 12 th\u00e1ng, 1 \u0111\u1ed5i 1 trong 30 ng\u00e0y \u0111\u1ea7u v\u1edbi c\u00e1c l\u1ed7i t\u1eeb NSX)<\/p>\n","protected":false},"excerpt":{"rendered":"<p>\u0110\u1ed9t ph\u00e1 v\u1edbi c\u00f4ng ngh\u1ec7 si\u00eau ti\u1ebft ki\u1ec7m pin. VHP 220 l\u00e0 s\u1ef1 l\u1ef1a ch\u1ecdn ho\u00e0n h\u1ea3o nh\u1ea5t d\u00e0nh cho kh\u00e1ch h\u00e0ng mong mu\u1ed1n s\u1ef1 ti\u1ec7n l\u1ee3i cho vi\u1ec7c d\u00f9ng m\u00e1y tr\u1ee3 th\u00ednh. M\u00e1y ho\u1ea1t \u0111\u1ed9ng \u0111\u01b0\u1ee3c 600h (Kho\u1ea3ng 25-30 ng\u00e0y) v\u1edbi ch\u1ec9 m\u1ed9t vi\u00ean pin.<\/p>\n","protected":false},"featured_media":1155,"comment_status":"open","ping_status":"closed","template":"","meta":[],"_links":{"self":[{"href":"https:\/\/webmaibinh.com\/w\/noithat132011\/wp-json\/wp\/v2\/product\/374"}],"collection":[{"href":"https:\/\/webmaibinh.com\/w\/noithat132011\/wp-json\/wp\/v2\/product"}],"about":[{"href":"https:\/\/webmaibinh.com\/w\/noithat132011\/wp-json\/wp\/v2\/types\/product"}],"replies":[{"embeddable":true,"href":"https:\/\/webmaibinh.com\/w\/noithat132011\/wp-json\/wp\/v2\/comments?post=374"}],"wp:featuredmedia":[{"embeddable":true,"href":"https:\/\/webmaibinh.com\/w\/noithat132011\/wp-json\/wp\/v2\/media\/1155"}],"wp:attachment":[{"href":"https:\/\/webmaibinh.com\/w\/noithat132011\/wp-json\/wp\/v2\/media?parent=374"}],"curies":[{"name":"wp","href":"https:\/\/api.w.org\/{rel}","templated":true}]}}