{"id":360,"date":"2019-10-07T22:48:29","date_gmt":"2019-10-07T15:48:29","guid":{"rendered":"http:\/\/shop2.ninhbinhweb.biz\/?post_type=product&#038;p=360"},"modified":"2019-11-05T11:34:28","modified_gmt":"2019-11-05T04:34:28","slug":"may-tro-thinh-gia-re-khong-day-axon-c109","status":"publish","type":"product","link":"https:\/\/webmaibinh.com\/w\/noithat132011\/san-pham\/may-tro-thinh-gia-re-khong-day-axon-c109\/","title":{"rendered":"M\u00e1y tr\u1ee3 th\u00ednh gi\u00e1 r\u1ebb kh\u00f4ng d\u00e2y Axon C109"},"content":{"rendered":"<h3><strong>T\u00ednh n\u0103ng, \u0111\u1eb7c \u0111i\u1ec3m c\u1ee7a m\u00e1y tr\u1ee3 th\u00ednh Axon C109:<\/strong><\/h3>\n<p>+ Thi\u1ebft k\u1ebf \u0111eo v\u00e0nh tai ti\u1ec7n d\u1ee5ng + ch\u1eafc ch\u1eafn<br \/>\n+ C\u00f3 n\u00fam xoay \u0111i\u1ec1u ch\u1ec9nh \u00e2m l\u01b0\u1ee3ng<br \/>\n+ C\u00f3 th\u1ec3 t\u1eaft m\u00e1y b\u1eb1ng ph\u00edm c\u1ee9ng<br \/>\n+ C\u00f3 ch\u1ee9c n\u0103ng ch\u1ed1ng \u1ed3n, gi\u1ea3m h\u00fa<br \/>\n+ C\u00f3 \u0111\u1ea7u xoay 360 ti\u1ec7n d\u1ee5ng ph\u00f9 h\u1ee3p \u0111\u1ec3 \u0111eo c\u1ea3 2 tai<br \/>\n+ \u0110a d\u1ea1ng c\u00e1c n\u00fam silicon d\u1ec5 d\u00e0ng thay th\u1ebf \u0111\u1ec3 ph\u00f9 h\u1ee3p v\u1edbi m\u1ecdi \u0111\u1ed1i t\u01b0\u1ee3ng s\u1eed d\u1ee5ng<br \/>\n+ Tr\u1ecdng l\u01b0\u1ee3ng nh\u1eb9 ch\u1ec9 10g<br \/>\n+ D\u00f9ng pin s\u1ea1c lithium si\u00eau b\u1ec1n<br \/>\n+ Th\u1eddi gian s\u1eed d\u1ee5ng li\u00ean t\u1ee5c l\u00ean \u0111\u1ebfn 25h<br \/>\n+ \u0110\u00e8n ch\u1ec9 b\u00e1o qu\u00e1 tr\u00ecnh s\u1ea1c pin<br \/>\n+ \u00c2m thanh \u0111\u1ea7u ra t\u1ed1i \u0111a: 132dB<\/p>\n<h3><strong>L\u1ee3i \u00edch m\u00e0 kh\u00e1ch h\u00e0ng nh\u1eadn \u0111\u01b0\u1ee3c:<\/strong><\/h3>\n<p>+ S\u1ea3n ph\u1ea9m mang thi\u1ebft k\u1ebf \u0111eo v\u00e0nh tai (BTE) l\u00e0 thi\u1ebft k\u1ebf ph\u00f9 h\u1ee3p nh\u1ea5t \u0111\u1ed1i v\u1edbi ng\u01b0\u1eddi cao tu\u1ed5i ho\u1eb7c ng\u01b0\u1eddi k\u00e9m th\u00ednh n\u1eb7ng.<br \/>\n+ T\u1ef1 m\u00ecnh \u0111i\u1ec1u ch\u1ec9nh \u00e2m thanh ph\u00f9 h\u1ee3p v\u1edbi t\u00ecnh tr\u1ea1ng k\u00e9m th\u00ednh hi\u1ec7n t\u1ea1i. Kh\u00f4ng c\u1ea7n ph\u1ea3i \u0111i \u0111o kh\u00e1m.<br \/>\n+ Tr\u1ecdng l\u01b0\u1ee3ng m\u00e1y r\u1ea5t nh\u1eb9 gi\u00fap ng\u01b0\u1eddi s\u1eed d\u1ee5ng \u0111eo l\u00e2u kh\u00f4ng b\u1ecb m\u1ecfi tai, \u0111au tai.<br \/>\n+ Ti\u1ebft ki\u1ec7m \u0111\u01b0\u1ee3c ti\u1ec1n thay pin l\u00ean \u0111\u1ebfn h\u00e0ng tri\u1ec7u \u0111\u1ed3ng.<br \/>\n+ S\u1eed d\u1ee5ng \u0111\u01a1n gi\u1ea3n, thao t\u00e1c d\u1ec5 d\u00e0ng ngay c\u1ea3 v\u1edbi nh\u1eefng ng\u01b0\u1eddi gi\u00e0.<br \/>\n+ Ph\u00f9 h\u1ee3p \u0111\u1ec3 l\u00e0m qu\u00e0 bi\u1ebfu, qu\u00e0 t\u1eb7ng cho ng\u01b0\u1eddi cao tu\u1ed5i k\u00e9m th\u00ednh.<br \/>\n+ Gi\u00e1 ph\u00f9 h\u1ee3p, v\u1eeba ti\u1ec1n \u0111\u1ed1i v\u1edbi thu nh\u1eadp c\u1ee7a ng\u01b0\u1eddi Vi\u1ec7t Nam.<\/p>\n<h3><strong>B\u1ed9 s\u1ea3n ph\u1ea9m ch\u00ednh h\u00e3ng bao g\u1ed3m:<\/strong><\/h3>\n<p>+ 01 m\u00e1y tr\u1ee3 th\u00ednh Axon C109<br \/>\n+ 01 b\u1ed9 s\u1ea1c ti\u00eau chu\u1ea9n (g\u1ed3m c\u1ee7 s\u1ea1c v\u00e0 c\u00e1p s\u1ea1c)<br \/>\n+ 01 b\u1ed9 n\u00fam tai silicon d\u00f9ng \u0111\u1ec3 t\u00f9y ch\u1ec9nh c\u00f3 t\u1eebng k\u00edch th\u01b0\u1edbc l\u1ed7 tai kh\u00e1c nhau<br \/>\n+ 01 h\u01b0\u1edbng d\u1eabn s\u1eed d\u1ee5ng b\u1eb1ng ti\u1ebfng Vi\u1ec7t<br \/>\n+ 01 h\u00f3a \u0111\u01a1n b\u00e1n h\u00e0ng<br \/>\n+ 01 th\u1ebb b\u1ea3o h\u00e0nh (S\u1ea3n ph\u1ea9m \u0111\u01b0\u1ee3c b\u1ea3o h\u00e0nh 12 th\u00e1ng, 1 \u0111\u1ed5i 1 trong 30 ng\u00e0y \u0111\u1ea7u v\u1edbi c\u00e1c l\u1ed7i t\u1eeb NSX)<\/p>\n","protected":false},"excerpt":{"rendered":"<p>C\u00f4ng su\u1ea5t c\u1ef1c m\u1ea1nh ph\u00f9 h\u1ee3p v\u1edbi ng\u01b0\u1eddi k\u00e9m th\u00ednh s\u00e2u, \u0111\u1ed9 \u0111i\u1ebfc t\u1eeb v\u1eeba t\u1edbi r\u1ea5t n\u1eb7ng. M\u00e1y \u0111\u01b0\u1ee3c s\u1eed d\u1ee5ng r\u1ea5t ph\u1ed5 bi\u1ebfn b\u1edfi kh\u1ea3 n\u0103ng \u0111i\u1ec1u ch\u1ec9nh \u00e2m thanh \u0111\u1ea7u ra nhanh ch\u00f3ng qua n\u00fam xoay. V\u00ec v\u1eady ng\u01b0\u1eddi s\u1eed d\u1ee5ng kh\u00f4ng c\u1ea7n ph\u1ea3i \u0111i \u0111o kh\u00e1m.<\/p>\n","protected":false},"featured_media":452,"comment_status":"open","ping_status":"closed","template":"","meta":[],"_links":{"self":[{"href":"https:\/\/webmaibinh.com\/w\/noithat132011\/wp-json\/wp\/v2\/product\/360"}],"collection":[{"href":"https:\/\/webmaibinh.com\/w\/noithat132011\/wp-json\/wp\/v2\/product"}],"about":[{"href":"https:\/\/webmaibinh.com\/w\/noithat132011\/wp-json\/wp\/v2\/types\/product"}],"replies":[{"embeddable":true,"href":"https:\/\/webmaibinh.com\/w\/noithat132011\/wp-json\/wp\/v2\/comments?post=360"}],"wp:featuredmedia":[{"embeddable":true,"href":"https:\/\/webmaibinh.com\/w\/noithat132011\/wp-json\/wp\/v2\/media\/452"}],"wp:attachment":[{"href":"https:\/\/webmaibinh.com\/w\/noithat132011\/wp-json\/wp\/v2\/media?parent=360"}],"curies":[{"name":"wp","href":"https:\/\/api.w.org\/{rel}","templated":true}]}}