{"id":352,"date":"2019-10-07T22:45:19","date_gmt":"2019-10-07T15:45:19","guid":{"rendered":"http:\/\/shop2.ninhbinhweb.biz\/?post_type=product&#038;p=352"},"modified":"2019-11-05T11:25:05","modified_gmt":"2019-11-05T04:25:05","slug":"camera-nguy-trang-module-sieu-nho-ifocus-bv20","status":"publish","type":"product","link":"https:\/\/webmaibinh.com\/w\/noithat132011\/san-pham\/camera-nguy-trang-module-sieu-nho-ifocus-bv20\/","title":{"rendered":"Camera Ng\u1ee5y Trang Module Si\u00eau Nh\u1ecf iFocus BV20"},"content":{"rendered":"<p>V\u1edbi h\u1ec7 th\u1ed1ng c\u00e1c module th\u00e0nh ph\u1ea7n \u0111\u1ed9c l\u1eadp, b\u1ea1n c\u00f3 th\u1ec3 t\u00f9y ch\u1ec9nh l\u1eafp r\u00e1p camera \u1edf b\u1ea5t c\u1ee9 \u0111\u00e2u. Thi\u1ebft k\u1ebf m\u1eaft camera si\u00eau nh\u1ecf, ph\u00f9 h\u1ee3p cho c\u00e1c m\u1ee5c \u0111\u00edch quay ng\u1ee5y trang an to\u00e0n, k\u00edn \u0111\u00e1o. Ch\u1ee9c n\u0103ng wifi xem t\u1eeb xa qua \u0111i\u1ec7n tho\u1ea1i.<\/p>\n<h3><strong>Th\u00f4ng s\u1ed1 k\u1ef9 thu\u1eadt c\u1ee7a camera ng\u1ee5y trang si\u00eau nh\u1ecf Module:<\/strong><\/h3>\n<ul>\n<li>Thi\u1ebft k\u1ebf b\u00ean ngo\u00e0i nh\u1ecf g\u1ecdn, d\u1ec5 d\u00e0ng ng\u1ee5y trang, kh\u00f4ng g\u00e2y nghi ng\u1edd cho \u0111\u1ed1i t\u01b0\u1ee3ng.<\/li>\n<li>V\u1edbi \u0111\u1ed9 ph\u00e2n gi\u1ea3i 1080 P c\u00f9ng c\u1ea3m bi\u1ebfn 5.0 CMOS<\/li>\n<li>K\u1ebft n\u1ed1i t\u1eeb xa v\u1edbi thi\u1ebft b\u1ecb Wifi<\/li>\n<li>S\u1ea1c v\u00e0 k\u1ebft n\u1ed1i v\u1edbi m\u00e1y t\u00ednh b\u1eb1ng c\u1ed5ng USB.<\/li>\n<li>\u0110\u1ed9 ph\u00e2n gi\u1ea3i: 1080\/720p.<\/li>\n<li>G\u00f3c quay: 120<sup>o<\/sup>.<\/li>\n<li>H\u1ed7 tr\u1ee3 th\u1ebb nh\u1edb micro SD l\u00ean \u0111\u1ebfn 32GB<\/li>\n<li>Tr\u1ecdng l\u01b0\u1ee3ng: 30 gam<\/li>\n<li>M\u00e0u s\u1eafc \u0111en r\u1ea5t kh\u00f3 ph\u00e1t hi\u1ec7n l\u00e0 camera ng\u1ee5y trang<\/li>\n<\/ul>\n<h3><strong>L\u1ee3i \u00edch kh\u00e1ch h\u00e0ng nh\u1eadn \u0111\u01b0\u1ee3c:<\/strong><\/h3>\n<ul>\n<li>S\u1eed d\u1ee5ng wifi \u0111i\u1ec1u khi\u1ec3n kh\u00f4ng d\u00e2y t\u1eeb xa b\u1eb1ng ch\u00ednh \u0111i\u1ec7n tho\u1ea1i ho\u1eb7c m\u00e1y t\u00ednh c\u1ee7a b\u1ea1n.<\/li>\n<li>Pin dung l\u01b0\u1ee3ng cao v\u00e0 c\u00f3 th\u1ec3 v\u1eeba s\u1ea1c v\u1eeba quay.<\/li>\n<li>Ch\u1ea5t l\u01b0\u1ee3ng h\u00ecnh \u1ea3nh s\u1eafc n\u00e9t, ch\u00e2n th\u1ef1c<\/li>\n<li>Th\u1ebb nh\u1edb h\u1ed7 tr\u1ee3 l\u00ean \u0111\u1ebfn 32 GB<\/li>\n<li>C\u00f3 th\u1ec3 l\u01b0u tr\u1ef1c ti\u1ebfp tr\u00ean ph\u1ea7n m\u1ec1m m\u00e0 kh\u00f4ng c\u1ea7n d\u00f9ng b\u1ed9 nh\u1edb.<\/li>\n<li>B\u1ea1n c\u00f3 th\u1ec3 l\u1ef1a ch\u1ecdn ch\u1ea5t l\u01b0\u1ee3ng quay t\u00f9y \u00fd.<\/li>\n<li>R\u1ea5t nh\u1ecf g\u1ecdn c\u00f3 th\u1ec3 mang theo b\u1ea5t c\u1ee9 \u0111\u00e2u.<\/li>\n<li>T\u1ef1 ph\u00e1t m\u1ea1ng kh\u00f4ng d\u00e2y \u0111\u1ec3 c\u00f3 th\u1ec3 k\u1ebft n\u1ed1i d\u00f9 \u1edf b\u1ea5t c\u1ee9 \u0111\u00e2u.<\/li>\n<\/ul>\n<h3><strong>B\u1ed9 s\u1ea3n ph\u1ea9m ch\u00ednh h\u00e3ng bao g\u1ed3m:<\/strong><\/h3>\n<ul>\n<li>01 camera ng\u1ee5y trang si\u00eau nh\u1ecf Module<\/li>\n<li>01 th\u1ebb nh\u1edb 32G<\/li>\n<li>01 c\u00e1p s\u1ea1c MicroUSB<\/li>\n<li>01 b\u1ed9 h\u01b0\u1edbng d\u1eabn s\u1eed d\u1ee5ng b\u1eb1ng ti\u1ebfng Vi\u1ec7t<\/li>\n<li>01 th\u1ebb b\u1ea3o h\u00e0nh 12 th\u00e1ng.<\/li>\n<\/ul>\n","protected":false},"excerpt":{"rendered":"<p>V\u1edbi h\u1ec7 th\u1ed1ng c\u00e1c module th\u00e0nh ph\u1ea7n \u0111\u1ed9c l\u1eadp, b\u1ea1n c\u00f3 th\u1ec3 t\u00f9y ch\u1ec9nh l\u1eafp r\u00e1p camera \u1edf b\u1ea5t c\u1ee9 \u0111\u00e2u. Thi\u1ebft k\u1ebf m\u1eaft camera si\u00eau nh\u1ecf, ph\u00f9 h\u1ee3p cho c\u00e1c m\u1ee5c \u0111\u00edch quay ng\u1ee5y trang an to\u00e0n, k\u00edn \u0111\u00e1o. Ch\u1ee9c n\u0103ng wifi xem t\u1eeb xa qua \u0111i\u1ec7n tho\u1ea1i.<\/p>\n","protected":false},"featured_media":1121,"comment_status":"open","ping_status":"closed","template":"","meta":[],"_links":{"self":[{"href":"https:\/\/webmaibinh.com\/w\/noithat132011\/wp-json\/wp\/v2\/product\/352"}],"collection":[{"href":"https:\/\/webmaibinh.com\/w\/noithat132011\/wp-json\/wp\/v2\/product"}],"about":[{"href":"https:\/\/webmaibinh.com\/w\/noithat132011\/wp-json\/wp\/v2\/types\/product"}],"replies":[{"embeddable":true,"href":"https:\/\/webmaibinh.com\/w\/noithat132011\/wp-json\/wp\/v2\/comments?post=352"}],"wp:featuredmedia":[{"embeddable":true,"href":"https:\/\/webmaibinh.com\/w\/noithat132011\/wp-json\/wp\/v2\/media\/1121"}],"wp:attachment":[{"href":"https:\/\/webmaibinh.com\/w\/noithat132011\/wp-json\/wp\/v2\/media?parent=352"}],"curies":[{"name":"wp","href":"https:\/\/api.w.org\/{rel}","templated":true}]}}