{"id":345,"date":"2019-10-07T22:42:49","date_gmt":"2019-10-07T15:42:49","guid":{"rendered":"http:\/\/shop2.ninhbinhweb.biz\/?post_type=product&#038;p=345"},"modified":"2019-11-05T11:25:54","modified_gmt":"2019-11-05T04:25:54","slug":"camera-nguy-trang-bat-lua-ifocus-bl02","status":"publish","type":"product","link":"https:\/\/webmaibinh.com\/w\/noithat132011\/san-pham\/camera-nguy-trang-bat-lua-ifocus-bl02\/","title":{"rendered":"Camera Ng\u1ee5y Trang B\u1eadt L\u1eeda IFocus BL02"},"content":{"rendered":"<p><strong>T\u00ednh n\u0103ng c\u1ee7a Camera ng\u1ee5y trang b\u00e2t l\u1eeda IFocus BL02:<\/strong><\/p>\n<ul>\n<li>Camera ng\u1ee5y trang b\u1eadt l\u1eeda Plasma \u0111\u01b0\u1ee3c thi\u1ebft k\u1ebf d\u01b0\u1edbi d\u1ea1ng b\u1eadt l\u1eeda v\u1edbi k\u00edch th\u01b0\u1edbc si\u00eau nh\u1ecf v\u00e0 tinh x\u1ea3o gi\u00fap cho b\u1ea1n d\u1ec5 d\u00e0ng mang theo b\u00ean ng\u01b0\u1eddi v\u00e0 s\u1eed d\u1ee5ng quay phim b\u1ea5t c\u1ee9 l\u00fac n\u00e0<\/li>\n<li>V\u1edbi \u0111\u1ed9 ph\u00e2n gi\u1ea3i video FullHD 1080P cho video s\u1eafc n\u00e9t, ch\u00e2n th\u1ef1c v\u00e0 s\u1ed1ng \u0111\u1ed9ng.<\/li>\n<li>C\u00f3 g\u00f3c quay r\u1ed9ng 180 \u0111\u1ed9, b\u1ea1n c\u00f3 th\u1ec3 \u0111i\u1ec1u ch\u1ec9nh g\u00f3c quay b\u1eb1ng tay theo \u00fd mu\u1ed1n 1 c\u00e1ch d\u1ec5 d\u00e0ng.<\/li>\n<li>L\u00e0 m\u1ed9t ph\u1ee5 ki\u1ec7n c\u1ea7n thi\u1ebft trong c\u00f4ng t\u00e1c an ninh, \u0111i\u1ec1u tra, b\u00e1o ch\u00ed, th\u00e1m t\u1eed\u2026 gi\u00fap b\u1ea1n b\u1ea3o v\u1ec7 ng\u01b0\u1eddi th\u00e2n, b\u1ea1n b\u00e8, thu th\u1eadp th\u00f4ng tin,\u2026<\/li>\n<\/ul>\n<h3><strong>Th\u00f4ng s\u1ed1 k\u1ef9 thu\u1eadt:<\/strong><\/h3>\n<ul>\n<li>Th\u1eddi gian s\u1ea1c: 2 gi\u1edd<\/li>\n<li>Th\u1eddi gian l\u00e0m vi\u1ec7c: kho\u1ea3ng 120 ph\u00fat<\/li>\n<li>Ch\u1ebf \u0111\u1ed9 quay video full HD<\/li>\n<li>\u0110i\u1ec7n \u00e1p s\u1ea1c: DC-5V<\/li>\n<li>Lo\u1ea1i giao di\u1ec7n: MINI 5pin USB<\/li>\n<li>Lo\u1ea1i b\u1ed9 nh\u1edb: H\u1ed7 tr\u1ee3 t\u1ed1i \u0111a 32G Micro SD<\/li>\n<li>H\u1ec7 th\u1ed1ng h\u1ed7 tr\u1ee3: Windows 2000 XP2003\/Vista<\/li>\n<li>Lo\u1ea1i Pin: pin lithium polymer<\/li>\n<li>Ghi \u00e2m thanh 1 chi\u1ec1u<\/li>\n<\/ul>\n","protected":false},"excerpt":{"rendered":"<p>Camera ng\u1ee5y trang b\u1eadt l\u1eeda plasma \u0111\u01b0\u1ee3c b\u00e1n \u0111\u1ed9c quy\u1ec1n tr\u00ean H\u00e0ng T\u1ed1t Nh\u1eadp Kh\u1ea9u. D\u00f2ng s\u1ea3n ph\u1ea9m quay ng\u1ee5y trang cao c\u1ea5p v\u1edbi thi\u1ebft k\u1ebf b\u1eb1ng ch\u1ea5t li\u1ec7u kim lo\u1ea1i sang tr\u1ecdng. C\u1ea9m tr\u00ean tay b\u1ea1n s\u1ebd th\u1ef1c hi\u1ec7n thao t\u00e1c quay d\u1ec5 d\u00e0ng, nhanh ch\u00f3ng v\u1edbi ch\u1ea5t l\u01b0\u1ee3ng video si\u00eau n\u00e9t.<\/p>\n","protected":false},"featured_media":1122,"comment_status":"open","ping_status":"closed","template":"","meta":[],"_links":{"self":[{"href":"https:\/\/webmaibinh.com\/w\/noithat132011\/wp-json\/wp\/v2\/product\/345"}],"collection":[{"href":"https:\/\/webmaibinh.com\/w\/noithat132011\/wp-json\/wp\/v2\/product"}],"about":[{"href":"https:\/\/webmaibinh.com\/w\/noithat132011\/wp-json\/wp\/v2\/types\/product"}],"replies":[{"embeddable":true,"href":"https:\/\/webmaibinh.com\/w\/noithat132011\/wp-json\/wp\/v2\/comments?post=345"}],"wp:featuredmedia":[{"embeddable":true,"href":"https:\/\/webmaibinh.com\/w\/noithat132011\/wp-json\/wp\/v2\/media\/1122"}],"wp:attachment":[{"href":"https:\/\/webmaibinh.com\/w\/noithat132011\/wp-json\/wp\/v2\/media?parent=345"}],"curies":[{"name":"wp","href":"https:\/\/api.w.org\/{rel}","templated":true}]}}