{"id":175,"date":"2019-03-25T15:03:31","date_gmt":"2019-03-25T15:03:31","guid":{"rendered":"https:\/\/noithat12.khowebseotop.vn\/?post_type=product&#038;p=175"},"modified":"2019-03-26T16:25:23","modified_gmt":"2019-03-26T16:25:23","slug":"thiet-ke-noi-that-chung-cu-sun-grand-chi-giang","status":"publish","type":"product","link":"https:\/\/webmaibinh.com\/w\/noithat122011\/san-pham\/thiet-ke-noi-that-chung-cu-sun-grand-chi-giang\/","title":{"rendered":"Thi\u1ebft k\u1ebf n\u1ed9i th\u1ea5t chung c\u01b0 Sun Grand \u2013 Ch\u1ecb Giang"},"content":{"rendered":"<p>Thi\u1ebft k\u1ebf c\u0103n h\u1ed9 t\u1ea1i khu d\u1ef1 \u00e1n Sun Grand tuy di\u1ec7n t\u00edch kh\u00f4ng qu\u00e1 l\u1edbn nh\u01b0ng \u0111\u1ee7 \u0111\u1ec3 mang l\u1ea1i cho m\u1ecdi ng\u01b0\u1eddi c\u1ea3m gi\u00e1c v\u1ec1 m\u1ed9t cu\u1ed9c s\u1ed1ng sang tr\u1ecdng, hi\u1ec7n \u0111\u1ea1i v\u00e0 ti\u1ec7n nghi. G\u1ed7 \u00f3c ch\u00f3 \u0111\u01b0\u1ee3c l\u1ef1a ch\u1ecdn l\u00e0 v\u1eadt li\u1ec7u ch\u00ednh cho kh\u00f4ng gian c\u00f9ng nh\u1eefng xu h\u01b0\u1edbng thi\u1ebft k\u1ebfm\u1edbi nh\u1ea5t \u0111ang \u0111\u01b0\u1ee3c \u01b0a chu\u1ed9ng hi\u1ec7n nay. L\u1ea5y s\u1edf th\u00edch v\u00e0 nh\u1eefng nhu c\u1ea7u ri\u00eang bi\u1ec7t c\u1ee7a ch\u1ee7 nh\u00e0 \u0111\u1ec3 l\u00e0m \u0111i\u1ec3m nh\u1ea5n trong t\u1eebng c\u0103n ph\u00f2ng.<\/p>\n<p>&nbsp;<\/p>\n","protected":false},"excerpt":{"rendered":"<p>Thi\u1ebft k\u1ebf c\u0103n h\u1ed9 t\u1ea1i khu d\u1ef1 \u00e1n Sun Grand tuy di\u1ec7n t\u00edch kh\u00f4ng qu\u00e1 l\u1edbn nh\u01b0ng \u0111\u1ee7 \u0111\u1ec3 mang l\u1ea1i cho m\u1ecdi ng\u01b0\u1eddi c\u1ea3m gi\u00e1c v\u1ec1 m\u1ed9t cu\u1ed9c s\u1ed1ng sang tr\u1ecdng, hi\u1ec7n \u0111\u1ea1i v\u00e0 ti\u1ec7n nghi. G\u1ed7 \u00f3c ch\u00f3 \u0111\u01b0\u1ee3c l\u1ef1a ch\u1ecdn l\u00e0 v\u1eadt li\u1ec7u ch\u00ednh cho kh\u00f4ng gian c\u00f9ng nh\u1eefng xu h\u01b0\u1edbng thi\u1ebft&#8230;<\/p>\n","protected":false},"featured_media":176,"comment_status":"open","ping_status":"closed","template":"","meta":[],"_links":{"self":[{"href":"https:\/\/webmaibinh.com\/w\/noithat122011\/wp-json\/wp\/v2\/product\/175"}],"collection":[{"href":"https:\/\/webmaibinh.com\/w\/noithat122011\/wp-json\/wp\/v2\/product"}],"about":[{"href":"https:\/\/webmaibinh.com\/w\/noithat122011\/wp-json\/wp\/v2\/types\/product"}],"replies":[{"embeddable":true,"href":"https:\/\/webmaibinh.com\/w\/noithat122011\/wp-json\/wp\/v2\/comments?post=175"}],"wp:featuredmedia":[{"embeddable":true,"href":"https:\/\/webmaibinh.com\/w\/noithat122011\/wp-json\/wp\/v2\/media\/176"}],"wp:attachment":[{"href":"https:\/\/webmaibinh.com\/w\/noithat122011\/wp-json\/wp\/v2\/media?parent=175"}],"curies":[{"name":"wp","href":"https:\/\/api.w.org\/{rel}","templated":true}]}}