{"id":249,"date":"2019-03-26T16:50:07","date_gmt":"2019-03-26T16:50:07","guid":{"rendered":"https:\/\/noithat12.khowebseotop.vn\/?page_id=249"},"modified":"2019-03-26T16:50:07","modified_gmt":"2019-03-26T16:50:07","slug":"chinh-sach-va-quy-dinh","status":"publish","type":"page","link":"https:\/\/webmaibinh.com\/w\/noithat122011\/chinh-sach-va-quy-dinh\/","title":{"rendered":"Ch\u00ednh s\u00e1ch v\u00e0 quy \u0111\u1ecbnh"},"content":{"rendered":"<p>Ch\u00ednh s\u00e1ch v\u00e0 quy \u0111\u1ecbnh<\/p>\n<p>&nbsp;<\/p>\n<p>&nbsp;<\/p>\n","protected":false},"excerpt":{"rendered":"<p>Ch\u00ednh s\u00e1ch v\u00e0 quy \u0111\u1ecbnh &nbsp; &nbsp;<\/p>\n","protected":false},"author":1,"featured_media":0,"parent":0,"menu_order":0,"comment_status":"closed","ping_status":"closed","template":"","meta":[],"_links":{"self":[{"href":"https:\/\/webmaibinh.com\/w\/noithat122011\/wp-json\/wp\/v2\/pages\/249"}],"collection":[{"href":"https:\/\/webmaibinh.com\/w\/noithat122011\/wp-json\/wp\/v2\/pages"}],"about":[{"href":"https:\/\/webmaibinh.com\/w\/noithat122011\/wp-json\/wp\/v2\/types\/page"}],"author":[{"embeddable":true,"href":"https:\/\/webmaibinh.com\/w\/noithat122011\/wp-json\/wp\/v2\/users\/1"}],"replies":[{"embeddable":true,"href":"https:\/\/webmaibinh.com\/w\/noithat122011\/wp-json\/wp\/v2\/comments?post=249"}],"version-history":[{"count":1,"href":"https:\/\/webmaibinh.com\/w\/noithat122011\/wp-json\/wp\/v2\/pages\/249\/revisions"}],"predecessor-version":[{"id":250,"href":"https:\/\/webmaibinh.com\/w\/noithat122011\/wp-json\/wp\/v2\/pages\/249\/revisions\/250"}],"wp:attachment":[{"href":"https:\/\/webmaibinh.com\/w\/noithat122011\/wp-json\/wp\/v2\/media?parent=249"}],"curies":[{"name":"wp","href":"https:\/\/api.w.org\/{rel}","templated":true}]}}