{"id":215,"date":"2019-03-26T16:04:53","date_gmt":"2019-03-26T16:04:53","guid":{"rendered":"https:\/\/noithat12.khowebseotop.vn\/?page_id=215"},"modified":"2019-03-27T01:47:04","modified_gmt":"2019-03-27T01:47:04","slug":"bao-hanh","status":"publish","type":"page","link":"https:\/\/webmaibinh.com\/w\/noithat122011\/bao-hanh\/","title":{"rendered":"B\u1ea3o h\u00e0nh"},"content":{"rendered":"\t<section class=\"section section-banner\" id=\"section_1400038728\">\n\t\t<div class=\"bg section-bg fill bg-fill  bg-loaded\" >\n\n\t\t\t\n\t\t\t\n\t\t\t\n\n\t\t<\/div>\n\n\t\t<div class=\"section-content relative\">\n\t\t\t\n\n<div class=\"slider-wrapper relative\" id=\"slider-594732649\" >\n    <div class=\"slider slider-nav-circle slider-nav-large slider-nav-light slider-style-normal\"\n        data-flickity-options='{\n            \"cellAlign\": \"center\",\n            \"imagesLoaded\": true,\n            \"lazyLoad\": 1,\n            \"freeScroll\": false,\n            \"wrapAround\": true,\n            \"autoPlay\": 6000,\n            \"pauseAutoPlayOnHover\" : true,\n            \"prevNextButtons\": true,\n            \"contain\" : true,\n            \"adaptiveHeight\" : true,\n            \"dragThreshold\" : 10,\n            \"percentPosition\": true,\n            \"pageDots\": false,\n            \"rightToLeft\": false,\n            \"draggable\": true,\n            \"selectedAttraction\": 0.1,\n            \"parallax\" : 0,\n            \"friction\": 0.6        }'\n        >\n        \n\n\t<div class=\"img has-hover x md-x lg-x y md-y lg-y\" id=\"image_1656374069\">\n\t\t\t\t\t\t\t\t<div class=\"img-inner dark\" >\n\t\t\t<img width=\"1904\" height=\"767\" src=\"https:\/\/webmaibinh.com\/w\/noithat122011\/wp-content\/uploads\/2019\/03\/banner-web-8-1-1-1.png\" class=\"attachment-original size-original\" alt=\"\" loading=\"lazy\" srcset=\"https:\/\/webmaibinh.com\/w\/noithat122011\/wp-content\/uploads\/2019\/03\/banner-web-8-1-1-1.png 1904w, https:\/\/webmaibinh.com\/w\/noithat122011\/wp-content\/uploads\/2019\/03\/banner-web-8-1-1-1-510x205.png 510w, https:\/\/webmaibinh.com\/w\/noithat122011\/wp-content\/uploads\/2019\/03\/banner-web-8-1-1-1-800x322.png 800w, https:\/\/webmaibinh.com\/w\/noithat122011\/wp-content\/uploads\/2019\/03\/banner-web-8-1-1-1-768x309.png 768w, https:\/\/webmaibinh.com\/w\/noithat122011\/wp-content\/uploads\/2019\/03\/banner-web-8-1-1-1-1400x564.png 1400w\" sizes=\"(max-width: 1904px) 100vw, 1904px\" \/>\t\t\t\t\t\t\n\t\t\t\t\t<\/div>\n\t\t\t\t\t\t\t\t\n<style>\n#image_1656374069 {\n  width: 100%;\n}\n<\/style>\n\t<\/div>\n\t\n\n\t<div class=\"img has-hover x md-x lg-x y md-y lg-y\" id=\"image_268799850\">\n\t\t\t\t\t\t\t\t<div class=\"img-inner dark\" >\n\t\t\t<img width=\"1904\" height=\"767\" src=\"https:\/\/webmaibinh.com\/w\/noithat122011\/wp-content\/uploads\/2019\/03\/banner-web6-1.png\" class=\"attachment-original size-original\" alt=\"\" loading=\"lazy\" srcset=\"https:\/\/webmaibinh.com\/w\/noithat122011\/wp-content\/uploads\/2019\/03\/banner-web6-1.png 1904w, https:\/\/webmaibinh.com\/w\/noithat122011\/wp-content\/uploads\/2019\/03\/banner-web6-1-510x205.png 510w, https:\/\/webmaibinh.com\/w\/noithat122011\/wp-content\/uploads\/2019\/03\/banner-web6-1-800x322.png 800w, https:\/\/webmaibinh.com\/w\/noithat122011\/wp-content\/uploads\/2019\/03\/banner-web6-1-768x309.png 768w, https:\/\/webmaibinh.com\/w\/noithat122011\/wp-content\/uploads\/2019\/03\/banner-web6-1-1400x564.png 1400w\" sizes=\"(max-width: 1904px) 100vw, 1904px\" \/>\t\t\t\t\t\t\n\t\t\t\t\t<\/div>\n\t\t\t\t\t\t\t\t\n<style>\n#image_268799850 {\n  width: 100%;\n}\n<\/style>\n\t<\/div>\n\t\n\n\t<div class=\"img has-hover x md-x lg-x y md-y lg-y\" id=\"image_156447109\">\n\t\t\t\t\t\t\t\t<div class=\"img-inner dark\" >\n\t\t\t<img width=\"1904\" height=\"767\" src=\"https:\/\/webmaibinh.com\/w\/noithat122011\/wp-content\/uploads\/2019\/03\/banner-web-4-1-1.png\" class=\"attachment-original size-original\" alt=\"\" loading=\"lazy\" srcset=\"https:\/\/webmaibinh.com\/w\/noithat122011\/wp-content\/uploads\/2019\/03\/banner-web-4-1-1.png 1904w, https:\/\/webmaibinh.com\/w\/noithat122011\/wp-content\/uploads\/2019\/03\/banner-web-4-1-1-510x205.png 510w, https:\/\/webmaibinh.com\/w\/noithat122011\/wp-content\/uploads\/2019\/03\/banner-web-4-1-1-800x322.png 800w, https:\/\/webmaibinh.com\/w\/noithat122011\/wp-content\/uploads\/2019\/03\/banner-web-4-1-1-768x309.png 768w, https:\/\/webmaibinh.com\/w\/noithat122011\/wp-content\/uploads\/2019\/03\/banner-web-4-1-1-1400x564.png 1400w\" sizes=\"(max-width: 1904px) 100vw, 1904px\" \/>\t\t\t\t\t\t\n\t\t\t\t\t<\/div>\n\t\t\t\t\t\t\t\t\n<style>\n#image_156447109 {\n  width: 100%;\n}\n<\/style>\n\t<\/div>\n\t\n\n\n     <\/div>\n\n     <div class=\"loading-spin dark large centered\"><\/div>\n\n     <\/div>\n\n\n  <div id=\"page-header-2096082789\" class=\"page-header-wrapper\">\n  <div class=\"page-title dark featured-title\">\n\n    \n    <div class=\"page-title-inner container align-center flex-row medium-flex-wrap\" >\n              <div class=\"title-wrapper flex-col text-left medium-text-center\">\n          <h1 class=\"entry-title mb-0\">\n            B\u1ea3o h\u00e0nh          <\/h1>\n        <\/div>\n                    <div class=\"title-content flex-col flex-right text-right medium-text-center\">\n              <\/div>\n    <\/div>\n\n       <\/div>\n    <\/div>\n  \n\n\n\t\t<\/div>\n\n\t\t\n<style>\n#section_1400038728 {\n  padding-top: 0px;\n  padding-bottom: 0px;\n}\n<\/style>\n\t<\/section>\n\t\n\t<section class=\"section\" id=\"section_1340230447\">\n\t\t<div class=\"bg section-bg fill bg-fill  bg-loaded\" >\n\n\t\t\t\n\t\t\t\n\t\t\t\n\n\t\t<\/div>\n\n\t\t<div class=\"section-content relative\">\n\t\t\t\n<div class=\"row\"  id=\"row-1134339729\">\n\n\t<div id=\"col-952607370\" class=\"col div-no-padding medium-6 small-12 large-6\"  >\n\t\t<div class=\"col-inner\"  >\n\t\t\t\n\t\t\t\n<h2 class=\"title-section text-uppercase\"><span style=\"font-size: 100%;\">D\u1ecaCH V\u1ee4 B\u1ea2O H\u00c0NH N\u1ed8I TH\u1ea4T<\/span><\/h2>\n<div class=\"text-col text-justify\">\n<p><span style=\"font-size: 100%;\"><em>Theo th\u1ed1ng k\u00ea, c\u00f3 t\u1edbi tr\u00ean 50% gia ch\u1ee7 kh\u00f4ng coi tr\u1ecdng vi\u1ec7c thi\u1ebft k\u1ebf n\u1ed9i th\u1ea5t khi v\u1ec1 nh\u00e0 m\u1edbi ho\u1eb7c d\u00f9 quan t\u00e2m nh\u01b0ng kh\u00f4ng \u0111\u1ee7 th\u1eddi gian, nh\u00e2n l\u1ef1c.\u00a0<\/em><\/span><\/p>\n<p><span style=\"font-size: 100%;\"><strong>B\u1ea1n \u0111\u01b0\u1ee3c g\u00ec khi l\u1ef1a ch\u1ecdn d\u1ecbch v\u1ee5 thi\u1ebft k\u1ebf n\u1ed9i th\u1ea5t c\u1ee7a Ahome?<\/strong><\/span><\/p>\n<p><span style=\"font-size: 100%;\">D\u1ecbch v\u1ee5 thi\u1ebft k\u1ebf n\u1ed9i th\u1ea5t Ahome \u0111\u01b0\u1ee3c \u0111\u00e1nh gi\u00e1 theo ti\u00eau chu\u1ea9n 5 sao, nh\u1eb1m \u0111\u00e1p \u1ee9ng cao nh\u1ea5t nhu c\u1ea7u c\u1ee7a kh\u00e1ch h\u00e0ng:<\/span><\/p>\n<ul>\n<li><span style=\"font-size: 100%;\">Kh\u00f4ng h\u1ea1n ch\u1ebf s\u1ed1 l\u1ea7n s\u1eeda \u0111\u1ed5i b\u1ea3n v\u1ebd<\/span><\/li>\n<li><span style=\"font-size: 100%;\">Thi\u1ebft k\u1ebf chu\u1ea9n theo y\u00eau c\u1ea7u c\u1ee7a kh\u00e1ch h\u00e0ng<\/span><\/li>\n<li><span style=\"font-size: 100%;\">L\u00ean \u00fd t\u01b0\u1edfng c\u1ee5 th\u1ec3 cho t\u1eebng kh\u00f4ng gian, th\u01b0\u1eddng xuy\u00ean c\u1eadp nh\u1eadt nh\u1eefng xu h\u01b0\u1edbng thi\u1ebft k\u1ebf m\u1edbi<\/span><\/li>\n<li><span style=\"font-size: 100%;\">T\u1ed1i \u01b0u h\u00f3a c\u00f4ng n\u0103ng cho to\u00e0n b\u1ed9 ng\u00f4i nh\u00e0<\/span><\/li>\n<li><span style=\"font-size: 100%;\">Thi\u1ebft k\u1ebf mang t\u00ednh th\u1ef1c ti\u1ec5n, thi\u1ebft k\u1ebf \u0111\u1ec3 thi c\u00f4ng<\/span><\/li>\n<\/ul>\n<p><span style=\"font-size: 100%;\">Ch\u00fang t\u00f4i cam k\u1ebft tuy\u1ec7t \u0111\u1ed1i v\u1ec1 UY T\u00cdN v\u00e0 CH\u1ea4T L\u01af\u1ee2NG \u0111\u1ed1i v\u1edbi t\u1ea5t c\u1ea3 m\u1ecdi kh\u00e1ch h\u00e0ng khi \u0111\u1ebfn v\u1edbi Ahome. B\u1ea5t k\u1ec3 b\u1ea1n l\u00e0 ai, b\u1ea1n \u0111i xe g\u00ec, khi \u0111\u1ebfn v\u1edbi Ahome, b\u1ea1n \u0111\u1ec1u s\u1ebd \u0111\u01b0\u1ee3c ti\u1ebfp \u0111\u00f3n v\u00e0 tr\u1ea3i nghi\u1ec7m c\u00e1c d\u1ecbch v\u1ee5 m\u1ed9t c\u00e1ch t\u1ed1t nh\u1ea5t, chu \u0111\u00e1o nh\u1ea5t.<\/span><\/p>\n<\/div>\n\t\t<\/div>\n\t\t\t<\/div>\n\n\t\n\n\t<div id=\"col-996454040\" class=\"col div-no-padding medium-6 small-12 large-6\"  >\n\t\t<div class=\"col-inner\"  >\n\t\t\t\n\t\t\t\n\t<div class=\"img has-hover x md-x lg-x y md-y lg-y\" id=\"image_1483040404\">\n\t\t\t\t\t\t\t\t<div class=\"img-inner dark\" >\n\t\t\t<img width=\"570\" height=\"380\" src=\"https:\/\/webmaibinh.com\/w\/noithat122011\/wp-content\/uploads\/2019\/03\/TEMPLATE-570X380-1.png\" class=\"attachment-large size-large\" alt=\"\" loading=\"lazy\" srcset=\"https:\/\/webmaibinh.com\/w\/noithat122011\/wp-content\/uploads\/2019\/03\/TEMPLATE-570X380-1.png 570w, https:\/\/webmaibinh.com\/w\/noithat122011\/wp-content\/uploads\/2019\/03\/TEMPLATE-570X380-1-510x340.png 510w\" sizes=\"(max-width: 570px) 100vw, 570px\" \/>\t\t\t\t\t\t\n\t\t\t\t\t<\/div>\n\t\t\t\t\t\t\t\t\n<style>\n#image_1483040404 {\n  width: 100%;\n}\n<\/style>\n\t<\/div>\n\t\n\t\t<\/div>\n\t\t\t<\/div>\n\n\t\n<\/div>\n\t\t<\/div>\n\n\t\t\n<style>\n#section_1340230447 {\n  padding-top: 30px;\n  padding-bottom: 30px;\n}\n<\/style>\n\t<\/section>\n\t\n\t<section class=\"section\" id=\"section_907109153\">\n\t\t<div class=\"bg section-bg fill bg-fill  bg-loaded\" >\n\n\t\t\t\n\t\t\t\n\t\t\t\n\n\t\t<\/div>\n\n\t\t<div class=\"section-content relative\">\n\t\t\t\n<div class=\"row\"  id=\"row-462468460\">\n\n\t<div id=\"col-543087478\" class=\"col div-no-padding medium-6 small-12 large-6\"  >\n\t\t<div class=\"col-inner\"  >\n\t\t\t\n\t\t\t\n\t<div class=\"img has-hover x md-x lg-x y md-y lg-y\" id=\"image_1496742805\">\n\t\t\t\t\t\t\t\t<div class=\"img-inner dark\" >\n\t\t\t<img width=\"1000\" height=\"666\" src=\"https:\/\/webmaibinh.com\/w\/noithat122011\/wp-content\/uploads\/2019\/03\/KT900597.jpg\" class=\"attachment-large size-large\" alt=\"\" loading=\"lazy\" srcset=\"https:\/\/webmaibinh.com\/w\/noithat122011\/wp-content\/uploads\/2019\/03\/KT900597.jpg 1000w, https:\/\/webmaibinh.com\/w\/noithat122011\/wp-content\/uploads\/2019\/03\/KT900597-510x340.jpg 510w, https:\/\/webmaibinh.com\/w\/noithat122011\/wp-content\/uploads\/2019\/03\/KT900597-601x400.jpg 601w, https:\/\/webmaibinh.com\/w\/noithat122011\/wp-content\/uploads\/2019\/03\/KT900597-768x511.jpg 768w\" sizes=\"(max-width: 1000px) 100vw, 1000px\" \/>\t\t\t\t\t\t\n\t\t\t\t\t<\/div>\n\t\t\t\t\t\t\t\t\n<style>\n#image_1496742805 {\n  width: 100%;\n}\n<\/style>\n\t<\/div>\n\t\n\t\t<\/div>\n\t\t\t<\/div>\n\n\t\n\n\t<div id=\"col-11293862\" class=\"col div-no-padding medium-6 small-12 large-6\"  >\n\t\t<div class=\"col-inner\"  >\n\t\t\t\n\t\t\t\n<h2 class=\"title-section text-uppercase\">\u0110\u1ed8I NG\u0168 KI\u1ebeN TR\u00daC S\u01af T\u00c0I N\u0102NG<\/h2>\n<div class=\"text-col text-justify\">\n<p>Ngu\u1ed3n nh\u00e2n l\u1ef1c ch\u00ednh l\u00e0 m\u1ea3nh gh\u00e9p quan tr\u1ecdng nh\u1ea5t \u0111\u1ec3 t\u1ea1o n\u00ean b\u1ee9c tranh v\u1ec1 m\u1ed9t doanh nghi\u1ec7p th\u00e0nh c\u00f4ng. Th\u1ea5u hi\u1ec3u \u0111i\u1ec1u n\u00e0y, c\u00f4ng ty Ahome lu\u00f4n ch\u00fa tr\u1ecdng t\u1edbi vi\u1ec7c tuy\u1ec3n ch\u1ecdn, x\u00e2y d\u1ef1ng \u0111\u1ed9i ng\u0169 chuy\u00ean vi\u00ean thi\u1ebft k\u1ebf n\u1ed9i th\u1ea5t.<\/p>\n<ul>\n<li>\u0110\u1ed9i ng\u0169 KTS v\u1edbi h\u01a1n 10 n\u0103m kinh nghi\u1ec7m trong l\u0129nh v\u1ef1c thi\u1ebft k\u1ebf \u2013 thi c\u00f4ng n\u1ed9i th\u1ea5t cao c\u1ea5p.<\/li>\n<li>\u0110\u00e3 th\u1ef1c hi\u1ec7n r\u1ea5t nhi\u1ec1u c\u00e1c d\u1ef1 \u00e1n t\u1ea1i nh\u1eefng khu \u0111\u00f4 th\u1ecb l\u1edbn nh\u01b0: Vinhomes Riverside, Vinhomes Th\u0103ng Long, Royal City, Mandarin Garden, Ecopark\u2026<\/li>\n<li>\u0110\u01b0\u1ee3c \u0111\u00e0o t\u1ea1o chuy\u00ean s\u00e2u t\u1ea1i c\u00e1c tr\u01b0\u1eddng ki\u1ebfn tr\u00fac trong v\u00e0 ngo\u00e0i n\u01b0\u1edbc.<\/li>\n<li>Th\u01b0\u1eddng xuy\u00ean giao l\u01b0u, trao \u0111\u1ed5i kinh nghi\u1ec7m v\u1edbi c\u00e1c KTS t\u1ea1i c\u00e1c n\u01b0\u1edbc ti\u00ean ti\u1ebfn<\/li>\n<\/ul>\n<p>V\u1edbi ngu\u1ed3n nh\u00e2n l\u1ef1c ch\u1ea5t l\u01b0\u1ee3ng cao, qu\u00fd v\u1ecb ho\u00e0n to\u00e0n c\u00f3 th\u1ec3 y\u00ean t\u00e2m v\u00e0 \u0111\u1eb7t ni\u1ec1m tin v\u00e0o d\u1ecbch v\u1ee5 thi\u1ebft k\u1ebf n\u1ed9i th\u1ea5t c\u1ee7a ch\u00fang t\u00f4i.<\/p>\n<\/div>\n\t\t<\/div>\n\t\t\t<\/div>\n\n\t\n<\/div>\n\t\t<\/div>\n\n\t\t\n<style>\n#section_907109153 {\n  padding-top: 30px;\n  padding-bottom: 30px;\n}\n<\/style>\n\t<\/section>\n\t\n\t<section class=\"section\" id=\"section_716257779\">\n\t\t<div class=\"bg section-bg fill bg-fill  bg-loaded\" >\n\n\t\t\t\n\t\t\t\n\t\t\t\n\n\t\t<\/div>\n\n\t\t<div class=\"section-content relative\">\n\t\t\t\n<div class=\"row\"  id=\"row-548726188\">\n\n\t<div id=\"col-2063792382\" class=\"col small-12 large-12\"  >\n\t\t<div class=\"col-inner\"  >\n\t\t\t\n\t\t\t\n<h2 class=\"title-section text-uppercase\">THI\u1ebeT K\u1ebe V\u00c0 THI C\u00d4NG N\u1ed8I TH\u1ea4T TR\u1eccN G\u00d3I<\/h2>\n<div class=\"text-col text-justify\">\n<p>L\u00e0 m\u1ed9t trong s\u1ed1 \u00edt c\u00e1c c\u00f4ng ty thi\u1ebft k\u1ebf n\u1ed9i th\u1ea5t c\u00f3 x\u01b0\u1edfng s\u1ea3n xu\u1ea5t ri\u00eang, Ahome cam k\u1ebft \u0111\u1ea3m b\u1ea3o 100% gi\u00e1 tr\u1ecb thi\u1ebft k\u1ebf v\u00e0o c\u00e1c s\u1ea3n ph\u1ea9m thi c\u00f4ng trong th\u1ef1c t\u1ebf. Khi \u0111\u01b0\u1ee3c t\u1eadn m\u1eaft ch\u1ee9ng ki\u1ebfn \u0111\u1ed9i ng\u0169 th\u1ee3 l\u00e0nh ngh\u1ec1 l\u00e0m vi\u1ec7c v\u1edbi s\u1ef1 tr\u1ee3 gi\u00fap c\u1ee7a h\u1ec7 th\u1ed1ng m\u00e1y m\u00f3c hi\u1ec7n \u0111\u1ea1i trong nh\u00e0 x\u01b0\u1edfng quy m\u00f4 c\u1ee7a c\u00f4ng ty, qu\u00fd kh\u00e1ch s\u1ebd ho\u00e0n to\u00e0n y\u00ean t\u00e2m v\u1ec1 n\u1ed9i th\u1ea5t ng\u00f4i nh\u00e0 t\u01b0\u01a1ng lai c\u1ee7a m\u00ecnh. B\u00ean c\u1ea1nh \u0111\u00f3, v\u00ec Ahome tr\u1ef1c ti\u1ebfp ho\u00e0n thi\u1ec7n s\u1ea3n ph\u1ea9m khi \u0111\u01b0a \u0111\u1ebfn tay ng\u01b0\u1eddi ti\u00eau d\u00f9ng, kh\u00f4ng qua b\u1ea5t k\u1ef3 kh\u00e2u trung gian n\u00e0o n\u00ean gi\u00e1 th\u00e0nh d\u1ecbch v\u1ee5 thi\u1ebft k\u1ebf \u2013 thi c\u00f4ng tr\u1ecdn g\u00f3i s\u1ebd r\u1ea5t h\u1ee3p l\u00fd nh\u01b0ng v\u1eabn \u0111\u1ea3m b\u1ea3o ch\u1ea5t l\u01b0\u1ee3ng v\u01b0\u1ee3t tr\u1ed9i nh\u01b0 nguy\u1ec7n v\u1ecdng c\u1ee7a qu\u00fd kh\u00e1ch.<\/p>\n<\/div>\n\n  \n    <div class=\"row large-columns-2 medium-columns- small-columns- row-small\">\n          <div class=\"product-category col\" >\n            <div class=\"col-inner\">\n                              <div class=\"box box-category has-hover box-normal \">\n                <div class=\"box-image\" >\n                  <div class=\"image-cover\" style=\"padding-top:56.25%;\">\n                  <img src=\"https:\/\/webmaibinh.com\/w\/noithat122011\/wp-content\/uploads\/2019\/03\/du-an-thiet-ke.png\" alt=\"N\u1ed9i th\u1ea5t\" width=\"300\" height=\"300\" \/>                                                      <\/div>\n                <\/div>\n                <div class=\"box-text text-center\" >\n                  <div class=\"box-text-inner\">\n                      <h5 class=\"uppercase header-title\">\n                              N\u1ed9i th\u1ea5t                      <\/h5>\n                                            \n                  <\/div>\n                <\/div>\n                <\/div>\n                        <\/div>\n            <\/div>\n                <div class=\"product-category col\" >\n            <div class=\"col-inner\">\n                              <div class=\"box box-category has-hover box-normal \">\n                <div class=\"box-image\" >\n                  <div class=\"image-cover\" style=\"padding-top:56.25%;\">\n                  <img src=\"https:\/\/webmaibinh.com\/w\/noithat122011\/wp-content\/uploads\/2019\/03\/du-an-thi-cong.png\" alt=\"Ki\u1ebfn tr\u00fac\" width=\"300\" height=\"300\" \/>                                                      <\/div>\n                <\/div>\n                <div class=\"box-text text-center\" >\n                  <div class=\"box-text-inner\">\n                      <h5 class=\"uppercase header-title\">\n                              Ki\u1ebfn tr\u00fac                      <\/h5>\n                                            \n                  <\/div>\n                <\/div>\n                <\/div>\n                        <\/div>\n            <\/div>\n        <\/div>\n<h2 class=\"title-section text-uppercase\">D\u1ef0 \u00c1N THI\u1ebeT K\u1ebe N\u1ed8I TH\u1ea4T TI\u00caU BI\u1ec2U<\/h2>\n\n  \n    <div class=\"row large-columns-3 medium-columns- small-columns-1 row-small\">\n          <div class=\"product-category col\" >\n            <div class=\"col-inner\">\n                              <div class=\"box box-category has-hover box-normal \">\n                <div class=\"box-image\" >\n                  <div class=\"\" >\n                  <img src=\"https:\/\/webmaibinh.com\/w\/noithat122011\/wp-content\/uploads\/2019\/03\/cc-400x225.png\" alt=\"Chung c\u01b0 - Nh\u00e0 \u1edf\" width=\"300\" height=\"300\" \/>                                                      <\/div>\n                <\/div>\n                <div class=\"box-text text-center\" >\n                  <div class=\"box-text-inner\">\n                      <h5 class=\"uppercase header-title\">\n                              Chung c\u01b0 - Nh\u00e0 \u1edf                      <\/h5>\n                                            \n                  <\/div>\n                <\/div>\n                <\/div>\n                        <\/div>\n            <\/div>\n                <div class=\"product-category col\" >\n            <div class=\"col-inner\">\n                              <div class=\"box box-category has-hover box-normal \">\n                <div class=\"box-image\" >\n                  <div class=\"\" >\n                  <img src=\"https:\/\/webmaibinh.com\/w\/noithat122011\/wp-content\/uploads\/2019\/03\/sr-247x245.png\" alt=\"Coffee - Nh\u00e0 h\u00e0ng - Showroom\" width=\"300\" height=\"300\" \/>                                                      <\/div>\n                <\/div>\n                <div class=\"box-text text-center\" >\n                  <div class=\"box-text-inner\">\n                      <h5 class=\"uppercase header-title\">\n                              Coffee - Nh\u00e0 h\u00e0ng - Showroom                      <\/h5>\n                                            \n                  <\/div>\n                <\/div>\n                <\/div>\n                        <\/div>\n            <\/div>\n                <div class=\"product-category col\" >\n            <div class=\"col-inner\">\n                              <div class=\"box box-category has-hover box-normal \">\n                <div class=\"box-image\" >\n                  <div class=\"\" >\n                  <img src=\"https:\/\/webmaibinh.com\/w\/noithat122011\/wp-content\/uploads\/2019\/03\/s-247x245.png\" alt=\"V\u0103n Ph\u00f2ng\" width=\"300\" height=\"300\" \/>                                                      <\/div>\n                <\/div>\n                <div class=\"box-text text-center\" >\n                  <div class=\"box-text-inner\">\n                      <h5 class=\"uppercase header-title\">\n                              V\u0103n Ph\u00f2ng                      <\/h5>\n                                            \n                  <\/div>\n                <\/div>\n                <\/div>\n                        <\/div>\n            <\/div>\n        <\/div>\n<div role=\"form\" class=\"wpcf7\" id=\"wpcf7-f236-o1\" lang=\"vi\" dir=\"ltr\">\n<div class=\"screen-reader-response\"><p role=\"status\" aria-live=\"polite\" aria-atomic=\"true\"><\/p> <ul><\/ul><\/div>\n<form action=\"\/w\/noithat122011\/wp-json\/wp\/v2\/pages\/215#wpcf7-f236-o1\" method=\"post\" class=\"wpcf7-form init\" novalidate=\"novalidate\" data-status=\"init\">\n<div style=\"display: none;\">\n<input type=\"hidden\" name=\"_wpcf7\" value=\"236\" \/>\n<input type=\"hidden\" name=\"_wpcf7_version\" value=\"5.3\" \/>\n<input type=\"hidden\" name=\"_wpcf7_locale\" value=\"vi\" \/>\n<input type=\"hidden\" name=\"_wpcf7_unit_tag\" value=\"wpcf7-f236-o1\" \/>\n<input type=\"hidden\" name=\"_wpcf7_container_post\" value=\"0\" \/>\n<input type=\"hidden\" name=\"_wpcf7_posted_data_hash\" value=\"\" \/>\n<\/div>\n<div class=\"row-form row\">\n<div class=\"large-12\">\n<h3>\u0110\u0103ng k\u00fd ngay \u0111\u1ec3 nh\u1eadn \u01b0u \u0111\u00e3i \u0111\u1eb7c bi\u1ec7t<\/h3>\n<\/div>\n<div class=\"large-4\">\n<span class=\"wpcf7-form-control-wrap ho-ten\"><input type=\"text\" name=\"ho-ten\" value=\"\" size=\"40\" class=\"wpcf7-form-control wpcf7-text wpcf7-validates-as-required\" aria-required=\"true\" aria-invalid=\"false\" placeholder=\"H\u1ecd v\u00e0 t\u00ean\" \/><\/span><br \/>\n<span class=\"wpcf7-form-control-wrap so-dien-thoai\"><input type=\"tel\" name=\"so-dien-thoai\" value=\"\" size=\"40\" class=\"wpcf7-form-control wpcf7-text wpcf7-tel wpcf7-validates-as-required wpcf7-validates-as-tel\" aria-required=\"true\" aria-invalid=\"false\" placeholder=\"S\u1ed1 \u0111i\u1ec7n tho\u1ea1i\" \/><\/span>\n<\/div>\n<div class=\"large-4\">\n<span class=\"wpcf7-form-control-wrap dia-chi\"><input type=\"text\" name=\"dia-chi\" value=\"\" size=\"40\" class=\"wpcf7-form-control wpcf7-text\" aria-invalid=\"false\" placeholder=\"\u0110\u1ecba ch\u1ec9\" \/><\/span><br \/>\n<span class=\"wpcf7-form-control-wrap email\"><input type=\"text\" name=\"email\" value=\"\" size=\"40\" class=\"wpcf7-form-control wpcf7-text\" aria-invalid=\"false\" placeholder=\"Email\" \/><\/span>\n<\/div>\n<div class=\"large-4\">\n<span class=\"wpcf7-form-control-wrap noi-dung\"><textarea name=\"noi-dung\" cols=\"40\" rows=\"10\" class=\"wpcf7-form-control wpcf7-textarea\" aria-invalid=\"false\"><\/textarea><\/span>\n<\/div>\n<div class=\"large-12\">\n<span class=\"wpcf7-form-control-wrap du-an\"><input type=\"hidden\" name=\"du-an\" value=\"B\u1ea3o h\u00e0nh\" size=\"40\" class=\"wpcf7-form-control wpcf7dtx-dynamictext wpcf7-dynamichidden\" aria-invalid=\"false\" \/><\/span><br \/>\n<input type=\"submit\" value=\"G\u1eedi\" class=\"wpcf7-form-control wpcf7-submit\" \/>\n<\/div>\n<\/div>\n<div class=\"wpcf7-response-output\" aria-hidden=\"true\"><\/div><\/form><\/div>\n\t\t<\/div>\n\t\t\t<\/div>\n\n\t\n<\/div>\n\t\t<\/div>\n\n\t\t\n<style>\n#section_716257779 {\n  padding-top: 0px;\n  padding-bottom: 0px;\n}\n<\/style>\n\t<\/section>\n\t\n","protected":false},"excerpt":{"rendered":"","protected":false},"author":1,"featured_media":0,"parent":0,"menu_order":0,"comment_status":"closed","ping_status":"closed","template":"page-blank.php","meta":[],"_links":{"self":[{"href":"https:\/\/webmaibinh.com\/w\/noithat122011\/wp-json\/wp\/v2\/pages\/215"}],"collection":[{"href":"https:\/\/webmaibinh.com\/w\/noithat122011\/wp-json\/wp\/v2\/pages"}],"about":[{"href":"https:\/\/webmaibinh.com\/w\/noithat122011\/wp-json\/wp\/v2\/types\/page"}],"author":[{"embeddable":true,"href":"https:\/\/webmaibinh.com\/w\/noithat122011\/wp-json\/wp\/v2\/users\/1"}],"replies":[{"embeddable":true,"href":"https:\/\/webmaibinh.com\/w\/noithat122011\/wp-json\/wp\/v2\/comments?post=215"}],"version-history":[{"count":4,"href":"https:\/\/webmaibinh.com\/w\/noithat122011\/wp-json\/wp\/v2\/pages\/215\/revisions"}],"predecessor-version":[{"id":269,"href":"https:\/\/webmaibinh.com\/w\/noithat122011\/wp-json\/wp\/v2\/pages\/215\/revisions\/269"}],"wp:attachment":[{"href":"https:\/\/webmaibinh.com\/w\/noithat122011\/wp-json\/wp\/v2\/media?parent=215"}],"curies":[{"name":"wp","href":"https:\/\/api.w.org\/{rel}","templated":true}]}}