{"id":107,"date":"2019-03-25T01:54:47","date_gmt":"2019-03-25T01:54:47","guid":{"rendered":"https:\/\/noithat12.khowebseotop.vn\/?page_id=107"},"modified":"2020-05-09T00:40:06","modified_gmt":"2020-05-08T17:40:06","slug":"lien-he","status":"publish","type":"page","link":"https:\/\/webmaibinh.com\/w\/noithat122011\/lien-he\/","title":{"rendered":"Li\u00ean h\u1ec7"},"content":{"rendered":"\n\t<section class=\"section section-banner\" id=\"section_1466512546\">\n\t\t<div class=\"bg section-bg fill bg-fill  bg-loaded\" >\n\n\t\t\t\n\t\t\t\n\t\t\t\n\n\t\t<\/div>\n\n\t\t<div class=\"section-content relative\">\n\t\t\t\n\n<div class=\"slider-wrapper relative\" id=\"slider-1477594991\" >\n    <div class=\"slider slider-nav-circle slider-nav-large slider-nav-light slider-style-normal\"\n        data-flickity-options='{\n            \"cellAlign\": \"center\",\n            \"imagesLoaded\": true,\n            \"lazyLoad\": 1,\n            \"freeScroll\": false,\n            \"wrapAround\": true,\n            \"autoPlay\": 6000,\n            \"pauseAutoPlayOnHover\" : true,\n            \"prevNextButtons\": true,\n            \"contain\" : true,\n            \"adaptiveHeight\" : true,\n            \"dragThreshold\" : 10,\n            \"percentPosition\": true,\n            \"pageDots\": false,\n            \"rightToLeft\": false,\n            \"draggable\": true,\n            \"selectedAttraction\": 0.1,\n            \"parallax\" : 0,\n            \"friction\": 0.6        }'\n        >\n        \n\n\t<div class=\"img has-hover x md-x lg-x y md-y lg-y\" id=\"image_1948639060\">\n\t\t\t\t\t\t\t\t<div class=\"img-inner dark\" >\n\t\t\t<img width=\"1904\" height=\"767\" src=\"https:\/\/webmaibinh.com\/w\/noithat122011\/wp-content\/uploads\/2019\/03\/banner-web-8-1-1-1.png\" class=\"attachment-original size-original\" alt=\"\" loading=\"lazy\" srcset=\"https:\/\/webmaibinh.com\/w\/noithat122011\/wp-content\/uploads\/2019\/03\/banner-web-8-1-1-1.png 1904w, https:\/\/webmaibinh.com\/w\/noithat122011\/wp-content\/uploads\/2019\/03\/banner-web-8-1-1-1-510x205.png 510w, https:\/\/webmaibinh.com\/w\/noithat122011\/wp-content\/uploads\/2019\/03\/banner-web-8-1-1-1-800x322.png 800w, https:\/\/webmaibinh.com\/w\/noithat122011\/wp-content\/uploads\/2019\/03\/banner-web-8-1-1-1-768x309.png 768w, https:\/\/webmaibinh.com\/w\/noithat122011\/wp-content\/uploads\/2019\/03\/banner-web-8-1-1-1-1400x564.png 1400w\" sizes=\"(max-width: 1904px) 100vw, 1904px\" \/>\t\t\t\t\t\t\n\t\t\t\t\t<\/div>\n\t\t\t\t\t\t\t\t\n<style>\n#image_1948639060 {\n  width: 100%;\n}\n<\/style>\n\t<\/div>\n\t\n\n\t<div class=\"img has-hover x md-x lg-x y md-y lg-y\" id=\"image_1387157730\">\n\t\t\t\t\t\t\t\t<div class=\"img-inner dark\" >\n\t\t\t<img width=\"1904\" height=\"767\" src=\"https:\/\/webmaibinh.com\/w\/noithat122011\/wp-content\/uploads\/2019\/03\/banner-web6-1.png\" class=\"attachment-original size-original\" alt=\"\" loading=\"lazy\" srcset=\"https:\/\/webmaibinh.com\/w\/noithat122011\/wp-content\/uploads\/2019\/03\/banner-web6-1.png 1904w, https:\/\/webmaibinh.com\/w\/noithat122011\/wp-content\/uploads\/2019\/03\/banner-web6-1-510x205.png 510w, https:\/\/webmaibinh.com\/w\/noithat122011\/wp-content\/uploads\/2019\/03\/banner-web6-1-800x322.png 800w, https:\/\/webmaibinh.com\/w\/noithat122011\/wp-content\/uploads\/2019\/03\/banner-web6-1-768x309.png 768w, https:\/\/webmaibinh.com\/w\/noithat122011\/wp-content\/uploads\/2019\/03\/banner-web6-1-1400x564.png 1400w\" sizes=\"(max-width: 1904px) 100vw, 1904px\" \/>\t\t\t\t\t\t\n\t\t\t\t\t<\/div>\n\t\t\t\t\t\t\t\t\n<style>\n#image_1387157730 {\n  width: 100%;\n}\n<\/style>\n\t<\/div>\n\t\n\n\t<div class=\"img has-hover x md-x lg-x y md-y lg-y\" id=\"image_207498343\">\n\t\t\t\t\t\t\t\t<div class=\"img-inner dark\" >\n\t\t\t<img width=\"1904\" height=\"767\" src=\"https:\/\/webmaibinh.com\/w\/noithat122011\/wp-content\/uploads\/2019\/03\/banner-web-4-1-1.png\" class=\"attachment-original size-original\" alt=\"\" loading=\"lazy\" srcset=\"https:\/\/webmaibinh.com\/w\/noithat122011\/wp-content\/uploads\/2019\/03\/banner-web-4-1-1.png 1904w, https:\/\/webmaibinh.com\/w\/noithat122011\/wp-content\/uploads\/2019\/03\/banner-web-4-1-1-510x205.png 510w, https:\/\/webmaibinh.com\/w\/noithat122011\/wp-content\/uploads\/2019\/03\/banner-web-4-1-1-800x322.png 800w, https:\/\/webmaibinh.com\/w\/noithat122011\/wp-content\/uploads\/2019\/03\/banner-web-4-1-1-768x309.png 768w, https:\/\/webmaibinh.com\/w\/noithat122011\/wp-content\/uploads\/2019\/03\/banner-web-4-1-1-1400x564.png 1400w\" sizes=\"(max-width: 1904px) 100vw, 1904px\" \/>\t\t\t\t\t\t\n\t\t\t\t\t<\/div>\n\t\t\t\t\t\t\t\t\n<style>\n#image_207498343 {\n  width: 100%;\n}\n<\/style>\n\t<\/div>\n\t\n\n\n     <\/div>\n\n     <div class=\"loading-spin dark large centered\"><\/div>\n\n     <\/div>\n\n\n  <div id=\"page-header-641721284\" class=\"page-header-wrapper\">\n  <div class=\"page-title dark featured-title\">\n\n    \n    <div class=\"page-title-inner container align-center flex-row medium-flex-wrap\" >\n              <div class=\"title-wrapper flex-col text-left medium-text-center\">\n          <h1 class=\"entry-title mb-0\">\n            Li\u00ean h\u1ec7          <\/h1>\n        <\/div>\n                    <div class=\"title-content flex-col flex-right text-right medium-text-center\">\n              <\/div>\n    <\/div>\n\n       <\/div>\n    <\/div>\n  \n\n\n\t\t<\/div>\n\n\t\t\n<style>\n#section_1466512546 {\n  padding-top: 0px;\n  padding-bottom: 0px;\n}\n<\/style>\n\t<\/section>\n\t\n\n\t<section class=\"section\" id=\"section_628499344\">\n\t\t<div class=\"bg section-bg fill bg-fill  bg-loaded\" >\n\n\t\t\t\n\t\t\t\n\t\t\t\n\n\t\t<\/div>\n\n\t\t<div class=\"section-content relative\">\n\t\t\t\n\n<div class=\"row\"  id=\"row-921811963\">\n\n\n\t<div id=\"col-1212758049\" class=\"col medium-6 small-12 large-6\"  >\n\t\t<div class=\"col-inner\"  >\n\t\t\t\n\t\t\t\n\n<h2>C\u00d4NG TY C\u1ed4 PH\u1ea6N KI\u1ebeN TR\u00daC N\u1ed8I TH\u1ea4T AHOME<\/h2>\n<p>Office &amp; Showroom: Ph\u1ea1m V\u0103n B\u1ea1ch, P. 15, Q. T\u00e2n B\u00ecnh, Tp. HCM.<br \/>Hotline : 0999.999.999<br \/>Email : email@gmail.com<\/p>\n\n\t\t<\/div>\n\t\t\t<\/div>\n\n\t\n\n\t<div id=\"col-1381257923\" class=\"col medium-6 small-12 large-6\"  >\n\t\t<div class=\"col-inner\"  >\n\t\t\t\n\t\t\t\n\n\t<div class=\"img has-hover x md-x lg-x y md-y lg-y\" id=\"image_1231336015\">\n\t\t\t\t\t\t\t\t<div class=\"img-inner dark\" >\n\t\t\t<img width=\"660\" height=\"487\" src=\"https:\/\/webmaibinh.com\/w\/noithat122011\/wp-content\/uploads\/2019\/03\/map-01.jpg\" class=\"attachment-large size-large\" alt=\"\" loading=\"lazy\" srcset=\"https:\/\/webmaibinh.com\/w\/noithat122011\/wp-content\/uploads\/2019\/03\/map-01.jpg 660w, https:\/\/webmaibinh.com\/w\/noithat122011\/wp-content\/uploads\/2019\/03\/map-01-510x376.jpg 510w, https:\/\/webmaibinh.com\/w\/noithat122011\/wp-content\/uploads\/2019\/03\/map-01-542x400.jpg 542w\" sizes=\"(max-width: 660px) 100vw, 660px\" \/>\t\t\t\t\t\t\n\t\t\t\t\t<\/div>\n\t\t\t\t\t\t\t\t\n<style>\n#image_1231336015 {\n  width: 100%;\n}\n<\/style>\n\t<\/div>\n\t\n\n\n\t\t<\/div>\n\t\t\t<\/div>\n\n\t\n\n<\/div>\n\n\t\t<\/div>\n\n\t\t\n<style>\n#section_628499344 {\n  padding-top: 30px;\n  padding-bottom: 30px;\n}\n<\/style>\n\t<\/section>\n\t\n\t<section class=\"section\" id=\"section_703929307\">\n\t\t<div class=\"bg section-bg fill bg-fill  bg-loaded\" >\n\n\t\t\t\n\t\t\t\n\t\t\t\n\n\t\t<\/div>\n\n\t\t<div class=\"section-content relative\">\n\t\t\t\n\n<div class=\"row\"  id=\"row-829289769\">\n\n\n\t<div id=\"col-1698150425\" class=\"col div-no-padding small-12 large-12\"  >\n\t\t<div class=\"col-inner\"  >\n\t\t\t\n\t\t\t\n\n<h3 class=\"title-home\" style=\"font-weight: 500; text-align: center;\">KH\u00c1CH H\u00c0NG N\u00d3I V\u1ec0 CH\u00daNG T\u00d4I<\/h3>\n<div class=\"row hide-for-small\"  id=\"row-2017465818\">\n\n\n\t<div id=\"col-828949954\" class=\"col medium-4 small-12 large-4\"  >\n\t\t<div class=\"col-inner\"  >\n\t\t\t\n\t\t\t\n\n  <div class=\"icon-box testimonial-box icon-box-center text-center\">\n                <div class=\"icon-box-img testimonial-image circle\" style=\"width: 142px\">\n              <img width=\"186\" height=\"189\" src=\"https:\/\/webmaibinh.com\/w\/noithat122011\/wp-content\/uploads\/2019\/03\/a2.jpg\" class=\"attachment-thumbnail size-thumbnail\" alt=\"\" loading=\"lazy\" \/>        <\/div>\n                <div class=\"icon-box-text p-last-0\">\n          <div class=\"star-rating\"><span style=\"width:100%\"><strong class=\"rating\"><\/strong><\/span><\/div>  \t\t\t\t<div class=\"testimonial-text line-height-small italic test_text first-reset last-reset is-italic\">\n            \n\n<h3>Lorem ipsum dolor sit amet<\/h3>\n<p>Lorem ipsum dolor sit amet, consectetuer adipiscing elit, sed diam nonummy nibh euismod tincidunt ut laoreet dolore magna aliquam erat volutpat....<\/p>\n\n          <\/div>\n          <div class=\"testimonial-meta pt-half\">\n             <strong class=\"testimonial-name test_name\"><\/strong>\n                          <span class=\"testimonial-company test_company\"><\/span>\n          <\/div>\n        <\/div>\n  <\/div>\n\n  \n\n\t\t<\/div>\n\t\t\t<\/div>\n\n\t\n\n\t<div id=\"col-1960031349\" class=\"col medium-4 small-12 large-4\"  >\n\t\t<div class=\"col-inner\"  >\n\t\t\t\n\t\t\t\n\n  <div class=\"icon-box testimonial-box icon-box-center text-center\">\n                <div class=\"icon-box-img testimonial-image circle\" style=\"width: 142px\">\n              <img width=\"186\" height=\"189\" src=\"https:\/\/webmaibinh.com\/w\/noithat122011\/wp-content\/uploads\/2019\/03\/a1.jpg\" class=\"attachment-thumbnail size-thumbnail\" alt=\"\" loading=\"lazy\" \/>        <\/div>\n                <div class=\"icon-box-text p-last-0\">\n          <div class=\"star-rating\"><span style=\"width:100%\"><strong class=\"rating\"><\/strong><\/span><\/div>  \t\t\t\t<div class=\"testimonial-text line-height-small italic test_text first-reset last-reset is-italic\">\n            \n\n<h3>Lorem ipsum dolor sit amet<\/h3>\n<p>Lorem ipsum dolor sit amet, consectetuer adipiscing elit, sed diam nonummy nibh euismod tincidunt ut laoreet dolore magna aliquam erat volutpat....<\/p>\n\n          <\/div>\n          <div class=\"testimonial-meta pt-half\">\n             <strong class=\"testimonial-name test_name\"><\/strong>\n                          <span class=\"testimonial-company test_company\"><\/span>\n          <\/div>\n        <\/div>\n  <\/div>\n\n  \n\n\t\t<\/div>\n\t\t\t<\/div>\n\n\t\n\n\t<div id=\"col-1901129513\" class=\"col medium-4 small-12 large-4\"  >\n\t\t<div class=\"col-inner\"  >\n\t\t\t\n\t\t\t\n\n  <div class=\"icon-box testimonial-box icon-box-center text-center\">\n                <div class=\"icon-box-img testimonial-image circle\" style=\"width: 142px\">\n              <img width=\"250\" height=\"250\" src=\"https:\/\/webmaibinh.com\/w\/noithat122011\/wp-content\/uploads\/2019\/03\/400__cam-nhan-4.jpg\" class=\"attachment-thumbnail size-thumbnail\" alt=\"\" loading=\"lazy\" srcset=\"https:\/\/webmaibinh.com\/w\/noithat122011\/wp-content\/uploads\/2019\/03\/400__cam-nhan-4.jpg 250w, https:\/\/webmaibinh.com\/w\/noithat122011\/wp-content\/uploads\/2019\/03\/400__cam-nhan-4-100x100.jpg 100w\" sizes=\"(max-width: 250px) 100vw, 250px\" \/>        <\/div>\n                <div class=\"icon-box-text p-last-0\">\n          <div class=\"star-rating\"><span style=\"width:100%\"><strong class=\"rating\"><\/strong><\/span><\/div>  \t\t\t\t<div class=\"testimonial-text line-height-small italic test_text first-reset last-reset is-italic\">\n            \n\n<h3>Lorem ipsum dolor sit amet<\/h3>\n<p>Lorem ipsum dolor sit amet, consectetuer adipiscing elit, sed diam nonummy nibh euismod tincidunt ut laoreet dolore magna aliquam erat volutpat....<\/p>\n\n          <\/div>\n          <div class=\"testimonial-meta pt-half\">\n             <strong class=\"testimonial-name test_name\"><\/strong>\n                          <span class=\"testimonial-company test_company\"><\/span>\n          <\/div>\n        <\/div>\n  <\/div>\n\n  \n\n\t\t<\/div>\n\t\t\t<\/div>\n\n\t\n\n<\/div>\n<div class=\"row show-for-small\"  id=\"row-804757525\">\n\n\n\t<div id=\"col-116588232\" class=\"col small-12 large-12\"  >\n\t\t<div class=\"col-inner\"  >\n\t\t\t\n\t\t\t\n\n<div class=\"slider-wrapper relative\" id=\"slider-196980806\" >\n    <div class=\"slider slider-nav-circle slider-nav-large slider-nav-light slider-style-normal\"\n        data-flickity-options='{\n            \"cellAlign\": \"center\",\n            \"imagesLoaded\": true,\n            \"lazyLoad\": 1,\n            \"freeScroll\": false,\n            \"wrapAround\": true,\n            \"autoPlay\": 6000,\n            \"pauseAutoPlayOnHover\" : true,\n            \"prevNextButtons\": true,\n            \"contain\" : true,\n            \"adaptiveHeight\" : true,\n            \"dragThreshold\" : 10,\n            \"percentPosition\": true,\n            \"pageDots\": false,\n            \"rightToLeft\": false,\n            \"draggable\": true,\n            \"selectedAttraction\": 0.1,\n            \"parallax\" : 0,\n            \"friction\": 0.6        }'\n        >\n        \n\n<div class=\"row\"  id=\"row-2099680410\">\n\n\n\t<div id=\"col-1096308185\" class=\"col div-no-padding small-12 large-12\"  >\n\t\t<div class=\"col-inner\"  >\n\t\t\t\n\t\t\t\n\n  <div class=\"icon-box testimonial-box icon-box-center text-center\">\n                <div class=\"icon-box-img testimonial-image circle\" style=\"width: 142px\">\n              <img width=\"186\" height=\"189\" src=\"https:\/\/webmaibinh.com\/w\/noithat122011\/wp-content\/uploads\/2019\/03\/a1.jpg\" class=\"attachment-thumbnail size-thumbnail\" alt=\"\" loading=\"lazy\" \/>        <\/div>\n                <div class=\"icon-box-text p-last-0\">\n          <div class=\"star-rating\"><span style=\"width:100%\"><strong class=\"rating\"><\/strong><\/span><\/div>  \t\t\t\t<div class=\"testimonial-text line-height-small italic test_text first-reset last-reset is-italic\">\n            \n\n<h3>Lorem ipsum dolor sit amet<\/h3>\n<p>Lorem ipsum dolor sit amet, consectetuer adipiscing elit, sed diam nonummy nibh euismod tincidunt ut laoreet dolore magna aliquam erat volutpat....<\/p>\n\n          <\/div>\n          <div class=\"testimonial-meta pt-half\">\n             <strong class=\"testimonial-name test_name\"><\/strong>\n                          <span class=\"testimonial-company test_company\"><\/span>\n          <\/div>\n        <\/div>\n  <\/div>\n\n  \n\n\t\t<\/div>\n\t\t\t<\/div>\n\n\t\n\n<\/div>\n<div class=\"row\"  id=\"row-841314094\">\n\n\n\t<div id=\"col-1887216458\" class=\"col small-12 large-12\"  >\n\t\t<div class=\"col-inner\"  >\n\t\t\t\n\t\t\t\n\n  <div class=\"icon-box testimonial-box icon-box-center text-center\">\n                <div class=\"icon-box-img testimonial-image circle\" style=\"width: 142px\">\n              <img width=\"186\" height=\"189\" src=\"https:\/\/webmaibinh.com\/w\/noithat122011\/wp-content\/uploads\/2019\/03\/a2.jpg\" class=\"attachment-thumbnail size-thumbnail\" alt=\"\" loading=\"lazy\" \/>        <\/div>\n                <div class=\"icon-box-text p-last-0\">\n          <div class=\"star-rating\"><span style=\"width:100%\"><strong class=\"rating\"><\/strong><\/span><\/div>  \t\t\t\t<div class=\"testimonial-text line-height-small italic test_text first-reset last-reset is-italic\">\n            \n\n<h3>Lorem ipsum dolor sit amet<\/h3>\n<p>Lorem ipsum dolor sit amet, consectetuer adipiscing elit, sed diam nonummy nibh euismod tincidunt ut laoreet dolore magna aliquam erat volutpat....<\/p>\n\n          <\/div>\n          <div class=\"testimonial-meta pt-half\">\n             <strong class=\"testimonial-name test_name\"><\/strong>\n                          <span class=\"testimonial-company test_company\"><\/span>\n          <\/div>\n        <\/div>\n  <\/div>\n\n  \n\n\t\t<\/div>\n\t\t\t<\/div>\n\n\t\n\n<\/div>\n<div class=\"row\"  id=\"row-1973000158\">\n\n\n\t<div id=\"col-1806833272\" class=\"col small-12 large-12\"  >\n\t\t<div class=\"col-inner\"  >\n\t\t\t\n\t\t\t\n\n  <div class=\"icon-box testimonial-box icon-box-center text-center\">\n                <div class=\"icon-box-img testimonial-image circle\" style=\"width: 142px\">\n              <img width=\"250\" height=\"250\" src=\"https:\/\/webmaibinh.com\/w\/noithat122011\/wp-content\/uploads\/2019\/03\/400__cam-nhan-4.jpg\" class=\"attachment-thumbnail size-thumbnail\" alt=\"\" loading=\"lazy\" srcset=\"https:\/\/webmaibinh.com\/w\/noithat122011\/wp-content\/uploads\/2019\/03\/400__cam-nhan-4.jpg 250w, https:\/\/webmaibinh.com\/w\/noithat122011\/wp-content\/uploads\/2019\/03\/400__cam-nhan-4-100x100.jpg 100w\" sizes=\"(max-width: 250px) 100vw, 250px\" \/>        <\/div>\n                <div class=\"icon-box-text p-last-0\">\n          <div class=\"star-rating\"><span style=\"width:100%\"><strong class=\"rating\"><\/strong><\/span><\/div>  \t\t\t\t<div class=\"testimonial-text line-height-small italic test_text first-reset last-reset is-italic\">\n            \n\n<h3>Lorem ipsum dolor sit amet<\/h3>\n<p>Lorem ipsum dolor sit amet, consectetuer adipiscing elit, sed diam nonummy nibh euismod tincidunt ut laoreet dolore magna aliquam erat volutpat....<\/p>\n\n          <\/div>\n          <div class=\"testimonial-meta pt-half\">\n             <strong class=\"testimonial-name test_name\"><\/strong>\n                          <span class=\"testimonial-company test_company\"><\/span>\n          <\/div>\n        <\/div>\n  <\/div>\n\n  \n\n\t\t<\/div>\n\t\t\t<\/div>\n\n\t\n\n<\/div>\n\n     <\/div>\n\n     <div class=\"loading-spin dark large centered\"><\/div>\n\n     <\/div>\n\n\n\n\t\t<\/div>\n\t\t\t<\/div>\n\n\t\n\n<\/div>\n\n\t\t<\/div>\n\t\t\t<\/div>\n\n\t\n\n<\/div>\n\n\t\t<\/div>\n\n\t\t\n<style>\n#section_703929307 {\n  padding-top: 0px;\n  padding-bottom: 0px;\n}\n<\/style>\n\t<\/section>\n\t\n\t<section class=\"section section-doi-tac\" id=\"section_1716216555\">\n\t\t<div class=\"bg section-bg fill bg-fill  bg-loaded\" >\n\n\t\t\t\n\t\t\t\n\t\t\t\n\n\t\t<\/div>\n\n\t\t<div class=\"section-content relative\">\n\t\t\t\n\n<div class=\"row\"  id=\"row-470892426\">\n\n\n\t<div id=\"col-331258881\" class=\"col div-no-padding small-12 large-12\"  >\n\t\t<div class=\"col-inner\"  >\n\t\t\t\n\t\t\t\n\n<h3 class=\"title-home\" style=\"font-weight: 500; text-align: center;\">\u0110\u1ed0I T\u00c1C C\u1ee6A CH\u00daNG T\u00d4I<\/h3>\n\n  \n    <div class=\"row large-columns-5 medium-columns-3 small-columns-2 slider row-slider slider-nav-circle slider-nav-outside\"  data-flickity-options='{\"imagesLoaded\": true, \"groupCells\": \"100%\", \"dragThreshold\" : 5, \"cellAlign\": \"left\",\"wrapAround\": true,\"prevNextButtons\": true,\"percentPosition\": true,\"pageDots\": false, \"rightToLeft\": false, \"autoPlay\" : false}'>\n\n          <div class=\"gallery-col col\" >\n          <div class=\"col-inner\">\n            <a class=\"image-lightbox lightbox-gallery\" href=\"https:\/\/webmaibinh.com\/w\/noithat122011\/wp-content\/uploads\/2019\/03\/client1.jpg\" title=\"\">            <div class=\"box has-hover gallery-box box-none\">\n              <div class=\"box-image\" >\n                <img width=\"331\" height=\"131\" src=\"https:\/\/webmaibinh.com\/w\/noithat122011\/wp-content\/uploads\/2019\/03\/client1.jpg\" class=\"attachment-medium size-medium\" alt=\"\" loading=\"lazy\" ids=\"197,198,199,200,201,202,203\" style=\"none\" type=\"slider\" columns=\"5\" slider_nav_style=\"circle\" slider_nav_position=\"outside\" \/>                                                              <\/div>\n              <div class=\"box-text text-left\" >\n                 <p><\/p>\n              <\/div>\n            <\/div>\n            <\/a>          <\/div>\n         <\/div>\n                 <div class=\"gallery-col col\" >\n          <div class=\"col-inner\">\n            <a class=\"image-lightbox lightbox-gallery\" href=\"https:\/\/webmaibinh.com\/w\/noithat122011\/wp-content\/uploads\/2019\/03\/client2.jpg\" title=\"\">            <div class=\"box has-hover gallery-box box-none\">\n              <div class=\"box-image\" >\n                <img width=\"348\" height=\"134\" src=\"https:\/\/webmaibinh.com\/w\/noithat122011\/wp-content\/uploads\/2019\/03\/client2.jpg\" class=\"attachment-medium size-medium\" alt=\"\" loading=\"lazy\" ids=\"197,198,199,200,201,202,203\" style=\"none\" type=\"slider\" columns=\"5\" slider_nav_style=\"circle\" slider_nav_position=\"outside\" \/>                                                              <\/div>\n              <div class=\"box-text text-left\" >\n                 <p><\/p>\n              <\/div>\n            <\/div>\n            <\/a>          <\/div>\n         <\/div>\n                 <div class=\"gallery-col col\" >\n          <div class=\"col-inner\">\n            <a class=\"image-lightbox lightbox-gallery\" href=\"https:\/\/webmaibinh.com\/w\/noithat122011\/wp-content\/uploads\/2019\/03\/client3.jpg\" title=\"\">            <div class=\"box has-hover gallery-box box-none\">\n              <div class=\"box-image\" >\n                <img width=\"335\" height=\"118\" src=\"https:\/\/webmaibinh.com\/w\/noithat122011\/wp-content\/uploads\/2019\/03\/client3.jpg\" class=\"attachment-medium size-medium\" alt=\"\" loading=\"lazy\" ids=\"197,198,199,200,201,202,203\" style=\"none\" type=\"slider\" columns=\"5\" slider_nav_style=\"circle\" slider_nav_position=\"outside\" \/>                                                              <\/div>\n              <div class=\"box-text text-left\" >\n                 <p><\/p>\n              <\/div>\n            <\/div>\n            <\/a>          <\/div>\n         <\/div>\n                 <div class=\"gallery-col col\" >\n          <div class=\"col-inner\">\n            <a class=\"image-lightbox lightbox-gallery\" href=\"https:\/\/webmaibinh.com\/w\/noithat122011\/wp-content\/uploads\/2019\/03\/logo-1.png\" title=\"\">            <div class=\"box has-hover gallery-box box-none\">\n              <div class=\"box-image\" >\n                <img width=\"263\" height=\"78\" src=\"https:\/\/webmaibinh.com\/w\/noithat122011\/wp-content\/uploads\/2019\/03\/logo-1.png\" class=\"attachment-medium size-medium\" alt=\"\" loading=\"lazy\" ids=\"197,198,199,200,201,202,203\" style=\"none\" type=\"slider\" columns=\"5\" slider_nav_style=\"circle\" slider_nav_position=\"outside\" \/>                                                              <\/div>\n              <div class=\"box-text text-left\" >\n                 <p><\/p>\n              <\/div>\n            <\/div>\n            <\/a>          <\/div>\n         <\/div>\n                 <div class=\"gallery-col col\" >\n          <div class=\"col-inner\">\n            <a class=\"image-lightbox lightbox-gallery\" href=\"https:\/\/webmaibinh.com\/w\/noithat122011\/wp-content\/uploads\/2019\/03\/pn1.jpg\" title=\"\">            <div class=\"box has-hover gallery-box box-none\">\n              <div class=\"box-image\" >\n                <img width=\"338\" height=\"121\" src=\"https:\/\/webmaibinh.com\/w\/noithat122011\/wp-content\/uploads\/2019\/03\/pn1.jpg\" class=\"attachment-medium size-medium\" alt=\"\" loading=\"lazy\" ids=\"197,198,199,200,201,202,203\" style=\"none\" type=\"slider\" columns=\"5\" slider_nav_style=\"circle\" slider_nav_position=\"outside\" \/>                                                              <\/div>\n              <div class=\"box-text text-left\" >\n                 <p><\/p>\n              <\/div>\n            <\/div>\n            <\/a>          <\/div>\n         <\/div>\n                 <div class=\"gallery-col col\" >\n          <div class=\"col-inner\">\n            <a class=\"image-lightbox lightbox-gallery\" href=\"https:\/\/webmaibinh.com\/w\/noithat122011\/wp-content\/uploads\/2019\/03\/pn2.jpg\" title=\"\">            <div class=\"box has-hover gallery-box box-none\">\n              <div class=\"box-image\" >\n                <img width=\"332\" height=\"113\" src=\"https:\/\/webmaibinh.com\/w\/noithat122011\/wp-content\/uploads\/2019\/03\/pn2.jpg\" class=\"attachment-medium size-medium\" alt=\"\" loading=\"lazy\" ids=\"197,198,199,200,201,202,203\" style=\"none\" type=\"slider\" columns=\"5\" slider_nav_style=\"circle\" slider_nav_position=\"outside\" \/>                                                              <\/div>\n              <div class=\"box-text text-left\" >\n                 <p><\/p>\n              <\/div>\n            <\/div>\n            <\/a>          <\/div>\n         <\/div>\n                 <div class=\"gallery-col col\" >\n          <div class=\"col-inner\">\n            <a class=\"image-lightbox lightbox-gallery\" href=\"https:\/\/webmaibinh.com\/w\/noithat122011\/wp-content\/uploads\/2019\/03\/pn3.jpg\" title=\"\">            <div class=\"box has-hover gallery-box box-none\">\n              <div class=\"box-image\" >\n                <img width=\"322\" height=\"107\" src=\"https:\/\/webmaibinh.com\/w\/noithat122011\/wp-content\/uploads\/2019\/03\/pn3.jpg\" class=\"attachment-medium size-medium\" alt=\"\" loading=\"lazy\" ids=\"197,198,199,200,201,202,203\" style=\"none\" type=\"slider\" columns=\"5\" slider_nav_style=\"circle\" slider_nav_position=\"outside\" \/>                                                              <\/div>\n              <div class=\"box-text text-left\" >\n                 <p><\/p>\n              <\/div>\n            <\/div>\n            <\/a>          <\/div>\n         <\/div>\n         <\/div>\n\n\n\t\t<\/div>\n\t\t\t<\/div>\n\n\t\n\n<\/div>\n\n\t\t<\/div>\n\n\t\t\n<style>\n#section_1716216555 {\n  padding-top: 0px;\n  padding-bottom: 0px;\n}\n<\/style>\n\t<\/section>\n\t\n\n\t<section class=\"section\" id=\"section_1117356957\">\n\t\t<div class=\"bg section-bg fill bg-fill  bg-loaded\" >\n\n\t\t\t\n\t\t\t\n\t\t\t\n\n\t\t<\/div>\n\n\t\t<div class=\"section-content relative\">\n\t\t\t\n\n<p><iframe src=\"https:\/\/www.google.com\/maps\/embed?pb=!1m14!1m8!1m3!1d3723.910820658205!2d105.80843000000002!3d21.036254!3m2!1i1024!2i768!4f13.1!3m3!1m2!1s0x0%3A0x8244770cb804df00!2zVGhp4bq_dCBr4bq_IG7hu5lpIHRo4bqldCBBaG9tZQ!5e0!3m2!1svi!2sus!4v1553524711310\" width=\"100%\" height=\"650\" frameborder=\"0\" style=\"border:0\" allowfullscreen><\/iframe><\/p>\n\n\t\t<\/div>\n\n\t\t\n<style>\n#section_1117356957 {\n  padding-top: 0px;\n  padding-bottom: 0px;\n}\n<\/style>\n\t<\/section>\n\t\n\n","protected":false},"excerpt":{"rendered":"","protected":false},"author":1,"featured_media":0,"parent":0,"menu_order":0,"comment_status":"closed","ping_status":"closed","template":"page-blank.php","meta":[],"_links":{"self":[{"href":"https:\/\/webmaibinh.com\/w\/noithat122011\/wp-json\/wp\/v2\/pages\/107"}],"collection":[{"href":"https:\/\/webmaibinh.com\/w\/noithat122011\/wp-json\/wp\/v2\/pages"}],"about":[{"href":"https:\/\/webmaibinh.com\/w\/noithat122011\/wp-json\/wp\/v2\/types\/page"}],"author":[{"embeddable":true,"href":"https:\/\/webmaibinh.com\/w\/noithat122011\/wp-json\/wp\/v2\/users\/1"}],"replies":[{"embeddable":true,"href":"https:\/\/webmaibinh.com\/w\/noithat122011\/wp-json\/wp\/v2\/comments?post=107"}],"version-history":[{"count":4,"href":"https:\/\/webmaibinh.com\/w\/noithat122011\/wp-json\/wp\/v2\/pages\/107\/revisions"}],"predecessor-version":[{"id":389,"href":"https:\/\/webmaibinh.com\/w\/noithat122011\/wp-json\/wp\/v2\/pages\/107\/revisions\/389"}],"wp:attachment":[{"href":"https:\/\/webmaibinh.com\/w\/noithat122011\/wp-json\/wp\/v2\/media?parent=107"}],"curies":[{"name":"wp","href":"https:\/\/api.w.org\/{rel}","templated":true}]}}