{"id":105,"date":"2019-03-25T01:54:37","date_gmt":"2019-03-25T01:54:37","guid":{"rendered":"https:\/\/noithat12.khowebseotop.vn\/?page_id=105"},"modified":"2019-03-25T14:31:35","modified_gmt":"2019-03-25T14:31:35","slug":"gioi-thieu","status":"publish","type":"page","link":"https:\/\/webmaibinh.com\/w\/noithat122011\/gioi-thieu\/","title":{"rendered":"Gi\u1edbi thi\u1ec7u"},"content":{"rendered":"\t<section class=\"section section-banner\" id=\"section_2072077860\">\n\t\t<div class=\"bg section-bg fill bg-fill  bg-loaded\" >\n\n\t\t\t\n\t\t\t\n\t\t\t\n\n\t\t<\/div>\n\n\t\t<div class=\"section-content relative\">\n\t\t\t\n\n<div class=\"slider-wrapper relative\" id=\"slider-1903524834\" >\n    <div class=\"slider slider-nav-circle slider-nav-large slider-nav-light slider-style-normal\"\n        data-flickity-options='{\n            \"cellAlign\": \"center\",\n            \"imagesLoaded\": true,\n            \"lazyLoad\": 1,\n            \"freeScroll\": false,\n            \"wrapAround\": true,\n            \"autoPlay\": 6000,\n            \"pauseAutoPlayOnHover\" : true,\n            \"prevNextButtons\": true,\n            \"contain\" : true,\n            \"adaptiveHeight\" : true,\n            \"dragThreshold\" : 10,\n            \"percentPosition\": true,\n            \"pageDots\": false,\n            \"rightToLeft\": false,\n            \"draggable\": true,\n            \"selectedAttraction\": 0.1,\n            \"parallax\" : 0,\n            \"friction\": 0.6        }'\n        >\n        \n\n\t<div class=\"img has-hover x md-x lg-x y md-y lg-y\" id=\"image_2050980120\">\n\t\t\t\t\t\t\t\t<div class=\"img-inner dark\" >\n\t\t\t<img width=\"1904\" height=\"767\" src=\"https:\/\/webmaibinh.com\/w\/noithat122011\/wp-content\/uploads\/2019\/03\/banner-web-8-1-1-1.png\" class=\"attachment-original size-original\" alt=\"\" loading=\"lazy\" srcset=\"https:\/\/webmaibinh.com\/w\/noithat122011\/wp-content\/uploads\/2019\/03\/banner-web-8-1-1-1.png 1904w, https:\/\/webmaibinh.com\/w\/noithat122011\/wp-content\/uploads\/2019\/03\/banner-web-8-1-1-1-510x205.png 510w, https:\/\/webmaibinh.com\/w\/noithat122011\/wp-content\/uploads\/2019\/03\/banner-web-8-1-1-1-800x322.png 800w, https:\/\/webmaibinh.com\/w\/noithat122011\/wp-content\/uploads\/2019\/03\/banner-web-8-1-1-1-768x309.png 768w, https:\/\/webmaibinh.com\/w\/noithat122011\/wp-content\/uploads\/2019\/03\/banner-web-8-1-1-1-1400x564.png 1400w\" sizes=\"(max-width: 1904px) 100vw, 1904px\" \/>\t\t\t\t\t\t\n\t\t\t\t\t<\/div>\n\t\t\t\t\t\t\t\t\n<style>\n#image_2050980120 {\n  width: 100%;\n}\n<\/style>\n\t<\/div>\n\t\n\n\t<div class=\"img has-hover x md-x lg-x y md-y lg-y\" id=\"image_1944081328\">\n\t\t\t\t\t\t\t\t<div class=\"img-inner dark\" >\n\t\t\t<img width=\"1904\" height=\"767\" src=\"https:\/\/webmaibinh.com\/w\/noithat122011\/wp-content\/uploads\/2019\/03\/banner-web6-1.png\" class=\"attachment-original size-original\" alt=\"\" loading=\"lazy\" srcset=\"https:\/\/webmaibinh.com\/w\/noithat122011\/wp-content\/uploads\/2019\/03\/banner-web6-1.png 1904w, https:\/\/webmaibinh.com\/w\/noithat122011\/wp-content\/uploads\/2019\/03\/banner-web6-1-510x205.png 510w, https:\/\/webmaibinh.com\/w\/noithat122011\/wp-content\/uploads\/2019\/03\/banner-web6-1-800x322.png 800w, https:\/\/webmaibinh.com\/w\/noithat122011\/wp-content\/uploads\/2019\/03\/banner-web6-1-768x309.png 768w, https:\/\/webmaibinh.com\/w\/noithat122011\/wp-content\/uploads\/2019\/03\/banner-web6-1-1400x564.png 1400w\" sizes=\"(max-width: 1904px) 100vw, 1904px\" \/>\t\t\t\t\t\t\n\t\t\t\t\t<\/div>\n\t\t\t\t\t\t\t\t\n<style>\n#image_1944081328 {\n  width: 100%;\n}\n<\/style>\n\t<\/div>\n\t\n\n\t<div class=\"img has-hover x md-x lg-x y md-y lg-y\" id=\"image_1039396399\">\n\t\t\t\t\t\t\t\t<div class=\"img-inner dark\" >\n\t\t\t<img width=\"1904\" height=\"767\" src=\"https:\/\/webmaibinh.com\/w\/noithat122011\/wp-content\/uploads\/2019\/03\/banner-web-4-1-1.png\" class=\"attachment-original size-original\" alt=\"\" loading=\"lazy\" srcset=\"https:\/\/webmaibinh.com\/w\/noithat122011\/wp-content\/uploads\/2019\/03\/banner-web-4-1-1.png 1904w, https:\/\/webmaibinh.com\/w\/noithat122011\/wp-content\/uploads\/2019\/03\/banner-web-4-1-1-510x205.png 510w, https:\/\/webmaibinh.com\/w\/noithat122011\/wp-content\/uploads\/2019\/03\/banner-web-4-1-1-800x322.png 800w, https:\/\/webmaibinh.com\/w\/noithat122011\/wp-content\/uploads\/2019\/03\/banner-web-4-1-1-768x309.png 768w, https:\/\/webmaibinh.com\/w\/noithat122011\/wp-content\/uploads\/2019\/03\/banner-web-4-1-1-1400x564.png 1400w\" sizes=\"(max-width: 1904px) 100vw, 1904px\" \/>\t\t\t\t\t\t\n\t\t\t\t\t<\/div>\n\t\t\t\t\t\t\t\t\n<style>\n#image_1039396399 {\n  width: 100%;\n}\n<\/style>\n\t<\/div>\n\t\n\n\n     <\/div>\n\n     <div class=\"loading-spin dark large centered\"><\/div>\n\n     <\/div>\n\n\n  <div id=\"page-header-1188280779\" class=\"page-header-wrapper\">\n  <div class=\"page-title dark featured-title\">\n\n    \n    <div class=\"page-title-inner container align-center flex-row medium-flex-wrap\" >\n              <div class=\"title-wrapper flex-col text-left medium-text-center\">\n          <h1 class=\"entry-title mb-0\">\n            Gi\u1edbi thi\u1ec7u          <\/h1>\n        <\/div>\n                    <div class=\"title-content flex-col flex-right text-right medium-text-center\">\n              <\/div>\n    <\/div>\n\n       <\/div>\n    <\/div>\n  \n\n\n\t\t<\/div>\n\n\t\t\n<style>\n#section_2072077860 {\n  padding-top: 0px;\n  padding-bottom: 0px;\n}\n<\/style>\n\t<\/section>\n\t\n\t<section class=\"section\" id=\"section_1162090785\">\n\t\t<div class=\"bg section-bg fill bg-fill  bg-loaded\" >\n\n\t\t\t\n\t\t\t\n\t\t\t\n\n\t\t<\/div>\n\n\t\t<div class=\"section-content relative\">\n\t\t\t\n<div class=\"row\"  id=\"row-460155386\">\n\n\t<div id=\"col-1048392336\" class=\"col div-no-padding small-12 large-12\"  >\n\t\t<div class=\"col-inner\"  >\n\t\t\t\n\t\t\t\n<h2 class=\"title-section text-uppercase\">AHOME L\u00c0 AI?<\/h2>\n\t\t<\/div>\n\t\t\t<\/div>\n\n\t\n<\/div>\n<div class=\"row\"  id=\"row-379372807\">\n\n\t<div id=\"col-981535656\" class=\"col medium-6 small-12 large-6\"  >\n\t\t<div class=\"col-inner\"  >\n\t\t\t\n\t\t\t\n<p>\u0110\u01b0\u1ee3c x\u00e2y d\u1ef1ng tr\u00ean n\u1ec1n t\u1ea3ng c\u1ee7a s\u1ef1 s\u00e1ng t\u1ea1o, Ahome lu\u00f4n\u00a0kh\u00f4ng ng\u1eebng c\u1ed1 g\u1eafng, n\u1ed7 l\u1ef1c \u0111\u1ec3 gi\u1eef v\u1eefng v\u1ecb th\u1ebf ti\u00ean phong c\u1ee7a m\u00ecnh tr\u00ean th\u1ecb tr\u01b0\u1eddng n\u1ed9i th\u1ea5t cao c\u1ea5p t\u1ea1i Vi\u1ec7t Nam hi\u1ec7n nay.<\/p>\n<p>Ch\u00fang t\u00f4i l\u1ea5y t\u00ean \u201cAhome\u201d v\u1edbi \u00fd ngh\u0129a\u00a0s\u00e2u s\u1eafc v\u1ec1 s\u1ef1 ti\u00ean phong, \u0111i \u0111\u1ea7u trong m\u1ecdi xu h\u01b0\u1edbng c\u0169ng nh\u01b0 m\u1ecdi s\u1ef1 v\u1eadn \u0111\u1ed9ng c\u1ee7a nh\u00f3m ng\u00e0nh thi\u1ebft k\u1ebf, thi c\u00f4ng n\u1ed9i th\u1ea5t.<\/p>\n<p>Ch\u1eef \u201cA\u201d l\u00e0 con ch\u1eef \u0111\u1ea7u ti\u00ean c\u1ee7a b\u1ea3ng ch\u1eef c\u00e1i, c\u0169ng l\u00e0 m\u1ee9c cao nh\u1ea5t trong thang \u0111i\u1ec3m khi ch\u00fang ta \u0111\u00e1nh gi\u00e1 m\u1ed9t v\u1ea5n \u0111\u1ec1 g\u00ec \u0111\u00f3, ch\u1eef \u201cA\u201d l\u00e0 bi\u1ec3u t\u01b0\u1ee3ng cho v\u1ecb tr\u00ed th\u1ee9 nh\u1ea5t trong m\u1ecdi c\u00e2u chuy\u1ec7n. C\u00e1i t\u00ean \u201cAhome\u201d \u0111\u01b0\u1ee3c l\u1ef1a ch\u1ecdn v\u1edbi m\u1ee5c \u0111\u00edch mang \u0111\u1ebfn cho c\u00e1c gia \u0111\u00ecnh nh\u1eefng kh\u00f4ng gian s\u1ed1ng sang tr\u1ecdng nh\u1ea5t, \u0111\u1eb3ng c\u1ea5p nh\u1ea5t, kh\u00e1c bi\u1ec7t nh\u1ea5t v\u00e0 \u1ea5n t\u01b0\u1ee3ng nh\u1ea5t.<\/p>\n<div class=\"is-divider divider clearfix\" style=\"max-width:200px;background-color:rgb(0, 0, 0);\"><\/div>\n\t\t<\/div>\n\t\t\t<\/div>\n\n\t\n\n\t<div id=\"col-1888411048\" class=\"col medium-6 small-12 large-6\"  >\n\t\t<div class=\"col-inner\"  >\n\t\t\t\n\t\t\t\n\t<div class=\"img has-hover x md-x lg-x y md-y lg-y\" id=\"image_1198292415\">\n\t\t\t\t\t\t\t\t<div class=\"img-inner dark\" >\n\t\t\t<img width=\"1020\" height=\"664\" src=\"https:\/\/webmaibinh.com\/w\/noithat122011\/wp-content\/uploads\/2019\/03\/1-1229x800.jpg\" class=\"attachment-large size-large\" alt=\"\" loading=\"lazy\" srcset=\"https:\/\/webmaibinh.com\/w\/noithat122011\/wp-content\/uploads\/2019\/03\/1-1229x800.jpg 1229w, https:\/\/webmaibinh.com\/w\/noithat122011\/wp-content\/uploads\/2019\/03\/1-510x332.jpg 510w, https:\/\/webmaibinh.com\/w\/noithat122011\/wp-content\/uploads\/2019\/03\/1-614x400.jpg 614w, https:\/\/webmaibinh.com\/w\/noithat122011\/wp-content\/uploads\/2019\/03\/1-768x500.jpg 768w\" sizes=\"(max-width: 1020px) 100vw, 1020px\" \/>\t\t\t\t\t\t\n\t\t\t\t\t<\/div>\n\t\t\t\t\t\t\t\t\n<style>\n#image_1198292415 {\n  width: 100%;\n}\n<\/style>\n\t<\/div>\n\t\n\t\t<\/div>\n\t\t\t<\/div>\n\n\t\n<\/div>\n\t\t<\/div>\n\n\t\t\n<style>\n#section_1162090785 {\n  padding-top: 30px;\n  padding-bottom: 30px;\n}\n<\/style>\n\t<\/section>\n\t\n\t<section class=\"section dark\" id=\"section_1884147285\">\n\t\t<div class=\"bg section-bg fill bg-fill  \" >\n\n\t\t\t\n\t\t\t\n\t\t\t\n\n\t\t<\/div>\n\n\t\t<div class=\"section-content relative\">\n\t\t\t\n<div class=\"row\"  id=\"row-2015973505\">\n\n\t<div id=\"col-288742090\" class=\"col medium-5 small-12 large-5\"  >\n\t\t<div class=\"col-inner\"  >\n\t\t\t\n\t\t\t\n<div class=\"col-title\">\n<h2 class=\"title-section text-uppercase\">T\u1ea6M NH\u00ccN V\u00c0 S\u1ee8 M\u1ec6NH<\/h2>\n<div class=\"number\">02<\/div>\n<\/div>\n\t\t<\/div>\n\t\t\t<\/div>\n\n\t\n\n\t<div id=\"col-2118232333\" class=\"col medium-7 small-12 large-7\"  >\n\t\t<div class=\"col-inner\"  >\n\t\t\t\n\t\t\t\n<p>\u0110\u1ec3 x\u1ee9ng \u0111\u00e1ng v\u1edbi s\u1ef1 t\u00edn nhi\u1ec7m v\u00e0 ni\u1ec1m tin c\u1ee7a qu\u00fd v\u1ecb, Ahome s\u1ebd \u0111\u1ecbnh h\u01b0\u1edbng qua c\u00e1c d\u1ef1 \u00e1n thi\u1ebft k\u1ebf, thi c\u00f4ng n\u1ed5i b\u1eadt c\u00f9ng nh\u1eefng xu h\u01b0\u1edbng m\u1edbi nh\u1ea5t tr\u00ean th\u1ebf gi\u1edbi. V\u00e0 mu\u1ed1n ho\u00e0n th\u00e0nh nhi\u1ec7m v\u1ee5 cao c\u1ea3 \u1ea5y, ch\u00ednh ch\u00fang t\u00f4i s\u1ebd ph\u1ea3i l\u00e0 nh\u1eefng ng\u01b0\u1eddi \u0111i \u0111\u1ea7u trong vi\u1ec7c x\u00e2y d\u1ef1ng nh\u1eefng \u201cchu\u1ea9n m\u1ef1c\u201d trong qu\u00e1 tr\u00ecnh ho\u1ea1t \u0111\u1ed9ng.<\/p>\n<p>Ngay t\u1eeb khi b\u1eaft \u0111\u1ea7u, ch\u00fang t\u00f4i \u0111\u00e3 mang tr\u00ean m\u00ecnh s\u1ee9 m\u1ec7nh cao c\u1ea3 \u0111\u00f3 l\u00e0 t\u1ea1o n\u00ean nh\u1eefng gi\u00e1 tr\u1ecb s\u1ed1ng \u0111\u1eb7c bi\u1ec7t cho t\u1eebng gia \u0111\u00ecnh, v\u00e0 h\u01a1n b\u1ea5t c\u1ee9 \u0111i\u1ec1u g\u00ec \u0111\u00f3 ch\u00ednh l\u00e0 kh\u00f4ng gian n\u1ed9i th\u1ea5t. Ch\u00fang t\u00f4i cam k\u1ebft mang \u0111\u1ebfn cho qu\u00fd v\u1ecb nh\u1eefng c\u00f4ng tr\u00ecnh sang tr\u1ecdng, hi\u1ec7n \u0111\u1ea1i, \u201cch\u1ea5t\u201d v\u00e0 ho\u00e0n to\u00e0n kh\u00e1c bi\u1ec7t.<\/p>\n<p>\u00a0<\/p>\n\t\t<\/div>\n\t\t\t<\/div>\n\n\t\n<\/div>\n\t\t<\/div>\n\n\t\t\n<style>\n#section_1884147285 {\n  padding-top: 30px;\n  padding-bottom: 30px;\n}\n#section_1884147285 .section-bg.bg-loaded {\n  background-image: url(https:\/\/webmaibinh.com\/w\/noithat122011\/wp-content\/uploads\/2019\/03\/img_background.jpg);\n}\n<\/style>\n\t<\/section>\n\t\n\t<section class=\"section\" id=\"section_352849405\">\n\t\t<div class=\"bg section-bg fill bg-fill  bg-loaded\" >\n\n\t\t\t\n\t\t\t\n\t\t\t\n\n\t\t<\/div>\n\n\t\t<div class=\"section-content relative\">\n\t\t\t\n<div class=\"row\"  id=\"row-533563653\">\n\n\t<div id=\"col-1762260015\" class=\"col medium-7 small-12 large-7\"  >\n\t\t<div class=\"col-inner\"  >\n\t\t\t\n\t\t\t\n<p>\u0110\u1ec3 x\u1ee9ng \u0111\u00e1ng v\u1edbi s\u1ef1 t\u00edn nhi\u1ec7m v\u00e0 ni\u1ec1m tin c\u1ee7a qu\u00fd v\u1ecb, Ahome s\u1ebd \u0111\u1ecbnh h\u01b0\u1edbng qua c\u00e1c d\u1ef1 \u00e1n thi\u1ebft k\u1ebf, thi c\u00f4ng n\u1ed5i b\u1eadt c\u00f9ng nh\u1eefng xu h\u01b0\u1edbng m\u1edbi nh\u1ea5t tr\u00ean th\u1ebf gi\u1edbi. V\u00e0 mu\u1ed1n ho\u00e0n th\u00e0nh nhi\u1ec7m v\u1ee5 cao c\u1ea3 \u1ea5y, ch\u00ednh ch\u00fang t\u00f4i s\u1ebd ph\u1ea3i l\u00e0 nh\u1eefng ng\u01b0\u1eddi \u0111i \u0111\u1ea7u trong vi\u1ec7c x\u00e2y d\u1ef1ng nh\u1eefng \u201cchu\u1ea9n m\u1ef1c\u201d trong qu\u00e1 tr\u00ecnh ho\u1ea1t \u0111\u1ed9ng.<\/p>\n<p>Ngay t\u1eeb khi b\u1eaft \u0111\u1ea7u, ch\u00fang t\u00f4i \u0111\u00e3 mang tr\u00ean m\u00ecnh s\u1ee9 m\u1ec7nh cao c\u1ea3 \u0111\u00f3 l\u00e0 t\u1ea1o n\u00ean nh\u1eefng gi\u00e1 tr\u1ecb s\u1ed1ng \u0111\u1eb7c bi\u1ec7t cho t\u1eebng gia \u0111\u00ecnh, v\u00e0 h\u01a1n b\u1ea5t c\u1ee9 \u0111i\u1ec1u g\u00ec \u0111\u00f3 ch\u00ednh l\u00e0 kh\u00f4ng gian n\u1ed9i th\u1ea5t. Ch\u00fang t\u00f4i cam k\u1ebft mang \u0111\u1ebfn cho qu\u00fd v\u1ecb nh\u1eefng c\u00f4ng tr\u00ecnh sang tr\u1ecdng, hi\u1ec7n \u0111\u1ea1i, \u201cch\u1ea5t\u201d v\u00e0 ho\u00e0n to\u00e0n kh\u00e1c bi\u1ec7t.<\/p>\n<p>\u00a0<\/p>\n\t\t<\/div>\n\t\t\t<\/div>\n\n\t\n\n\t<div id=\"col-360355628\" class=\"col medium-5 small-12 large-5\"  >\n\t\t<div class=\"col-inner\"  >\n\t\t\t\n\t\t\t\n<div class=\"col-title col-dark\">\n<h2 class=\"title-section text-uppercase\">CH\u1ea4T L\u01af\u1ee2NG D\u1ecaCH V\u1ee4<\/h2>\n<div class=\"number\">03<\/div>\n<\/div>\n\t\t<\/div>\n\t\t\t<\/div>\n\n\t\n<\/div>\n\t\t<\/div>\n\n\t\t\n<style>\n#section_352849405 {\n  padding-top: 30px;\n  padding-bottom: 30px;\n}\n<\/style>\n\t<\/section>\n\t\n\t<section class=\"section dark\" id=\"section_544000913\">\n\t\t<div class=\"bg section-bg fill bg-fill  \" >\n\n\t\t\t\n\t\t\t\n\t\t\t\n\n\t\t<\/div>\n\n\t\t<div class=\"section-content relative\">\n\t\t\t\n<div class=\"row\"  id=\"row-1455584160\">\n\n\t<div id=\"col-1953966443\" class=\"col medium-6 small-12 large-6\"  >\n\t\t<div class=\"col-inner\"  >\n\t\t\t\n\t\t\t\n<div class=\"col-title\">\n<h2 class=\"title-section text-uppercase\">NH\u00c0 M\u00c1Y V\u00c0 C\u00d4NG NGH\u1ec6<\/h2>\n<div class=\"number\">04<\/div>\n<\/div>\n\t\t<\/div>\n\t\t\t<\/div>\n\n\t\n\n\t<div id=\"col-724839332\" class=\"col medium-6 small-12 large-6\"  >\n\t\t<div class=\"col-inner\"  >\n\t\t\t\n\t\t\t\n<p>\u0110\u1ec3 \u0111\u00e1p \u1ee9ng t\u1ed1i \u0111a nhu c\u1ea7u c\u1ee7a kh\u00e1ch h\u00e0ng, h\u01a1n ai h\u1ebft, ch\u00fang t\u00f4i lu\u00f4n hi\u1ec3u r\u1eb1ng c\u1ea7n c\u00f3 m\u1ed9t s\u1ef1 \u0111\u1ea7u t\u01b0 k\u1ef9 l\u01b0\u1ee1ng v\u00e0o v\u1ea5n \u0111\u1ec1 c\u01a1 s\u1edf v\u1eadt ch\u1ea5t, \u0111\u1eb7c bi\u1ec7t l\u00e0 h\u1ec7 th\u1ed1ng x\u01b0\u1edfng v\u00e0 nh\u00e0 m\u00e1y s\u1ea3n xu\u1ea5t.<\/p>\n<p>Ahome \u0111\u00e3 \u0111\u1ea7u t\u01b0 v\u00e0 x\u00e2y d\u1ef1ng m\u1ed9t h\u1ec7 th\u1ed1ng x\u01b0\u1edfng, nh\u00e0 m\u00e1y s\u1ea3n xu\u1ea5t v\u1edbi quy m\u00f4 l\u00ean \u0111\u1ebfn con s\u1ed1 h\u00e0ng ngh\u00ecn ha. \u0110\u1eb7c bi\u1ec7t, b\u00ean trong \u0111\u01b0\u1ee3c trang b\u1ecb \u0111\u1ea7y \u0111\u1ee7 c\u00e1c lo\u1ea1i m\u00e1y m\u00f3c, trang thi\u1ebft b\u1ecb hi\u1ec7n \u0111\u1ea1i theo quy chu\u1ea9n qu\u1ed1c t\u1ebf, nh\u1eb1m \u0111\u00e1p \u1ee9ng m\u1ecdi ho\u1ea1t \u0111\u1ed9ng s\u1ea3n xu\u1ea5t c\u1ee7a \u0111\u1ed9i ng\u0169 c\u00f4ng nh\u00e2n, mang \u0111\u1ebfn cho kh\u00e1ch h\u00e0ng nh\u1eefng s\u1ea3n ph\u1ea9m ch\u1ea5t l\u01b0\u1ee3ng cao nh\u1ea5t, ho\u00e0n h\u1ea3o v\u00e0 ph\u00f9 h\u1ee3p v\u1edbi kh\u00f4ng gian.<\/p>\n<p>K\u1ef9 thu\u1eadt c\u0169ng l\u00e0 v\u1ea5n \u0111\u1ec1 quan tr\u1ecdng kh\u00f4ng th\u1ec3 b\u1ecf qua, vi\u1ec7c \u00e1p d\u1ee5ng v\u00e0 chuy\u1ec3n giao c\u00f4ng ngh\u1ec7 s\u1ea3n xu\u1ea5t ti\u00ean ti\u1ebfn c\u1ee7a ch\u00e2u \u00c2u \u0111\u01b0\u1ee3c Ahome \u01b0u ti\u00ean h\u00e0ng \u0111\u1ea7u \u0111\u1ec3 \u0111\u1ea3m b\u1ea3o m\u1ed9t c\u00e1ch t\u1ed1i \u0111a v\u1ea5n \u0111\u1ec1 c\u00f4ng n\u0103ng v\u00e0 th\u1ea9m m\u1ef9 cho t\u1eebng s\u1ea3n ph\u1ea9m.<\/p>\n<p>\u00a0<\/p>\n\t\t<\/div>\n\t\t\t<\/div>\n\n\t\n<\/div>\n\t\t<\/div>\n\n\t\t\n<style>\n#section_544000913 {\n  padding-top: 30px;\n  padding-bottom: 30px;\n}\n#section_544000913 .section-bg.bg-loaded {\n  background-image: url(https:\/\/webmaibinh.com\/w\/noithat122011\/wp-content\/uploads\/2019\/03\/img_background.jpg);\n}\n<\/style>\n\t<\/section>\n\t\n\t<section class=\"section\" id=\"section_2126494186\">\n\t\t<div class=\"bg section-bg fill bg-fill  bg-loaded\" >\n\n\t\t\t\n\t\t\t\n\t\t\t\n\n\t\t<\/div>\n\n\t\t<div class=\"section-content relative\">\n\t\t\t\n<div class=\"row\"  id=\"row-104979090\">\n\n\t<div id=\"col-1789836669\" class=\"col medium-7 small-12 large-7\"  >\n\t\t<div class=\"col-inner\"  >\n\t\t\t\n\t\t\t\n\t<div class=\"img has-hover x md-x lg-x y md-y lg-y\" id=\"image_185125790\">\n\t\t\t\t\t\t\t\t<div class=\"img-inner dark\" >\n\t\t\t<img width=\"1020\" height=\"649\" src=\"https:\/\/webmaibinh.com\/w\/noithat122011\/wp-content\/uploads\/2019\/03\/123-1257x800.jpg\" class=\"attachment-large size-large\" alt=\"\" loading=\"lazy\" srcset=\"https:\/\/webmaibinh.com\/w\/noithat122011\/wp-content\/uploads\/2019\/03\/123-1257x800.jpg 1257w, https:\/\/webmaibinh.com\/w\/noithat122011\/wp-content\/uploads\/2019\/03\/123-510x325.jpg 510w, https:\/\/webmaibinh.com\/w\/noithat122011\/wp-content\/uploads\/2019\/03\/123-629x400.jpg 629w, https:\/\/webmaibinh.com\/w\/noithat122011\/wp-content\/uploads\/2019\/03\/123-768x489.jpg 768w\" sizes=\"(max-width: 1020px) 100vw, 1020px\" \/>\t\t\t\t\t\t\n\t\t\t\t\t<\/div>\n\t\t\t\t\t\t\t\t\n<style>\n#image_185125790 {\n  width: 100%;\n}\n<\/style>\n\t<\/div>\n\t\n\t<div class=\"img has-hover x md-x lg-x y md-y lg-y\" id=\"image_2001188675\">\n\t\t\t\t\t\t\t\t<div class=\"img-inner dark\" >\n\t\t\t<img width=\"1020\" height=\"574\" src=\"https:\/\/webmaibinh.com\/w\/noithat122011\/wp-content\/uploads\/2019\/03\/8-mau-ban-nuoc-danh-rieng-cho-khong-gian-biet-thu-87-1-1400x788.jpg\" class=\"attachment-large size-large\" alt=\"\" loading=\"lazy\" srcset=\"https:\/\/webmaibinh.com\/w\/noithat122011\/wp-content\/uploads\/2019\/03\/8-mau-ban-nuoc-danh-rieng-cho-khong-gian-biet-thu-87-1-1400x788.jpg 1400w, https:\/\/webmaibinh.com\/w\/noithat122011\/wp-content\/uploads\/2019\/03\/8-mau-ban-nuoc-danh-rieng-cho-khong-gian-biet-thu-87-1-510x287.jpg 510w, https:\/\/webmaibinh.com\/w\/noithat122011\/wp-content\/uploads\/2019\/03\/8-mau-ban-nuoc-danh-rieng-cho-khong-gian-biet-thu-87-1-711x400.jpg 711w, https:\/\/webmaibinh.com\/w\/noithat122011\/wp-content\/uploads\/2019\/03\/8-mau-ban-nuoc-danh-rieng-cho-khong-gian-biet-thu-87-1-768x432.jpg 768w, https:\/\/webmaibinh.com\/w\/noithat122011\/wp-content\/uploads\/2019\/03\/8-mau-ban-nuoc-danh-rieng-cho-khong-gian-biet-thu-87-1.jpg 1920w\" sizes=\"(max-width: 1020px) 100vw, 1020px\" \/>\t\t\t\t\t\t\n\t\t\t\t\t<\/div>\n\t\t\t\t\t\t\t\t\n<style>\n#image_2001188675 {\n  width: 100%;\n}\n<\/style>\n\t<\/div>\n\t\n\t\t<\/div>\n\t\t\t<\/div>\n\n\t\n\n\t<div id=\"col-1688270627\" class=\"col medium-5 small-12 large-5\"  >\n\t\t<div class=\"col-inner\"  >\n\t\t\t\n\t\t\t\n<div class=\"col-title col-dark\">\n<h2 class=\"title-section text-uppercase\">NGU\u1ed2N NH\u00c2N L\u1ef0C<\/h2>\n<div class=\"number\">05<\/div>\n<div>\u00a0<\/div>\n<\/div>\n<div class=\"clearfix\"><\/div>\n<p>Ahome s\u1edf h\u1eefu m\u1ed9t \u0111\u1ed9i ng\u0169 nh\u00e2n l\u1ef1c ch\u1ea5t l\u01b0\u1ee3ng cao, nhi\u1ec7t t\u00ecnh, tr\u00e1ch nhi\u1ec7m, v\u1edbi t\u00e1c phong l\u00e0m vi\u1ec7c chuy\u00ean nghi\u1ec7p, t\u00e2m huy\u1ebft, c\u00f3 kh\u1ea3 n\u0103ng t\u01b0 v\u1ea5n cho kh\u00e1ch h\u00e0ng m\u1ed9t c\u00e1ch t\u1eadn t\u00ecnh nh\u1ea5t.<\/p>\n<p>M\u1ed7i m\u1ed9t KTS t\u1ea1i Ahome \u0111\u1ec1u c\u00f3 b\u1ec1 d\u00e0y kinh nghi\u1ec7m trong l\u0129nh v\u1ef1c thi\u1ebft k\u1ebf n\u1ed9i th\u1ea5t, \u0111\u01b0\u1ee3c \u0111\u00e0o t\u1ea1o chuy\u00ean s\u00e2u t\u1eeb nh\u1eefng tr\u01b0\u1eddng \u0111\u1ea1i h\u1ecdc ki\u1ebfn tr\u00fac danh gi\u00e1, uy t\u00edn trong v\u00e0 ngo\u00e0i n\u01b0\u1edbc. T\u00e0i n\u0103ng v\u00e0 s\u1ef1 s\u00e1ng t\u1ea1o l\u00e0 nh\u1eefng g\u00ec c\u00e1c KTS th\u1ec3 hi\u1ec7n trong t\u1eebng \u00fd t\u01b0\u1edfng thi\u1ebft k\u1ebf, c\u00f9ng ph\u01b0\u01a1ng tr\u00e2m \u201cs\u00e1ng t\u1ea1o kh\u00f4ng gi\u1edbi h\u1ea1n\u201d \u0111\u1ec3 cho ra \u0111\u1eddi nh\u1eefng \u201c\u0111\u1ee9a con tinh th\u1ea7n\u201d ho\u00e0n m\u1ef9 nh\u1ea5t.<\/p>\n<p>C\u00e1c ngh\u1ec7 nh\u00e2n trong \u0111\u1ed9i ng\u0169 s\u1ea3n xu\u1ea5t c\u1ee7a Ahome \u0111\u1ec1u l\u00e0 nh\u1eefng ng\u01b0\u1eddi th\u1ef1c s\u1ef1 c\u00f3 t\u00e0i n\u0103ng, tay ngh\u1ec1 cao v\u00e0 am hi\u1ec3u m\u1ed9t c\u00e1ch chuy\u00ean s\u00e2u v\u1ec1 g\u1ed7 c\u0169ng nh\u01b0 v\u1ea5n \u0111\u1ec1 thi c\u00f4ng n\u1ed9i th\u1ea5t.<\/p>\n<p>M\u1ed9t l\u1ea7n n\u1eefa, Ahome lu\u00f4n kh\u1eb3ng \u0111\u1ecbnh v\u1ecb th\u1ebf ti\u00ean phong v\u1eefng ch\u1eafc c\u1ee7a m\u00ecnh tr\u00ean th\u1ecb tr\u01b0\u1eddng n\u1ed9i th\u1ea5t Vi\u1ec7t. Ch\u00fang t\u00f4i \u0111\u00e3 nh\u1eadn \u0111\u01b0\u1ee3c r\u1ea5t nhi\u1ec1u s\u1ef1 quan t\u00e2m, tin t\u01b0\u1edfng v\u00e0 l\u1ef1a ch\u1ecdn c\u1ee7a kh\u00e1ch h\u00e0ng c\u0169ng nh\u01b0 s\u1ef1 \u0111\u00e1nh gi\u00e1 cao v\u1ec1 ch\u1ea5t l\u01b0\u1ee3ng c\u1ee7a c\u00e1c chuy\u00ean gia trong ngh\u1ec1, t\u1ef1 tin tr\u1edf th\u00e0nh \u0111\u1ecba ch\u1ec9 tin c\u1eady cho c\u00e1c kh\u00f4ng gian s\u1ed1ng t\u1ed1i th\u01b0\u1ee3ng c\u1ee7a qu\u00fd v\u1ecb.<\/p>\n<p>\u00a0<\/p>\n\t\t<\/div>\n\t\t\t<\/div>\n\n\t\n<\/div>\n\t\t<\/div>\n\n\t\t\n<style>\n#section_2126494186 {\n  padding-top: 30px;\n  padding-bottom: 30px;\n}\n<\/style>\n\t<\/section>\n\t\n","protected":false},"excerpt":{"rendered":"","protected":false},"author":1,"featured_media":0,"parent":0,"menu_order":0,"comment_status":"closed","ping_status":"closed","template":"page-blank.php","meta":[],"_links":{"self":[{"href":"https:\/\/webmaibinh.com\/w\/noithat122011\/wp-json\/wp\/v2\/pages\/105"}],"collection":[{"href":"https:\/\/webmaibinh.com\/w\/noithat122011\/wp-json\/wp\/v2\/pages"}],"about":[{"href":"https:\/\/webmaibinh.com\/w\/noithat122011\/wp-json\/wp\/v2\/types\/page"}],"author":[{"embeddable":true,"href":"https:\/\/webmaibinh.com\/w\/noithat122011\/wp-json\/wp\/v2\/users\/1"}],"replies":[{"embeddable":true,"href":"https:\/\/webmaibinh.com\/w\/noithat122011\/wp-json\/wp\/v2\/comments?post=105"}],"version-history":[{"count":8,"href":"https:\/\/webmaibinh.com\/w\/noithat122011\/wp-json\/wp\/v2\/pages\/105\/revisions"}],"predecessor-version":[{"id":160,"href":"https:\/\/webmaibinh.com\/w\/noithat122011\/wp-json\/wp\/v2\/pages\/105\/revisions\/160"}],"wp:attachment":[{"href":"https:\/\/webmaibinh.com\/w\/noithat122011\/wp-json\/wp\/v2\/media?parent=105"}],"curies":[{"name":"wp","href":"https:\/\/api.w.org\/{rel}","templated":true}]}}