{"id":248,"date":"2019-07-23T16:01:29","date_gmt":"2019-07-23T09:01:29","guid":{"rendered":"http:\/\/noithat8.w2steam.com\/?post_type=product&#038;p=248"},"modified":"2019-07-23T16:01:37","modified_gmt":"2019-07-23T09:01:37","slug":"cua-go-veneer-vn-003","status":"publish","type":"product","link":"https:\/\/webmaibinh.com\/w\/noithat112011\/san-pham\/cua-go-veneer-vn-003\/","title":{"rendered":"C\u1eeda g\u1ed7 veneer VN &#8211; 003"},"content":{"rendered":"<h2>C\u1eeda g\u1ed7 veneer VN \u2013 003<\/h2>\n<p><em>M\u1eabu c\u1eeda g\u1ed7 VN \u2013 003 l\u00e0 m\u1ed9t trong nh\u1eefng s\u1ea3n ph\u1ea9m ti\u00eau bi\u1ec3u cho d\u00f2ng c\u1eeda g\u1ed7 veneer c\u1ee7a c\u00f4ng ty n\u1ed9i th\u1ea5t \u0110\u1ee9c D\u01b0\u01a1ng, c\u1eeda g\u1ed7 veneer s\u1ed3i, veneer Lim, veneer \u00f3c ch\u00f3\u2026t\u1ea5t c\u1ea3 \u0111\u1ec1u mang d\u00e1ng v\u1ebb hi\u1ec7n \u0111\u1ea1i v\u00e0 \u0111\u01b0\u1eddng n\u00e9t tinh t\u1ebf<\/em>.<\/p>\n<p>C\u1ea5u t\u1ea1o\u00a0<strong>c\u1eeda g\u1ed7 veneer<\/strong>\u00a0bao g\u1ed3m khung x\u01b0\u01a1ng g\u1ed7 th\u00f4ng t\u1ef1 nhi\u00ean gh\u00e9p thanh, b\u1ec1 m\u1eb7t t\u1ea1o ph\u1eb3ng MDF ph\u1ee7 veneer, s\u01a1n Pu ho\u00e0n thi\u1ec7n, s\u1ea3n ph\u1ea9m \u0111\u01b0\u1ee3c nghi\u00ean c\u1ee9u thi\u1ebft k\u1ebf v\u00e0 \u1ee9ng d\u1ee5ng s\u1ea3n xu\u1ea5t d\u1ef1a tr\u00ean c\u00f4ng ngh\u1ec7 hi\u1ec7n \u0111\u1ea1i, m\u00e1y m\u00f3c t\u00e2n ti\u1ebfn, \u0111\u1ed9 b\u1ec1n kh\u00f4ng thua k\u00e9m g\u00ec c\u1eeda g\u1ed7 t\u1ef1 nhi\u00ean, \u0111\u1eb7c bi\u1ec7t b\u1ec1 m\u1eb7t l\u00e0 veneer \u0111\u1ea1t ti\u00eau chu\u1ea9n ch\u1ea5t l\u01b0\u1ee3ng cao, v\u00e2n g\u1ed7 t\u1ef1 nhi\u00ean r\u00f5 n\u00e9t, ch\u00e2n th\u1ef1c v\u00e0 sang tr\u1ecdng, th\u00edch h\u1ee3p v\u1edbi m\u1ecdi kh\u00f4ng gian nh\u00e0 \u1edf, c\u00f3 th\u1ec3 l\u00e0m c\u1eeda \u0111i ch\u00ednh, c\u1eeda th\u00f4ng ph\u00f2ng, c\u1eeda v\u1ec7 sinh.<\/p>\n<p>Mau nhanh ch\u00e2n \u0111\u1ebfn ngay showroom c\u1ee7a c\u00f4ng ty ch\u00fang t\u00f4i \u0111\u1ec3 nh\u1eadn nh\u1eefng \u01b0u \u0111\u00e3i l\u1edbn nh\u1ea5t d\u00e0nh cho b\u1ea1n.<\/p>\n<p><em><strong>Mua c\u1eeda \u0110\u1ee9c D\u01b0\u01a1ng, tr\u0103m \u0111\u01b0\u1eddng nh\u01b0 \u00fd!<\/strong><\/em><\/p>\n","protected":false},"excerpt":{"rendered":"<p>C\u1eeda g\u1ed7 veneer VN \u2013 003 M\u1eabu c\u1eeda g\u1ed7 VN \u2013 003 l\u00e0 m\u1ed9t trong nh\u1eefng s\u1ea3n ph\u1ea9m ti\u00eau bi\u1ec3u cho d\u00f2ng c\u1eeda g\u1ed7 veneer c\u1ee7a c\u00f4ng ty n\u1ed9i th\u1ea5t \u0110\u1ee9c D\u01b0\u01a1ng, c\u1eeda g\u1ed7 veneer s\u1ed3i, veneer Lim, veneer \u00f3c ch\u00f3\u2026t\u1ea5t c\u1ea3 \u0111\u1ec1u mang d\u00e1ng v\u1ebb hi\u1ec7n \u0111\u1ea1i v\u00e0 \u0111\u01b0\u1eddng n\u00e9t tinh t\u1ebf. C\u1ea5u t\u1ea1o\u00a0c\u1eeda &#8230;<\/p>\n","protected":false},"featured_media":249,"template":"","meta":[],"_links":{"self":[{"href":"https:\/\/webmaibinh.com\/w\/noithat112011\/wp-json\/wp\/v2\/product\/248"}],"collection":[{"href":"https:\/\/webmaibinh.com\/w\/noithat112011\/wp-json\/wp\/v2\/product"}],"about":[{"href":"https:\/\/webmaibinh.com\/w\/noithat112011\/wp-json\/wp\/v2\/types\/product"}],"wp:featuredmedia":[{"embeddable":true,"href":"https:\/\/webmaibinh.com\/w\/noithat112011\/wp-json\/wp\/v2\/media\/249"}],"wp:attachment":[{"href":"https:\/\/webmaibinh.com\/w\/noithat112011\/wp-json\/wp\/v2\/media?parent=248"}],"curies":[{"name":"wp","href":"https:\/\/api.w.org\/{rel}","templated":true}]}}