{"id":246,"date":"2019-07-23T16:00:30","date_gmt":"2019-07-23T09:00:30","guid":{"rendered":"http:\/\/noithat8.w2steam.com\/?post_type=product&#038;p=246"},"modified":"2019-07-23T16:00:31","modified_gmt":"2019-07-23T09:00:31","slug":"cua-go-veneer-vn-008","status":"publish","type":"product","link":"https:\/\/webmaibinh.com\/w\/noithat112011\/san-pham\/cua-go-veneer-vn-008\/","title":{"rendered":"C\u1eeda g\u1ed7 veneer VN &#8211; 008"},"content":{"rendered":"<h2>C\u1eeda g\u1ed7 veneer hi\u1ec7n \u0111\u1ea1i<\/h2>\n<p><em><strong>Thi\u1ebft k\u1ebf c\u1eeda g\u1ed7 veneer d\u1ef1a tr\u00ean ti\u00eau chu\u1ea9n k\u0129 thu\u1eadt cao v\u00e0 s\u1ef1 ph\u00e1t tri\u1ec3n c\u1ee7a ng\u00e0nh ch\u1ebf bi\u1ebfn g\u1ed7 c\u00f4ng nghi\u1ec7p, b\u1ec1 m\u1eb7t veneer v\u1edbi v\u00e2n g\u1ed7 r\u00f5 n\u00e9t, ch\u00e2n th\u1ef1c, \u0111\u1ed9 \u0111\u1ec1u m\u00e0u cao v\u00e0 tinh x\u1ea3o t\u1ea1o ra s\u1ef1 thay \u0111\u1ed5i \u0111\u00e1ng k\u1ec3 so v\u1edbi c\u1eeda g\u1ed7 t\u1ef1 nhi\u00ean nguy\u00ean kh\u1ed1i t\u1eeb r\u1eebng, gi\u00e1 th\u00e0nh \u0111\u01b0\u1ee3c gi\u1ea3m \u0111i r\u1ea5t nhi\u1ec1u, \u0111\u1ec3 s\u1edf h\u1eefu m\u1ed9t s\u1ea3n ph\u1ea9m \u0111\u1eb9p kh\u00f4ng thua k\u00e9m g\u1ed7 t\u1ef1 nhi\u00ean tr\u1edf n\u00ean v\u00f4 c\u00f9ng d\u1ec5 d\u00e0ng, th\u1eadm ch\u00ed, m\u1ed7i ch\u1ee7ng lo\u1ea1i l\u1ea1i c\u00f3 nh\u1eefng \u01b0u \u0111i\u1ec3m ri\u00eang bi\u1ec7t \u0111\u1ec3 c\u1eeda g\u1ed7 veneer ng\u00e0y c\u00e0ng c\u00f3 v\u1ecb tr\u00ed ph\u1ed5 bi\u1ebfn \u0111\u1ed1i v\u1edbi ng\u01b0\u1eddi ti\u00eau d\u00f9ng<\/strong><\/em>.<\/p>\n<p>M\u1eabu<a href=\"https:\/\/noithatducduong.com\/product\/cua-go-veneer-vn-008\/\"><strong>\u00a0c\u1eeda g\u1ed7 veneer VN \u2013 008<\/strong>\u00a0<\/a>n\u1eb1m trong b\u1ed9 s\u01b0u t\u1eadp<strong>\u00a0c\u1eeda g\u1ed7 m\u1edbi nh\u1ea5t<\/strong>\u00a0c\u1ee7a c\u00f4ng ty N\u1ed9i Th\u1ea5t \u0110\u1ee9c D\u01b0\u01a1ng, s\u1ea3n ph\u1ea9m c\u00f3 k\u1ebft c\u1ea5u v\u1eefng ch\u1eafc, \u0111\u1ed9 b\u1ec1n cao, c\u00f3 nhi\u1ec1u t\u00ednh n\u0103ng \u01b0u vi\u1ec7t v\u00e0 \u0111\u1ed9 th\u1ea9m m\u1ef9 cao. So v\u1edbi nh\u1eefng s\u1ea3n ph\u1ea9m kh\u00e1c tr\u00ean th\u1ecb tr\u01b0\u1eddng, \u01b0u \u0111i\u1ec3m c\u1ee7a c\u1eeda g\u1ed7 \u0110\u1ee9c D\u01b0\u01a1ng l\u00e0 s\u1ef1 \u0111a d\u1ea1ng trong m\u1eabu m\u00e3, gi\u00e1 th\u00e0nh r\u1ebb, ch\u1ea5t l\u01b0\u1ee3ng ho\u00e0n h\u1ea3o.<\/p>\n<p>M\u1eabu thi\u1ebft k\u1ebf c\u1eeda g\u1ed7 veneer gam m\u00e0u n\u00e2u c\u00e1nh gi\u00e1n sang tr\u1ecdng, v\u00e2n g\u1ed7 t\u1ef1 nhi\u00ean \u0111\u1eb9p v\u00e0 c\u00f3 s\u1ef1 ch\u00e2n th\u1ef1c, g\u1ea7n g\u0169i ho\u00e0n to\u00e0n c\u00f3 th\u1ec3 thay th\u1ebf \u0111\u01b0\u1ee3c c\u1eeda g\u1ed7 t\u1ef1 nhi\u00ean, trang tr\u00ed c\u1eeda g\u1ed7 mang t\u00ednh s\u00fac t\u00edch v\u00e0 v\u00f4 c\u00f9ng \u0111\u01a1n gi\u1ea3n v\u1edbi m\u00e0u tr\u1eafng mang t\u00ednh t\u01b0\u01a1ng ph\u1ea3n.<\/p>\n<div id=\"attachment_43324\" class=\"wp-caption aligncenter\"><a class=\"fancybox image\" href=\"https:\/\/noithatducduong.com\/wp-content\/uploads\/2015\/06\/cua-go-veneer-VN-008.jpg\"><img loading=\"lazy\" class=\"wp-image-43324 lazyloaded\" src=\"https:\/\/noithatducduong.com\/wp-content\/uploads\/2015\/06\/cua-go-veneer-VN-008.jpg\" alt=\"cua-go-veneer-VN-008\" width=\"720\" height=\"540\" aria-describedby=\"caption-attachment-43324\" data-lazy-src=\"https:\/\/noithatducduong.com\/wp-content\/uploads\/2015\/06\/cua-go-veneer-VN-008.jpg\" data-was-processed=\"true\" \/><\/a><\/p>\n<p id=\"caption-attachment-43324\" class=\"wp-caption-text\">Thi\u1ebft k\u1ebf c\u1eeda g\u1ed7 veneer \u0111\u1eb9p v\u00e0 hi\u1ec7n \u0111\u1ea1i<\/p>\n<\/div>\n<table border=\"1\" cellspacing=\"0\" cellpadding=\"0\">\n<tbody>\n<tr>\n<td colspan=\"2\" valign=\"top\" width=\"707\">\n<p align=\"center\"><strong>\u00a0<\/strong><\/p>\n<p align=\"center\"><strong>M\u00d4 T\u1ea2 CHI TI\u1ebeT DESIGN C\u1eecA G\u1ed6\u00a0VENEER VN-008<\/strong><\/p>\n<p align=\"center\"><strong>\u00a0<\/strong><\/p>\n<\/td>\n<\/tr>\n<tr>\n<td valign=\"top\" width=\"158\"><strong>\u00a0<\/strong><strong>\u00a0<\/strong>Ch\u1ea5t li\u1ec7u<\/td>\n<td valign=\"top\" width=\"548\"><strong>\u00a0G\u1ed7 c\u00f4ng nghi\u1ec7p HDF ph\u1ee7\u00a0VENEER \u00f3c ch\u00f3, s\u1ed3i\u2026<\/strong>Ngo\u00e0i ra c\u00f2n c\u00f3 th\u1ec3 l\u00e0m b\u1eb1ng c\u1ed1t g\u1ed7 c\u00f4ng nghi\u1ec7p HDF, MDF, g\u1ed7 d\u00e1n (Plywood).B\u1ec1 m\u1eb7t ph\u1ee7 veneer xoan \u0111\u00e0o, veneer \u00f3c ch\u00f3, veneer Lim\u2026<\/td>\n<\/tr>\n<tr>\n<td valign=\"top\" width=\"158\"><strong>\u00a0<\/strong><strong>\u00a0<\/strong>K\u00edch th\u01b0\u1edbc c\u00e1nh<\/td>\n<td valign=\"top\" width=\"548\"><strong>\u00a0Theo ti\u00eau chu\u1ea9n ho\u1eb7c theo y\u00eau c\u1ea7u<\/strong>Chi\u1ec1u r\u1ed9ng: 720 \u2013 820 mmChi\u1ec1u d\u00e0i\u00a0\u00a0 : 2100 \u2013 2160 mm\u0110\u1ed9 d\u00e0y\u00a0\u00a0\u00a0\u00a0\u00a0 \u00a0\u00a0: 40 \u2013 50 mm<\/td>\n<\/tr>\n<tr>\n<td valign=\"top\" width=\"158\"><strong>\u00a0<\/strong>\u00a0Khu\u00f4n c\u1eeda<\/td>\n<td valign=\"top\" width=\"548\">Ki\u1ec3u d\u00e1ng khu\u00f4n\u00a0(T\u1ea1i \u0111\u00e2y)<a href=\"https:\/\/noithatducduong.com\/cua-go\/cac-thiet-ke-kieu-dang-khuan-cua\/\">\u00a0<\/a><\/td>\n<\/tr>\n<tr>\n<td valign=\"top\" width=\"158\"><strong>\u00a0<\/strong>\u00a0N\u1eb9p bao khu\u00f4n<\/td>\n<td valign=\"top\" width=\"548\">Ki\u1ec3u d\u00e1ng n\u1eb9p\u00a0(T\u1ea1i \u0111\u00e2y)<\/td>\n<\/tr>\n<tr>\n<td valign=\"top\" width=\"158\"><strong>\u00a0<\/strong><strong>\u00a0<\/strong>C\u00f4ng ngh\u1ec7 s\u1ea3n xu\u1ea5t<\/td>\n<td valign=\"top\" width=\"548\">C\u1eeda g\u1ed7 Veneer\u00a0c\u00e1nh ph\u1eb3ng k\u1ebft h\u1ee3p Laminate, ho\u1eb7c g\u1ed7 c\u00f4ng nghi\u1ec7p ph\u1ee7 s\u01a1n m\u00e0u tr\u1eafng \u1edf trung t\u00e2m c\u00e1nh c\u1eedaThi\u1ebft k\u1ebf \u0111\u01a1n gi\u1ea3n, ph\u1eb3ng th\u1eb3ng \u0111\u01b0\u1ee3c trang tr\u00ed b\u1eb1ng nhi\u1ec1u ch\u1ec9 soi \u0111\u1ec3 t\u1ea1o s\u1ef1 sinh \u0111\u1ed9ng<\/td>\n<\/tr>\n<tr>\n<td valign=\"top\" width=\"158\"><strong>\u00a0<\/strong><strong>\u00a0<\/strong>Ti\u00eau chu\u1ea9n k\u1ef9 thu\u1eadt<\/td>\n<td valign=\"top\" width=\"548\">\u0110\u1ed9 \u1ea9m : 10 \u2013 12%<strong>\u00a0<\/strong><strong>C\u1eeda g\u1ed7 veneer\u00a0<\/strong>c\u00f3\u00a0\u0111\u1ed9 b\u1ec1n, \u0111\u1ed9 ch\u1ecbu l\u1ef1c cao, thi\u1ebft k\u1ebf gi\u1ea3m thi\u1ec3u cong v\u00eanh, co ng\u00f3t, \u0111\u1ea3m b\u1ea3o \u0111\u1ed9 tinh x\u1ea3o b\u1ec1n l\u00e2u trong qu\u00e1 tr\u00ecnh s\u1eed d\u1ee5ng.<\/td>\n<\/tr>\n<tr>\n<td valign=\"top\" width=\"158\"><strong>\u00a0<\/strong><strong>\u00a0<\/strong>\u01afu \u0111i\u1ec3m<\/td>\n<td valign=\"top\" width=\"548\"><strong>\u00a0C\u1eeda g\u1ed7 Veneer\u00a0<\/strong>Thi\u1ebft k\u1ebf v\u00f4 c\u00f9ng \u0111a d\u1ea1ng, s\u1ea3n ph\u1ea9m \u0111\u01b0\u1ee3c \u1ee9ng d\u1ee5ng r\u1ed9ng r\u00e3i trong m\u1ecdi lo\u1ea1i h\u00ecnh nh\u00e0 \u1edf.C\u00f3 h\u00e0ng tr\u0103m m\u1eabu m\u00e3 \u0111\u1ec3 b\u1ea1n l\u1ef1a ch\u1ecdn, c\u00f3 th\u1ec3 thi\u1ebft k\u1ebf theo y\u00eau c\u1ea7u c\u1ee7a kh\u00e1ch h\u00e0ng, c\u00f3 \u0111\u1ed9 b\u1ec1n cao, kh\u00f4ng b\u1ecb cong v\u00eanh, co ng\u00f3t.<\/td>\n<\/tr>\n<tr>\n<td valign=\"top\" width=\"158\"><strong>\u00a0<\/strong><strong>\u00a0<\/strong>\u1ee8ng d\u1ee5ng<\/td>\n<td valign=\"top\" width=\"548\">L\u00e0m c\u1eeda th\u00f4ng ph\u00f2ng cho nh\u00e0 \u1edf, c\u00e1c c\u0103n h\u1ed9 chung c\u01b0 cao c\u1ea5p, chung c\u01b0 ph\u1ed5 th\u00f4ng\u2026<\/td>\n<\/tr>\n<tr>\n<td valign=\"top\" width=\"158\"><strong>\u00a0<\/strong>\u00a0Th\u1eddi gian giao h\u00e0ng<\/td>\n<td valign=\"top\" width=\"548\">10\u00a0 \u2013 15 ng\u00e0y sau khi k\u00fd h\u1ee3p \u0111\u1ed3ng (T\u00f9y theo s\u1ed1 l\u01b0\u1ee3ng \u0111\u01a1n h\u00e0ng)<\/td>\n<\/tr>\n<tr>\n<td valign=\"top\" width=\"158\"><strong>\u00a0<\/strong><strong>\u00a0<\/strong>Gi\u00e1 tham kh\u1ea3o<\/td>\n<td valign=\"top\" width=\"548\">\u00a0950.000\u0111\/m2 c\u00e1nh<\/td>\n<\/tr>\n<\/tbody>\n<\/table>\n","protected":false},"excerpt":{"rendered":"<p>C\u1eeda g\u1ed7 veneer hi\u1ec7n \u0111\u1ea1i Thi\u1ebft k\u1ebf c\u1eeda g\u1ed7 veneer d\u1ef1a tr\u00ean ti\u00eau chu\u1ea9n k\u0129 thu\u1eadt cao v\u00e0 s\u1ef1 ph\u00e1t tri\u1ec3n c\u1ee7a ng\u00e0nh ch\u1ebf bi\u1ebfn g\u1ed7 c\u00f4ng nghi\u1ec7p, b\u1ec1 m\u1eb7t veneer v\u1edbi v\u00e2n g\u1ed7 r\u00f5 n\u00e9t, ch\u00e2n th\u1ef1c, \u0111\u1ed9 \u0111\u1ec1u m\u00e0u cao v\u00e0 tinh x\u1ea3o t\u1ea1o ra s\u1ef1 thay \u0111\u1ed5i \u0111\u00e1ng k\u1ec3 so v\u1edbi c\u1eeda &#8230;<\/p>\n","protected":false},"featured_media":247,"template":"","meta":[],"_links":{"self":[{"href":"https:\/\/webmaibinh.com\/w\/noithat112011\/wp-json\/wp\/v2\/product\/246"}],"collection":[{"href":"https:\/\/webmaibinh.com\/w\/noithat112011\/wp-json\/wp\/v2\/product"}],"about":[{"href":"https:\/\/webmaibinh.com\/w\/noithat112011\/wp-json\/wp\/v2\/types\/product"}],"wp:featuredmedia":[{"embeddable":true,"href":"https:\/\/webmaibinh.com\/w\/noithat112011\/wp-json\/wp\/v2\/media\/247"}],"wp:attachment":[{"href":"https:\/\/webmaibinh.com\/w\/noithat112011\/wp-json\/wp\/v2\/media?parent=246"}],"curies":[{"name":"wp","href":"https:\/\/api.w.org\/{rel}","templated":true}]}}