{"id":220,"date":"2019-07-23T15:48:58","date_gmt":"2019-07-23T08:48:58","guid":{"rendered":"http:\/\/noithat8.w2steam.com\/?post_type=product&#038;p=220"},"modified":"2019-07-23T15:48:58","modified_gmt":"2019-07-23T08:48:58","slug":"ban-tho-gd234","status":"publish","type":"product","link":"https:\/\/webmaibinh.com\/w\/noithat112011\/san-pham\/ban-tho-gd234\/","title":{"rendered":"B\u00e0n th\u1edd GD234"},"content":{"rendered":"<p>Kh\u00f4ng ch\u1ec9 trang nghi\u00eam m\u00e0 b\u00e0n th\u1edd c\u00f2n ph\u1ea3i th\u1ea9m m\u1ef9 v\u00e0 \u0111\u1ee7 \u0111\u1ea7y \u0111\u1ec3 th\u1ec3 hi\u1ec7n t\u00e2m th\u00e0nh c\u1ee7a gia ch\u1ee7. B\u00e0n th\u1edd c\u1ea7n \u0111\u1eb7t \u1edf n\u01a1i quan tr\u1ecdng nh\u1ea5t trong nh\u00e0 n\u00ean nh\u1eefng thi\u1ebft k\u1ebf trang tr\u00ed b\u00e0n th\u1edd ph\u1ea3i ph\u00f9 h\u1ee3p nh\u1ea5t. Hi\u1ec3u \u0111\u01b0\u1ee3c \u00fd ngh\u0129a \u0111\u00f3, N\u1ed9i th\u1ea5t\u00a0\u0110\u1ee9c D\u01b0\u01a1ng cho ra \u0111\u1eddi m\u1eabu b\u00e0n th\u1edd g\u1ed7 \u00f3c ch\u00f3 bao g\u1ed3m b\u00e0n th\u1edd l\u1edbn, t\u1ee7 \u0111\u1eb7t l\u1ec5 v\u00e0 tam c\u1ea5p v\u1edbi 2 b\u1ed9 k\u00edch th\u01b0\u1edbc kh\u00e1c nhau.<\/p>\n<h3>B\u00c0N TH\u1edc<\/h3>\n<p><img loading=\"lazy\" class=\"wp-image-68932 aligncenter lazyloaded\" src=\"https:\/\/noithatducduong.com\/wp-content\/uploads\/2015\/11\/q51.jpg\" sizes=\"(max-width: 690px) 100vw, 690px\" srcset=\"https:\/\/noithatducduong.com\/wp-content\/uploads\/2015\/11\/q51.jpg 1500w, https:\/\/noithatducduong.com\/wp-content\/uploads\/2015\/11\/q51-250x150.jpg 250w, https:\/\/noithatducduong.com\/wp-content\/uploads\/2015\/11\/q51-500x300.jpg 500w, https:\/\/noithatducduong.com\/wp-content\/uploads\/2015\/11\/q51-768x461.jpg 768w\" alt=\"\" width=\"690\" height=\"414\" data-lazy-srcset=\"https:\/\/noithatducduong.com\/wp-content\/uploads\/2015\/11\/q51.jpg 1500w, https:\/\/noithatducduong.com\/wp-content\/uploads\/2015\/11\/q51-250x150.jpg 250w, https:\/\/noithatducduong.com\/wp-content\/uploads\/2015\/11\/q51-500x300.jpg 500w, https:\/\/noithatducduong.com\/wp-content\/uploads\/2015\/11\/q51-768x461.jpg 768w\" data-lazy-sizes=\"(max-width: 690px) 100vw, 690px\" data-lazy-src=\"https:\/\/noithatducduong.com\/wp-content\/uploads\/2015\/11\/q51.jpg\" data-was-processed=\"true\" \/><\/p>\n<table class=\" aligncenter\">\n<tbody>\n<tr>\n<td>Th\u00f4ng s\u1ed1 k\u1ef9 thu\u1eadt<\/td>\n<td>\n<ul>\n<li>Ch\u1ea5t li\u1ec7u g\u1ed7: G\u1ed7 \u00f3c ch\u00f3 nh\u1eadp kh\u1ea9u B\u1eafc M\u1ef9<\/li>\n<li>K\u00edch th\u01b0\u1edbc b\u00e0n th\u1edd:<br \/>\nr\u1ed9ng 1340 x s\u00e2u 690 x cao 1270 (mm)<br \/>\nr\u1ed9ng 1070 x s\u00e2u 610 x cao 1270 (mm)<\/li>\n<\/ul>\n<\/td>\n<\/tr>\n<\/tbody>\n<\/table>\n<p>K\u00edch th\u01b0\u1edbc b\u00e0n th\u1edd \u0111\u01b0\u1ee3c \u0111\u1ed9i ng\u0169 thi\u1ebft k\u1ebf c\u1ee7a N\u1ed9i th\u1ea5t \u0110\u1ee9c D\u01b0\u01a1ng nghi\u00ean c\u1ee9u k\u1ef9 v\u1edbi\u00a0\u00fd ngh\u0129a\u00a0\u0111\u1ea1i c\u00e1t, ti\u1ebfn b\u1ea3o, h\u01b0ng v\u01b0\u1ee3ng, mang\u00a0\u0111\u1ebfn\u00a0may m\u1eafn, ti\u1ec1n t\u00e0i cho gia ch\u1ee7. B\u00e0n th\u1edd thi\u1ebft k\u1ebf \u0111\u01a1n gi\u1ea3n nh\u01b0ng v\u00f4 c\u00f9ng trang tr\u1ecdng, \u0111\u01b0\u1ee3c trang tr\u00ed b\u1edfi c\u00e1c h\u1ecda ti\u1ebft CNC\u00a0\u0111i\u00eau kh\u1eafc tinh x\u1ea3o, l\u00e0 \u0111i\u1ec3m nh\u1ea5n cho kh\u00f4ng gian \u0111\u1eb7c bi\u1ec7t n\u00e0y.<\/p>\n<h3>T\u1ee6 \u0110\u1eb6T L\u1ec4<\/h3>\n<p><img loading=\"lazy\" class=\"aligncenter wp-image-68915 lazyloaded\" src=\"https:\/\/noithatducduong.com\/wp-content\/uploads\/2015\/11\/TU-DAT-LE1-307x300.jpg\" sizes=\"(max-width: 450px) 100vw, 450px\" srcset=\"https:\/\/noithatducduong.com\/wp-content\/uploads\/2015\/11\/TU-DAT-LE1-307x300.jpg 307w, https:\/\/noithatducduong.com\/wp-content\/uploads\/2015\/11\/TU-DAT-LE1-250x245.jpg 250w, https:\/\/noithatducduong.com\/wp-content\/uploads\/2015\/11\/TU-DAT-LE1.jpg 690w\" alt=\"\" width=\"450\" height=\"440\" data-lazy-srcset=\"https:\/\/noithatducduong.com\/wp-content\/uploads\/2015\/11\/TU-DAT-LE1-307x300.jpg 307w, https:\/\/noithatducduong.com\/wp-content\/uploads\/2015\/11\/TU-DAT-LE1-250x245.jpg 250w, https:\/\/noithatducduong.com\/wp-content\/uploads\/2015\/11\/TU-DAT-LE1.jpg 690w\" data-lazy-sizes=\"(max-width: 450px) 100vw, 450px\" data-lazy-src=\"https:\/\/noithatducduong.com\/wp-content\/uploads\/2015\/11\/TU-DAT-LE1-307x300.jpg\" data-was-processed=\"true\" \/><\/p>\n<table class=\" aligncenter\">\n<tbody>\n<tr>\n<td>Th\u00f4ng s\u1ed1 k\u1ef9 thu\u1eadt<\/td>\n<td>\n<ul>\n<li>Ch\u1ea5t li\u1ec7u g\u1ed7: G\u1ed7 \u00f3c ch\u00f3 nh\u1eadp kh\u1ea9u B\u1eafc M\u1ef9<\/li>\n<li>K\u00edch th\u01b0\u1edbc:<br \/>\nr\u1ed9ng 700 x s\u00e2u 580 x cao 770 (mm)<br \/>\nr\u1ed9ng 630 x s\u00e2u 220 x cao 670 (mm)<\/li>\n<li>S\u1ed1 l\u01b0\u1ee3ng ng\u0103n k\u00e9o: 3<\/li>\n<li>Ray ng\u0103n k\u00e9o: H\u00e3ng Hafele \u2013 CHLB \u0110\u1ee9c<\/li>\n<\/ul>\n<\/td>\n<\/tr>\n<\/tbody>\n<\/table>\n<p>T\u1ee7 \u0111\u1eb7t l\u1ec5 thi\u1ebft k\u1ebf cao r\u1ed9ng gi\u00fap gia ch\u1ee7 ti\u1ec7n l\u1ee3i trong vi\u1ec7c s\u1eafp x\u1ebfp \u0111\u1ed3 th\u1edd c\u00fang. Khi s\u1eed d\u1ee5ng c\u00f3 th\u1ec3 x\u00ea d\u1ecbch t\u1ee7 \u0111\u1eb7t l\u1ec5 ra ngo\u00e0i, s\u1eed d\u1ee5ng xong s\u1ebd \u0111\u1ea9y v\u00e0o ph\u00eda trong b\u00e0n th\u1edd g\u1ecdn g\u00e0ng. T\u1ee7 \u0111\u1eb7t l\u1ec5 c\u00f2n t\u1ea1o cho gia ch\u1ee7 c\u1ea3m gi\u00e1c tho\u1ea3i m\u00e1i v\u00ec c\u00f3 th\u1ec3 t\u00edch tr\u1eef s\u1ed1 l\u01b0\u1ee3ng l\u1edbn \u0111\u1ed3 th\u1edd c\u00fang trong 3 ng\u0103n k\u00e9o \u0111\u01b0\u1ee3c thi\u1ebft k\u1ebf d\u1ea1ng t\u1ea7ng.<\/p>\n<h3>TAM C\u1ea4P<\/h3>\n<p><img loading=\"lazy\" class=\"alignnone size-full wp-image-68914 aligncenter lazyloaded\" src=\"https:\/\/noithatducduong.com\/wp-content\/uploads\/2015\/11\/TAM-CAP.jpg\" sizes=\"(max-width: 690px) 100vw, 690px\" srcset=\"https:\/\/noithatducduong.com\/wp-content\/uploads\/2015\/11\/TAM-CAP.jpg 690w, https:\/\/noithatducduong.com\/wp-content\/uploads\/2015\/11\/TAM-CAP-250x105.jpg 250w, https:\/\/noithatducduong.com\/wp-content\/uploads\/2015\/11\/TAM-CAP-500x210.jpg 500w\" alt=\"\" width=\"690\" height=\"290\" data-lazy-srcset=\"https:\/\/noithatducduong.com\/wp-content\/uploads\/2015\/11\/TAM-CAP.jpg 690w, https:\/\/noithatducduong.com\/wp-content\/uploads\/2015\/11\/TAM-CAP-250x105.jpg 250w, https:\/\/noithatducduong.com\/wp-content\/uploads\/2015\/11\/TAM-CAP-500x210.jpg 500w\" data-lazy-sizes=\"(max-width: 690px) 100vw, 690px\" data-lazy-src=\"https:\/\/noithatducduong.com\/wp-content\/uploads\/2015\/11\/TAM-CAP.jpg\" data-was-processed=\"true\" \/><\/p>\n<table class=\" aligncenter\">\n<tbody>\n<tr>\n<td>Th\u00f4ng s\u1ed1 k\u1ef9 thu\u1eadt<\/td>\n<td>\n<ul>\n<li>Ch\u1ea5t li\u1ec7u g\u1ed7: G\u1ed7 \u00f3c ch\u00f3 nh\u1eadp kh\u1ea9u B\u1eafc M\u1ef9<\/li>\n<li>K\u00edch th\u01b0\u1edbc: r\u1ed9ng 630 x s\u00e2u 220 x cao 170 (mm)<\/li>\n<\/ul>\n<\/td>\n<\/tr>\n<\/tbody>\n<\/table>\n<p>Tr\u00ean b\u00e0n th\u1edd, N\u1ed9i th\u1ea5t \u0110\u1ee9c D\u01b0\u01a1ng kh\u00e9o l\u00e9o thi\u1ebft k\u1ebf tam c\u1ea5p v\u1edbi c\u1ea5u tr\u00fac g\u1ecdn nh\u1eb9, b\u1ed1 tr\u00ed \u1edf v\u1ecb tr\u00ed c\u00e2n \u0111\u1ed1i, n\u1eb1m tr\u00ean tr\u1ee5c \u0111\u1ed1i x\u1ee9ng c\u1ee7a b\u00e0n th\u1edd.<\/p>\n<p><img loading=\"lazy\" class=\"alignnone size-full wp-image-68916 aligncenter lazyloaded\" src=\"https:\/\/noithatducduong.com\/wp-content\/uploads\/2015\/11\/0A82B1464F1FBD5E254EA9DF21583E91416F59E1F0B7FBE4ECpimgpsh_fullsize_distr.jpg\" sizes=\"(max-width: 690px) 100vw, 690px\" srcset=\"https:\/\/noithatducduong.com\/wp-content\/uploads\/2015\/11\/^0A82B1464F1FBD5E254EA9DF21583E91416F59E1F0B7FBE4EC^pimgpsh_fullsize_distr.jpg 690w, https:\/\/noithatducduong.com\/wp-content\/uploads\/2015\/11\/^0A82B1464F1FBD5E254EA9DF21583E91416F59E1F0B7FBE4EC^pimgpsh_fullsize_distr-250x128.jpg 250w, https:\/\/noithatducduong.com\/wp-content\/uploads\/2015\/11\/^0A82B1464F1FBD5E254EA9DF21583E91416F59E1F0B7FBE4EC^pimgpsh_fullsize_distr-500x257.jpg 500w\" alt=\"\" width=\"690\" height=\"354\" data-lazy-srcset=\"https:\/\/noithatducduong.com\/wp-content\/uploads\/2015\/11\/^0A82B1464F1FBD5E254EA9DF21583E91416F59E1F0B7FBE4EC^pimgpsh_fullsize_distr.jpg 690w, https:\/\/noithatducduong.com\/wp-content\/uploads\/2015\/11\/^0A82B1464F1FBD5E254EA9DF21583E91416F59E1F0B7FBE4EC^pimgpsh_fullsize_distr-250x128.jpg 250w, https:\/\/noithatducduong.com\/wp-content\/uploads\/2015\/11\/^0A82B1464F1FBD5E254EA9DF21583E91416F59E1F0B7FBE4EC^pimgpsh_fullsize_distr-500x257.jpg 500w\" data-lazy-sizes=\"(max-width: 690px) 100vw, 690px\" data-lazy-src=\"https:\/\/noithatducduong.com\/wp-content\/uploads\/2015\/11\/0A82B1464F1FBD5E254EA9DF21583E91416F59E1F0B7FBE4ECpimgpsh_fullsize_distr.jpg\" data-was-processed=\"true\" \/><\/p>\n<p>Ph\u00f2ng th\u1edd l\u00e0 kh\u00f4ng gian trang nghi\u00eam nh\u1ea5t trong m\u1ed9t c\u0103n nh\u00e0 n\u00ean c\u1ea7n ph\u1ea3i c\u00f3 s\u1ef1 l\u1ef1a ch\u1ecdn ph\u00f9 h\u1ee3p nh\u1ea5t trong t\u1eebng chi ti\u1ebft thi\u1ebft k\u1ebf c\u0169ng nh\u01b0 v\u1eadt li\u1ec7u s\u1eed d\u1ee5ng. Ph\u00f2ng th\u1edd do n\u1ed9i th\u1ea5t \u0110\u1ee9c D\u01b0\u01a1ng thi\u1ebft k\u1ebf v\u1edbi ch\u1ea5t li\u1ec7u g\u1ed7 \u00f3c ch\u00f3 t\u1ef1 nhi\u00ean b\u1ec1n \u0111\u1eb9p v\u1edbi gam m\u00e0u n\u00e2u \u1ea5m \u0111\u1ec3 mang \u0111\u1ebfn s\u1ef1 \u0111\u1ea7m \u1ea5m, trang nghi\u00eam cho kh\u00f4ng gian th\u1edd c\u00fang c\u1ee7a gia \u0111\u00ecnh. Hai b\u00ean b\u00e0n th\u1edd, gia ch\u1ee7 c\u00f3 th\u1ec3 trang tr\u00ed b\u1eb1ng nh\u1eefng v\u1eadt nh\u01b0 \u0111\u00f4n \u0111\u1ec3 t\u01b0\u1ee3ng, \u0111\u00f4n \u0111\u1eb7t b\u00ecnh hoa ho\u1eb7c v\u00e1ch trang tr\u00ed\u2026 th\u1ec3 hi\u1ec7n n\u00e9t \u0111\u1ed9c \u0111\u00e1o trong v\u0103n h\u00f3a ng\u01b0\u1eddi Vi\u1ec7t.<\/p>\n","protected":false},"excerpt":{"rendered":"<p>Kh\u00f4ng ch\u1ec9 trang nghi\u00eam m\u00e0 b\u00e0n th\u1edd c\u00f2n ph\u1ea3i th\u1ea9m m\u1ef9 v\u00e0 \u0111\u1ee7 \u0111\u1ea7y \u0111\u1ec3 th\u1ec3 hi\u1ec7n t\u00e2m th\u00e0nh c\u1ee7a gia ch\u1ee7. B\u00e0n th\u1edd c\u1ea7n \u0111\u1eb7t \u1edf n\u01a1i quan tr\u1ecdng nh\u1ea5t trong nh\u00e0 n\u00ean nh\u1eefng thi\u1ebft k\u1ebf trang tr\u00ed b\u00e0n th\u1edd ph\u1ea3i ph\u00f9 h\u1ee3p nh\u1ea5t. Hi\u1ec3u \u0111\u01b0\u1ee3c \u00fd ngh\u0129a \u0111\u00f3, N\u1ed9i th\u1ea5t\u00a0\u0110\u1ee9c D\u01b0\u01a1ng cho ra &#8230;<\/p>\n","protected":false},"featured_media":221,"template":"","meta":[],"_links":{"self":[{"href":"https:\/\/webmaibinh.com\/w\/noithat112011\/wp-json\/wp\/v2\/product\/220"}],"collection":[{"href":"https:\/\/webmaibinh.com\/w\/noithat112011\/wp-json\/wp\/v2\/product"}],"about":[{"href":"https:\/\/webmaibinh.com\/w\/noithat112011\/wp-json\/wp\/v2\/types\/product"}],"wp:featuredmedia":[{"embeddable":true,"href":"https:\/\/webmaibinh.com\/w\/noithat112011\/wp-json\/wp\/v2\/media\/221"}],"wp:attachment":[{"href":"https:\/\/webmaibinh.com\/w\/noithat112011\/wp-json\/wp\/v2\/media?parent=220"}],"curies":[{"name":"wp","href":"https:\/\/api.w.org\/{rel}","templated":true}]}}