{"id":218,"date":"2019-07-23T15:47:24","date_gmt":"2019-07-23T08:47:24","guid":{"rendered":"http:\/\/noithat8.w2steam.com\/?post_type=product&#038;p=218"},"modified":"2019-07-23T15:47:24","modified_gmt":"2019-07-23T08:47:24","slug":"ban-phan-ash","status":"publish","type":"product","link":"https:\/\/webmaibinh.com\/w\/noithat112011\/san-pham\/ban-phan-ash\/","title":{"rendered":"B\u00c0N PH\u1ea4N ASH"},"content":{"rendered":"<p>N\u1ebfu nh\u01b0 gi\u01b0\u1eddng ng\u1ee7 l\u00e0 th\u01b0\u1edbc \u0111o c\u1ee7a h\u1ea1nh ph\u00fac th\u00ec b\u00e0n trang \u0111i\u1ec3m\/b\u00e0n ph\u1ea5n l\u00e0 s\u1ef1 ph\u1ea3n chi\u1ebfu s\u1eafc \u0111\u1eb9p c\u1ee7a ng\u01b0\u1eddi ph\u1ee5 n\u1eef. Th\u1eddi gian b\u00ean b\u00e0n ph\u1ea5n c\u00e0ng l\u00e2u c\u00e0ng ch\u1ee9ng t\u1ecf ng\u01b0\u1eddi ph\u1ee5 n\u1eef ch\u00fa tr\u1ecdng ch\u0103m ch\u00fat, n\u00e2ng niu, g\u00ecn gi\u1eef nhan s\u1eafc c\u1ee7a m\u00ecnh.<\/p>\n<p>Hi\u1ec3u \u0111\u01b0\u1ee3c \u00fd ngh\u0129a \u0111\u00f3, N\u1ed9i th\u1ea5t \u0110\u1ee9c D\u01b0\u01a1ng thi\u1ebft k\u1ebf b\u00e0n ph\u1ea5n Ash t\u1eeb ch\u1ea5t li\u1ec7u g\u1ed7 \u00f3c ch\u00f3 t\u1ef1 nhi\u00ean k\u1ebft h\u1ee3p veneer \u00f3c ch\u00f3 nh\u01b0 m\u1ed9t m\u00f3n qu\u00e0 d\u00e0nh t\u1eb7ng cho ph\u00e1i \u0111\u1eb9p. H\u01a1n n\u1eefa, b\u00e0n trang \u0111i\u1ec3m Ash c\u00f2n gi\u00fap cho ph\u00f2ng ng\u1ee7 tr\u1edf n\u00ean sang tr\u1ecdng, \u1ea5m \u00e1p h\u01a1n.<\/p>\n<p>&nbsp;<\/p>\n<p><img loading=\"lazy\" class=\"alignnone wp-image-71446 aligncenter lazyloaded\" src=\"https:\/\/noithatducduong.com\/wp-content\/uploads\/2018\/08\/20.jpg\" sizes=\"(max-width: 690px) 100vw, 690px\" srcset=\"https:\/\/noithatducduong.com\/wp-content\/uploads\/2018\/08\/20.jpg 4685w, https:\/\/noithatducduong.com\/wp-content\/uploads\/2018\/08\/20-250x167.jpg 250w, https:\/\/noithatducduong.com\/wp-content\/uploads\/2018\/08\/20-450x300.jpg 450w, https:\/\/noithatducduong.com\/wp-content\/uploads\/2018\/08\/20-768x512.jpg 768w, https:\/\/noithatducduong.com\/wp-content\/uploads\/2018\/08\/20-1500x1000.jpg 1500w\" alt=\"\" width=\"690\" height=\"460\" data-lazy-srcset=\"https:\/\/noithatducduong.com\/wp-content\/uploads\/2018\/08\/20.jpg 4685w, https:\/\/noithatducduong.com\/wp-content\/uploads\/2018\/08\/20-250x167.jpg 250w, https:\/\/noithatducduong.com\/wp-content\/uploads\/2018\/08\/20-450x300.jpg 450w, https:\/\/noithatducduong.com\/wp-content\/uploads\/2018\/08\/20-768x512.jpg 768w, https:\/\/noithatducduong.com\/wp-content\/uploads\/2018\/08\/20-1500x1000.jpg 1500w\" data-lazy-sizes=\"(max-width: 690px) 100vw, 690px\" data-lazy-src=\"https:\/\/noithatducduong.com\/wp-content\/uploads\/2018\/08\/20.jpg\" data-was-processed=\"true\" \/><\/p>\n<h3>B\u00c0N PH\u1ea4N ASH<\/h3>\n<p>B\u00e0n ph\u1ea5n Ash \u0111\u01b0\u1ee3c thi\u1ebft k\u1ebf v\u1edbi ch\u00e2n b\u00e0n h\u00ecnh tr\u1ee5, th\u00eam \u0111i\u1ec3m nh\u1ea5n ch\u00e2n \u0111\u1ed3ng v\u00e0 tay n\u1eafm \u0111\u1ed3ng ng\u0103n k\u00e9o. Hai ng\u0103n k\u00e9o \u0111\u01b0\u1ee3c nh\u1ea5n nh\u00e1 v\u1edbi \u0111\u01b0\u1eddng soi g\u1ea5p nh\u1eb9 nh\u00e0ng, tinh t\u1ebf. V\u1edbi gi\u1ea3i ph\u00e1p ng\u0103n k\u00e9o ti\u1ec7n d\u1ee5ng n\u1eb1m ngay \u1edf b\u00e0n, ng\u01b0\u1eddi s\u1eed d\u1ee5ng s\u1ebd d\u1ec5 d\u00e0ng t\u00ecm th\u1ea5y \u0111\u1ed3 v\u1eadt m\u00ecnh c\u1ea7n m\u1ed9t c\u00e1ch nhanh ch\u00f3ng, ti\u1ebft ki\u1ec7m th\u1eddi gian v\u00e0 v\u00f4 c\u00f9ng ng\u0103n n\u1eafp.<\/p>\n<p><img loading=\"lazy\" class=\"alignnone size-full wp-image-69096 lazyloaded\" src=\"https:\/\/noithatducduong.com\/wp-content\/uploads\/2018\/08\/DSC04616.jpg\" sizes=\"(max-width: 690px) 100vw, 690px\" srcset=\"https:\/\/noithatducduong.com\/wp-content\/uploads\/2018\/08\/DSC04616.jpg 690w, https:\/\/noithatducduong.com\/wp-content\/uploads\/2018\/08\/DSC04616-250x233.jpg 250w, https:\/\/noithatducduong.com\/wp-content\/uploads\/2018\/08\/DSC04616-322x300.jpg 322w\" alt=\"\" width=\"690\" height=\"642\" data-lazy-srcset=\"https:\/\/noithatducduong.com\/wp-content\/uploads\/2018\/08\/DSC04616.jpg 690w, https:\/\/noithatducduong.com\/wp-content\/uploads\/2018\/08\/DSC04616-250x233.jpg 250w, https:\/\/noithatducduong.com\/wp-content\/uploads\/2018\/08\/DSC04616-322x300.jpg 322w\" data-lazy-sizes=\"(max-width: 690px) 100vw, 690px\" data-lazy-src=\"https:\/\/noithatducduong.com\/wp-content\/uploads\/2018\/08\/DSC04616.jpg\" data-was-processed=\"true\" \/><\/p>\n<table class=\" aligncenter\">\n<tbody>\n<tr>\n<td>Th\u00f4ng s\u1ed1 k\u1ef9 thu\u1eadt<\/td>\n<td>\n<ul>\n<li>Ch\u1ea5t li\u1ec7u g\u1ed7: G\u1ed7 \u00f3c ch\u00f3 nh\u1eadp kh\u1ea9u B\u1eafc M\u1ef9<\/li>\n<li>K\u00edch th\u01b0\u1edbc: r\u1ed9ng 1100 x s\u00e2u 550 x cao 750 (mm)<\/li>\n<li>2 ng\u0103n k\u00e9o<\/li>\n<li>Ray: H\u00e3ng Hafele \u2013 CHLB \u0110\u1ee9c<\/li>\n<\/ul>\n<\/td>\n<\/tr>\n<\/tbody>\n<\/table>\n<p><img loading=\"lazy\" class=\"alignnone size-full wp-image-69097 lazyloaded\" src=\"https:\/\/noithatducduong.com\/wp-content\/uploads\/2018\/08\/DSC04619.jpg\" sizes=\"(max-width: 690px) 100vw, 690px\" srcset=\"https:\/\/noithatducduong.com\/wp-content\/uploads\/2018\/08\/DSC04619.jpg 690w, https:\/\/noithatducduong.com\/wp-content\/uploads\/2018\/08\/DSC04619-250x167.jpg 250w, https:\/\/noithatducduong.com\/wp-content\/uploads\/2018\/08\/DSC04619-450x300.jpg 450w\" alt=\"\" width=\"690\" height=\"460\" data-lazy-srcset=\"https:\/\/noithatducduong.com\/wp-content\/uploads\/2018\/08\/DSC04619.jpg 690w, https:\/\/noithatducduong.com\/wp-content\/uploads\/2018\/08\/DSC04619-250x167.jpg 250w, https:\/\/noithatducduong.com\/wp-content\/uploads\/2018\/08\/DSC04619-450x300.jpg 450w\" data-lazy-sizes=\"(max-width: 690px) 100vw, 690px\" data-lazy-src=\"https:\/\/noithatducduong.com\/wp-content\/uploads\/2018\/08\/DSC04619.jpg\" data-was-processed=\"true\" \/><\/p>\n<p>B\u00e0n trang \u0111i\u1ec3m c\u00f3 k\u00edch th\u01b0\u1edbc r\u1ed9ng r\u00e3i gi\u00fap ch\u1ecb em d\u1ec5 d\u00e0ng c\u1ea5t gi\u1eef m\u1ecdi m\u00f3n \u0111\u1ed3 qu\u00fd gi\u00e1 c\u1ee7a m\u00ecnh t\u1eeb n\u1eef trang, \u0111\u1ed3 trang \u0111i\u1ec3m, n\u01b0\u1edbc hoa, ph\u1ee5 ki\u1ec7n, s\u1ea3n ph\u1ea9m ch\u0103m s\u00f3c s\u1ee9c kh\u1ecfe\u2026 M\u1eb7c d\u00f9 ch\u1ec9 chi\u1ebfm m\u1ed9t di\u1ec7n t\u00edch nh\u1ecf trong ph\u00f2ng ng\u1ee7 nh\u01b0ng b\u00e0n ph\u1ea5n Ash mang l\u1ea1i s\u1ef1 sang tr\u1ecdng cho c\u00e1c qu\u00fd c\u00f4 gi\u1ed1ng nh\u01b0 \u0111ang t\u1eadn h\u01b0\u1edfng n\u1ed9i th\u1ea5t \u1edf kh\u00e1ch s\u1ea1n 4, 5 sao.<\/p>\n<div id=\"attachment_69098\" class=\"wp-caption aligncenter\"><img loading=\"lazy\" class=\"wp-image-69098 lazyloaded\" src=\"https:\/\/noithatducduong.com\/wp-content\/uploads\/2018\/08\/Balcona-hotel-m1-85-of-161-1400x825.jpg\" sizes=\"(max-width: 690px) 100vw, 690px\" srcset=\"https:\/\/noithatducduong.com\/wp-content\/uploads\/2018\/08\/Balcona-hotel-m1-85-of-161-1400x825.jpg 2400w, https:\/\/noithatducduong.com\/wp-content\/uploads\/2018\/08\/Balcona-hotel-m1-85-of-161-1400x825-250x167.jpg 250w, https:\/\/noithatducduong.com\/wp-content\/uploads\/2018\/08\/Balcona-hotel-m1-85-of-161-1400x825-450x300.jpg 450w, https:\/\/noithatducduong.com\/wp-content\/uploads\/2018\/08\/Balcona-hotel-m1-85-of-161-1400x825-768x512.jpg 768w, https:\/\/noithatducduong.com\/wp-content\/uploads\/2018\/08\/Balcona-hotel-m1-85-of-161-1400x825-1500x1000.jpg 1500w\" alt=\"\" width=\"690\" height=\"460\" aria-describedby=\"caption-attachment-69098\" data-lazy-srcset=\"https:\/\/noithatducduong.com\/wp-content\/uploads\/2018\/08\/Balcona-hotel-m1-85-of-161-1400x825.jpg 2400w, https:\/\/noithatducduong.com\/wp-content\/uploads\/2018\/08\/Balcona-hotel-m1-85-of-161-1400x825-250x167.jpg 250w, https:\/\/noithatducduong.com\/wp-content\/uploads\/2018\/08\/Balcona-hotel-m1-85-of-161-1400x825-450x300.jpg 450w, https:\/\/noithatducduong.com\/wp-content\/uploads\/2018\/08\/Balcona-hotel-m1-85-of-161-1400x825-768x512.jpg 768w, https:\/\/noithatducduong.com\/wp-content\/uploads\/2018\/08\/Balcona-hotel-m1-85-of-161-1400x825-1500x1000.jpg 1500w\" data-lazy-sizes=\"(max-width: 690px) 100vw, 690px\" data-lazy-src=\"https:\/\/noithatducduong.com\/wp-content\/uploads\/2018\/08\/Balcona-hotel-m1-85-of-161-1400x825.jpg\" data-was-processed=\"true\" \/><\/p>\n<p id=\"caption-attachment-69098\" class=\"wp-caption-text\">B\u00e0n ph\u1ea5n Ash \u0111\u01b0\u1ee3c l\u1eafp \u0111\u1eb7t t\u1ea1i Kh\u00e1ch s\u1ea1n 4 sao Balcona, \u0110\u00e0 N\u1eb5ng.<\/p>\n<\/div>\n<p>Ph\u1ee5 n\u1eef h\u00e3y lu\u00f4n ghi nh\u1edb c\u00e2u n\u00e0y nh\u00e9: \u201cS\u1ee9c kh\u1ecfe v\u00e0 s\u1eafc \u0111\u1eb9p lu\u00f4n l\u00e0 ch\u00eca kh\u00f3a v\u00e0ng \u0111\u1ec3 duy tr\u00ec h\u1ea1nh ph\u00fac v\u00e0 th\u00e0nh c\u00f4ng trong cu\u1ed9c s\u1ed1ng\u201d. V\u1eady n\u00ean, \u0111\u1eebng ch\u1edd \u0111\u1ee3i n\u1ebfu kh\u00f4ng mu\u1ed1n qu\u00e1 mu\u1ed9n.<\/p>\n<p>Qu\u00fd kh\u00e1ch h\u00e0ng \u0111ang quan t\u00e2m \u0111\u1ebfn s\u1ea3n ph\u1ea9m b\u00e0n trang \u0111i\u1ec3m, n\u1ed9i th\u1ea5t ph\u00f2ng ng\u1ee7, n\u1ed9i th\u1ea5t gia \u0111\u00ecnh, h\u00e3y li\u00ean h\u1ec7 v\u1edbi ch\u00fang t\u00f4i qua hotline 0906232528 \u0111\u1ec3 \u0111\u01b0\u1ee3c b\u00e1o gi\u00e1 v\u00e0 t\u01b0 v\u1ea5n mi\u1ec5n ph\u00ed.<\/p>\n<p>C\u1ea3m \u01a1n Qu\u00fd kh\u00e1ch \u0111\u00e3 l\u1ef1a ch\u1ecdn s\u1ea3n ph\u1ea9m v\u00e0 d\u1ecbch v\u1ee5 c\u1ee7a N\u1ed9i th\u1ea5t \u0110\u1ee9c D\u01b0\u01a1ng!<\/p>\n","protected":false},"excerpt":{"rendered":"<p>N\u1ebfu nh\u01b0 gi\u01b0\u1eddng ng\u1ee7 l\u00e0 th\u01b0\u1edbc \u0111o c\u1ee7a h\u1ea1nh ph\u00fac th\u00ec b\u00e0n trang \u0111i\u1ec3m\/b\u00e0n ph\u1ea5n l\u00e0 s\u1ef1 ph\u1ea3n chi\u1ebfu s\u1eafc \u0111\u1eb9p c\u1ee7a ng\u01b0\u1eddi ph\u1ee5 n\u1eef. Th\u1eddi gian b\u00ean b\u00e0n ph\u1ea5n c\u00e0ng l\u00e2u c\u00e0ng ch\u1ee9ng t\u1ecf ng\u01b0\u1eddi ph\u1ee5 n\u1eef ch\u00fa tr\u1ecdng ch\u0103m ch\u00fat, n\u00e2ng niu, g\u00ecn gi\u1eef nhan s\u1eafc c\u1ee7a m\u00ecnh. Hi\u1ec3u \u0111\u01b0\u1ee3c \u00fd ngh\u0129a \u0111\u00f3, &#8230;<\/p>\n","protected":false},"featured_media":219,"template":"","meta":[],"_links":{"self":[{"href":"https:\/\/webmaibinh.com\/w\/noithat112011\/wp-json\/wp\/v2\/product\/218"}],"collection":[{"href":"https:\/\/webmaibinh.com\/w\/noithat112011\/wp-json\/wp\/v2\/product"}],"about":[{"href":"https:\/\/webmaibinh.com\/w\/noithat112011\/wp-json\/wp\/v2\/types\/product"}],"wp:featuredmedia":[{"embeddable":true,"href":"https:\/\/webmaibinh.com\/w\/noithat112011\/wp-json\/wp\/v2\/media\/219"}],"wp:attachment":[{"href":"https:\/\/webmaibinh.com\/w\/noithat112011\/wp-json\/wp\/v2\/media?parent=218"}],"curies":[{"name":"wp","href":"https:\/\/api.w.org\/{rel}","templated":true}]}}