{"id":175,"date":"2019-07-23T15:00:43","date_gmt":"2019-07-23T08:00:43","guid":{"rendered":"http:\/\/noithat8.w2steam.com\/?post_type=product&#038;p=175"},"modified":"2019-07-23T15:15:08","modified_gmt":"2019-07-23T08:15:08","slug":"giuong-ngu-kelly","status":"publish","type":"product","link":"https:\/\/webmaibinh.com\/w\/noithat112011\/san-pham\/giuong-ngu-kelly\/","title":{"rendered":"Gi\u01b0\u1eddng ng\u1ee7 Kelly"},"content":{"rendered":"<p>Ni\u1ec1m h\u1ea1nh ph\u00fac n\u00e0o s\u00e1nh \u0111\u01b0\u1ee3c khi m\u1ed7i t\u1ed1i \u0111\u01b0\u1ee3c n\u00f3i l\u1eddi y\u00eau th\u01b0\u01a1ng, ch\u00fac ng\u01b0\u1eddi th\u00e2n ng\u1ee7 ngon. Hay ni\u1ec1m vui n\u00e0o h\u01a1n khi m\u1ed7i s\u1edbm mai t\u1ec9nh gi\u1ea5c tr\u00e0n \u0111\u1ea7y n\u0103ng l\u01b0\u1ee3ng v\u1edbi bao \u0111i\u1ec1u m\u1edbi l\u1ea1 \u0111ang ch\u1edd ph\u00eda tr\u01b0\u1edbc. Th\u1ebf n\u00ean, chi\u1ebfc gi\u01b0\u1eddng quan tr\u1ecdng v\u00f4 c\u00f9ng, l\u00e0 n\u01a1i t\u00e1i t\u1ea1o c\u01a1 th\u1ec3, b\u1ea3o v\u1ec7 s\u1ee9c kh\u1ecfe v\u00e0 \u0111\u1eb7c bi\u1ec7t h\u01a1n l\u00e0 n\u01a1i bi\u1ec3u tr\u01b0ng cho h\u1ea1nh ph\u00fac l\u1ee9a \u0111\u00f4i b\u1ec1n v\u1eefng.<\/p>\n<p>V\u1eady m\u1ed9t chi\u1ebfc gi\u01b0\u1eddng l\u00fd t\u01b0\u1edfng s\u1ebd ph\u1ea3i nh\u01b0 th\u1ebf n\u00e0o?<\/p>\n<p><img loading=\"lazy\" class=\"alignnone wp-image-71227 aligncenter lazyloaded\" src=\"https:\/\/noithatducduong.com\/wp-content\/uploads\/2018\/07\/27.jpg\" sizes=\"(max-width: 690px) 100vw, 690px\" srcset=\"https:\/\/noithatducduong.com\/wp-content\/uploads\/2018\/07\/27.jpg 4744w, https:\/\/noithatducduong.com\/wp-content\/uploads\/2018\/07\/27-250x167.jpg 250w, https:\/\/noithatducduong.com\/wp-content\/uploads\/2018\/07\/27-450x300.jpg 450w, https:\/\/noithatducduong.com\/wp-content\/uploads\/2018\/07\/27-768x512.jpg 768w, https:\/\/noithatducduong.com\/wp-content\/uploads\/2018\/07\/27-1500x1000.jpg 1500w\" alt=\"\" width=\"690\" height=\"460\" data-lazy-srcset=\"https:\/\/noithatducduong.com\/wp-content\/uploads\/2018\/07\/27.jpg 4744w, https:\/\/noithatducduong.com\/wp-content\/uploads\/2018\/07\/27-250x167.jpg 250w, https:\/\/noithatducduong.com\/wp-content\/uploads\/2018\/07\/27-450x300.jpg 450w, https:\/\/noithatducduong.com\/wp-content\/uploads\/2018\/07\/27-768x512.jpg 768w, https:\/\/noithatducduong.com\/wp-content\/uploads\/2018\/07\/27-1500x1000.jpg 1500w\" data-lazy-sizes=\"(max-width: 690px) 100vw, 690px\" data-lazy-src=\"https:\/\/noithatducduong.com\/wp-content\/uploads\/2018\/07\/27.jpg\" data-was-processed=\"true\" \/><\/p>\n<h2>GI\u01af\u1edcNG NG\u1ee6 KELLY: M\u1ea0NH M\u1ebc V\u00c0 B\u1ec0 TH\u1ebe<\/h2>\n<p><a href=\"https:\/\/noithatducduong.com\/products\/giuong\/\"><strong>Gi\u01b0\u1eddng ng\u1ee7 g\u1ed7 \u00f3c ch\u00f3<\/strong><\/a>\u00a0Kelly\u00a0t\u1ea1i showroom N\u1ed9i th\u1ea5t \u0110\u1ee9c D\u01b0\u01a1ng \u0111\u1ea3m b\u1ea3o kh\u00f4ng \u0111\u1ee5ng h\u00e0ng v\u1edbi b\u1ea5t k\u1ef3 s\u1ea3n ph\u1ea9m n\u00e0o kh\u00e1c tr\u00ean th\u1ecb tr\u01b0\u1eddng. Gi\u01b0\u1eddng \u0111\u01b0\u1ee3c thi\u1ebft k\u1ebf th\u00e0nh nh\u1eefng \u0111\u01b0\u1eddng cong \u1ea5n t\u01b0\u1ee3ng, h\u00e0o hoa, t\u1ea1o n\u00ean ch\u1ea5t ri\u00eang cho ch\u1ee7 nh\u00e2n.<\/p>\n<p><img loading=\"lazy\" class=\"alignnone wp-image-68885 aligncenter lazyloaded\" src=\"https:\/\/noithatducduong.com\/wp-content\/uploads\/2017\/06\/giuong-4.jpg\" sizes=\"(max-width: 690px) 100vw, 690px\" srcset=\"https:\/\/noithatducduong.com\/wp-content\/uploads\/2017\/06\/giuong-4.jpg 1500w, https:\/\/noithatducduong.com\/wp-content\/uploads\/2017\/06\/giuong-4-250x167.jpg 250w, https:\/\/noithatducduong.com\/wp-content\/uploads\/2017\/06\/giuong-4-450x300.jpg 450w, https:\/\/noithatducduong.com\/wp-content\/uploads\/2017\/06\/giuong-4-768x512.jpg 768w\" alt=\"\" width=\"690\" height=\"460\" data-lazy-srcset=\"https:\/\/noithatducduong.com\/wp-content\/uploads\/2017\/06\/giuong-4.jpg 1500w, https:\/\/noithatducduong.com\/wp-content\/uploads\/2017\/06\/giuong-4-250x167.jpg 250w, https:\/\/noithatducduong.com\/wp-content\/uploads\/2017\/06\/giuong-4-450x300.jpg 450w, https:\/\/noithatducduong.com\/wp-content\/uploads\/2017\/06\/giuong-4-768x512.jpg 768w\" data-lazy-sizes=\"(max-width: 690px) 100vw, 690px\" data-lazy-src=\"https:\/\/noithatducduong.com\/wp-content\/uploads\/2017\/06\/giuong-4.jpg\" data-was-processed=\"true\" \/><\/p>\n<h3>M\u1eaaU GI\u01af\u1edcNG \u0110\u1eb2NG C\u1ea4P CHO PH\u00d2NG NG\u1ee6<\/h3>\n<table class=\" aligncenter\">\n<tbody>\n<tr>\n<td>Th\u00f4ng s\u1ed1 k\u1ef9 thu\u1eadt<\/td>\n<td>\n<ul>\n<li>Ch\u1ea5t li\u1ec7u g\u1ed7: G\u1ed7 \u00f3c ch\u00f3 nh\u1eadp kh\u1ea9u B\u1eafc M\u1ef9<\/li>\n<li>D\u00e1t gi\u01b0\u1eddng: MDF ch\u1ecbu \u1ea9m + s\u01a1n PU<\/li>\n<li>K\u00edch th\u01b0\u1edbc: r\u1ed9ng 1800 x d\u00e0i 2000 (mm)<\/li>\n<li>\u0110\u1ec7m: Ph\u00f9 h\u1ee3p v\u1edbi \u0111\u1ec7m 15-20 cm<\/li>\n<\/ul>\n<\/td>\n<\/tr>\n<\/tbody>\n<\/table>\n<p>\u0110\u1ea7u gi\u01b0\u1eddng ng\u1ee7 Kelly cao h\u01a1n so v\u1edbi k\u00edch th\u01b0\u1edbc th\u00f4ng th\u01b0\u1eddng c\u1ee7a gi\u01b0\u1eddng ph\u00f2ng master. T\u1eebng kh\u1ed1i g\u1ed7 d\u00e0y d\u1eb7n \u0111\u01b0\u1ee3c u\u1ed1n cong m\u1ec1m m\u1ea1i chu\u1ea9n theo t\u01b0 th\u1ebf ng\u1ed3i c\u1ee7a ng\u01b0\u1eddi Vi\u1ec7t.<\/p>\n<p><img loading=\"lazy\" class=\"alignnone size-full wp-image-68889 aligncenter lazyloaded\" src=\"https:\/\/noithatducduong.com\/wp-content\/uploads\/2017\/06\/giuong-6.jpg\" sizes=\"(max-width: 690px) 100vw, 690px\" srcset=\"https:\/\/noithatducduong.com\/wp-content\/uploads\/2017\/06\/giuong-6.jpg 690w, https:\/\/noithatducduong.com\/wp-content\/uploads\/2017\/06\/giuong-6-250x167.jpg 250w, https:\/\/noithatducduong.com\/wp-content\/uploads\/2017\/06\/giuong-6-450x300.jpg 450w\" alt=\"\" width=\"690\" height=\"460\" data-lazy-srcset=\"https:\/\/noithatducduong.com\/wp-content\/uploads\/2017\/06\/giuong-6.jpg 690w, https:\/\/noithatducduong.com\/wp-content\/uploads\/2017\/06\/giuong-6-250x167.jpg 250w, https:\/\/noithatducduong.com\/wp-content\/uploads\/2017\/06\/giuong-6-450x300.jpg 450w\" data-lazy-sizes=\"(max-width: 690px) 100vw, 690px\" data-lazy-src=\"https:\/\/noithatducduong.com\/wp-content\/uploads\/2017\/06\/giuong-6.jpg\" data-was-processed=\"true\" \/><\/p>\n<p>Ph\u1ea7n th\u00e2n gi\u01b0\u1eddng d\u1ec5 d\u00e0ng \u0111\u1eadp v\u00e0o m\u1eaft v\u1edbi kh\u1ed1i g\u1ed7 to v\u1eefng ch\u1eafc, uy quy\u1ec1n. M\u1eb7c d\u00f9 v\u1eady, gi\u01b0\u1eddng kh\u00f4ng b\u1ecb th\u00f4 c\u1ee9ng, c\u1ee5c m\u1ecbch m\u00e0 \u0111\u01b0\u1ee3c thi\u1ebft k\u1ebf u\u1ed1n l\u01b0\u1ee3n nh\u1ecf d\u1ea7n t\u1eeb \u0111\u1ea7u \u0111\u1ebfn \u0111u\u00f4i gi\u01b0\u1eddng m\u1ed9t c\u00e1ch tinh t\u1ebf, \u0111\u1ea7y ngh\u1ec7 thu\u1eadt.<\/p>\n<p>Ph\u1ea7n ch\u00e2n gi\u01b0\u1eddng t\u1ea1o theo d\u1ea1ng khung h\u1ed9p v\u1eefng ch\u00e3i, ch\u1eafc ch\u1eafn. Theo quan ni\u1ec7m phong th\u1ee7y c\u00e1ch thi\u1ebft k\u1ebf n\u00e0y s\u1ebd mang \u0111\u1ebfn s\u1ef1 b\u1ec1n v\u1eefng, sung t\u00fac trong \u0111\u1eddi s\u1ed1ng v\u1ee3 ch\u1ed3ng.<\/p>\n<p>H\u00e3y s\u1edf h\u1eefu ngay gi\u01b0\u1eddng ng\u1ee7 Kelly v\u1eeba thanh l\u1ecbch v\u1eeba ki\u00eau sa \u0111\u1ec3 mang \u0111\u1ebfn h\u1ea1nh ph\u00fac v\u1eefng b\u1ec1n cho gia \u0111\u00ecnh m\u00ecnh.<\/p>\n<p><img loading=\"lazy\" class=\"alignnone size-full wp-image-68888 lazyloaded\" src=\"https:\/\/noithatducduong.com\/wp-content\/uploads\/2017\/06\/giuong-5.jpg\" sizes=\"(max-width: 690px) 100vw, 690px\" srcset=\"https:\/\/noithatducduong.com\/wp-content\/uploads\/2017\/06\/giuong-5.jpg 690w, https:\/\/noithatducduong.com\/wp-content\/uploads\/2017\/06\/giuong-5-250x167.jpg 250w, https:\/\/noithatducduong.com\/wp-content\/uploads\/2017\/06\/giuong-5-450x300.jpg 450w\" alt=\"\" width=\"690\" height=\"460\" data-lazy-srcset=\"https:\/\/noithatducduong.com\/wp-content\/uploads\/2017\/06\/giuong-5.jpg 690w, https:\/\/noithatducduong.com\/wp-content\/uploads\/2017\/06\/giuong-5-250x167.jpg 250w, https:\/\/noithatducduong.com\/wp-content\/uploads\/2017\/06\/giuong-5-450x300.jpg 450w\" data-lazy-sizes=\"(max-width: 690px) 100vw, 690px\" data-lazy-src=\"https:\/\/noithatducduong.com\/wp-content\/uploads\/2017\/06\/giuong-5.jpg\" data-was-processed=\"true\" \/><\/p>\n<h2>Mua gi\u01b0\u1eddng ng\u1ee7 g\u1ed7 \u00f3c ch\u00f3 \u1edf \u0111\u00e2u?<\/h2>\n<p>N\u1ebfu Qu\u00fd kh\u00e1ch h\u00e0ng quan t\u00e2m \u0111\u1ebfn m\u1eabu gi\u01b0\u1eddng ng\u1ee7, n\u1ed9i th\u1ea5t ph\u00f2ng ng\u1ee7, n\u1ed9i th\u1ea5t gia \u0111\u00ecnh, h\u00e3y g\u1ecdi hotline 0906232528 \u0111\u1ec3 \u0111\u01b0\u1ee3c b\u00e1o gi\u00e1 v\u00e0 t\u01b0 v\u1ea5n mi\u1ec5n ph\u00ed.<\/p>\n","protected":false},"excerpt":{"rendered":"<p>Ni\u1ec1m h\u1ea1nh ph\u00fac n\u00e0o s\u00e1nh \u0111\u01b0\u1ee3c khi m\u1ed7i t\u1ed1i \u0111\u01b0\u1ee3c n\u00f3i l\u1eddi y\u00eau th\u01b0\u01a1ng, ch\u00fac ng\u01b0\u1eddi th\u00e2n ng\u1ee7 ngon. Hay ni\u1ec1m vui n\u00e0o h\u01a1n khi m\u1ed7i s\u1edbm mai t\u1ec9nh gi\u1ea5c tr\u00e0n \u0111\u1ea7y n\u0103ng l\u01b0\u1ee3ng v\u1edbi bao \u0111i\u1ec1u m\u1edbi l\u1ea1 \u0111ang ch\u1edd ph\u00eda tr\u01b0\u1edbc. Th\u1ebf n\u00ean, chi\u1ebfc gi\u01b0\u1eddng quan tr\u1ecdng v\u00f4 c\u00f9ng, l\u00e0 n\u01a1i t\u00e1i t\u1ea1o &#8230;<\/p>\n","protected":false},"featured_media":176,"template":"","meta":[],"_links":{"self":[{"href":"https:\/\/webmaibinh.com\/w\/noithat112011\/wp-json\/wp\/v2\/product\/175"}],"collection":[{"href":"https:\/\/webmaibinh.com\/w\/noithat112011\/wp-json\/wp\/v2\/product"}],"about":[{"href":"https:\/\/webmaibinh.com\/w\/noithat112011\/wp-json\/wp\/v2\/types\/product"}],"wp:featuredmedia":[{"embeddable":true,"href":"https:\/\/webmaibinh.com\/w\/noithat112011\/wp-json\/wp\/v2\/media\/176"}],"wp:attachment":[{"href":"https:\/\/webmaibinh.com\/w\/noithat112011\/wp-json\/wp\/v2\/media?parent=175"}],"curies":[{"name":"wp","href":"https:\/\/api.w.org\/{rel}","templated":true}]}}