{"id":173,"date":"2019-07-23T15:00:11","date_gmt":"2019-07-23T08:00:11","guid":{"rendered":"http:\/\/noithat8.w2steam.com\/?post_type=product&#038;p=173"},"modified":"2019-07-23T15:16:20","modified_gmt":"2019-07-23T08:16:20","slug":"giuong-ngu-dream","status":"publish","type":"product","link":"https:\/\/webmaibinh.com\/w\/noithat112011\/san-pham\/giuong-ngu-dream\/","title":{"rendered":"Gi\u01b0\u1eddng ng\u1ee7 Dream"},"content":{"rendered":"<p>\u0110\u1ec3 n\u00f3i v\u1ec1 m\u1ed9t v\u1eadt c\u00f3 th\u1ec3 ch\u1ee9ng ki\u1ebfn m\u1ecdi bu\u1ed3n vui, h\u1ea1nh ph\u00fac v\u00e0 c\u1ed9t m\u1ed1c quan tr\u1ecdng c\u1ee7a m\u1ed7i ng\u01b0\u1eddi kh\u00f4ng g\u00ec kh\u00e1c ngo\u00e0i chi\u1ebfc gi\u01b0\u1eddng.<\/p>\n<p>\u0110\u1ee9a tr\u1ebb sinh ra ng\u1ee7 \u00eam \u0111\u1ec1m trong l\u1eddi ru c\u1ee7a m\u1eb9 tr\u00ean gi\u01b0\u1eddng. Khi l\u1edbn h\u01a1n \u0111\u1ee9a b\u00e9 \u1ea5y \u0111\u00e1nh d\u1ea5u s\u1ef1 t\u1ef1 l\u1eadp c\u1ee7a m\u00ecnh b\u1eb1ng vi\u1ec7c ra ng\u1ee7 ri\u00eang tr\u00ean chi\u1ebfc gi\u01b0\u1eddng m\u1edbi. \u0110\u1ebfn khi tr\u01b0\u1edfng th\u00e0nh ng\u01b0\u1eddi con \u1ea5y x\u00e2y d\u1ef1ng t\u1ed5 \u1ea5m ri\u00eang v\u00e0 l\u00fac n\u00e0y chi\u1ebfc gi\u01b0\u1eddng l\u1ea1i l\u00e0 n\u01a1i n\u00e2ng niu nh\u1eefng kho\u1ea3nh kh\u1eafc l\u00e3ng m\u1ea1n c\u1ee7a 2 ng\u01b0\u1eddi.<\/p>\n<p>Ch\u1ec9 chi\u1ebfm di\u1ec7n t\u00edch kho\u1ea3ng 4m2 trong nh\u00e0 nh\u01b0ng chi\u1ebfc gi\u01b0\u1eddng l\u1ea1i v\u00f4 c\u00f9ng quan tr\u1ecdng. V\u00e0 n\u1ebfu ai \u0111ang c\u00f2n b\u0103n kho\u0103n kh\u00f4ng bi\u1ebft ch\u1ecdn cho m\u00ecnh m\u1eabu gi\u01b0\u1eddng ng\u1ee7 n\u00e0o ph\u00f9 h\u1ee3p th\u00ec gi\u01b0\u1eddng g\u1ed7 \u00f3c ch\u00f3 Dream t\u1ea1i showroom N\u1ed9i th\u1ea5t \u0110\u1ee9c D\u01b0\u01a1ng l\u00e0 l\u1ef1a ch\u1ecdn ho\u00e0n h\u1ea3o.<\/p>\n<h3>GI\u01af\u1edcNG NG\u1ee6 G\u1ed6 \u00d3C CH\u00d3 DREAM<img loading=\"lazy\" class=\"wp-image-60014 size-full aligncenter lazyloaded\" src=\"https:\/\/noithatducduong.com\/wp-content\/uploads\/2017\/02\/giuong-go-oc-cho-c9.jpg\" sizes=\"(max-width: 600px) 100vw, 600px\" srcset=\"https:\/\/noithatducduong.com\/wp-content\/uploads\/2017\/02\/giuong-go-oc-cho-c9.jpg 600w, https:\/\/noithatducduong.com\/wp-content\/uploads\/2017\/02\/giuong-go-oc-cho-c9-250x167.jpg 250w, https:\/\/noithatducduong.com\/wp-content\/uploads\/2017\/02\/giuong-go-oc-cho-c9-400x267.jpg 400w, https:\/\/noithatducduong.com\/wp-content\/uploads\/2017\/02\/giuong-go-oc-cho-c9-222x148.jpg 222w\" alt=\"giuong-ngu-go-oc-cho-tu-nhien-m44\" width=\"600\" height=\"400\" data-lazy-srcset=\"https:\/\/noithatducduong.com\/wp-content\/uploads\/2017\/02\/giuong-go-oc-cho-c9.jpg 600w, https:\/\/noithatducduong.com\/wp-content\/uploads\/2017\/02\/giuong-go-oc-cho-c9-250x167.jpg 250w, https:\/\/noithatducduong.com\/wp-content\/uploads\/2017\/02\/giuong-go-oc-cho-c9-400x267.jpg 400w, https:\/\/noithatducduong.com\/wp-content\/uploads\/2017\/02\/giuong-go-oc-cho-c9-222x148.jpg 222w\" data-lazy-sizes=\"(max-width: 600px) 100vw, 600px\" data-lazy-src=\"https:\/\/noithatducduong.com\/wp-content\/uploads\/2017\/02\/giuong-go-oc-cho-c9.jpg\" data-was-processed=\"true\" \/><\/h3>\n<table class=\" aligncenter\">\n<tbody>\n<tr>\n<td>Th\u00f4ng s\u1ed1 k\u1ef9 thu\u1eadt<\/td>\n<td>\n<ul>\n<li>Ch\u1ea5t li\u1ec7u g\u1ed7: G\u1ed7 \u00f3c ch\u00f3 nh\u1eadp kh\u1ea9u B\u1eafc M\u1ef9<\/li>\n<li>D\u00e1t gi\u01b0\u1eddng: MDF ch\u1ecbu \u1ea9m + s\u01a1n PU<\/li>\n<li>K\u00edch th\u01b0\u1edbc:<br \/>\nr\u1ed9ng 1600 x d\u00e0i 2000 (mm)<br \/>\nr\u1ed9ng 1800 x d\u00e0i 2000 (mm)<\/li>\n<li>\u0110\u1ec7m: Ph\u00f9 h\u1ee3p v\u1edbi \u0111\u1ec7m 15-20 cm<\/li>\n<\/ul>\n<\/td>\n<\/tr>\n<\/tbody>\n<\/table>\n<p><img loading=\"lazy\" class=\"alignnone wp-image-71225 aligncenter lazyloaded\" src=\"https:\/\/noithatducduong.com\/wp-content\/uploads\/2018\/07\/3-1.jpg\" sizes=\"(max-width: 690px) 100vw, 690px\" srcset=\"https:\/\/noithatducduong.com\/wp-content\/uploads\/2018\/07\/3-1.jpg 5472w, https:\/\/noithatducduong.com\/wp-content\/uploads\/2018\/07\/3-1-250x167.jpg 250w, https:\/\/noithatducduong.com\/wp-content\/uploads\/2018\/07\/3-1-450x300.jpg 450w, https:\/\/noithatducduong.com\/wp-content\/uploads\/2018\/07\/3-1-768x512.jpg 768w, https:\/\/noithatducduong.com\/wp-content\/uploads\/2018\/07\/3-1-1500x1000.jpg 1500w\" alt=\"\" width=\"690\" height=\"460\" data-lazy-srcset=\"https:\/\/noithatducduong.com\/wp-content\/uploads\/2018\/07\/3-1.jpg 5472w, https:\/\/noithatducduong.com\/wp-content\/uploads\/2018\/07\/3-1-250x167.jpg 250w, https:\/\/noithatducduong.com\/wp-content\/uploads\/2018\/07\/3-1-450x300.jpg 450w, https:\/\/noithatducduong.com\/wp-content\/uploads\/2018\/07\/3-1-768x512.jpg 768w, https:\/\/noithatducduong.com\/wp-content\/uploads\/2018\/07\/3-1-1500x1000.jpg 1500w\" data-lazy-sizes=\"(max-width: 690px) 100vw, 690px\" data-lazy-src=\"https:\/\/noithatducduong.com\/wp-content\/uploads\/2018\/07\/3-1.jpg\" data-was-processed=\"true\" \/><\/p>\n<p>\u0110\u1ea7u gi\u01b0\u1eddng ng\u1ee7 \u0111\u01b0\u1ee3c thi\u1ebft k\u1ebf theo ki\u1ec3u d\u00e1ng m\u1edbi v\u1edbi chi ti\u1ebft g\u1edd ngang t\u1ea1o \u0111i\u1ec3m nh\u1ea5n h\u00fat m\u1eaft, mang \u0111\u1ebfn v\u1ebb \u0111\u1eb9p c\u1ee7a s\u1ef1 c\u00e1ch t\u00e2n. \u0110\u1ed9 cong v\u00e0 chi\u1ec1u cao c\u1ee7a ph\u1ea7n \u0111\u1ea7u gi\u01b0\u1eddng c\u0169ng \u0111\u01b0\u1ee3c \u0111\u1ed9i ng\u0169 thi\u1ebft k\u1ebf c\u1ee7a \u0110\u1ee9c D\u01b0\u01a1ng nghi\u00ean c\u1ee9u t\u1ec9 m\u1ec9, ph\u00f9 h\u1ee3p v\u1edbi d\u00e1ng ng\u1ed3i \u0111\u1ecdc s\u00e1ch hay xem tivi c\u1ee7a ng\u01b0\u1eddi Vi\u1ec7t.<\/p>\n<p>4 ch\u00e2n gi\u01b0\u1eddng \u0111\u01b0\u1ee3c thi\u1ebft k\u1ebf th\u00e0nh h\u00ecnh tr\u1ee5 v\u1eefng ch\u1eafc v\u00e0 li\u00ean k\u1ebft v\u1edbi th\u00e2n gi\u01b0\u1eddng m\u1ed9t c\u00e1ch sang tr\u1ecdng v\u00e0 th\u1ea9m m\u1ef9. \u0110\u1ed9i ng\u0169 thi\u1ebft k\u1ebf c\u1ee7a N\u1ed9i th\u1ea5t \u0110\u1ee9c D\u01b0\u01a1ng \u0111\u00e3 t\u00ednh to\u00e1n k\u1ef9 l\u01b0\u1ee1ng tr\u1ecdng t\u1ea3i c\u1ee7a gi\u01b0\u1eddng c\u00f3 th\u1ec3 ch\u1ecbu \u0111\u01b0\u1ee3c s\u1ee9c nh\u00fan nh\u1ea3y vui \u0111\u00f9a c\u1ee7a nh\u1eefng \u0111\u1ee9a tr\u1ebb m\u1edbi l\u1edbn.<\/p>\n<p><img loading=\"lazy\" class=\"alignnone size-full wp-image-68880 aligncenter lazyloaded\" src=\"https:\/\/noithatducduong.com\/wp-content\/uploads\/2017\/02\/giuong-3.jpg\" sizes=\"(max-width: 690px) 100vw, 690px\" srcset=\"https:\/\/noithatducduong.com\/wp-content\/uploads\/2017\/02\/giuong-3.jpg 690w, https:\/\/noithatducduong.com\/wp-content\/uploads\/2017\/02\/giuong-3-250x167.jpg 250w, https:\/\/noithatducduong.com\/wp-content\/uploads\/2017\/02\/giuong-3-450x300.jpg 450w\" alt=\"\" width=\"690\" height=\"460\" data-lazy-srcset=\"https:\/\/noithatducduong.com\/wp-content\/uploads\/2017\/02\/giuong-3.jpg 690w, https:\/\/noithatducduong.com\/wp-content\/uploads\/2017\/02\/giuong-3-250x167.jpg 250w, https:\/\/noithatducduong.com\/wp-content\/uploads\/2017\/02\/giuong-3-450x300.jpg 450w\" data-lazy-sizes=\"(max-width: 690px) 100vw, 690px\" data-lazy-src=\"https:\/\/noithatducduong.com\/wp-content\/uploads\/2017\/02\/giuong-3.jpg\" data-was-processed=\"true\" \/><\/p>\n<p>N\u1ebfu Qu\u00fd kh\u00e1ch h\u00e0ng quan t\u00e2m \u0111\u1ebfn m\u1eabu gi\u01b0\u1eddng ng\u1ee7, n\u1ed9i th\u1ea5t ph\u00f2ng ng\u1ee7, n\u1ed9i th\u1ea5t gia \u0111\u00ecnh, h\u00e3y g\u1ecdi hotline 0906232528 \u0111\u1ec3 \u0111\u01b0\u1ee3c b\u00e1o gi\u00e1 v\u00e0 t\u01b0 v\u1ea5n mi\u1ec5n ph\u00ed.<\/p>\n","protected":false},"excerpt":{"rendered":"<p>\u0110\u1ec3 n\u00f3i v\u1ec1 m\u1ed9t v\u1eadt c\u00f3 th\u1ec3 ch\u1ee9ng ki\u1ebfn m\u1ecdi bu\u1ed3n vui, h\u1ea1nh ph\u00fac v\u00e0 c\u1ed9t m\u1ed1c quan tr\u1ecdng c\u1ee7a m\u1ed7i ng\u01b0\u1eddi kh\u00f4ng g\u00ec kh\u00e1c ngo\u00e0i chi\u1ebfc gi\u01b0\u1eddng. \u0110\u1ee9a tr\u1ebb sinh ra ng\u1ee7 \u00eam \u0111\u1ec1m trong l\u1eddi ru c\u1ee7a m\u1eb9 tr\u00ean gi\u01b0\u1eddng. Khi l\u1edbn h\u01a1n \u0111\u1ee9a b\u00e9 \u1ea5y \u0111\u00e1nh d\u1ea5u s\u1ef1 t\u1ef1 l\u1eadp c\u1ee7a m\u00ecnh &#8230;<\/p>\n","protected":false},"featured_media":174,"template":"","meta":[],"_links":{"self":[{"href":"https:\/\/webmaibinh.com\/w\/noithat112011\/wp-json\/wp\/v2\/product\/173"}],"collection":[{"href":"https:\/\/webmaibinh.com\/w\/noithat112011\/wp-json\/wp\/v2\/product"}],"about":[{"href":"https:\/\/webmaibinh.com\/w\/noithat112011\/wp-json\/wp\/v2\/types\/product"}],"wp:featuredmedia":[{"embeddable":true,"href":"https:\/\/webmaibinh.com\/w\/noithat112011\/wp-json\/wp\/v2\/media\/174"}],"wp:attachment":[{"href":"https:\/\/webmaibinh.com\/w\/noithat112011\/wp-json\/wp\/v2\/media?parent=173"}],"curies":[{"name":"wp","href":"https:\/\/api.w.org\/{rel}","templated":true}]}}