{"id":171,"date":"2019-07-23T14:58:49","date_gmt":"2019-07-23T07:58:49","guid":{"rendered":"http:\/\/noithat8.w2steam.com\/?post_type=product&#038;p=171"},"modified":"2019-07-23T15:17:02","modified_gmt":"2019-07-23T08:17:02","slug":"bo-ban-ghe-an-trill","status":"publish","type":"product","link":"https:\/\/webmaibinh.com\/w\/noithat112011\/san-pham\/bo-ban-ghe-an-trill\/","title":{"rendered":"B\u1ed9 b\u00e0n gh\u1ebf \u0103n Trill"},"content":{"rendered":"<p>B\u1ed9 b\u00e0n gh\u1ebf \u0103n\u00a0kh\u00f4ng ch\u1ec9 l\u00e0 n\u01a1i bi\u1ec3u tr\u01b0ng cho s\u1ef1 sum h\u1ecdp, qu\u00e2y qu\u1ea7n c\u1ee7a c\u00e1c th\u00e0nh vi\u00ean trong gia \u0111\u00ecnh m\u1ed7i ng\u00e0y m\u00e0 c\u00f2n l\u00e0 \u0111i\u1ec3m nh\u1ea5n l\u00e0m n\u1ed5i b\u1eadt c\u1ea3 kh\u00f4ng gian ph\u00f2ng \u0103n.<\/p>\n<h2>\u0110\u1eb6C \u0110I\u1ec2M N\u1ed4I B\u1eacT C\u1ee6A B\u1ed8 B\u00c0N GH\u1ebe \u0102N GILL<\/h2>\n<p>B\u1ed9 b\u00e0n gh\u1ebf \u0103n Gill hi\u1ec7n l\u00ean n\u00e9t v\u00e2n g\u1ed7 c\u1ef1c \u0111\u1eb9p, \u0111\u1ea7y m\u00ea ho\u1eb7c t\u1eeb g\u1ed7 \u00f3c ch\u00f3 nh\u1eadp kh\u1ea9u B\u1eafc M\u1ef9. V\u00e2n g\u1ed7 m\u1ec1m m\u1ea1i l\u01b0\u1ee3n s\u00f3ng, g\u1ee3i \u0111\u01b0\u1ee3c n\u00e9t x\u01b0a c\u1ee7a c\u00e1c thi\u1ebft k\u1ebf n\u1ed9i th\u1ea5t trong nh\u1eefng gia \u0111\u00ecnh quy\u1ec1n qu\u00fd, gi\u00e0u sang. H\u01a1n n\u1eefa, \u0111\u00e2y l\u00e0 lo\u1ea1i g\u1ed7 cao c\u1ea5p v\u1edbi \u0111\u1eb7c t\u00ednh sinh h\u1ecdc l\u00e0 c\u1ee9ng, ch\u1ecbu l\u1ef1c t\u1ed1t, \u201ckh\u1eafc tinh\u201d c\u00e1c lo\u1ea1i m\u1ed1i m\u1ecdt.<\/p>\n<p>H\u01a1n n\u1eefa,\u00a0<strong>g\u1ed7 \u00f3c ch\u00f3<\/strong>\u00a0khi ti\u1ebfp x\u00fac v\u1edbi c\u01a1 th\u1ec3 con ng\u01b0\u1eddi lu\u00f4n cho c\u1ea3m gi\u00e1c m\u00e1t m\u1ebb, d\u1ec5 ch\u1ecbu.<\/p>\n<h3><strong>B\u00c0N \u0102N GILL<\/strong><\/h3>\n<p><img loading=\"lazy\" class=\"wp-image-67630 size-full aligncenter lazyloaded\" src=\"https:\/\/noithatducduong.com\/wp-content\/uploads\/2018\/04\/a3.jpg\" sizes=\"(max-width: 690px) 100vw, 690px\" srcset=\"https:\/\/noithatducduong.com\/wp-content\/uploads\/2018\/04\/a3.jpg 690w, https:\/\/noithatducduong.com\/wp-content\/uploads\/2018\/04\/a3-250x167.jpg 250w, https:\/\/noithatducduong.com\/wp-content\/uploads\/2018\/04\/a3-450x300.jpg 450w\" alt=\"B\u1ed9 b\u00e0n gh\u1ebf \u0103n g\u1ed7 \u00f3c ch\u00f3 t\u1ef1a l\u01b0ng cong r\u1ea5t ph\u00f9 h\u1ee3p v\u1edbi c\u0103n h\u1ed9, chung c\u01b0, nh\u00e0 li\u1ec1n k\u1ec1\" width=\"690\" height=\"460\" data-lazy-srcset=\"https:\/\/noithatducduong.com\/wp-content\/uploads\/2018\/04\/a3.jpg 690w, https:\/\/noithatducduong.com\/wp-content\/uploads\/2018\/04\/a3-250x167.jpg 250w, https:\/\/noithatducduong.com\/wp-content\/uploads\/2018\/04\/a3-450x300.jpg 450w\" data-lazy-sizes=\"(max-width: 690px) 100vw, 690px\" data-lazy-src=\"https:\/\/noithatducduong.com\/wp-content\/uploads\/2018\/04\/a3.jpg\" data-was-processed=\"true\" \/><\/p>\n<p>&nbsp;<\/p>\n<table class=\" aligncenter\">\n<tbody>\n<tr>\n<td>Th\u00f4ng s\u1ed1 k\u1ef9 thu\u1eadt<\/td>\n<td>\n<ul>\n<li>Ch\u1ea5t li\u1ec7u g\u1ed7: G\u1ed7 \u00f3c ch\u00f3 nh\u1eadp kh\u1ea9u B\u1eafc M\u1ef9<\/li>\n<li>K\u00edch th\u01b0\u1edbc: d\u00e0i 1600 x r\u1ed9ng 860 x cao 750 (mm)<br \/>\nd\u00e0i 1800 x r\u1ed9ng 860 x cao 750 (mm)<\/li>\n<\/ul>\n<\/td>\n<\/tr>\n<\/tbody>\n<\/table>\n<p>B\u00e0n \u0103n Gill c\u00f3 2 k\u00edch th\u01b0\u1edbc 1m6, 1m8 gi\u00fap kh\u00e1ch h\u00e0ng d\u1ec5 d\u00e0ng l\u1ef1a ch\u1ecdn theo di\u1ec7n t\u00edch ph\u00f2ng \u0103n gia \u0111\u00ecnh, \u0111\u1ed3ng th\u1eddi tho\u1ea3i m\u00e1i b\u00e0y bi\u1ec7n c\u00e1c m\u00f3n \u0103n.\u00a0C\u1ea1nh b\u00e0n bo vi\u1ec1n m\u1ec1m m\u1ea1i, h\u1ea1n ch\u1ebf s\u1ef1 s\u1eafc c\u1ea1nh. 4 ch\u00e2n b\u00e0n d\u1ea1ng ch\u00e2n v\u00e1t h\u00ecnh tam gi\u00e1c, v\u1eeba t\u1ea1o \u0111\u01b0\u1ee3c v\u1ebb v\u1eefng ch\u1eafc, kh\u1ecfe kho\u1eafn, v\u1eeba t\u1ea1o \u0111\u01b0\u1ee3c h\u00ecnh kh\u1ed1i b\u1eaft m\u1eaft. Nh\u00ecn t\u1ed5ng th\u1ec3, chi\u1ebfc b\u00e0n cho th\u1ea5y s\u1ef1 kho\u00e1ng \u0111\u1ea1t, g\u1ee3i l\u00ean h\u00ecnh \u1ea3nh m\u1ed9t gia \u0111\u00ecnh kh\u00e1 gi\u1ea3, \u0111\u1ea7m \u1ea5m.<\/p>\n<h3><strong>GH\u1ebe \u0102N GILL<\/strong><\/h3>\n<p><img loading=\"lazy\" class=\"alignnone wp-image-68848 lazyloaded\" src=\"https:\/\/noithatducduong.com\/wp-content\/uploads\/2018\/04\/ghe-5.jpg\" sizes=\"(max-width: 300px) 100vw, 300px\" srcset=\"https:\/\/noithatducduong.com\/wp-content\/uploads\/2018\/04\/ghe-5.jpg 690w, https:\/\/noithatducduong.com\/wp-content\/uploads\/2018\/04\/ghe-5-167x250.jpg 167w, https:\/\/noithatducduong.com\/wp-content\/uploads\/2018\/04\/ghe-5-200x300.jpg 200w\" alt=\"\" width=\"300\" height=\"450\" data-lazy-srcset=\"https:\/\/noithatducduong.com\/wp-content\/uploads\/2018\/04\/ghe-5.jpg 690w, https:\/\/noithatducduong.com\/wp-content\/uploads\/2018\/04\/ghe-5-167x250.jpg 167w, https:\/\/noithatducduong.com\/wp-content\/uploads\/2018\/04\/ghe-5-200x300.jpg 200w\" data-lazy-sizes=\"(max-width: 300px) 100vw, 300px\" data-lazy-src=\"https:\/\/noithatducduong.com\/wp-content\/uploads\/2018\/04\/ghe-5.jpg\" data-was-processed=\"true\" \/><\/p>\n<p>&nbsp;<\/p>\n<p>&nbsp;<\/p>\n<table class=\" aligncenter\">\n<tbody>\n<tr>\n<td>Th\u00f4ng s\u1ed1 k\u1ef9 thu\u1eadt<\/td>\n<td>\n<ul>\n<li>Ch\u1ea5t li\u1ec7u g\u1ed7: G\u1ed7 \u00f3c ch\u00f3 nh\u1eadp kh\u1ea9u B\u1eafc M\u1ef9<\/li>\n<li>K\u00edch th\u01b0\u1edbc: d\u00e0i 403 x s\u00e2u 406 x cao 807 (mm)<\/li>\n<li>S\u1ed1 l\u01b0\u1ee3ng: c\u00f3 th\u1ec3 k\u1ebft h\u1ee3p 6-8 gh\u1ebf<\/li>\n<\/ul>\n<\/td>\n<\/tr>\n<\/tbody>\n<\/table>\n<p>&nbsp;<\/p>\n<p><img loading=\"lazy\" class=\"alignnone wp-image-68847 aligncenter lazyloaded\" src=\"https:\/\/noithatducduong.com\/wp-content\/uploads\/2018\/04\/ghe-4.jpg\" sizes=\"(max-width: 300px) 100vw, 300px\" srcset=\"https:\/\/noithatducduong.com\/wp-content\/uploads\/2018\/04\/ghe-4.jpg 690w, https:\/\/noithatducduong.com\/wp-content\/uploads\/2018\/04\/ghe-4-167x250.jpg 167w, https:\/\/noithatducduong.com\/wp-content\/uploads\/2018\/04\/ghe-4-200x300.jpg 200w\" alt=\"\" width=\"300\" height=\"450\" data-lazy-srcset=\"https:\/\/noithatducduong.com\/wp-content\/uploads\/2018\/04\/ghe-4.jpg 690w, https:\/\/noithatducduong.com\/wp-content\/uploads\/2018\/04\/ghe-4-167x250.jpg 167w, https:\/\/noithatducduong.com\/wp-content\/uploads\/2018\/04\/ghe-4-200x300.jpg 200w\" data-lazy-sizes=\"(max-width: 300px) 100vw, 300px\" data-lazy-src=\"https:\/\/noithatducduong.com\/wp-content\/uploads\/2018\/04\/ghe-4.jpg\" data-was-processed=\"true\" \/><\/p>\n<p>N\u00e9t n\u1ed5i b\u1eadt c\u1ee7a gh\u1ebf \u0103n Gill l\u00e0 l\u01b0ng gh\u1ebf u\u1ed1n cong, x\u1eed l\u00fd g\u1ecdn g\u00e0ng c\u00e1c g\u00f3c c\u1ea1nh kh\u00f4ng c\u1ea7n thi\u1ebft \u1edf ph\u1ea7n l\u01b0ng, gia t\u0103ng t\u1ed1i \u0111a \u0111\u1ed9 \u00eam \u00e1i khi ng\u01b0\u1eddi ng\u1ed3i t\u1ef1a l\u01b0ng v\u00e0o gh\u1ebf.<\/p>\n<p>B\u00e0n \u0103n Gill c\u00f3 th\u1ec3 k\u1ebft h\u1ee3p v\u1edbi 6 gh\u1ebf Gill d\u00e0nh cho gia \u0111\u00ecnh nh\u1ecf. Tuy nhi\u00ean, khi c\u00f3 kh\u00e1ch v\u1eabn c\u00f3 th\u1ec3 gh\u00e9p th\u00eam v\u00e0i gh\u1ebf m\u00e0 m\u1ecdi ng\u01b0\u1eddi v\u1eabn ng\u1ed3i tho\u1ea3i m\u00e1i th\u01b0\u1edfng th\u1ee9c b\u1eefa c\u01a1m gia \u0111\u00ecnh th\u00e2n t\u00ecnh, \u1ea5m c\u00fang.<\/p>\n<p>M\u00e0u n\u00e2u tr\u1ea7m c\u1ee7a g\u1ed7 \u00f3c ch\u00f3 r\u1ea5t ph\u00f9 h\u1ee3p v\u1edbi m\u1ed9t ph\u00f2ng b\u1ebfp sang tr\u1ecdng \u1edf c\u00e1c\u00a0c\u0103n h\u1ed9 chung c\u01b0, nh\u00e0 li\u1ec1n k\u1ec1.<\/p>\n<p><img loading=\"lazy\" class=\"alignnone wp-image-71219 aligncenter lazyloaded\" src=\"https:\/\/noithatducduong.com\/wp-content\/uploads\/2018\/08\/22.jpg\" sizes=\"(max-width: 690px) 100vw, 690px\" srcset=\"https:\/\/noithatducduong.com\/wp-content\/uploads\/2018\/08\/22.jpg 5472w, https:\/\/noithatducduong.com\/wp-content\/uploads\/2018\/08\/22-250x167.jpg 250w, https:\/\/noithatducduong.com\/wp-content\/uploads\/2018\/08\/22-450x300.jpg 450w, https:\/\/noithatducduong.com\/wp-content\/uploads\/2018\/08\/22-768x512.jpg 768w, https:\/\/noithatducduong.com\/wp-content\/uploads\/2018\/08\/22-1500x1000.jpg 1500w\" alt=\"\" width=\"690\" height=\"460\" data-lazy-srcset=\"https:\/\/noithatducduong.com\/wp-content\/uploads\/2018\/08\/22.jpg 5472w, https:\/\/noithatducduong.com\/wp-content\/uploads\/2018\/08\/22-250x167.jpg 250w, https:\/\/noithatducduong.com\/wp-content\/uploads\/2018\/08\/22-450x300.jpg 450w, https:\/\/noithatducduong.com\/wp-content\/uploads\/2018\/08\/22-768x512.jpg 768w, https:\/\/noithatducduong.com\/wp-content\/uploads\/2018\/08\/22-1500x1000.jpg 1500w\" data-lazy-sizes=\"(max-width: 690px) 100vw, 690px\" data-lazy-src=\"https:\/\/noithatducduong.com\/wp-content\/uploads\/2018\/08\/22.jpg\" data-was-processed=\"true\" \/><\/p>\n<p><img loading=\"lazy\" class=\"wp-image-68871 aligncenter lazyloaded\" src=\"https:\/\/noithatducduong.com\/wp-content\/uploads\/2018\/04\/p-khach-4.jpg\" sizes=\"(max-width: 690px) 100vw, 690px\" srcset=\"https:\/\/noithatducduong.com\/wp-content\/uploads\/2018\/04\/p-khach-4.jpg 1500w, https:\/\/noithatducduong.com\/wp-content\/uploads\/2018\/04\/p-khach-4-250x150.jpg 250w, https:\/\/noithatducduong.com\/wp-content\/uploads\/2018\/04\/p-khach-4-500x300.jpg 500w, https:\/\/noithatducduong.com\/wp-content\/uploads\/2018\/04\/p-khach-4-768x461.jpg 768w\" alt=\"\" width=\"690\" height=\"414\" data-lazy-srcset=\"https:\/\/noithatducduong.com\/wp-content\/uploads\/2018\/04\/p-khach-4.jpg 1500w, https:\/\/noithatducduong.com\/wp-content\/uploads\/2018\/04\/p-khach-4-250x150.jpg 250w, https:\/\/noithatducduong.com\/wp-content\/uploads\/2018\/04\/p-khach-4-500x300.jpg 500w, https:\/\/noithatducduong.com\/wp-content\/uploads\/2018\/04\/p-khach-4-768x461.jpg 768w\" data-lazy-sizes=\"(max-width: 690px) 100vw, 690px\" data-lazy-src=\"https:\/\/noithatducduong.com\/wp-content\/uploads\/2018\/04\/p-khach-4.jpg\" data-was-processed=\"true\" \/><\/p>\n<p>Qu\u00fd kh\u00e1ch h\u00e0ng \u0111ang tham kh\u1ea3o b\u1ed9 b\u00e0n gh\u1ebf \u0103n Gill, h\u00e3y li\u00ean h\u1ec7 v\u1edbi ch\u00fang t\u00f4i qua hotline 0906232528 \u0111\u1ec3 \u0111\u01b0\u1ee3c t\u01b0 v\u1ea5n v\u00e0 b\u00e1o gi\u00e1 chi ti\u1ebft.<\/p>\n","protected":false},"excerpt":{"rendered":"<p>B\u1ed9 b\u00e0n gh\u1ebf \u0103n\u00a0kh\u00f4ng ch\u1ec9 l\u00e0 n\u01a1i bi\u1ec3u tr\u01b0ng cho s\u1ef1 sum h\u1ecdp, qu\u00e2y qu\u1ea7n c\u1ee7a c\u00e1c th\u00e0nh vi\u00ean trong gia \u0111\u00ecnh m\u1ed7i ng\u00e0y m\u00e0 c\u00f2n l\u00e0 \u0111i\u1ec3m nh\u1ea5n l\u00e0m n\u1ed5i b\u1eadt c\u1ea3 kh\u00f4ng gian ph\u00f2ng \u0103n. \u0110\u1eb6C \u0110I\u1ec2M N\u1ed4I B\u1eacT C\u1ee6A B\u1ed8 B\u00c0N GH\u1ebe \u0102N GILL B\u1ed9 b\u00e0n gh\u1ebf \u0103n Gill hi\u1ec7n l\u00ean n\u00e9t &#8230;<\/p>\n","protected":false},"featured_media":172,"template":"","meta":[],"_links":{"self":[{"href":"https:\/\/webmaibinh.com\/w\/noithat112011\/wp-json\/wp\/v2\/product\/171"}],"collection":[{"href":"https:\/\/webmaibinh.com\/w\/noithat112011\/wp-json\/wp\/v2\/product"}],"about":[{"href":"https:\/\/webmaibinh.com\/w\/noithat112011\/wp-json\/wp\/v2\/types\/product"}],"wp:featuredmedia":[{"embeddable":true,"href":"https:\/\/webmaibinh.com\/w\/noithat112011\/wp-json\/wp\/v2\/media\/172"}],"wp:attachment":[{"href":"https:\/\/webmaibinh.com\/w\/noithat112011\/wp-json\/wp\/v2\/media?parent=171"}],"curies":[{"name":"wp","href":"https:\/\/api.w.org\/{rel}","templated":true}]}}