{"id":169,"date":"2019-07-23T14:35:35","date_gmt":"2019-07-23T07:35:35","guid":{"rendered":"http:\/\/noithat8.w2steam.com\/?post_type=product&#038;p=169"},"modified":"2019-07-23T15:19:01","modified_gmt":"2019-07-23T08:19:01","slug":"bo-ban-ghe-an-trail","status":"publish","type":"product","link":"https:\/\/webmaibinh.com\/w\/noithat112011\/san-pham\/bo-ban-ghe-an-trail\/","title":{"rendered":"B\u1ed9 b\u00e0n gh\u1ebf \u0103n Trail"},"content":{"rendered":"<ul>\n<li><strong>M\u00e3 s\u1ea3n ph\u1ea9m:<\/strong>\u00a0BAN\/0015<\/li>\n<li><strong>T\u00ean s\u1ea3n ph\u1ea9m:<\/strong>\u00a0B\u1ed8 B\u00c0N GH\u1ebe \u0102N TRAIL<\/li>\n<li><strong>K\u00edch th\u01b0\u1edbc:<\/strong>\u00a0T\u00f9y ch\u1ecdn<\/li>\n<li><strong>Ch\u1ea5t li\u1ec7u:<\/strong>\u00a0G\u1ed7 \u00f3c ch\u00f3 + M\u1eb7t \u0111\u00e1<\/li>\n<li><strong>Nh\u00e0 s\u1ea3n xu\u1ea5t:<\/strong>\u00a0N\u1ed9i Th\u1ea5t \u0110\u1ee9c D\u01b0\u01a1ng<\/li>\n<li><strong>B\u1ea3o h\u00e0nh:<\/strong>\u00a012 th\u00e1ng<\/li>\n<li><strong>Lo\u1ea1i h\u00e0ng:<\/strong>\u00a0C\u00f3 s\u1eb5n<\/li>\n<li><strong>Gi\u00e1 s\u1ea3n ph\u1ea9m:<\/strong>\u00a0Li\u00ean h\u1ec7<\/li>\n<li><strong>S\u1ed1 l\u01b0\u1ee3ng:<\/strong>\u00a0Theo y\u00eau c\u1ea7u<\/li>\n<\/ul>\n<p>B\u1ed9 b\u00e0n gh\u1ebf \u0103n Trail ra \u0111\u1eddi t\u1eeb \u00fd t\u01b0\u1edfng ph\u00e1 c\u00e1ch kh\u00f4ng gian g\u1ed7 n\u1eb7ng n\u1ec1 t\u1ea1o phong c\u00e1ch m\u1edbi m\u1ebb trong n\u1ed9i th\u1ea5t gia \u0111\u00ecnh. C\u00f3 th\u1ec3 n\u00f3i, b\u1ed9 b\u00e0n gh\u1ebf \u0103n Trail l\u00e0 s\u1ef1 giao thoa gi\u1eefa th\u1ef1c t\u1ebf v\u00e0 ngh\u1ec7 thu\u1eadt, ti\u1ec7n \u00edch v\u00e0 s\u00e1ng t\u1ea1o \u0111\u1ec3 kh\u01a1i ngu\u1ed3n c\u1ea3m h\u1ee9ng, g\u1eafn k\u1ebft c\u00e1c th\u00e0nh vi\u00ean trong b\u1eefa c\u01a1m h\u00e0ng ng\u00e0y.<\/p>\n<h3><strong>B\u00c0N \u0102N TRAIL<\/strong><\/h3>\n<p><img loading=\"lazy\" class=\"alignnone size-full wp-image-68843 aligncenter lazyloaded\" src=\"https:\/\/noithatducduong.com\/wp-content\/uploads\/2017\/05\/ban-1.jpg\" sizes=\"(max-width: 630px) 100vw, 630px\" srcset=\"https:\/\/noithatducduong.com\/wp-content\/uploads\/2017\/05\/ban-1.jpg 630w, https:\/\/noithatducduong.com\/wp-content\/uploads\/2017\/05\/ban-1-250x159.jpg 250w, https:\/\/noithatducduong.com\/wp-content\/uploads\/2017\/05\/ban-1-471x300.jpg 471w\" alt=\"\" width=\"630\" height=\"401\" data-lazy-srcset=\"https:\/\/noithatducduong.com\/wp-content\/uploads\/2017\/05\/ban-1.jpg 630w, https:\/\/noithatducduong.com\/wp-content\/uploads\/2017\/05\/ban-1-250x159.jpg 250w, https:\/\/noithatducduong.com\/wp-content\/uploads\/2017\/05\/ban-1-471x300.jpg 471w\" data-lazy-sizes=\"(max-width: 630px) 100vw, 630px\" data-lazy-src=\"https:\/\/noithatducduong.com\/wp-content\/uploads\/2017\/05\/ban-1.jpg\" data-was-processed=\"true\" \/><\/p>\n<table class=\" aligncenter\">\n<tbody>\n<tr>\n<td>Th\u00f4ng s\u1ed1 k\u1ef9 thu\u1eadt<\/td>\n<td>\n<ul>\n<li>Ch\u1ea5t li\u1ec7u g\u1ed7: G\u1ed7 \u00f3c ch\u00f3 nh\u1eadp kh\u1ea9u B\u1eafc M\u1ef9<\/li>\n<li>M\u1eb7t b\u00e0n: \u0110\u00e1 tr\u1eafng<\/li>\n<li>K\u00edch th\u01b0\u1edbc:<br \/>\nd\u00e0i 2000 x r\u1ed9ng 900 x cao 750 (mm)<br \/>\nd\u00e0i 1800 x r\u1ed9ng 900 x cao 750 (mm)<br \/>\nd\u00e0i 1600 x r\u1ed9ng 900 x cao 750 (mm)<\/li>\n<\/ul>\n<\/td>\n<\/tr>\n<\/tbody>\n<\/table>\n<p>B\u00e0n \u0103n Trail \u0111\u01b0\u1ee3c s\u1eed d\u1ee5ng \u0111\u00e1 cao c\u1ea5p v\u1edbi \u01b0u \u0111i\u1ec3m v\u01b0\u1ee3t tr\u1ed9i ch\u1ed1ng th\u1ea5m, ch\u1ed1ng \u1ed1, ch\u1ed1ng x\u01b0\u1edbc trong qu\u00e1 tr\u00ecnh s\u1eed d\u1ee5ng. Ch\u1ea5t li\u1ec7u \u0111\u00e1 r\u1ea5t th\u00e2n thi\u1ec7n v\u1edbi ng\u01b0\u1eddi d\u00f9ng, kh\u00f4ng \u00f4 nhi\u1ec5m, kh\u00f4ng m\u00f9i v\u1ecb; \u0111\u1ed9 tr\u1eafng cao; t\u1ea1p ch\u1ea5t v\u00e0 h\u00e0m l\u01b0\u1ee3ng s\u1eaft th\u1ea5p.<\/p>\n<p>\u0110\u1ec3 \u0111\u00e1p \u1ee9ng nhu c\u1ea7u s\u1eed d\u1ee5ng \u0111a d\u1ea1ng c\u1ee7a kh\u00e1ch h\u00e0ng, N\u1ed9i th\u1ea5t \u0110\u1ee9c D\u01b0\u01a1ng s\u1ea3n xu\u1ea5t b\u00e0n \u0103n m\u1eb7t \u0111\u00e1 v\u1edbi nhi\u1ec1u k\u00edch th\u01b0\u1edbc kh\u00e1c nhau 1m6; 1m8; 2m. \u0110\u00e2y l\u00e0 k\u00edch th\u01b0\u1edbc ph\u00f9 h\u1ee3p v\u1edbi nhi\u1ec1u c\u0103n h\u1ed9 chung c\u01b0, nh\u00e0 \u1ed1ng v\u00e0 bi\u1ec7t th\u1ef1. \u0110\u1ed9 cao c\u1ee7a b\u00e0n l\u00e0 720mm ho\u00e0n to\u00e0n ph\u00f9 h\u1ee3p v\u1edbi t\u01b0 th\u1ebf ng\u1ed3i c\u1ee7a ng\u01b0\u1eddi s\u1eed d\u1ee5ng.<\/p>\n<p>C\u1ea1nh b\u00e0n \u0111\u01b0\u1ee3c thi\u1ebft k\u1ebf d\u1ea1ng v\u00e1t t\u1ea1o c\u1ea3m gi\u00e1c m\u1ec1m m\u1ea1i, thanh tho\u00e1t cho b\u1ed9 b\u00e0n \u0103n. Khung l\u00e0m b\u1eb1ng g\u1ed7 \u00f3c ch\u00f3 nh\u1eadp kh\u1ea9u t\u1eeb B\u1eafc M\u1ef9 c\u00f3 \u01b0u \u0111i\u1ec3m c\u1ee9ng, ch\u1ed1ng m\u1ed1i m\u1ecdt, cong v\u00eanh, d\u1ec5 t\u1ea1o theo ki\u1ec3u d\u00e1ng mong mu\u1ed1n. Khung g\u1ed7 \u00f3c ch\u00f3 c\u00f3 k\u1ebft c\u1ea5u d\u1ea1ng thanh, thi\u1ebft k\u1ebf t\u1ec9 m\u1ec9 v\u1edbi \u0111\u1ed9 tinh x\u1ea3o cao, li\u00ean k\u1ebft v\u1edbi nhau ch\u1eafc ch\u1eafn n\u00e2ng \u0111\u1ee1 v\u00e0 t\u00f4n l\u00ean n\u00e9t \u0111\u1eb9p hi\u1ec7n \u0111\u1ea1i c\u1ee7a m\u1eb7t b\u00e0n \u0111\u00e1.<\/p>\n<p>B\u00e0n \u0111\u1eb9p ph\u1ea3i c\u1ea7n c\u00f3 gh\u1ebf sang. Gh\u1ebf k\u1ebft h\u1ee3p c\u00f9ng b\u00e0n \u0103n m\u1eb7t \u0111\u00e1 Trail l\u00e0 gh\u1ebf c\u00f3 khung g\u1ed7 \u00f3c ch\u00f3, b\u1ecdc \u0111\u1ec7m da PU, m\u00e0u s\u1eafc nh\u00e3 nh\u1eb7n. Kh\u00e1ch h\u00e0ng c\u00f3 th\u1ec3 l\u1ef1a ch\u1ecdn 1 trong 2 m\u1eabu gh\u1ebf t\u1ea1i showroom l\u00e0 gh\u1ebf \u0103n Trail ho\u1eb7c gh\u1ebf \u0103n Adele. C\u1ea3 2 m\u1eabu gh\u1ebf \u0103n n\u00e0y mang l\u1ea1i c\u1ea3m gi\u00e1c m\u1edbi m\u1ebb, hi\u1ec7n \u0111\u1ea1i cho tr\u1ecdn b\u1ed9 s\u1ea3n ph\u1ea9m.<\/p>\n<h3><strong>GH\u1ebe \u0102N ADELE<\/strong><\/h3>\n<p><img loading=\"lazy\" class=\"alignnone wp-image-68845 aligncenter lazyloaded\" src=\"https:\/\/noithatducduong.com\/wp-content\/uploads\/2017\/05\/ghe-3.jpg\" sizes=\"(max-width: 300px) 100vw, 300px\" srcset=\"https:\/\/noithatducduong.com\/wp-content\/uploads\/2017\/05\/ghe-3.jpg 690w, https:\/\/noithatducduong.com\/wp-content\/uploads\/2017\/05\/ghe-3-167x250.jpg 167w, https:\/\/noithatducduong.com\/wp-content\/uploads\/2017\/05\/ghe-3-200x300.jpg 200w\" alt=\"\" width=\"300\" height=\"450\" data-lazy-srcset=\"https:\/\/noithatducduong.com\/wp-content\/uploads\/2017\/05\/ghe-3.jpg 690w, https:\/\/noithatducduong.com\/wp-content\/uploads\/2017\/05\/ghe-3-167x250.jpg 167w, https:\/\/noithatducduong.com\/wp-content\/uploads\/2017\/05\/ghe-3-200x300.jpg 200w\" data-lazy-sizes=\"(max-width: 300px) 100vw, 300px\" data-lazy-src=\"https:\/\/noithatducduong.com\/wp-content\/uploads\/2017\/05\/ghe-3.jpg\" data-was-processed=\"true\" \/><\/p>\n<table class=\" aligncenter\">\n<tbody>\n<tr>\n<td>Th\u00f4ng s\u1ed1 k\u1ef9 thu\u1eadt<\/td>\n<td>\n<ul>\n<li>Ch\u1ea5t li\u1ec7u g\u1ed7: G\u1ed7 \u00f3c ch\u00f3 nh\u1eadp kh\u1ea9u B\u1eafc M\u1ef9<\/li>\n<li>Ch\u1ea5t li\u1ec7u da: Da PU<\/li>\n<li>M\u00e0u s\u1eafc: C\u00e0 ph\u00ea s\u1eefa<\/li>\n<li>K\u00edch th\u01b0\u1edbc: d\u00e0i 530 x s\u00e2u 470 x cao 790 (mm)<\/li>\n<\/ul>\n<\/td>\n<\/tr>\n<\/tbody>\n<\/table>\n<p><img loading=\"lazy\" class=\"alignnone size-full wp-image-68826 aligncenter lazyloaded\" src=\"https:\/\/noithatducduong.com\/wp-content\/uploads\/2017\/05\/DSC053471.jpg\" sizes=\"(max-width: 690px) 100vw, 690px\" srcset=\"https:\/\/noithatducduong.com\/wp-content\/uploads\/2017\/05\/DSC053471.jpg 690w, https:\/\/noithatducduong.com\/wp-content\/uploads\/2017\/05\/DSC053471-224x250.jpg 224w, https:\/\/noithatducduong.com\/wp-content\/uploads\/2017\/05\/DSC053471-269x300.jpg 269w\" alt=\"\" width=\"690\" height=\"770\" data-lazy-srcset=\"https:\/\/noithatducduong.com\/wp-content\/uploads\/2017\/05\/DSC053471.jpg 690w, https:\/\/noithatducduong.com\/wp-content\/uploads\/2017\/05\/DSC053471-224x250.jpg 224w, https:\/\/noithatducduong.com\/wp-content\/uploads\/2017\/05\/DSC053471-269x300.jpg 269w\" data-lazy-sizes=\"(max-width: 690px) 100vw, 690px\" data-lazy-src=\"https:\/\/noithatducduong.com\/wp-content\/uploads\/2017\/05\/DSC053471.jpg\" data-was-processed=\"true\" \/><\/p>\n<h3><strong>GH\u1ebe \u0102N TRAIL<\/strong><\/h3>\n<p><img loading=\"lazy\" class=\"aligncenter wp-image-68841 lazyloaded\" src=\"https:\/\/noithatducduong.com\/wp-content\/uploads\/2017\/05\/ghe-1.jpg\" sizes=\"(max-width: 300px) 100vw, 300px\" srcset=\"https:\/\/noithatducduong.com\/wp-content\/uploads\/2017\/05\/ghe-1.jpg 725w, https:\/\/noithatducduong.com\/wp-content\/uploads\/2017\/05\/ghe-1-183x250.jpg 183w, https:\/\/noithatducduong.com\/wp-content\/uploads\/2017\/05\/ghe-1-219x300.jpg 219w\" alt=\"\" width=\"300\" height=\"410\" data-lazy-srcset=\"https:\/\/noithatducduong.com\/wp-content\/uploads\/2017\/05\/ghe-1.jpg 725w, https:\/\/noithatducduong.com\/wp-content\/uploads\/2017\/05\/ghe-1-183x250.jpg 183w, https:\/\/noithatducduong.com\/wp-content\/uploads\/2017\/05\/ghe-1-219x300.jpg 219w\" data-lazy-sizes=\"(max-width: 300px) 100vw, 300px\" data-lazy-src=\"https:\/\/noithatducduong.com\/wp-content\/uploads\/2017\/05\/ghe-1.jpg\" data-was-processed=\"true\" \/><\/p>\n<p>&nbsp;<\/p>\n<table class=\" aligncenter\">\n<tbody>\n<tr>\n<td>Th\u00f4ng s\u1ed1 k\u1ef9 thu\u1eadt<\/td>\n<td>\n<ul>\n<li>Ch\u1ea5t li\u1ec7u g\u1ed7: G\u1ed7 \u00f3c ch\u00f3 nh\u1eadp kh\u1ea9u B\u1eafc M\u1ef9<\/li>\n<li>Ch\u1ea5t li\u1ec7u da: Da PU<\/li>\n<li>M\u00e0u s\u1eafc: C\u00e0 ph\u00ea s\u1eefa<\/li>\n<li>K\u00edch th\u01b0\u1edbc: d\u00e0i 530 x s\u00e2u 470 x cao 850 (mm)<\/li>\n<\/ul>\n<\/td>\n<\/tr>\n<\/tbody>\n<\/table>\n<p><img loading=\"lazy\" class=\"alignnone size-full wp-image-68825 aligncenter lazyloaded\" src=\"https:\/\/noithatducduong.com\/wp-content\/uploads\/2017\/05\/DSC05337.jpg\" sizes=\"(max-width: 690px) 100vw, 690px\" srcset=\"https:\/\/noithatducduong.com\/wp-content\/uploads\/2017\/05\/DSC05337.jpg 690w, https:\/\/noithatducduong.com\/wp-content\/uploads\/2017\/05\/DSC05337-250x167.jpg 250w, https:\/\/noithatducduong.com\/wp-content\/uploads\/2017\/05\/DSC05337-450x300.jpg 450w\" alt=\"\" width=\"690\" height=\"460\" data-lazy-srcset=\"https:\/\/noithatducduong.com\/wp-content\/uploads\/2017\/05\/DSC05337.jpg 690w, https:\/\/noithatducduong.com\/wp-content\/uploads\/2017\/05\/DSC05337-250x167.jpg 250w, https:\/\/noithatducduong.com\/wp-content\/uploads\/2017\/05\/DSC05337-450x300.jpg 450w\" data-lazy-sizes=\"(max-width: 690px) 100vw, 690px\" data-lazy-src=\"https:\/\/noithatducduong.com\/wp-content\/uploads\/2017\/05\/DSC05337.jpg\" data-was-processed=\"true\" \/><\/p>\n<p>B\u1eefa \u0103n ngon kh\u00f4ng ch\u1ec9 c\u1ea7n th\u1ee9c \u0103n h\u1ea5p d\u1eabn m\u00e0 c\u1ea7n kh\u00f4ng kh\u00ed vui v\u1ebb v\u00e0 t\u1eebng th\u00e0nh vi\u00ean trong gia \u0111\u00ecnh ng\u1ed3i tho\u1ea3i m\u00e1i b\u00ean b\u00e0n gh\u1ebf \u0103n tr\u00f2 chuy\u1ec7n v\u1edbi nhau. H\u00e3y c\u00f9ng\u00a0<strong>M\u1eabu b\u00e0n gh\u1ebf \u0103n\u00a0Trail\u00a0<\/strong>l\u00e0m n\u00ean h\u1ea1nh ph\u00fac t\u1eeb nh\u1eefng ph\u00fat gi\u00e2y y\u00ean b\u00ecnh \u1ea5y.<\/p>\n","protected":false},"excerpt":{"rendered":"<p>M\u00e3 s\u1ea3n ph\u1ea9m:\u00a0BAN\/0015 T\u00ean s\u1ea3n ph\u1ea9m:\u00a0B\u1ed8 B\u00c0N GH\u1ebe \u0102N TRAIL K\u00edch th\u01b0\u1edbc:\u00a0T\u00f9y ch\u1ecdn Ch\u1ea5t li\u1ec7u:\u00a0G\u1ed7 \u00f3c ch\u00f3 + M\u1eb7t \u0111\u00e1 Nh\u00e0 s\u1ea3n xu\u1ea5t:\u00a0N\u1ed9i Th\u1ea5t \u0110\u1ee9c D\u01b0\u01a1ng B\u1ea3o h\u00e0nh:\u00a012 th\u00e1ng Lo\u1ea1i h\u00e0ng:\u00a0C\u00f3 s\u1eb5n Gi\u00e1 s\u1ea3n ph\u1ea9m:\u00a0Li\u00ean h\u1ec7 S\u1ed1 l\u01b0\u1ee3ng:\u00a0Theo y\u00eau c\u1ea7u B\u1ed9 b\u00e0n gh\u1ebf \u0103n Trail ra \u0111\u1eddi t\u1eeb \u00fd t\u01b0\u1edfng ph\u00e1 c\u00e1ch kh\u00f4ng gian g\u1ed7 &#8230;<\/p>\n","protected":false},"featured_media":170,"template":"","meta":[],"_links":{"self":[{"href":"https:\/\/webmaibinh.com\/w\/noithat112011\/wp-json\/wp\/v2\/product\/169"}],"collection":[{"href":"https:\/\/webmaibinh.com\/w\/noithat112011\/wp-json\/wp\/v2\/product"}],"about":[{"href":"https:\/\/webmaibinh.com\/w\/noithat112011\/wp-json\/wp\/v2\/types\/product"}],"wp:featuredmedia":[{"embeddable":true,"href":"https:\/\/webmaibinh.com\/w\/noithat112011\/wp-json\/wp\/v2\/media\/170"}],"wp:attachment":[{"href":"https:\/\/webmaibinh.com\/w\/noithat112011\/wp-json\/wp\/v2\/media?parent=169"}],"curies":[{"name":"wp","href":"https:\/\/api.w.org\/{rel}","templated":true}]}}