{"id":161,"date":"2019-07-23T14:32:18","date_gmt":"2019-07-23T07:32:18","guid":{"rendered":"http:\/\/noithat8.w2steam.com\/?post_type=product&#038;p=161"},"modified":"2019-07-23T15:20:15","modified_gmt":"2019-07-23T08:20:15","slug":"sofa-pedro","status":"publish","type":"product","link":"https:\/\/webmaibinh.com\/w\/noithat112011\/san-pham\/sofa-pedro\/","title":{"rendered":"Sofa Pedro"},"content":{"rendered":"<ul>\n<li><strong>M\u00e3 s\u1ea3n ph\u1ea9m:<\/strong>\u00a0SF\/025<\/li>\n<li><strong>T\u00ean s\u1ea3n ph\u1ea9m:<\/strong>\u00a0SOFA PEDRO<\/li>\n<li><strong>K\u00edch th\u01b0\u1edbc:<\/strong>\u00a02500 x 880 x 650<\/li>\n<li><strong>Ch\u1ea5t li\u1ec7u:<\/strong>\u00a0G\u1ed7 \u00f3c ch\u00f3 t\u1ef1 nhi\u00ean<\/li>\n<li><strong>Nh\u00e0 s\u1ea3n xu\u1ea5t:<\/strong>\u00a0N\u1ed9i th\u1ea5t \u0110\u1ee9c D\u01b0\u01a1ng<\/li>\n<li><strong>B\u1ea3o h\u00e0nh:<\/strong>\u00a012 th\u00e1ng<\/li>\n<li><strong>Lo\u1ea1i h\u00e0ng:<\/strong>\u00a0C\u00f3 s\u1eb5n<\/li>\n<li><strong>Gi\u00e1 s\u1ea3n ph\u1ea9m:<\/strong>\u00a0Li\u00ean h\u1ec7<\/li>\n<li><strong>S\u1ed1 l\u01b0\u1ee3ng:<\/strong>\u00a0Theo y\u00eau c\u1ea7u<\/li>\n<\/ul>\n<p><strong>Sofa Pedro \u0111\u00e1p \u1ee9ng ti\u00eau ch\u00ed b\u1ec1 th\u1ebf, qu\u00fd ph\u00e1i c\u1ee7a m\u1ed9t ph\u00f2ng kh\u00e1ch bi\u1ec7t th\u1ef1, chung c\u01b0 r\u1ed9ng r\u00e3i khi s\u1ef1 k\u1ebft h\u1ee3p gi\u1eefa g\u1ed7 \u00f3c ch\u00f3 t\u1ef1 nhi\u00ean kh\u1ed1i l\u1edbn v\u00e0 \u0111\u1ec7m da t\u1ef1 nhi\u00ean sang tr\u1ecdng.\u00a0<\/strong><\/p>\n<h3>SOFA PEDRO: B\u1ec0 TH\u1ebe T\u1eeaNG KH\u1ed0I G\u1ed6<\/h3>\n<p>&nbsp;<\/p>\n<p><img loading=\"lazy\" class=\"alignnone size-full wp-image-70869 aligncenter lazyloaded\" src=\"https:\/\/noithatducduong.com\/wp-content\/uploads\/2018\/10\/RZ-1.jpg\" sizes=\"(max-width: 690px) 100vw, 690px\" srcset=\"https:\/\/noithatducduong.com\/wp-content\/uploads\/2018\/10\/RZ-1.jpg 690w, https:\/\/noithatducduong.com\/wp-content\/uploads\/2018\/10\/RZ-1-250x167.jpg 250w, https:\/\/noithatducduong.com\/wp-content\/uploads\/2018\/10\/RZ-1-450x300.jpg 450w\" alt=\"\" width=\"690\" height=\"460\" data-lazy-srcset=\"https:\/\/noithatducduong.com\/wp-content\/uploads\/2018\/10\/RZ-1.jpg 690w, https:\/\/noithatducduong.com\/wp-content\/uploads\/2018\/10\/RZ-1-250x167.jpg 250w, https:\/\/noithatducduong.com\/wp-content\/uploads\/2018\/10\/RZ-1-450x300.jpg 450w\" data-lazy-sizes=\"(max-width: 690px) 100vw, 690px\" data-lazy-src=\"https:\/\/noithatducduong.com\/wp-content\/uploads\/2018\/10\/RZ-1.jpg\" data-was-processed=\"true\" \/><\/p>\n<table class=\" aligncenter\">\n<tbody>\n<tr>\n<td>Th\u00f4ng s\u1ed1 k\u1ef9 thu\u1eadt<\/td>\n<td>\n<ul>\n<li>Ch\u1ea5t li\u1ec7u: G\u1ed7 \u00f3c ch\u00f3 t\u1ef1 nhi\u00ean nh\u1eadp kh\u1ea9u B\u1eafc M\u1ef9<\/li>\n<li>\u0110\u1ec7m: Da t\u1ef1 nhi\u00ean<\/li>\n<li>M\u00e0u s\u1eafc \u0111\u1ec7m da: T\u00f9y ch\u1ecdn<\/li>\n<li>K\u00edch th\u01b0\u1edbc:<br \/>\nSofa ba: d\u00e0i 2500 x s\u00e2u 880 x cao 650(mm)<br \/>\nSofa \u0111\u00f4i: d\u00e0i 1900 x s\u00e2u 880 x cao 650(mm)<br \/>\n\u0110\u00f4n: d\u00e0i 1000 x s\u00e2u 880 x cao 650(mm)<\/li>\n<li>B\u00e0n tr\u00e0: T\u00f9y ch\u1ecdn<\/li>\n<\/ul>\n<\/td>\n<\/tr>\n<\/tbody>\n<\/table>\n<p>Sofa Pedro bao g\u1ed3m 2 sofa v\u00e0 \u0111\u00f4n k\u1ebft h\u1ee3p b\u00e0n tr\u00e0 c\u00f9ng ch\u1ea5t li\u1ec7u g\u1ed7 \u00f3c ch\u00f3 t\u1ef1 nhi\u00ean nh\u1eadp kh\u1ea9u B\u1eafc M\u1ef9. Trong modul m\u1edbi n\u00e0y, N\u1ed9i th\u1ea5t \u0110\u1ee9c D\u01b0\u01a1ng mang t\u1edbi thi\u1ebft k\u1ebf kh\u00e1c bi\u1ec7t khi thay th\u1ebf ph\u1ea7n tay v\u1ecbn sofa \u0111\u00f4i b\u1eb1ng tab \u0111\u1ec3 \u0111\u1ed3.\u00a0Ch\u00ednh s\u1ef1 bi\u1ebfn t\u1ea5u n\u00e0y \u0111\u00e3 t\u1ea1o cho b\u1ed9 sofa Pedro c\u00f3 kh\u00f4ng gian m\u1edf v\u00e0 kho\u00e1ng \u0111\u1ea1t cho ph\u00f2ng kh\u00e1ch.<\/p>\n<p><img loading=\"lazy\" class=\"alignnone size-full wp-image-70870 lazyloaded\" src=\"https:\/\/noithatducduong.com\/wp-content\/uploads\/2018\/10\/ZS1.jpg\" sizes=\"(max-width: 690px) 100vw, 690px\" srcset=\"https:\/\/noithatducduong.com\/wp-content\/uploads\/2018\/10\/ZS1.jpg 690w, https:\/\/noithatducduong.com\/wp-content\/uploads\/2018\/10\/ZS1-250x167.jpg 250w, https:\/\/noithatducduong.com\/wp-content\/uploads\/2018\/10\/ZS1-450x300.jpg 450w\" alt=\"\" width=\"690\" height=\"460\" data-lazy-srcset=\"https:\/\/noithatducduong.com\/wp-content\/uploads\/2018\/10\/ZS1.jpg 690w, https:\/\/noithatducduong.com\/wp-content\/uploads\/2018\/10\/ZS1-250x167.jpg 250w, https:\/\/noithatducduong.com\/wp-content\/uploads\/2018\/10\/ZS1-450x300.jpg 450w\" data-lazy-sizes=\"(max-width: 690px) 100vw, 690px\" data-lazy-src=\"https:\/\/noithatducduong.com\/wp-content\/uploads\/2018\/10\/ZS1.jpg\" data-was-processed=\"true\" \/><\/p>\n<p>S\u1ef1 linh ho\u1ea1t trong m\u1eabu sofa Pedro ch\u00ednh l\u00e0 qu\u00fd kh\u00e1ch h\u00e0ng c\u00f3 th\u1ec3 l\u1ef1a ch\u1ecdn m\u00e0u \u0111\u1ec7m da theo s\u1edf th\u00edch. N\u1ed9i th\u1ea5t \u0110\u1ee9c D\u01b0\u01a1ng l\u00e0 m\u1ed9t trong s\u1ed1 \u00edt showroom t\u1ea1i Vi\u1ec7t Nam tr\u01b0ng b\u00e0y v\u00e0 b\u00e1n c\u00e1c s\u1ea3n ph\u1ea9m g\u1ed7 \u00f3c ch\u00f3 do ch\u00ednh nh\u00e0 m\u00e1y c\u1ee7a c\u00f4ng ty s\u1ea3n xu\u1ea5t tr\u1ef1c ti\u1ebfp.\u00a0Ch\u00ednh s\u1ef1 t\u1ef1 ch\u1ee7 trong s\u1ea3n xu\u1ea5t gi\u00fap c\u00e1c s\u1ea3n ph\u1ea9m t\u1ea1i showroom \u0111\u00e1p \u1ee9ng \u0111\u01b0\u1ee3c m\u1ecdi y\u00eau c\u1ea7u c\u1ee7a qu\u00fd kh\u00e1ch h\u00e0ng.<\/p>\n<p><img loading=\"lazy\" class=\"alignnone wp-image-70868 aligncenter lazyloaded\" src=\"https:\/\/noithatducduong.com\/wp-content\/uploads\/2018\/10\/AV.jpg\" sizes=\"(max-width: 690px) 100vw, 690px\" srcset=\"https:\/\/noithatducduong.com\/wp-content\/uploads\/2018\/10\/AV.jpg 2400w, https:\/\/noithatducduong.com\/wp-content\/uploads\/2018\/10\/AV-250x167.jpg 250w, https:\/\/noithatducduong.com\/wp-content\/uploads\/2018\/10\/AV-450x300.jpg 450w, https:\/\/noithatducduong.com\/wp-content\/uploads\/2018\/10\/AV-768x512.jpg 768w, https:\/\/noithatducduong.com\/wp-content\/uploads\/2018\/10\/AV-1500x1000.jpg 1500w\" alt=\"\" width=\"690\" height=\"460\" data-lazy-srcset=\"https:\/\/noithatducduong.com\/wp-content\/uploads\/2018\/10\/AV.jpg 2400w, https:\/\/noithatducduong.com\/wp-content\/uploads\/2018\/10\/AV-250x167.jpg 250w, https:\/\/noithatducduong.com\/wp-content\/uploads\/2018\/10\/AV-450x300.jpg 450w, https:\/\/noithatducduong.com\/wp-content\/uploads\/2018\/10\/AV-768x512.jpg 768w, https:\/\/noithatducduong.com\/wp-content\/uploads\/2018\/10\/AV-1500x1000.jpg 1500w\" data-lazy-sizes=\"(max-width: 690px) 100vw, 690px\" data-lazy-src=\"https:\/\/noithatducduong.com\/wp-content\/uploads\/2018\/10\/AV.jpg\" data-was-processed=\"true\" \/><\/p>\n<p>&nbsp;<\/p>\n","protected":false},"excerpt":{"rendered":"<p>M\u00e3 s\u1ea3n ph\u1ea9m:\u00a0SF\/025 T\u00ean s\u1ea3n ph\u1ea9m:\u00a0SOFA PEDRO K\u00edch th\u01b0\u1edbc:\u00a02500 x 880 x 650 Ch\u1ea5t li\u1ec7u:\u00a0G\u1ed7 \u00f3c ch\u00f3 t\u1ef1 nhi\u00ean Nh\u00e0 s\u1ea3n xu\u1ea5t:\u00a0N\u1ed9i th\u1ea5t \u0110\u1ee9c D\u01b0\u01a1ng B\u1ea3o h\u00e0nh:\u00a012 th\u00e1ng Lo\u1ea1i h\u00e0ng:\u00a0C\u00f3 s\u1eb5n Gi\u00e1 s\u1ea3n ph\u1ea9m:\u00a0Li\u00ean h\u1ec7 S\u1ed1 l\u01b0\u1ee3ng:\u00a0Theo y\u00eau c\u1ea7u Sofa Pedro \u0111\u00e1p \u1ee9ng ti\u00eau ch\u00ed b\u1ec1 th\u1ebf, qu\u00fd ph\u00e1i c\u1ee7a m\u1ed9t ph\u00f2ng kh\u00e1ch bi\u1ec7t th\u1ef1, &#8230;<\/p>\n","protected":false},"featured_media":162,"template":"","meta":[],"_links":{"self":[{"href":"https:\/\/webmaibinh.com\/w\/noithat112011\/wp-json\/wp\/v2\/product\/161"}],"collection":[{"href":"https:\/\/webmaibinh.com\/w\/noithat112011\/wp-json\/wp\/v2\/product"}],"about":[{"href":"https:\/\/webmaibinh.com\/w\/noithat112011\/wp-json\/wp\/v2\/types\/product"}],"wp:featuredmedia":[{"embeddable":true,"href":"https:\/\/webmaibinh.com\/w\/noithat112011\/wp-json\/wp\/v2\/media\/162"}],"wp:attachment":[{"href":"https:\/\/webmaibinh.com\/w\/noithat112011\/wp-json\/wp\/v2\/media?parent=161"}],"curies":[{"name":"wp","href":"https:\/\/api.w.org\/{rel}","templated":true}]}}