{"id":61,"date":"2019-07-23T11:48:14","date_gmt":"2019-07-23T04:48:14","guid":{"rendered":"http:\/\/noithat8.w2steam.com\/?page_id=61"},"modified":"2020-05-09T21:56:14","modified_gmt":"2020-05-09T14:56:14","slug":"lien-he","status":"publish","type":"page","link":"https:\/\/webmaibinh.com\/w\/noithat112011\/lien-he\/","title":{"rendered":"Li\u00ean h\u1ec7"},"content":{"rendered":"<p><strong>C\u00d4NG TY TNHH THI\u1ebeT K\u1ebe V\u00c0 TRANG TR\u00cd N\u1ed8I NGO\u1ea0I TH\u1ea4T GIUSEART<\/strong><\/p>\n<p>Showroom Ph\u1ea1m V\u0103n B\u1ea1ch, P. 15, Q. T\u00e2n B\u00ecnh, Tp. HCM<\/p>\n<p><strong>Nh\u00e0 m\u00e1y s\u1ea3n xu\u1ea5t : Ph\u1ea1m V\u0103n B\u1ea1ch, P. 15, Q. T\u00e2n B\u00ecnh, Tp. HCM<\/strong><\/p>\n<p><strong>Tel : 0999.999.999<\/strong><\/p>\n<p><strong>Email: email@gmail.com \u2013 website : <a href=\"#\">www.tenweb.vn<\/a><\/strong><\/p>\n<p><iframe style=\"border: 0;\" src=\"https:\/\/www.google.com\/maps\/embed?pb=!1m18!1m12!1m3!1d3918.8951647747363!2d106.63615131462117!3d10.819334261359117!2m3!1f0!2f0!3f0!3m2!1i1024!2i768!4f13.1!3m3!1m2!1s0x317529667c77fcdd%3A0x39f60dd29f004faf!2zMi84NSBQaOG6oW0gVsSDbiBC4bqhY2gsIFBoxrDhu51uZyAxNSwgVMOibiBCw6xuaCwgSOG7kyBDaMOtIE1pbmgsIFZp4buHdCBOYW0!5e0!3m2!1svi!2s!4v1568732176587!5m2!1svi!2s\" width=\"100%\" height=\"250\" frameborder=\"0\" allowfullscreen=\"allowfullscreen\"><span data-mce-type=\"bookmark\" style=\"display: inline-block; width: 0px; overflow: hidden; line-height: 0;\" class=\"mce_SELRES_start\">\ufeff<\/span><\/iframe><\/p>\n","protected":false},"excerpt":{"rendered":"<p>C\u00d4NG TY TNHH THI\u1ebeT K\u1ebe V\u00c0 TRANG TR\u00cd N\u1ed8I NGO\u1ea0I TH\u1ea4T GIUSEART Showroom Ph\u1ea1m V\u0103n B\u1ea1ch, P. 15, Q. T\u00e2n B\u00ecnh, Tp. HCM Nh\u00e0 m\u00e1y s\u1ea3n xu\u1ea5t : Ph\u1ea1m V\u0103n B\u1ea1ch, P. 15, Q. T\u00e2n B\u00ecnh, Tp. HCM Tel : 0999.999.999 Email: email@gmail.com \u2013 website : www.tenweb.vn \ufeff<\/p>\n","protected":false},"author":1,"featured_media":0,"parent":0,"menu_order":0,"comment_status":"closed","ping_status":"closed","template":"page-left-sidebar.php","meta":[],"_links":{"self":[{"href":"https:\/\/webmaibinh.com\/w\/noithat112011\/wp-json\/wp\/v2\/pages\/61"}],"collection":[{"href":"https:\/\/webmaibinh.com\/w\/noithat112011\/wp-json\/wp\/v2\/pages"}],"about":[{"href":"https:\/\/webmaibinh.com\/w\/noithat112011\/wp-json\/wp\/v2\/types\/page"}],"author":[{"embeddable":true,"href":"https:\/\/webmaibinh.com\/w\/noithat112011\/wp-json\/wp\/v2\/users\/1"}],"replies":[{"embeddable":true,"href":"https:\/\/webmaibinh.com\/w\/noithat112011\/wp-json\/wp\/v2\/comments?post=61"}],"version-history":[{"count":3,"href":"https:\/\/webmaibinh.com\/w\/noithat112011\/wp-json\/wp\/v2\/pages\/61\/revisions"}],"predecessor-version":[{"id":771,"href":"https:\/\/webmaibinh.com\/w\/noithat112011\/wp-json\/wp\/v2\/pages\/61\/revisions\/771"}],"wp:attachment":[{"href":"https:\/\/webmaibinh.com\/w\/noithat112011\/wp-json\/wp\/v2\/media?parent=61"}],"curies":[{"name":"wp","href":"https:\/\/api.w.org\/{rel}","templated":true}]}}