{"id":59,"date":"2019-07-23T11:48:07","date_gmt":"2019-07-23T04:48:07","guid":{"rendered":"http:\/\/noithat8.w2steam.com\/?page_id=59"},"modified":"2019-07-23T16:48:15","modified_gmt":"2019-07-23T09:48:15","slug":"gioi-thieu","status":"publish","type":"page","link":"https:\/\/webmaibinh.com\/w\/noithat112011\/gioi-thieu\/","title":{"rendered":"Gi\u1edbi thi\u1ec7u"},"content":{"rendered":"<p><strong>C\u00f4ng ty TNHH Thi\u1ebft k\u1ebf v\u00e0 Trang tr\u00ed N\u1ed9i Ngo\u1ea1i Th\u1ea5t \u0110\u1ee9c D\u01b0\u01a1ng<\/strong>\u00a0c\u00f3 t\u00ean giao d\u1ecbch qu\u1ed1c t\u1ebf l\u00e0\u00a0<strong>DD \u2013 Interart Decoration and Design.Co, LTD<\/strong>\u00a0\u0111\u01b0\u1ee3c th\u00e0nh l\u1eadp n\u0103m 2003, theo s\u1ef1 c\u1ea5p ph\u00e9p c\u1ee7a S\u1edf K\u1ebf ho\u1ea1ch v\u00e0 \u0110\u1ea7u t\u01b0 H\u00e0 N\u1ed9i. Tr\u1ea3i qua\u00a015 n\u0103m ph\u00e1t tri\u1ec3n li\u00ean t\u1ee5c, \u0111\u1ebfn nay c\u00e1c s\u1ea3n ph\u1ea9m c\u1ee7a c\u00f4ng ty \u0111\u00e3 c\u00f3 m\u1eb7t trong r\u1ea5t nhi\u1ec1u d\u1ef1 \u00e1n, c\u00f4ng tr\u00ecnh l\u1edbn nh\u1ecf c\u1ee7a \u0111\u1ea5t n\u01b0\u1edbc. N\u1ed9i th\u1ea5t \u0110\u1ee9c D\u01b0\u01a1ng tr\u1edf th\u00e0nh m\u1ed9t trong nh\u1eefng th\u01b0\u01a1ng hi\u1ec7u uy t\u00edn nh\u1ea5t th\u1ecb tr\u01b0\u1eddng, c\u00f3 t\u00ednh c\u1ea1nh tranh m\u1ea1nh m\u1ebd v\u00e0 \u0111\u01b0\u1ee3c kh\u00e1ch h\u00e0ng tin t\u01b0\u1edfng \u1ee7ng h\u1ed9.<\/p>\n<p>Sau qu\u00e1 tr\u00ecnh \u0111\u1ea7u t\u01b0 ph\u00e1t tri\u1ec3n v\u00e0 m\u1edf r\u1ed9ng quy m\u00f4, hi\u1ec7n nay, C\u00f4ng ty N\u1ed9i th\u1ea5t \u0110\u1ee9c D\u01b0\u01a1ng \u0111ang s\u1edf h\u1eefu chu\u1ed7i si\u00eau th\u1ecb n\u1ed9i th\u1ea5t l\u1edbn t\u1ea1i H\u00e0 N\u1ed9i, 2 nh\u00e0 m\u00e1y \u0111\u00e1p \u1ee9ng kh\u1ed1i l\u01b0\u1ee3ng s\u1ea3n xu\u1ea5t d\u1ef1 \u00e1n l\u1edbn v\u00e0 ho\u1ea1t \u0111\u1ed9ng b\u1ec1n v\u1eefng v\u1edbi 150 \u2013 \u00a0200 nh\u00e2n vi\u00ean.<\/p>\n<p><strong>C\u00e1c l\u0129nh v\u1ef1c ho\u1ea1t \u0111\u1ed9ng kinh doanh ch\u00ednh c\u1ee7a c\u00f4ng ty:<\/strong><\/p>\n<ol>\n<li>Cung c\u1ea5p gi\u1ea3i ph\u00e1p t\u1ed5ng th\u1ec3 trang tr\u00ed n\u1ed9i th\u1ea5t bao g\u1ed3m: T\u01b0 v\u1ea5n thi\u1ebft k\u1ebf, 12 quy tr\u00ecnh thi\u1ebft k\u1ebf n\u1ed9i th\u1ea5t chuy\u00ean nghi\u1ec7p<\/li>\n<li>S\u1ea3n xu\u1ea5t \u0111\u1ed3 g\u1ed7 n\u1ed9i th\u1ea5t (N\u1ed9i th\u1ea5t gia \u0111\u00ecnh,\u00a0n\u1ed9i th\u1ea5t kh\u00e1ch s\u1ea1n,\u00a0c\u1eeda g\u1ed7\u2026)<\/li>\n<li>Thi c\u00f4ng l\u1eafp \u0111\u1eb7t n\u1ed9i th\u1ea5t tr\u1ecdn g\u00f3i: Thi c\u00f4ng theo b\u1ea3n v\u1ebd thi\u1ebft k\u1ebf c\u1ee7a \u0110\u1ee9c D\u01b0\u01a1ng ho\u1eb7c b\u1ea3n v\u1ebd s\u1eb5n c\u00f3 c\u1ee7a kh\u00e1ch h\u00e0ng.<\/li>\n<li>B\u00e1n s\u1eb5n \u0111\u1ed3 n\u1ed9i th\u1ea5t,\u00a0\u0111\u1ed3 trang tr\u00ed n\u1ed9i th\u1ea5t\u00a0t\u1ea1i si\u00eau th\u1ecb\u2026<\/li>\n<\/ol>\n<p><strong>Gi\u1edbi thi\u1ec7u Logo<\/strong><\/p>\n<p><strong>Logo nh\u1eadn di\u1ec7n th\u01b0\u01a1ng hi\u1ec7u:\u00a0<\/strong>Logo N\u1ed9i th\u1ea5t \u0110\u1ee9c D\u01b0\u01a1ng bao g\u1ed3m h\u00ecnh tr\u00f2n b\u00ean ngo\u00e0i\u00a0bi\u1ec3u tr\u01b0ng tr\u00e1i \u0111\u1ea5t v\u00e0 h\u00ecnh con m\u1eaft b\u00ean trong v\u1edbi \u00fd ngh\u0129a \u0110\u1ee9c D\u01b0\u01a1ng l\u00e0 m\u1ed9t doanh nghi\u1ec7p v\u1eadn \u0111\u1ed9ng theo quy lu\u1eadt t\u1ef1 nhi\u00ean tr\u00ean th\u1ecb tr\u01b0\u1eddng th\u1ebf gi\u1edbi.<\/p>\n<p>V\u1edbi 3 gam m\u00e0u ch\u1ee7 \u0111\u1ea1o l\u00e0 \u0110\u1ecf, Xanh v\u00e0 Tr\u1eafng, logo c\u1ee7a C\u00f4ng ty N\u1ed9i th\u1ea5t \u0110\u1ee9c D\u01b0\u01a1ng \u0111\u01b0\u1ee3c x\u00e2y d\u1ef1ng d\u1ef1a tr\u00ean \u00fd t\u01b0\u1edfng v\u1ec1 s\u1ef1 ph\u00e1t tri\u1ec3n kh\u00f4ng ng\u1eebng, \u0111\u1ec3 v\u01b0\u01a1n t\u1edbi nh\u1eefng gi\u00e1 tr\u1ecb ho\u00e0n m\u1ef9 trong cu\u1ed9c s\u1ed1ng.<\/p>\n<p><a class=\"fancybox image\" href=\"https:\/\/noithatducduong.com\/wp-content\/uploads\/2015\/05\/Logo-cty-duc-duong11.jpg\"><img loading=\"lazy\" class=\"alignnone size-full wp-image-42230 lazyloaded\" src=\"https:\/\/noithatducduong.com\/wp-content\/uploads\/2015\/05\/Logo-cty-duc-duong11.jpg\" sizes=\"(max-width: 293px) 100vw, 293px\" srcset=\"https:\/\/noithatducduong.com\/wp-content\/uploads\/2015\/05\/Logo-cty-duc-duong11.jpg 293w, https:\/\/noithatducduong.com\/wp-content\/uploads\/2015\/05\/Logo-cty-duc-duong11-247x250.jpg 247w\" alt=\"Logo-cty-duc-duong1\" width=\"293\" height=\"296\" data-lazy-srcset=\"https:\/\/noithatducduong.com\/wp-content\/uploads\/2015\/05\/Logo-cty-duc-duong11.jpg 293w, https:\/\/noithatducduong.com\/wp-content\/uploads\/2015\/05\/Logo-cty-duc-duong11-247x250.jpg 247w\" data-lazy-sizes=\"(max-width: 293px) 100vw, 293px\" data-lazy-src=\"https:\/\/noithatducduong.com\/wp-content\/uploads\/2015\/05\/Logo-cty-duc-duong11.jpg\" data-was-processed=\"true\" \/><\/a><\/p>\n<p>M\u00e0u \u0111\u1ecf th\u01b0\u1eddng g\u1eafn li\u1ec1n v\u1edbi ni\u1ec1m vui, s\u1ee9c m\u1ea1nh v\u00e0 s\u1ef1 quy\u1ebft t\u00e2m. \u0110\u00e2y c\u0169ng l\u00e0 m\u00e0u mang nhi\u1ec1u n\u0103ng l\u01b0\u1ee3ng, gi\u00fap cho con ng\u01b0\u1eddi tr\u1edf n\u00ean ki\u00ean c\u01b0\u1eddng v\u00e0 \u0111\u00e1ng tin c\u1eady h\u01a1n.<\/p>\n<p>M\u00e0u xanh l\u00e0 m\u00e0u c\u1ee7a c\u1ecf c\u00e2y, m\u00e0u t\u01b0\u1ee3ng tr\u01b0ng cho s\u1ee9c s\u1ed1ng v\u00e0 ni\u1ec1m hi v\u1ecdng. V\u1edbi ph\u01b0\u01a1ng ch\u00e2m \u0111em \u0111\u1ebfn cho kh\u00e1ch h\u00e0ng nh\u1eefng s\u1ea3n ph\u1ea9m t\u1ed1t nh\u1ea5t, m\u1eabu m\u00e3 \u0111\u1eb9p nh\u1ea5t v\u00e0 th\u00e2n thi\u1ec7n v\u1edbi m\u00f4i tr\u01b0\u1eddng, C\u00f4ng ty N\u1ed9i th\u1ea5t \u0110\u1ee9c D\u01b0\u01a1ng \u0111\u00e3 l\u1ef1a ch\u1ecdn m\u00e0u xanh l\u00e0m bi\u1ec3u t\u01b0\u1ee3ng logo c\u1ee7a m\u00ecnh.<\/p>\n<p>M\u00e0u tr\u1eafng th\u1ec3 hi\u1ec7n s\u1ef1 kh\u1edfi \u0111\u1ea7u, s\u1ef1 m\u1edbi m\u1ebb v\u00e0 t\u00ednh s\u00e1ng t\u1ea1o. Vi\u1ec7c k\u1ebft h\u1ee3p h\u00e0i h\u00f2a ba t\u00f4ng m\u00e0u n\u00f3ng \u2013 l\u1ea1nh \u2013 trung t\u00ednh \u0111\u00e3 cho th\u1ea5y s\u1ef1 quy\u1ebft \u0111o\u00e1n c\u1ee7a ban l\u00e3nh \u0111\u1ea1o c\u00f4ng ty trong qu\u00e1 tr\u00ecnh x\u00e2y d\u1ef1ng th\u01b0\u01a1ng hi\u1ec7u.<\/p>\n<p>T\u00ean c\u00f4ng ty \u0111\u01b0\u1ee3c c\u00e1ch \u0111i\u1ec7u b\u00ean trong logo, c\u00f9ng v\u1edbi d\u00f2ng ch\u1eef \u0110\u1ee9c D\u01b0\u01a1ng m\u00e0u \u0111\u1ecf n\u1ed5i b\u1eadt c\u00f3 ngh\u0129a l\u00e0 t\u00ednh th\u1ea9m m\u1ef9, t\u00ednh ngh\u1ec7 thu\u1eadt lu\u00f4n \u0111\u01b0\u1ee3c \u0111\u1ec1 cao trong thi\u1ebft k\u1ebf n\u1ed9i th\u1ea5t.<\/p>\n<p><strong>Logo tr\u00ean s\u1ea3n ph\u1ea9m:\u00a0<\/strong>Tr\u00ean c\u00e1c s\u1ea3n ph\u1ea9m c\u1ee7a N\u1ed9i th\u1ea5t \u0110\u1ee9c D\u01b0\u01a1ng s\u1eed d\u1ee5ng logo m\u00e0u v\u00e0ng nh\u01b0 m\u1ed9t l\u1eddi cam k\u1ebft ch\u00fang t\u00f4i lu\u00f4n \u0111\u1ea3m b\u1ea3o uy t\u00edn, ch\u1ea5t l\u01b0\u1ee3ng nh\u01b0 v\u00e0ng.<\/p>\n<p>&nbsp;<\/p>\n<p><img loading=\"lazy\" class=\"wp-image-66658 aligncenter lazyloaded\" src=\"https:\/\/noithatducduong.com\/wp-content\/uploads\/2018\/02\/logoducduong.png\" sizes=\"(max-width: 306px) 100vw, 306px\" srcset=\"https:\/\/noithatducduong.com\/wp-content\/uploads\/2018\/02\/logoducduong.png 4204w, https:\/\/noithatducduong.com\/wp-content\/uploads\/2018\/02\/logoducduong-250x220.png 250w, https:\/\/noithatducduong.com\/wp-content\/uploads\/2018\/02\/logoducduong-341x300.png 341w, https:\/\/noithatducduong.com\/wp-content\/uploads\/2018\/02\/logoducduong-768x676.png 768w, https:\/\/noithatducduong.com\/wp-content\/uploads\/2018\/02\/logoducduong-1500x1320.png 1500w\" alt=\"\" width=\"306\" height=\"269\" data-lazy-srcset=\"https:\/\/noithatducduong.com\/wp-content\/uploads\/2018\/02\/logoducduong.png 4204w, https:\/\/noithatducduong.com\/wp-content\/uploads\/2018\/02\/logoducduong-250x220.png 250w, https:\/\/noithatducduong.com\/wp-content\/uploads\/2018\/02\/logoducduong-341x300.png 341w, https:\/\/noithatducduong.com\/wp-content\/uploads\/2018\/02\/logoducduong-768x676.png 768w, https:\/\/noithatducduong.com\/wp-content\/uploads\/2018\/02\/logoducduong-1500x1320.png 1500w\" data-lazy-sizes=\"(max-width: 306px) 100vw, 306px\" data-lazy-src=\"https:\/\/noithatducduong.com\/wp-content\/uploads\/2018\/02\/logoducduong.png\" data-was-processed=\"true\" \/><\/p>\n<p>&nbsp;<\/p>\n<p>Ngo\u00e0i \u00fd ngh\u0129a l\u00e0 h\u00ecnh \u1ea3nh c\u1ee7a c\u00f4ng ty, logo n\u00e0y c\u00f2n c\u00f3 vai tr\u00f2 r\u1ea5t l\u1edbn trong vi\u1ec7c chuy\u1ec3n t\u1ea3i th\u00f4ng \u0111i\u1ec7p \u0111\u1ebfn kh\u00e1ch h\u00e0ng v\u00e0 c\u00e1c \u0111\u1ed1i t\u00e1c. V\u1edbi quy\u1ebft t\u00e2m tr\u1edf th\u00e0nh nh\u00e0 cung c\u1ea5p n\u1ed9i th\u1ea5t l\u1edbn nh\u1ea5t th\u1ecb tr\u01b0\u1eddng Vi\u1ec7t Nam, N\u1ed9i th\u1ea5t \u0110\u1ee9c D\u01b0\u01a1ng lu\u00f4n ph\u1ea5n \u0111\u1ea5u kh\u00f4ng ng\u1eebng \u0111\u1ec3 t\u1ef1 l\u00e0m m\u1edbi m\u00ecnh v\u00e0 \u0111\u00e1p \u1ee9ng t\u1ed1t nh\u1ea5t c\u00e1c y\u00eau c\u1ea7u c\u1ee7a kh\u00e1ch h\u00e0ng, g\u00f3p ph\u1ea7n n\u00e2ng cao ch\u1ea5t l\u01b0\u1ee3ng cu\u1ed9c s\u1ed1ng, h\u01b0\u1edbng \u0111\u1ebfn c\u00e1c gi\u00e1 tr\u1ecb ch\u00e2n \u2013 thi\u1ec7n \u2013 m\u1ef9.<\/p>\n<p><strong>Slogan:\u00a0\u0110\u1ee8C D\u01af\u01a0NG \u2013 TH\u01af\u01a0NG HI\u1ec6U C\u1ee6A NG\u00c0NH N\u1ed8I TH\u1ea4T<\/strong><\/p>\n<p>\u2013<strong>\u00a0TH\u01af\u01a0NG HI\u1ec6U:<\/strong>\u00a0Th\u01b0\u01a1ng hi\u1ec7u \u0110\u1ee9c D\u01b0\u01a1ng l\u00e0 gi\u00e1 tr\u1ecb \u0111\u01b0\u1ee3c t\u1ea1o d\u1ef1ng t\u1eeb \u00fd th\u1ee9c v\u00e0 gi\u00e1 tr\u1ecb c\u1ed1t l\u00f5i c\u1ee7a doanh nghi\u1ec7p, l\u00e0 n\u0103ng l\u1ef1c t\u1ea1o d\u1ef1ng t\u1eeb v\u00f4 h\u00ecnh v\u00e0 h\u1eefu h\u00ecnh.<\/p>\n<p><strong>\u2013 NG\u00c0NH N\u1ed8I TH\u1ea4T:\u00a0<\/strong>Trong l\u0129nh v\u1ef1c n\u1ed9i th\u1ea5t t\u1ea1i Vi\u1ec7t Nam n\u00f3i ri\u00eang v\u00e0 th\u1ebf gi\u1edbi n\u00f3i chung, \u0110\u1ee9c D\u01b0\u01a1ng t\u1ef1 h\u00e0o \u0111\u01b0\u1ee3c \u0111\u00e0o t\u1ea1o NGH\u1ec0 NGHI\u1ec6P v\u00e0 ph\u00e1t tri\u1ec3n CHUY\u00caN NGHI\u1ec6P.<\/p>\n<p><strong>\u0110\u1ee9c D\u01b0\u01a1ng: Kh\u1eb3ng \u0111\u1ecbnh th\u01b0\u01a1ng hi\u1ec7u Leader<\/strong><\/p>\n","protected":false},"excerpt":{"rendered":"<p>C\u00f4ng ty TNHH Thi\u1ebft k\u1ebf v\u00e0 Trang tr\u00ed N\u1ed9i Ngo\u1ea1i Th\u1ea5t \u0110\u1ee9c D\u01b0\u01a1ng\u00a0c\u00f3 t\u00ean giao d\u1ecbch qu\u1ed1c t\u1ebf l\u00e0\u00a0DD \u2013 Interart Decoration and Design.Co, LTD\u00a0\u0111\u01b0\u1ee3c th\u00e0nh l\u1eadp n\u0103m 2003, theo s\u1ef1 c\u1ea5p ph\u00e9p c\u1ee7a S\u1edf K\u1ebf ho\u1ea1ch v\u00e0 \u0110\u1ea7u t\u01b0 H\u00e0 N\u1ed9i. Tr\u1ea3i qua\u00a015 n\u0103m ph\u00e1t tri\u1ec3n li\u00ean t\u1ee5c, \u0111\u1ebfn nay c\u00e1c s\u1ea3n ph\u1ea9m c\u1ee7a &#8230;<\/p>\n","protected":false},"author":1,"featured_media":0,"parent":0,"menu_order":0,"comment_status":"closed","ping_status":"closed","template":"page-left-sidebar.php","meta":[],"_links":{"self":[{"href":"https:\/\/webmaibinh.com\/w\/noithat112011\/wp-json\/wp\/v2\/pages\/59"}],"collection":[{"href":"https:\/\/webmaibinh.com\/w\/noithat112011\/wp-json\/wp\/v2\/pages"}],"about":[{"href":"https:\/\/webmaibinh.com\/w\/noithat112011\/wp-json\/wp\/v2\/types\/page"}],"author":[{"embeddable":true,"href":"https:\/\/webmaibinh.com\/w\/noithat112011\/wp-json\/wp\/v2\/users\/1"}],"replies":[{"embeddable":true,"href":"https:\/\/webmaibinh.com\/w\/noithat112011\/wp-json\/wp\/v2\/comments?post=59"}],"version-history":[{"count":0,"href":"https:\/\/webmaibinh.com\/w\/noithat112011\/wp-json\/wp\/v2\/pages\/59\/revisions"}],"wp:attachment":[{"href":"https:\/\/webmaibinh.com\/w\/noithat112011\/wp-json\/wp\/v2\/media?parent=59"}],"curies":[{"name":"wp","href":"https:\/\/api.w.org\/{rel}","templated":true}]}}