{"id":235,"date":"2019-03-20T22:41:09","date_gmt":"2019-03-20T15:41:09","guid":{"rendered":"http:\/\/noithat10.khowebseotop.vn\/?post_type=product&#038;p=235"},"modified":"2019-03-20T22:55:18","modified_gmt":"2019-03-20T15:55:18","slug":"ban-ghe-cafe-bgc71","status":"publish","type":"product","link":"https:\/\/webmaibinh.com\/w\/noithat102011\/san-pham\/ban-ghe-cafe-bgc71\/","title":{"rendered":"B\u00e0n gh\u1ebf cafe BGC71"},"content":{"rendered":"<p><strong><em>B\u1ed9\u00a0b\u00e0n gh\u1ebf cafe GBC71\u00a0gi\u00fap b\u1ea1n t\u1ea1o kh\u00f4ng gian sang tr\u1ecdng, \u1ea5m c\u00fang cho kh\u00f4ng gian qu\u00e1n c\u1ee7a b\u1ea1n v\u1eeba tinh t\u1ebf m\u00e0 kh\u00f4ng t\u1ed1n k\u00e9m qu\u00e1 nhi\u1ec1u chi ph\u00ed.<\/em><\/strong><\/p>\n<p><strong><u>Nh\u1eefng \u01b0u \u0111i\u1ec3m n\u1ed5i b\u1eadt c\u1ee7a b\u00e0n gh\u1ebf cafe BGC71:<\/u><\/strong><\/p>\n<p>&#8211; Ch\u1ec9 v\u1edbi 2 gh\u1ebf, 1 b\u00e0n tr\u00f2n nh\u01b0ng b\u1ed9\u00a0<strong>b\u00e0n gh\u1ebf BGC71<\/strong>\u00a0l\u1ea1i mang \u0111\u1ebfn kh\u00f4ng gian sang tr\u1ecdng, hi\u1ec7n \u0111\u1ea1i m\u00e0 \u0111\u1ea7y \u1ea5m c\u00fang cho qu\u00e1n s\u1eed d\u1ee5ng.<\/p>\n<p>&#8211; Gh\u1ebf \u0111\u01b0\u1ee3c thi\u1ebft k\u1ebf theo ki\u1ec3u \u0111\u01a1n gi\u1ea3n, tinh t\u1ebf v\u1edbi khung g\u1ed7 d\u1ea1ng ch\u1eef A t\u1ea1o c\u1ea3m gi\u00e1c nh\u1eb9 nh\u00e0ng cho kh\u00e1ch h\u00e0ng khi b\u01b0\u1edbc ch\u00e2n v\u00e0o qu\u00e1n c\u1ee7a b\u1ea1n.<\/p>\n<p>&#8211; B\u00ean c\u1ea1nh \u0111\u00f3, m\u1eb7t ph\u1ebf v\u00e0 ph\u1ea7n t\u1ef1a l\u01b0ng \u0111\u01b0\u1ee3c l\u00e0m t\u1eeb n\u1ec7m, hai b\u00ean \u0111\u1ec3 tay v\u1eeba t\u1ea7m, kh\u00f4ng qu\u00e1 cao n\u00ean kh\u00f4ng lo b\u1ecb m\u1ecfi tay ho\u1eb7c l\u01b0ng n\u1ebfu ng\u1ed3i qu\u00e1 l\u00e2u v\u00ec \u0111\u01b0\u1ee3c b\u1ecdc n\u1ec7m \u00eam \u00e1i.<\/p>\n<p>&#8211; Kh\u00f4ng nh\u1eefng th\u1ebf, m\u1eb7t b\u00e0n tr\u00f2n c\u1ee7a b\u1ed9\u00a0<strong>b\u00e0n gh\u1ebf BGC71<\/strong>\u00a0\u0111\u01b0\u1ee3c n\u00e2ng \u0111\u1ee1 b\u1eb1ng khung s\u1eaft 3 ch\u00e2n c\u00e2n \u0111\u1ed1i t\u1ea1o s\u1ef1 v\u1eefng ch\u1eafc cho b\u00e0n.<\/p>\n<p><strong><u>T\u00ednh \u1ee9ng d\u1ee5ng c\u1ee7a b\u00e0n gh\u1ebf cafe BGC71:<\/u><\/strong><\/p>\n<p>&#8211; \u0110\u1ed1i v\u1edbi nh\u1eefng qu\u00e1n cafe v\u0103n ph\u00f2ng, cafe s\u00e1ch, th\u00ec b\u1ed9\u00a0<strong>b\u00e0n gh\u1ebf cafe BGC71<\/strong>\u00a0s\u1ebd l\u00e0 l\u1ef1a ch\u1ecdn th\u00edch h\u1ee3p nh\u1ea5t. V\u00ec kh\u00e1ch c\u00f3 th\u1ec3 v\u1eeba nh\u00e2m nhi li cafe v\u1eeba \u0111\u1ecdc s\u00e1ch m\u00e0 kh\u00f4ng lo b\u1ecb m\u1ecfi l\u01b0ng hay kh\u00f3 ch\u1ecbu.<\/p>\n<p>&#8211; Ph\u1ea7n n\u1ec7m b\u1ecdc c\u00f3 m\u00e0u xanh nh\u1eb9 nh\u00e0ng, t\u1ea1o c\u1ea3m gi\u00e1c t\u01b0\u01a1i m\u1edbi, m\u00e1t m\u1ebb cho kh\u00e1ch ngay khi b\u01b0\u1edbc ch\u00e2n v\u00e0o qu\u00e1n.<\/p>\n<p>&#8211; Ngo\u00e0i ra, nh\u1eefng qu\u00e1n mu\u1ed1n t\u1ea1o kh\u00f4ng gian \u1ea5m c\u00fang, ri\u00eang t\u01b0 d\u00e0nh cho hai ng\u01b0\u1eddi th\u00ec c\u00f3 th\u1ec3 c\u00e2n nh\u1eafc l\u1ef1a ch\u1ecdn m\u1eabu b\u00e0n gh\u1ebf n\u00e0y.<\/p>\n<p>&#8211; \u0110\u1ed3ng th\u1eddi, tr\u1ecdng l\u01b0\u1ee3ng c\u1ee7a b\u1ed9\u00a0<strong>b\u00e0n gh\u1ebf cafe BGC71<\/strong>\u00a0c\u0169ng kh\u00f4ng qu\u00e1 n\u1eb7ng, thi\u1ebft k\u1ebf \u0111\u01a1n gi\u1ea3n n\u00ean d\u1ec5 d\u00e0ng di chuy\u1ec3n theo \u00fd kh\u00e1ch v\u00e0 d\u1ec5 d\u00e0ng v\u1ec7 sinh, lau ch\u00f9i.<\/p>\n<p>V\u1edbi t\u1ea1o h\u00ecnh \u0111\u01a1n gi\u1ea3n nh\u01b0ng t\u1ea1o \u1ea5n t\u01b0\u1ee3ng, b\u1ed9\u00a0<strong>b\u00e0n gh\u1ebf cafe BGC71<\/strong>\u00a0s\u1ebd l\u00e0 l\u1ef1a ch\u1ecdn h\u1ee3p l\u00fd d\u00e0nh cho kh\u00f4ng gian c\u1ee7a qu\u00e1n, gi\u00fap b\u1ea1n thu h\u00fat \u0111\u01b0\u1ee3c nhi\u1ec1u kh\u00e1ch h\u00e0ng v\u00e0 gi\u1eef ch\u00e2n h\u1ecd l\u1ea1i.<\/p>\n<p>M\u1eabu b\u00e0n gh\u1ebf \u0111ang \u0111\u01b0\u1ee3c nhi\u1ec1u kh\u00e1ch h\u00e0ng l\u1ef1a ch\u1ecdn<\/p>\n","protected":false},"excerpt":{"rendered":"<p>B\u00e0n gh\u1ebf cafe BGC71 thi\u1ebft k\u1ebf \u0111\u01a1n gi\u1ea3n n\u00ean d\u1ec5 d\u00e0ng di chuy\u1ec3n theo \u00fd kh\u00e1ch v\u00e0 d\u1ec5 d\u00e0ng v\u1ec7 sinh, lau ch\u00f9i, n\u1ec7m ng\u1ed3i l\u00e2u s\u1ebd t\u1ea1o c\u1ea3m gi\u00e1c tho\u1ea3i m\u00e1i<\/p>\n","protected":false},"featured_media":236,"comment_status":"open","ping_status":"closed","template":"","meta":[],"_links":{"self":[{"href":"https:\/\/webmaibinh.com\/w\/noithat102011\/wp-json\/wp\/v2\/product\/235"}],"collection":[{"href":"https:\/\/webmaibinh.com\/w\/noithat102011\/wp-json\/wp\/v2\/product"}],"about":[{"href":"https:\/\/webmaibinh.com\/w\/noithat102011\/wp-json\/wp\/v2\/types\/product"}],"replies":[{"embeddable":true,"href":"https:\/\/webmaibinh.com\/w\/noithat102011\/wp-json\/wp\/v2\/comments?post=235"}],"wp:featuredmedia":[{"embeddable":true,"href":"https:\/\/webmaibinh.com\/w\/noithat102011\/wp-json\/wp\/v2\/media\/236"}],"wp:attachment":[{"href":"https:\/\/webmaibinh.com\/w\/noithat102011\/wp-json\/wp\/v2\/media?parent=235"}],"curies":[{"name":"wp","href":"https:\/\/api.w.org\/{rel}","templated":true}]}}