{"id":231,"date":"2019-03-20T22:39:21","date_gmt":"2019-03-20T15:39:21","guid":{"rendered":"http:\/\/noithat10.khowebseotop.vn\/?post_type=product&#038;p=231"},"modified":"2019-03-20T22:57:03","modified_gmt":"2019-03-20T15:57:03","slug":"ban-ghe-cafe-bgc73","status":"publish","type":"product","link":"https:\/\/webmaibinh.com\/w\/noithat102011\/san-pham\/ban-ghe-cafe-bgc73\/","title":{"rendered":"B\u00e0n gh\u1ebf cafe BGC73"},"content":{"rendered":"<p><strong>Gi\u00e1 \u01afu \u0110\u00e3i:\u00a0ch\u01b0\u01a1ng tr\u00ecnh\u00a0\u00e1p d\u1ee5ng khi kh\u00e1ch h\u00e0ng\u00a0mua tr\u00ean 5 b\u1ed9<\/strong><\/p>\n<p>\u2013 Gh\u1ebf : 450.000 vn\u0111\/c\u00e1i<\/p>\n<p>\u2013 B\u00e0n : 600.000 vn\u0111\/c\u00e1i<\/p>\n<p>K\u00edch th\u01b0\u1edbc :<\/p>\n<p>+ Gh\u1ebf : 40 x 40\u00a0x H45cm.<\/p>\n<p>+ B\u00e0n : D60 x H73cm.<\/p>\n<p dir=\"ltr\"><strong><em>B\u1ed9 b\u00e0n gh\u1ebf c\u00e0 ph\u00ea BGC73\u00a0v\u1edbi thi\u1ebft k\u1ebf \u0111\u01a1n gi\u1ea3n nh\u01b0ng kh\u00f4ng k\u00e9m ph\u1ea7n sang tr\u1ecdng s\u1ebd mang \u0111\u1ebfn cho qu\u00e1n b\u1ea1n m\u1ed9t n\u00e9t ri\u00eang kh\u00f4ng th\u1ec3 tr\u1ed9n l\u1eabn.<\/em><\/strong><\/p>\n<p dir=\"ltr\"><strong>Nh\u1eefng \u01b0u \u0111i\u1ec3m n\u1ed5i b\u1eadt c\u1ee7a b\u1ed9 b\u00e0n gh\u1ebf c\u00e0 ph\u00ea BGC73<\/strong><\/p>\n<p dir=\"ltr\">&#8211; B\u1ed9 b\u00e0n gh\u1ebf c\u00e0 ph\u00ea BGC73 \u0111\u01b0\u1ee3c l\u00e0m t\u1eeb g\u1ed7 \u0111\u00e3 \u0111\u01b0\u1ee3c x\u1eed l\u00fd phun s\u01a1n ch\u1ed1ng th\u1ea5m n\u01b0\u1edbc v\u00e0 \u1ea9m m\u1ed1c.<\/p>\n<p dir=\"ltr\">&#8211; B\u00ean c\u1ea1nh \u0111\u00f3, m\u1eb7t b\u00e0n tr\u00f2n v\u00e0 gh\u1ebf v\u1edbi m\u00e0u n\u00e2u v\u00e0ng \u0111\u1eb7c tr\u01b0ng t\u1ea1o s\u1ef1 m\u1ed9c m\u1ea1c, g\u1ea7n g\u0169i.<\/p>\n<p dir=\"ltr\">&#8211; M\u1eb7t b\u00e0n v\u00e0 m\u1eb7t gh\u1ebf n\u1ed5i b\u1eadt v\u1edbi nh\u1eefng hoa v\u0103n s\u1eafc n\u00e9t c\u1ee7a v\u00e2n g\u1ed7.<\/p>\n<p dir=\"ltr\">&#8211; Ch\u00e2n b\u00e0n \u0111\u01b0\u1ee3c l\u00e0m t\u1eeb nh\u1eefng thanh s\u1eaft \u0111\u00f4i, 3 ch\u00e2n b\u00e0n t\u1ea1o th\u00e0nh h\u00ecnh tam gi\u00e1c \u0111\u01b0\u1ee3c l\u1ed3ng gh\u00e9p kh\u00e9o l\u00e9o gi\u00fap b\u00e0n tr\u1edf n\u00ean v\u1eefng ch\u1eafc h\u01a1n.<\/p>\n<p dir=\"ltr\">&#8211; Ngo\u00e0i ra, m\u1eb7t gh\u1ebf ng\u1ed3i h\u00ecnh vu\u00f4ng c\u00f9ng ph\u1ea7n t\u1ef1a l\u01b0ng b\u1eb1ng s\u1eaft l\u1edbn h\u01a1i cong nh\u1eb9, t\u1ea1o s\u1ef1 tho\u1ea3i m\u00e1i cho ng\u01b0\u1eddi ng\u1ed3i.<\/p>\n<p dir=\"ltr\">&#8211; Ch\u00e2n gh\u1ebf b\u1eb1ng s\u1eaft \u0111\u01b0\u1ee3c phun s\u01a1n t\u0129nh \u0111i\u1ec7n h\u00ecnh ch\u1eef n, gi\u00fap gh\u1ebf c\u00f3 th\u1ec3 c\u00e2n b\u1eb1ng \u1edf m\u1ecdi \u0111\u1ecba h\u00ecnh.<\/p>\n<p dir=\"ltr\"><strong>T\u00ednh \u1ee9ng d\u1ee5ng c\u1ee7a b\u1ed9 b\u00e0n gh\u1ebf c\u00e0 ph\u00ea BGC73<\/strong><\/p>\n<p dir=\"ltr\">&#8211; Nh\u1eefng qu\u00e1n \u01b0a chu\u1ed9ng phong c\u00e1ch sang tr\u1ecdng, tinh t\u1ebf nh\u01b0 nh\u1eefng qu\u00e1n c\u00e0 ph\u00ea v\u0103n ph\u00f2ng th\u00ec b\u00e0n gh\u1ebf c\u00e0 ph\u00ea BGC73 l\u00e0 m\u1ed9t s\u1ef1 l\u1ef1a ch\u1ecdn v\u00f4 c\u00f9ng tuy\u1ec7t v\u1eddi.<\/p>\n<p dir=\"ltr\">&#8211; T\u1ea1o h\u00ecnh \u0111\u01a1n gi\u1ea3n, ph\u00f9 h\u1ee3p cho nh\u1eefng qu\u00e1n c\u00f3 kh\u00f4ng gian nh\u1ecf h\u1eb9p. C\u00e1c b\u1ea1n c\u00f3 th\u1ec3 \u0111\u1eb7t b\u1ed9 b\u00e0n gh\u1ebf n\u00e0y \u1edf ban c\u00f4ng ho\u1eb7c g\u1ea7n c\u1eeda s\u1ed5 \u0111\u1ec1u \u0111\u01b0\u1ee3c \u0111\u1ea5y!<\/p>\n<p dir=\"ltr\">V\u1edbi thi\u1ebft k\u1ebf b\u1eaft m\u1eaft b\u1ed9 b\u00e0n gh\u1ebf c\u00e0 ph\u00ea BGC73 s\u1ebd gi\u00fap qu\u00e1n b\u1ea1n n\u1ed5i b\u1eadt, t\u1ea1o \u0111i\u1ec3m nh\u1ea5n v\u00e0 thu h\u00fat nhi\u1ec1u kh\u00e1ch h\u00e0ng h\u01a1n.<\/p>\n<p dir=\"ltr\">M\u1eabu b\u00e0n gh\u1ebf \u0111ang \u0111\u01b0\u1ee3c nhi\u1ec1u kh\u00e1ch h\u00e0ng l\u1ef1a ch\u1ecdn t\u1ea1i n\u1ed9i th\u1ea5t S\u01a1n Kim:<\/p>\n<p><img src=\"https:\/\/noithatsonkim.vn\/upload\/images\/product\/ban-ghe-cafe-bgc73-1.jpg\" alt=\"\" \/><\/p>\n<p><em>H\u00ecnh 1: B\u00e0n gh\u1ebf cafe bgc73<\/em><\/p>\n<p>&nbsp;<\/p>\n<p><img src=\"https:\/\/noithatsonkim.vn\/upload\/images\/product\/ban-ghe-cafe-bgc73-2.jpg\" alt=\"\" \/><\/p>\n<p><em>H\u00ecnh 2: B\u00e0n gh\u1ebf cafe bgc73<\/em><\/p>\n","protected":false},"excerpt":{"rendered":"<p dir=\"ltr\">&#8211; Ch\u00e2n b\u00e0n \u0111\u01b0\u1ee3c l\u00e0m t\u1eeb nh\u1eefng thanh s\u1eaft \u0111\u00f4i, 3 ch\u00e2n b\u00e0n t\u1ea1o th\u00e0nh h\u00ecnh tam gi\u00e1c \u0111\u01b0\u1ee3c l\u1ed3ng gh\u00e9p kh\u00e9o l\u00e9o gi\u00fap b\u00e0n tr\u1edf n\u00ean v\u1eefng ch\u1eafc h\u01a1n.<\/p>\n<p dir=\"ltr\">&#8211; Ngo\u00e0i ra, m\u1eb7t gh\u1ebf ng\u1ed3i h\u00ecnh vu\u00f4ng c\u00f9ng ph\u1ea7n t\u1ef1a l\u01b0ng b\u1eb1ng s\u1eaft l\u1edbn h\u01a1i cong nh\u1eb9, t\u1ea1o s\u1ef1 tho\u1ea3i m\u00e1i cho ng\u01b0\u1eddi ng\u1ed3i.<\/p>\n<p dir=\"ltr\">&#8211; Ch\u00e2n gh\u1ebf b\u1eb1ng s\u1eaft \u0111\u01b0\u1ee3c phun s\u01a1n t\u0129nh \u0111i\u1ec7n h\u00ecnh ch\u1eef n, gi\u00fap gh\u1ebf c\u00f3 th\u1ec3 c\u00e2n b\u1eb1ng \u1edf m\u1ecdi \u0111\u1ecba h\u00ecnh.<\/p>\n","protected":false},"featured_media":232,"comment_status":"open","ping_status":"closed","template":"","meta":[],"_links":{"self":[{"href":"https:\/\/webmaibinh.com\/w\/noithat102011\/wp-json\/wp\/v2\/product\/231"}],"collection":[{"href":"https:\/\/webmaibinh.com\/w\/noithat102011\/wp-json\/wp\/v2\/product"}],"about":[{"href":"https:\/\/webmaibinh.com\/w\/noithat102011\/wp-json\/wp\/v2\/types\/product"}],"replies":[{"embeddable":true,"href":"https:\/\/webmaibinh.com\/w\/noithat102011\/wp-json\/wp\/v2\/comments?post=231"}],"wp:featuredmedia":[{"embeddable":true,"href":"https:\/\/webmaibinh.com\/w\/noithat102011\/wp-json\/wp\/v2\/media\/232"}],"wp:attachment":[{"href":"https:\/\/webmaibinh.com\/w\/noithat102011\/wp-json\/wp\/v2\/media?parent=231"}],"curies":[{"name":"wp","href":"https:\/\/api.w.org\/{rel}","templated":true}]}}