{"id":225,"date":"2019-03-20T22:36:15","date_gmt":"2019-03-20T15:36:15","guid":{"rendered":"http:\/\/noithat10.khowebseotop.vn\/?post_type=product&#038;p=225"},"modified":"2019-03-20T22:58:27","modified_gmt":"2019-03-20T15:58:27","slug":"ban-ghe-cafe-bgc76","status":"publish","type":"product","link":"https:\/\/webmaibinh.com\/w\/noithat102011\/san-pham\/ban-ghe-cafe-bgc76\/","title":{"rendered":"B\u00e0n gh\u1ebf cafe BGC76"},"content":{"rendered":"<h3>Ch\u1ea5t li\u1ec7u s\u1eed d\u1ee5ng cho b\u1ed9 b\u00e0n gh\u1ebf l\u1ea9u n\u01b0\u1edbng CF107:<\/h3>\n<p>CF107 l\u00e0 \u0111i\u1ec3n h\u00ecnh c\u1ee7a m\u1ed9t\u00a0m\u1eabu b\u00e0n gh\u1ebf ch\u00e2n s\u1eaft m\u1eb7t g\u1ed7\u00a0\u0111\u01b0\u1ee3c \u01b0a chu\u1ed9ng nh\u1ea5t. Khung s\u1eaft ch\u1eafc kho\u1ebb \u0111\u01b0\u1ee3c s\u01a1n t\u0129nh \u0111i\u1ec7n \u0111em t\u1edbi l\u1edbp b\u1ea3o v\u1ec7 ho\u00e0n h\u1ea3o, ch\u1ed1ng l\u1ea1i oxi ho\u00e1, mu\u1ed1i x\u00e2m h\u1ea1i, r\u1ec9 s\u00e9t\u2026 M\u1eb7t g\u1ed7 \u0111\u01b0\u1ee3c l\u00e0m b\u1eb1ng nan g\u1ed7, pallet g\u1ed7 tuy\u1ec3n ch\u1ecdn. Gi\u00fap s\u1ea3n ph\u1ea9m c\u00f3 \u0111\u01b0\u1ee3c c\u1ea3m gi\u00e1c \u1ea5m \u00e1p v\u1ec1 \u0111\u00f4ng, m\u00e1t m\u1ebb tr\u1eddi h\u00e8.<\/p>\n<h3>Thi\u1ebft k\u1ebf s\u1eed d\u1ee5ng cho b\u1ed9 b\u00e0n gh\u1ebf l\u1ea9u n\u01b0\u1edbng CF107:<\/h3>\n<ul>\n<li>Mang \u0111\u1eadm phong c\u00e1ch c\u00f4ng nghi\u1ec7p v\u1edbi nh\u1eefng n\u00e9t vu\u00f4ng v\u1ee9c, kho\u1ebb kho\u1eafn t\u1eeb ch\u1ea5t li\u1ec7u g\u1ed7 v\u00e0 s\u1eaft. CF107 ph\u00f9 h\u1ee3p nh\u1ea5t cho nh\u1eefng qu\u00e1n \u0103n b\u00ecnh d\u00e2n, qu\u00e1n l\u1ea9u n\u01b0\u1edbng phong c\u00e1ch v\u1ec9a h\u00e8 b\u1ee5i b\u1eb7m, ch\u00e1t l\u1eeb.<\/li>\n<li>B\u00e0n \u0111\u01b0\u1ee3c thi\u1ebft k\u1ebf 2 ch\u00e2n ho\u1eb7c 4 ch\u00e2n tu\u1ef3 theo y\u00eau c\u1ea7u c\u1ee7a kh\u00e1ch h\u00e0ng. V\u1edbi thi\u1ebft k\u1ebf 4 ch\u00e2n th\u00f4ng d\u1ee5ng b\u00e0n l\u1ea9u n\u01b0\u1edbng c\u00f3 v\u1ebb v\u1eefng ch\u00e3i h\u01a1n, tuy nhi\u00ean \u0111\u00e2y l\u00e0 m\u1eabu kh\u00e1 th\u00f4ng d\u1ee5ng. N\u1ebfu b\u1ea1n mu\u1ed1n ch\u00fang c\u00f3 ph\u1ea7n \u0111\u1ed9c \u0111\u00e1o \u1ea5n t\u01b0\u1ee3ng h\u01a1n h\u00e3y s\u1eed d\u1ee5ng thi\u1ebft k\u1ebf 2 ch\u00e2n v\u1edbi n\u00e9t \u0111\u1eb9p sang tr\u1ecdng. M\u1eb7t b\u00e0n \u0111\u01b0\u1ee3c kho\u00e9t l\u1ed7 \u0111\u1eb7t b\u1ebfp \u00e2m b\u00e0n theo \u0111\u00fang ti\u00eau chu\u1ea9n k\u1ef9 thu\u1eadt c\u1ee7a b\u1ebfp n\u01b0\u1edbng.<\/li>\n<\/ul>\n","protected":false},"excerpt":{"rendered":"<p>CF107 l\u00e0 \u0111i\u1ec3n h\u00ecnh c\u1ee7a m\u1ed9t\u00a0m\u1eabu b\u00e0n gh\u1ebf ch\u00e2n s\u1eaft m\u1eb7t g\u1ed7\u00a0\u0111\u01b0\u1ee3c \u01b0a chu\u1ed9ng nh\u1ea5t. Khung s\u1eaft ch\u1eafc kho\u1ebb \u0111\u01b0\u1ee3c s\u01a1n t\u0129nh \u0111i\u1ec7n \u0111em t\u1edbi l\u1edbp b\u1ea3o v\u1ec7 ho\u00e0n h\u1ea3o, ch\u1ed1ng l\u1ea1i oxi ho\u00e1, mu\u1ed1i x\u00e2m h\u1ea1i, r\u1ec9 s\u00e9t\u2026 M\u1eb7t g\u1ed7 \u0111\u01b0\u1ee3c l\u00e0m b\u1eb1ng nan g\u1ed7, pallet g\u1ed7 tuy\u1ec3n ch\u1ecdn. Gi\u00fap s\u1ea3n ph\u1ea9m c\u00f3 \u0111\u01b0\u1ee3c c\u1ea3m gi\u00e1c \u1ea5m \u00e1p v\u1ec1 \u0111\u00f4ng, m\u00e1t m\u1ebb tr\u1eddi h\u00e8.<\/p>\n","protected":false},"featured_media":226,"comment_status":"open","ping_status":"closed","template":"","meta":[],"_links":{"self":[{"href":"https:\/\/webmaibinh.com\/w\/noithat102011\/wp-json\/wp\/v2\/product\/225"}],"collection":[{"href":"https:\/\/webmaibinh.com\/w\/noithat102011\/wp-json\/wp\/v2\/product"}],"about":[{"href":"https:\/\/webmaibinh.com\/w\/noithat102011\/wp-json\/wp\/v2\/types\/product"}],"replies":[{"embeddable":true,"href":"https:\/\/webmaibinh.com\/w\/noithat102011\/wp-json\/wp\/v2\/comments?post=225"}],"wp:featuredmedia":[{"embeddable":true,"href":"https:\/\/webmaibinh.com\/w\/noithat102011\/wp-json\/wp\/v2\/media\/226"}],"wp:attachment":[{"href":"https:\/\/webmaibinh.com\/w\/noithat102011\/wp-json\/wp\/v2\/media?parent=225"}],"curies":[{"name":"wp","href":"https:\/\/api.w.org\/{rel}","templated":true}]}}