{"id":223,"date":"2019-03-20T22:35:02","date_gmt":"2019-03-20T15:35:02","guid":{"rendered":"http:\/\/noithat10.khowebseotop.vn\/?post_type=product&#038;p=223"},"modified":"2019-03-20T22:58:49","modified_gmt":"2019-03-20T15:58:49","slug":"ban-ghe-cafe-bgc77","status":"publish","type":"product","link":"https:\/\/webmaibinh.com\/w\/noithat102011\/san-pham\/ban-ghe-cafe-bgc77\/","title":{"rendered":"B\u00e0n gh\u1ebf cafe BGC77"},"content":{"rendered":"<h3>\u2013 Ch\u1ea5t li\u1ec7u s\u1eed d\u1ee5ng cho b\u1ed9 b\u00e0n gh\u1ebf l\u1ea9u n\u01b0\u1edbng CF107:<\/h3>\n<p>CF107 l\u00e0 \u0111i\u1ec3n h\u00ecnh c\u1ee7a m\u1ed9t\u00a0m\u1eabu b\u00e0n gh\u1ebf ch\u00e2n s\u1eaft m\u1eb7t g\u1ed7\u00a0\u0111\u01b0\u1ee3c \u01b0a chu\u1ed9ng nh\u1ea5t. Khung s\u1eaft ch\u1eafc kho\u1ebb \u0111\u01b0\u1ee3c s\u01a1n t\u0129nh \u0111i\u1ec7n \u0111em t\u1edbi l\u1edbp b\u1ea3o v\u1ec7 ho\u00e0n h\u1ea3o, ch\u1ed1ng l\u1ea1i oxi ho\u00e1, mu\u1ed1i x\u00e2m h\u1ea1i, r\u1ec9 s\u00e9t\u2026 M\u1eb7t g\u1ed7 \u0111\u01b0\u1ee3c l\u00e0m b\u1eb1ng nan g\u1ed7, pallet g\u1ed7 tuy\u1ec3n ch\u1ecdn. Gi\u00fap s\u1ea3n ph\u1ea9m c\u00f3 \u0111\u01b0\u1ee3c c\u1ea3m gi\u00e1c \u1ea5m \u00e1p v\u1ec1 \u0111\u00f4ng, m\u00e1t m\u1ebb tr\u1eddi h\u00e8.<\/p>\n<h3>\u2013 Thi\u1ebft k\u1ebf s\u1eed d\u1ee5ng cho b\u1ed9 b\u00e0n gh\u1ebf l\u1ea9u n\u01b0\u1edbng CF107:<\/h3>\n<ul>\n<li>Mang \u0111\u1eadm phong c\u00e1ch c\u00f4ng nghi\u1ec7p v\u1edbi nh\u1eefng n\u00e9t vu\u00f4ng v\u1ee9c, kho\u1ebb kho\u1eafn t\u1eeb ch\u1ea5t li\u1ec7u g\u1ed7 v\u00e0 s\u1eaft. CF107 ph\u00f9 h\u1ee3p nh\u1ea5t cho nh\u1eefng qu\u00e1n \u0103n b\u00ecnh d\u00e2n, qu\u00e1n l\u1ea9u n\u01b0\u1edbng phong c\u00e1ch v\u1ec9a h\u00e8 b\u1ee5i b\u1eb7m, ch\u00e1t l\u1eeb.<\/li>\n<li>B\u00e0n \u0111\u01b0\u1ee3c thi\u1ebft k\u1ebf 2 ch\u00e2n ho\u1eb7c 4 ch\u00e2n tu\u1ef3 theo y\u00eau c\u1ea7u c\u1ee7a kh\u00e1ch h\u00e0ng. V\u1edbi thi\u1ebft k\u1ebf 4 ch\u00e2n th\u00f4ng d\u1ee5ng b\u00e0n l\u1ea9u n\u01b0\u1edbng c\u00f3 v\u1ebb v\u1eefng ch\u00e3i h\u01a1n, tuy nhi\u00ean \u0111\u00e2y l\u00e0 m\u1eabu kh\u00e1 th\u00f4ng d\u1ee5ng. N\u1ebfu b\u1ea1n mu\u1ed1n ch\u00fang c\u00f3 ph\u1ea7n \u0111\u1ed9c \u0111\u00e1o \u1ea5n t\u01b0\u1ee3ng h\u01a1n h\u00e3y s\u1eed d\u1ee5ng thi\u1ebft k\u1ebf 2 ch\u00e2n v\u1edbi n\u00e9t \u0111\u1eb9p sang tr\u1ecdng. M\u1eb7t b\u00e0n \u0111\u01b0\u1ee3c kho\u00e9t l\u1ed7 \u0111\u1eb7t b\u1ebfp \u00e2m b\u00e0n theo \u0111\u00fang ti\u00eau chu\u1ea9n k\u1ef9 thu\u1eadt c\u1ee7a b\u1ebfp n\u01b0\u1edbng.<\/li>\n<\/ul>\n<figure id=\"attachment_2371\" class=\"wp-caption aligncenter\"><img loading=\"lazy\" class=\"wp-image-2371 size-full\" title=\"B\u00e0n gh\u1ebf l\u1ea9u n\u01b0\u1edbng CF107 \u0111\u1eb9p gi\u00e1 r\u1ebb, ti\u1ebft ki\u1ec7m chi ph\u00ed \u0111\u1ea7u t\u01b0 cho qu\u00e1n l\u1ea9u n\u01b0\u1edbng \" src=\"https:\/\/noithatmocstyle.vn\/wp-content\/uploads\/2018\/09\/B%C3%A0n-gh%E1%BA%BF-l%E1%BA%A9u-n%C6%B0%E1%BB%9Bng-CF107-gi%C3%A1-r%E1%BA%BB.jpg\" sizes=\"(max-width: 650px) 100vw, 650px\" srcset=\"https:\/\/noithatmocstyle.vn\/wp-content\/uploads\/2018\/09\/B\u00e0n-gh\u1ebf-l\u1ea9u-n\u01b0\u1edbng-CF107-gi\u00e1-r\u1ebb.jpg 650w, https:\/\/noithatmocstyle.vn\/wp-content\/uploads\/2018\/09\/B\u00e0n-gh\u1ebf-l\u1ea9u-n\u01b0\u1edbng-CF107-gi\u00e1-r\u1ebb-300x231.jpg 300w\" alt=\"B\u00e0n gh\u1ebf l\u1ea9u n\u01b0\u1edbng CF107 \u0111\u1eb9p gi\u00e1 r\u1ebb, ti\u1ebft ki\u1ec7m chi ph\u00ed \u0111\u1ea7u t\u01b0 cho qu\u00e1n l\u1ea9u n\u01b0\u1edbng \" width=\"650\" height=\"500\" \/><figcaption class=\"wp-caption-text\">B\u00e0n gh\u1ebf l\u1ea9u n\u01b0\u1edbng CF107 \u0111\u1eb9p gi\u00e1 r\u1ebb, ti\u1ebft ki\u1ec7m chi ph\u00ed \u0111\u1ea7u t\u01b0 cho qu\u00e1n l\u1ea9u n\u01b0\u1edbng<\/figcaption><\/figure>\n<h2>2. \u01afu \u0111i\u1ec3m c\u1ee7a b\u1ed9 b\u00e0n gh\u1ebf l\u1ea9u n\u01b0\u1edbng CF107:<\/h2>\n<ul>\n<li>C\u00f3 th\u1ec3 n\u00f3i CF107 l\u00e0 m\u1eabu b\u00e0n gh\u1ebf d\u00e0nh cho qu\u00e1n l\u1ea9u n\u01b0\u1edbng gi\u00e1 r\u1ebb nh\u1ea5t v\u00e0 \u0111\u01b0\u1ee3c s\u1eed d\u1ee5ng nhi\u1ec1u nh\u1ea5t. V\u1edbi nh\u00f3m kh\u00e1ch h\u00e0ng h\u01b0\u1edbng t\u1edbi l\u00e0 gi\u1edbi v\u0103n ph\u00f2ng, gia \u0111\u00ecnh, nh\u00f3m \u0103n nh\u1eadu c\u00f3 m\u1ee9c thu nh\u1eadp trung b\u00ecnh th\u00ec \u0111\u00e2y l\u00e0 l\u1ef1a ch\u1ecdn kh\u00f4ng th\u1ec3 t\u1ed1t h\u01a1n.<\/li>\n<li>Si\u00eau b\u1ec1n, si\u00eau kho\u1ebb, tu\u1ed5i th\u1ecd cao.<\/li>\n<li>D\u1ec5 d\u00e0ng lau ch\u00f9i, v\u1ec7 sinh, d\u1ecdn d\u1eb9p.<\/li>\n<li>Thi\u1ebft k\u1ebf \u0111\u1eb9p m\u1ed9c m\u1ea1c, gi\u1ea3n d\u1ecb \u0111\u00fang phong c\u00e1ch.<\/li>\n<\/ul>\n<p>Ch\u1ecdn ngay m\u1eabu b\u00e0n gh\u1ebf l\u1ea9u n\u01b0\u1edbng CF107 t\u1ea1i\u00a0<em><strong>N\u1ed9i th\u1ea5t M\u1ed9c Style<\/strong><\/em>\u00a0\u0111\u1ec3 nh\u1eadn \u0111\u01b0\u1ee3c s\u1ea3n ph\u1ea9m v\u1edbi gi\u00e1 r\u1ebb nh\u1ea5t, ch\u1ea5t l\u01b0\u1ee3ng t\u1ed1t nh\u1ea5t cungg ch\u00ednh s\u00e1ch b\u1ea3o h\u00e0nh, ch\u0103m s\u00f3c t\u1eadn t\u00e2m. S\u1ed1 Hotline li\u00ean h\u1ec7:\u00a0<strong>0965.382.399<\/strong><\/p>\n","protected":false},"excerpt":{"rendered":"<p>Chuy\u00ean sx b\u00e0n gh\u1ebf cafe \u0111\u1eb9p v\u1edbi gi\u00e1 t\u1ed1t nh\u1ea5t. G\u1ecdi ngay \u0111\u1ec3 \u0111\u01b0\u1ee3c t\u01b0 v\u1ea5n &amp; \u01b0u \u0111\u00e3i. Gi\u00e1 s\u1ec9 cho m\u1ecdi \u0111\u01a1n h\u00e0ng. \u01afu \u0111\u00e3i khi g\u1ecdi tr\u1ef1c ti\u1ebfp. B\u1ea3o h\u00e0nh 365 ng\u00e0y. Giao h\u00e0ng to\u00e0n qu\u1ed1c.<\/p>\n","protected":false},"featured_media":224,"comment_status":"open","ping_status":"closed","template":"","meta":[],"_links":{"self":[{"href":"https:\/\/webmaibinh.com\/w\/noithat102011\/wp-json\/wp\/v2\/product\/223"}],"collection":[{"href":"https:\/\/webmaibinh.com\/w\/noithat102011\/wp-json\/wp\/v2\/product"}],"about":[{"href":"https:\/\/webmaibinh.com\/w\/noithat102011\/wp-json\/wp\/v2\/types\/product"}],"replies":[{"embeddable":true,"href":"https:\/\/webmaibinh.com\/w\/noithat102011\/wp-json\/wp\/v2\/comments?post=223"}],"wp:featuredmedia":[{"embeddable":true,"href":"https:\/\/webmaibinh.com\/w\/noithat102011\/wp-json\/wp\/v2\/media\/224"}],"wp:attachment":[{"href":"https:\/\/webmaibinh.com\/w\/noithat102011\/wp-json\/wp\/v2\/media?parent=223"}],"curies":[{"name":"wp","href":"https:\/\/api.w.org\/{rel}","templated":true}]}}