{"id":68,"date":"2019-03-20T10:12:03","date_gmt":"2019-03-20T03:12:03","guid":{"rendered":"http:\/\/noithat10.khowebseotop.vn\/?page_id=68"},"modified":"2020-05-08T18:16:44","modified_gmt":"2020-05-08T11:16:44","slug":"lien-he","status":"publish","type":"page","link":"https:\/\/webmaibinh.com\/w\/noithat102011\/lien-he\/","title":{"rendered":"Li\u00ean h\u1ec7"},"content":{"rendered":"<div class=\"row\"  id=\"row-192219324\">\n\n\t<div id=\"col-727505925\" class=\"col small-12 large-12\"  >\n\t\t<div class=\"col-inner\"  >\n\t\t\t\n\t\t\t\n\t<div class=\"img has-hover x md-x lg-x y md-y lg-y\" id=\"image_965062838\">\n\t\t\t\t\t\t\t\t<div class=\"img-inner dark\" >\n\t\t\t<img width=\"1920\" height=\"490\" src=\"https:\/\/webmaibinh.com\/w\/noithat102011\/wp-content\/uploads\/2019\/03\/SLIDER.jpg\" class=\"attachment-original size-original\" alt=\"N\u1ed9i th\u1ea5t m\u1ed9c style\" loading=\"lazy\" srcset=\"https:\/\/webmaibinh.com\/w\/noithat102011\/wp-content\/uploads\/2019\/03\/SLIDER.jpg 1920w, https:\/\/webmaibinh.com\/w\/noithat102011\/wp-content\/uploads\/2019\/03\/SLIDER-510x130.jpg 510w, https:\/\/webmaibinh.com\/w\/noithat102011\/wp-content\/uploads\/2019\/03\/SLIDER-300x77.jpg 300w, https:\/\/webmaibinh.com\/w\/noithat102011\/wp-content\/uploads\/2019\/03\/SLIDER-768x196.jpg 768w, https:\/\/webmaibinh.com\/w\/noithat102011\/wp-content\/uploads\/2019\/03\/SLIDER-1024x261.jpg 1024w\" sizes=\"(max-width: 1920px) 100vw, 1920px\" \/>\t\t\t\t\t\t\n\t\t\t\t\t<\/div>\n\t\t\t\t\t\t\t\t\n<style>\n#image_965062838 {\n  width: 100%;\n}\n<\/style>\n\t<\/div>\n\t\n\t\t<\/div>\n\t\t\t<\/div>\n\n\t\n\n\t<div id=\"col-264809735\" class=\"col medium-7 small-12 large-7\"  >\n\t\t<div class=\"col-inner\"  >\n\t\t\t\n\t\t\t\n<p><span style=\"font-size: 95%;\"><strong><em>N\u1ed9i th\u1ea5t M\u1ed9c Style\u00a0<\/em>t\u1ef1 h\u00e0o l\u00e0 x\u01b0\u1edfng s\u1ea3n xu\u1ea5t n\u1ed9i th\u1ea5t gi\u00e1 r\u1ebb nh\u1ea5t mi\u1ec1n B\u1eafc<\/strong>. V\u1edbi h\u1ec7 th\u1ed1ng nh\u00e0 x\u01b0\u1edfng m\u00e1y m\u00f3c \u0111\u01b0\u1ee3c trang b\u1ecb hi\u1ec7n \u0111\u1ea1i, \u0111\u1ed9i ng\u0169 ki\u1ebfn tr\u00fac s\u01b0 gi\u00e0u kinh nghi\u1ec7m, \u0111\u1ea7y s\u1ee9c s\u00e1ng t\u1ea1o c\u00f9ng c\u00e1c b\u1eadc th\u1ee3 l\u00e0nh ngh\u1ec1 t\u1eadn t\u00e2m. Ch\u00fang t\u00f4i lu\u00f4n n\u1ed7 l\u1ef1c t\u1ea1o ra nh\u1eefng s\u1ea3n ph\u1ea9m n\u1ed9i th\u1ea5t ch\u1ea5t l\u01b0\u1ee3ng cao, ki\u1ec3u c\u00e1ch \u0111\u1eb9p, \u0111\u1ed9c \u0111\u00e1o, \u1ea5n t\u01b0\u1ee3ng c\u00f9ng vi\u1ec7c \u0111i \u0111\u1ea7u v\u1ec1 gi\u00e1.\u00a0<\/span><\/p>\n<h3><span style=\"font-size: 95%;\">C\u1ea3m \u01a1n Qu\u00fd kh\u00e1ch h\u00e0ng \u0111\u00e3 quan t\u00e2m \u0111\u1ebfn s\u1ea3n ph\u1ea9m c\u1ee7a\u00a0<strong><em>N\u1ed9i th\u1ea5t M\u1ed9c Style!<\/em><\/strong><\/span><\/h3>\n<p><span style=\"font-size: 95%;\">\u0110\u1ec3 k\u1ebft n\u1ed1i tr\u1ef1c ti\u1ebfp v\u1edbi ch\u00fang t\u00f4i, Qu\u00fd kh\u00e1ch h\u00e0ng vui l\u00f2ng li\u00ean h\u1ec7 theo nh\u1eefng h\u00ecnh th\u1ee9c sau:<\/span><\/p>\n<h3><span style=\"font-size: 95%;\">1. Th\u0103m tr\u1ef1c ti\u1ebfp nh\u00e0 x\u01b0\u1edfng s\u1ea3n xu\u1ea5t t\u1ea1i \u0111\u1ecba ch\u1ec9:<\/span><\/h3>\n<p><span style=\"font-size: 95%;\">Ph\u1ea1m V\u0103n B\u1ea1ch, P. 15, Q. T\u00e2n B\u00ecnh, Tp. HCM<\/span><\/p>\n<h3><span style=\"font-size: 95%;\">2. G\u1ecdi \u0111i\u1ec7n t\u01b0 v\u1ea5n h\u1ed7 tr\u1ee3 tr\u1ef1c ti\u1ebfp qua s\u1ed1 \u0111i\u1ec7n tho\u1ea1i<\/span><\/h3>\n<p><span style=\"font-size: 95%;\">0999.999.999 &#8211; 0999.999.999<\/span><\/p>\n<h3><span style=\"font-size: 95%;\">3. K\u1ebft n\u1ed1i mi\u1ec5n ph\u00ed \u0111\u1ec3 t\u00ecm hi\u1ec3u s\u00e2u h\u01a1n qua Email:<\/span><\/h3>\n<p><span style=\"font-size: 95%;\">Email: email@gmail.com<\/span><\/p>\n\t\t<\/div>\n\t\t\t<\/div>\n\n\t\n\n\t<div id=\"col-1802579054\" class=\"col medium-5 small-12 large-5\"  >\n\t\t<div class=\"col-inner\"  >\n\t\t\t\n\t\t\t\n<h3><span style=\"color: #003366;\">Form li\u00ean h\u1ec7<\/span><\/h3>\n<p><span style=\"font-size: 95%;\">Vui l\u00f2ng ho\u00e0n t\u1ea5t form li\u00ean h\u1ec7 \u0111\u1ec3 k\u1ebft n\u1ed1i t\u1edbi ch\u00fang t\u00f4i:<\/span><\/p>\n<div role=\"form\" class=\"wpcf7\" id=\"wpcf7-f575-o1\" lang=\"vi\" dir=\"ltr\">\n<div class=\"screen-reader-response\"><p role=\"status\" aria-live=\"polite\" aria-atomic=\"true\"><\/p> <ul><\/ul><\/div>\n<form action=\"\/w\/noithat102011\/wp-json\/wp\/v2\/pages\/68#wpcf7-f575-o1\" method=\"post\" class=\"wpcf7-form init\" novalidate=\"novalidate\" data-status=\"init\">\n<div style=\"display: none;\">\n<input type=\"hidden\" name=\"_wpcf7\" value=\"575\" \/>\n<input type=\"hidden\" name=\"_wpcf7_version\" value=\"5.3\" \/>\n<input type=\"hidden\" name=\"_wpcf7_locale\" value=\"vi\" \/>\n<input type=\"hidden\" name=\"_wpcf7_unit_tag\" value=\"wpcf7-f575-o1\" \/>\n<input type=\"hidden\" name=\"_wpcf7_container_post\" value=\"0\" \/>\n<input type=\"hidden\" name=\"_wpcf7_posted_data_hash\" value=\"\" \/>\n<\/div>\n<p><span class=\"wpcf7-form-control-wrap text-494\"><input type=\"text\" name=\"text-494\" value=\"\" size=\"40\" class=\"wpcf7-form-control wpcf7-text wpcf7-validates-as-required\" aria-required=\"true\" aria-invalid=\"false\" placeholder=\"T\u00ean c\u1ee7a b\u1ea1n...\" \/><\/span><br \/>\n<span class=\"wpcf7-form-control-wrap tel-312\"><input type=\"tel\" name=\"tel-312\" value=\"\" size=\"40\" class=\"wpcf7-form-control wpcf7-text wpcf7-tel wpcf7-validates-as-required wpcf7-validates-as-tel\" aria-required=\"true\" aria-invalid=\"false\" placeholder=\"S\u1ed1 \u0111i\u1ec7n tho\u1ea1i...\" \/><\/span><br \/>\n<span class=\"wpcf7-form-control-wrap email-573\"><input type=\"email\" name=\"email-573\" value=\"\" size=\"40\" class=\"wpcf7-form-control wpcf7-text wpcf7-email wpcf7-validates-as-email\" aria-invalid=\"false\" placeholder=\"Email c\u1ee7a b\u1ea1n...\" \/><\/span><br \/>\n<input type=\"submit\" value=\"Y\u00eau c\u1ea7u t\u01b0 v\u1ea5n\" class=\"wpcf7-form-control wpcf7-submit\" \/><\/p>\n<div class=\"wpcf7-response-output\" aria-hidden=\"true\"><\/div><\/form><\/div>\n<div class=\"social-icons follow-icons full-width text-left\" ><a href=\"#\" target=\"_blank\" data-label=\"Facebook\"  rel=\"noopener noreferrer nofollow\" class=\"icon primary button circle facebook tooltip\" title=\"Follow on Facebook\"><i class=\"icon-facebook\" ><\/i><\/a><a href=\"mailto:#\" data-label=\"E-mail\"  rel=\"nofollow\" class=\"icon primary button circle  email tooltip\" title=\"Send us an email\"><i class=\"icon-envelop\" ><\/i><\/a><a href=\"tel:#\" target=\"_blank\"  data-label=\"Phone\"  rel=\"noopener noreferrer nofollow\" class=\"icon primary button circle  phone tooltip\" title=\"Call us\"><i class=\"icon-phone\" ><\/i><\/a><a href=\"#\" target=\"_blank\" rel=\"noopener noreferrer nofollow\" data-label=\"YouTube\" class=\"icon primary button circle  youtube tooltip\" title=\"Follow on YouTube\"><i class=\"icon-youtube\" ><\/i><\/a><\/div>\n\t\t<\/div>\n\t\t\t<\/div>\n\n\t\n<\/div>\n","protected":false},"excerpt":{"rendered":"","protected":false},"author":2,"featured_media":0,"parent":0,"menu_order":0,"comment_status":"closed","ping_status":"closed","template":"page-blank.php","meta":[],"_links":{"self":[{"href":"https:\/\/webmaibinh.com\/w\/noithat102011\/wp-json\/wp\/v2\/pages\/68"}],"collection":[{"href":"https:\/\/webmaibinh.com\/w\/noithat102011\/wp-json\/wp\/v2\/pages"}],"about":[{"href":"https:\/\/webmaibinh.com\/w\/noithat102011\/wp-json\/wp\/v2\/types\/page"}],"author":[{"embeddable":true,"href":"https:\/\/webmaibinh.com\/w\/noithat102011\/wp-json\/wp\/v2\/users\/2"}],"replies":[{"embeddable":true,"href":"https:\/\/webmaibinh.com\/w\/noithat102011\/wp-json\/wp\/v2\/comments?post=68"}],"version-history":[{"count":11,"href":"https:\/\/webmaibinh.com\/w\/noithat102011\/wp-json\/wp\/v2\/pages\/68\/revisions"}],"predecessor-version":[{"id":1012,"href":"https:\/\/webmaibinh.com\/w\/noithat102011\/wp-json\/wp\/v2\/pages\/68\/revisions\/1012"}],"wp:attachment":[{"href":"https:\/\/webmaibinh.com\/w\/noithat102011\/wp-json\/wp\/v2\/media?parent=68"}],"curies":[{"name":"wp","href":"https:\/\/api.w.org\/{rel}","templated":true}]}}