{"id":61,"date":"2019-03-20T10:11:29","date_gmt":"2019-03-20T03:11:29","guid":{"rendered":"http:\/\/noithat10.khowebseotop.vn\/?page_id=61"},"modified":"2019-03-21T13:21:02","modified_gmt":"2019-03-21T06:21:02","slug":"ho-so-nang-luc","status":"publish","type":"page","link":"https:\/\/webmaibinh.com\/w\/noithat102011\/ho-so-nang-luc\/","title":{"rendered":"H\u1ed3 s\u01a1 n\u0103ng l\u1ef1c"},"content":{"rendered":"<h2>I. GI\u1edaI THI\u1ec6U CHUNG<\/h2>\n<p><strong>C\u00f4ng ty thi\u1ebft k\u1ebf v\u00e0 thi c\u00f4ng n\u1ed9i ngo\u1ea1i th\u1ea5t M\u1ed9c Style<\/strong>\u00a0l\u00e0 c\u00f4ng ty h\u00e0ng \u0111\u1ea7u Vi\u1ec7t Nam trong vi\u1ec7c cung c\u1ea5p c\u00e1c gi\u1ea3i ph\u00e1p thi\u1ebft k\u1ebf v\u00e0 thi c\u00f4ng n\u1ed9i ngo\u1ea1i th\u1ea5t. Ch\u00fang t\u00f4i mang h\u1edfi th\u1edf \u201c<strong>\u0110\u1eb8P, \u0110\u1ed8C, L\u1ea0<\/strong>\u201d th\u1ed5i h\u1ed3n v\u00e0o c\u00e1c gi\u1ea3i ph\u00e1p thi\u1ebft k\u1ebf \u2013 b\u1eb1ng nh\u1eefng b\u1ed9 \u00f3c t\u00e0i ba, gi\u00e0u kinh nghi\u1ec7m c\u0169ng kh\u00f4ng k\u00e9m ph\u1ea7n s\u00e1ng t\u1ea1o c\u1ee7a c\u00e1c chuy\u00ean vi\u00ean thi\u1ebft k\u1ebf n\u1ed9i th\u1ea5t, kh\u00e9o l\u00e9o qua \u0111\u00f4i b\u00e0n tay c\u1ee7a \u0111\u1ed9i ng\u0169 nh\u00e2n vi\u00ean s\u1ea3n xu\u1ea5t v\u1edbi b\u1ec1 d\u00e0y kinh nghi\u1ec7m, n\u0103ng \u0111\u1ed9ng s\u00e1ng t\u1ea1o, tinh t\u1ebf v\u00e0 am hi\u1ec3u t\u1eebng chi ti\u1ebft c\u1ee7a s\u1ea3n ph\u1ea9m, ch\u00ednh x\u00e1c \u0111\u1ebfn t\u1eebng milimet nh\u1edd h\u1ec7 th\u1ed1ng m\u00e1y m\u00f3c nh\u00e0 x\u01b0\u1edfng ti\u00ean ti\u1ebfn, hi\u1ec7n \u0111\u1ea1i b\u1eadc nh\u1ea5t. \u0110\u1ebfn v\u1edbi\u00a0<strong>C\u00f4ng ty thi\u1ebft k\u1ebf v\u00e0 thi c\u00f4ng n\u1ed9i ngo\u1ea1i th\u1ea5t M\u1ed9c Style<\/strong>\u00a0Qu\u00fd Kh\u00e1ch h\u00e0ng s\u1ebd c\u1ea3m nh\u1eadn \u0111\u01b0\u1ee3c s\u1ef1 chuy\u00ean nghi\u1ec7p, t\u1eadn t\u00ecnh, chu \u0111\u00e1o, l\u00e0 n\u01a1i th\u1ef1c s\u1ef1 an t\u00e2m \u0111\u1ec3 trao tr\u1ecdn d\u1ef1 \u00e1n trong m\u01a1 c\u1ee7a m\u00ecnh th\u00e0nh hi\u1ec7n th\u1ef1c. Ch\u00fang t\u00f4i cam k\u1ebft\u00a0 mang \u0111\u1ebfn nh\u1eefng \u00fd t\u01b0\u1edfng \u0111\u1ed9c, l\u1ea1 \u0111\u1ea7y cu\u1ed1n h\u00fat v\u00e0 kh\u1ea3 thi, nh\u1eefng s\u1ea3n ph\u1ea9m ch\u1ea5t l\u01b0\u1ee3ng, gi\u00e1 c\u1ea3 c\u1ea1nh tranh c\u00f9ng v\u1edbi s\u1ef1 ph\u1ee5c v\u1ee5 t\u1ed1t nh\u1ea5t.<\/p>\n<p><strong>\u201cS\u1ef0 H\u00c0I L\u00d2NG C\u1ee6A QU\u00dd KH\u00c1CH H\u00c0NG L\u00c0 NI\u1ec0M T\u1ef0 H\u00c0O C\u1ee6A CH\u00daNG T\u00d4I!\u201d.<\/strong><\/p>\n<h2><strong>II. L\u0128NH V\u1ef0C HO\u1ea0T \u0110\u1ed8NG<\/strong><\/h2>\n<ol>\n<li>\n<h3>Thi\u1ebft k\u1ebf n\u1ed9i th\u1ea5t, ngo\u1ea1i th\u1ea5t:<\/h3>\n<\/li>\n<\/ol>\n<p><strong><em><u>M\u1ed9c Style<\/u><\/em><\/strong>\u00a0chuy\u00ean cung c\u1ea5p c\u00e1c gi\u1ea3i ph\u00e1p thi\u1ebft k\u1ebf:<\/p>\n<ul>\n<li>Thi\u1ebft k\u1ebf n\u1ed9i th\u1ea5t nh\u00e0 h\u00e0ng, ngo\u1ea1i th\u1ea5t nh\u00e0 h\u00e0ng, thi\u1ebft k\u1ebf nh\u00e0 h\u00e0ng;<\/li>\n<li>Thi\u1ebft k\u1ebf n\u1ed9i th\u1ea5t, ngo\u1ea1i th\u1ea5t qu\u00e1n cafe, n\u1ed9i th\u1ea5t qu\u00e1n tr\u00e0 s\u1eefa;<\/li>\n<li>Thi\u1ebft k\u1ebf n\u1ed9i th\u1ea5t, ngo\u1ea1i th\u1ea5t nh\u00e0 \u1edf: Bi\u1ec7t th\u1ef1, nh\u00e0 li\u1ec1n k\u1ec1, n\u1ed9i th\u1ea5t chung c\u01b0;<\/li>\n<li>Thi\u1ebft k\u1ebf n\u1ed9i th\u1ea5t v\u0103n ph\u00f2ng;<\/li>\n<li>\u2026<\/li>\n<\/ul>\n<ol start=\"2\">\n<li>\n<h3>S\u1ea3n xu\u1ea5t n\u1ed9i th\u1ea5t, ngo\u1ea1i th\u1ea5t:<\/h3>\n<\/li>\n<\/ol>\n<p><a href=\"https:\/\/noithatmocstyle.vn\/noi-that-nha-hang-quan-xa\/\">\u25ca N\u1ed9i th\u1ea5t nh\u00e0 h\u00e0ng, qu\u00e1n x\u00e1:<\/a><\/p>\n<p><a href=\"https:\/\/noithatmocstyle.vn\/danh-muc\/noi-that-nha-hang\/ban-ghe-cafe\/\">\u2212 B\u00e0n gh\u1ebf cafe<\/a><\/p>\n<ul>\n<li><a href=\"https:\/\/noithatmocstyle.vn\/danh-muc\/noi-that-nha-hang\/ban-ghe-cafe\/ban-ghe-go-cafe\/\">B\u00e0n gh\u1ebf g\u1ed7 cafe;<\/a><\/li>\n<li><a href=\"https:\/\/noithatmocstyle.vn\/danh-muc\/noi-that-nha-hang\/ban-ghe-cafe\/ban-ghe-khung-sat-mat-go\/\">B\u00e0n gh\u1ebf khung s\u1eaft m\u1eb7t g\u1ed7;<\/a><\/li>\n<li><a href=\"https:\/\/noithatmocstyle.vn\/danh-muc\/noi-that-nha-hang\/ban-ghe-cafe\/ban-ghe-sofa-ca-phe\/\">B\u00e0n gh\u1ebf sofa cafe;<\/a><\/li>\n<li><a href=\"https:\/\/noithatmocstyle.vn\/danh-muc\/noi-that-nha-hang\/ban-ghe-cafe\/ban-ghe-cafe-ngoai-troi\/\">B\u00e0n gh\u1ebf cafe ngo\u00e0i tr\u1eddi.<\/a><\/li>\n<\/ul>\n<p><a href=\"https:\/\/noithatmocstyle.vn\/danh-muc\/noi-that-nha-hang\/ban-cafe\/\">\u2212 B\u00e0n cafe<\/a><\/p>\n<ul>\n<li><a href=\"https:\/\/noithatmocstyle.vn\/danh-muc\/noi-that-nha-hang\/ban-cafe\/ban-cafe-go\/\">B\u00e0n cafe g\u1ed7;<\/a><\/li>\n<li><a href=\"https:\/\/noithatmocstyle.vn\/danh-muc\/noi-that-nha-hang\/ban-cafe\/ban-cafe-ngoai-troi\/\">B\u00e0n cafe ngo\u00e0i tr\u1eddi;<\/a><\/li>\n<li><a href=\"https:\/\/noithatmocstyle.vn\/danh-muc\/noi-that-nha-hang\/ban-cafe\/ban-chan-sat-mat-go\/\">B\u00e0n ch\u00e2n s\u1eaft m\u1eb7t g\u1ed7.<\/a><\/li>\n<\/ul>\n<p><a href=\"https:\/\/noithatmocstyle.vn\/danh-muc\/noi-that-nha-hang\/ghe-cafe\/\">\u2212 Gh\u1ebf cafe<\/a><\/p>\n<ul>\n<li><a href=\"https:\/\/noithatmocstyle.vn\/danh-muc\/noi-that-nha-hang\/ghe-cafe\/ghe-cafe-go\/\">Gh\u1ebf cafe g\u1ed7<\/a>;<\/li>\n<li>Gh\u1ebf cafe ngo\u00e0i tr\u1eddi;<\/li>\n<li><a href=\"https:\/\/noithatmocstyle.vn\/danh-muc\/noi-that-nha-hang\/ghe-cafe\/ghe-chan-sat-mat-go\/\">Gh\u1ebf ch\u00e2n s\u1eaft m\u1eb7t g\u1ed7<\/a>;<\/li>\n<li><a href=\"https:\/\/noithatmocstyle.vn\/danh-muc\/noi-that-nha-hang\/ghe-cafe\/ghe-sofa-cafe\/\">Gh\u1ebf sofa cafe<\/a>.<\/li>\n<\/ul>\n<p>\u2212\u00a0<a href=\"https:\/\/noithatmocstyle.vn\/danh-muc\/noi-that-nha-hang\/ban-ghe-quan-tra-sua\/\">B\u00e0n gh\u1ebf qu\u00e1n tr\u00e0 s\u1eefa<\/a>;<\/p>\n<p>\u2212 B\u00e0n gh\u1ebf qu\u00e1n bar<\/p>\n<p>\u2212<a href=\"https:\/\/noithatmocstyle.vn\/danh-muc\/noi-that-nha-hang\/ban-ghe-nha-hang\/\">\u00a0B\u00e0n gh\u1ebf nh\u00e0 h\u00e0ng, qu\u00e1n nh\u1eadu, qu\u00e1n \u0103n<\/a><\/p>\n<p>\u2212<a href=\"https:\/\/noithatmocstyle.vn\/danh-muc\/noi-that-nha-hang\/quay-bar-cafe-nha-hang\/\">\u00a0Qu\u1ea7y bar cafe, qu\u1ea7y bar nh\u00e0 h\u00e0ng<\/a>;<\/p>\n<p>\u2212\u00a0<a href=\"https:\/\/noithatmocstyle.vn\/danh-muc\/noi-that-nha-hang\/gia-ke-trang-tri\/\">Gi\u00e1, k\u1ec7 trang tr\u00ed<\/a><\/p>\n<p>\u25ca\u00a0<a href=\"https:\/\/noithatmocstyle.vn\/thi-cong-noi-that-nha-o\/\">N\u1ed9i th\u1ea5t nh\u00e0 \u1edf<\/a>:<\/p>\n<ul>\n<li><a href=\"https:\/\/noithatmocstyle.vn\/danh-muc\/noi-that-nha-o\/ban-ghe-go-phong-khach\/\">B\u00e0n gh\u1ebf ph\u00f2ng kh\u00e1ch<\/a>;<\/li>\n<li><a href=\"https:\/\/noithatmocstyle.vn\/danh-muc\/noi-that-nha-o\/ke-goc-ke-tivi\/\">K\u1ec7 g\u00f3c, k\u1ec7 tivi<\/a>;<\/li>\n<li><a href=\"https:\/\/noithatmocstyle.vn\/danh-muc\/noi-that-nha-o\/ban-ghe-an\/\">B\u00e0n gh\u1ebf \u0103n<\/a>;<\/li>\n<li><a href=\"https:\/\/noithatmocstyle.vn\/danh-muc\/noi-that-nha-o\/quay-bar-bep\/\">Qu\u1ea7y bar b\u1ebfp<\/a>;<\/li>\n<li><a href=\"https:\/\/noithatmocstyle.vn\/danh-muc\/noi-that-nha-o\/tu-bep\/\">T\u1ee7 b\u1ebfp<\/a>;<\/li>\n<li><a href=\"https:\/\/noithatmocstyle.vn\/danh-muc\/noi-that-nha-o\/tu-quan-ao\/\">T\u1ee7 qu\u1ea7n \u00e1o<\/a>;<\/li>\n<li><a href=\"https:\/\/noithatmocstyle.vn\/danh-muc\/noi-that-nha-o\/giuong-go\/\">Gi\u01b0\u1eddng g\u1ed7<\/a>;<\/li>\n<li><a href=\"https:\/\/noithatmocstyle.vn\/danh-muc\/noi-that-van-phong\/ban-lam-viec-gia-re\/\">B\u00e0n l\u00e0m vi\u1ec7c<\/a>.<\/li>\n<\/ul>\n<p>\u25ca\u00a0<a href=\"https:\/\/noithatmocstyle.vn\/thi-cong-noi-that-van-phong\/\">N\u1ed9i th\u1ea5t v\u0103n ph\u00f2ng<\/a>:<\/p>\n<ul>\n<li>B\u00e0n l\u00e0m vi\u1ec7c;<\/li>\n<li>B\u00e0n gh\u1ebf v\u0103n ph\u00f2ng;<\/li>\n<li>T\u1ee7 t\u00e0i li\u1ec7u.<\/li>\n<\/ul>\n<p>\u25ca \u1ed0p t\u01b0\u1eddng, \u1ed1p tr\u1ea7n, l\u00e1t s\u00e0n:<\/p>\n<p>\u25ca<a href=\"https:\/\/noithatmocstyle.vn\/danh-muc\/san-pham-sang-tao\/\">\u00a0S\u1ea3n ph\u1ea9m s\u00e1ng t\u1ea1o<\/a>:<\/p>\n<ul>\n<li>B\u00e0n gh\u1ebf th\u00f9ng phuy<\/li>\n<li>N\u1ed9i th\u1ea5t b\u1eb1ng l\u1ed1p \u00f4 t\u00f4 t\u00e1i ch\u1ebf<\/li>\n<li>B\u00e0n gh\u1ebf s\u00e1ng t\u1ea1o, gi\u01b0\u1eddng t\u1ee7 th\u00f4ng minh.<\/li>\n<\/ul>\n<p>\u2026..<\/p>\n<ol start=\"3\">\n<li>\n<h3>Thi c\u00f4ng, l\u1eafp \u0111\u1eb7t c\u00e1c s\u1ea3n ph\u1ea9m n\u1ed9i th\u1ea5t, ngo\u1ea1i th\u1ea5t.<\/h3>\n<\/li>\n<\/ol>\n<p>\u0110\u1ec3 \u0111\u1ea3m b\u1ea3o s\u1ea3n ph\u1ea9m \u0111\u01b0\u1ee3c tr\u1ecdn v\u1eb9n t\u1eeb kh\u00e2u l\u00ean \u00fd t\u01b0\u1edfng \u0111\u1ebfn khi th\u00e0nh hi\u1ec7n th\u1ef1c, \u0111\u1eb7t trong kh\u00f4ng gian c\u1ee7a kh\u00e1ch h\u00e0ng, ch\u00fang t\u00f4i t\u1ea1o ra d\u00e2y chuy\u1ec1n kh\u00e9p k\u00edn t\u1eeb l\u00fac l\u00ean \u00fd t\u01b0\u1edfng, s\u1ea3n xu\u1ea5t s\u1ea3n ph\u1ea9m \u0111\u1ebfn khi thi c\u00f4ng, l\u1eafp \u0111\u1eb7t s\u1ea3n ph\u1ea9m t\u1ea1i ch\u00e2n c\u00f4ng tr\u00ecnh v\u00e0 b\u00e0n giao s\u1ea3n ph\u1ea9m. Qu\u00fd kh\u00e1ch h\u00e0ng c\u00f3 th\u1ec3 ho\u00e0n to\u00e0n y\u00ean t\u00e2m s\u1ea3n ph\u1ea9m c\u1ee7a\u00a0<em><strong>N\u1ed9i th\u1ea5t M\u1ed9c Style<\/strong><\/em>\u00a0s\u1ebd chu\u1ea9n theo thi\u1ebft k\u1ebf 100%. \u0110\u1ec3 \u0111\u1ea3m b\u1ea3o quy\u1ec1n v\u00e0 l\u1ee3i \u00edch t\u1ed1i \u0111a c\u1ee7a Qu\u00fd kh\u00e1ch h\u00e0ng ch\u00fang t\u00f4i mi\u1ec5n ph\u00ed thi\u1ebft k\u1ebf,free thi c\u00f4ng l\u1eafp \u0111\u1eb7t v\u1edbi \u0111\u01a1n h\u00e0ng t\u1eeb 10 tri\u1ec7u tr\u1edf l\u00ean!<\/p>\n<h2><strong>III. NH\u00c2N S\u1ef0<\/strong><\/h2>\n<ol>\n<li>\n<h3>Nh\u00e2n s\u1ef1 thi\u1ebft k\u1ebf:<\/h3>\n<\/li>\n<\/ol>\n<ul>\n<li>V\u1edbi \u0111\u1ed9i ng\u0169 n\u00f2ng c\u1ed1t c\u1ee7a<strong><em>\u00a0M\u1ed9c Style<\/em><\/strong>: 03 ki\u1ebfn tr\u00fac s\u01b0 gi\u00e0u kinh nghi\u1ec7m, \u0111am m\u00ea, nhi\u1ec7t huy\u1ebft v\u1edbi ngh\u1ec1, v\u1edbi s\u1ef1 \u0111\u00f3ng g\u00f3p \u00fd ki\u1ebfn \u0111\u1ea7y ch\u1ea5t l\u01b0\u1ee3ng c\u1ee7a c\u00e1c chuy\u00ean vi\u00ean thi\u1ebft k\u1ebf n\u1ed9i th\u1ea5t, ngo\u1ea1i th\u1ea5t c\u1ee7a Qu\u00fd kh\u00e1ch h\u00e0ng s\u1ebd ho\u00e0n h\u1ea3o nh\u1ea5t c\u00f3 th\u1ec3.<\/li>\n<li>\u0110\u1ed3ng h\u00e0nh l\u00e0 05 ki\u1ebfn tr\u00fac s\u01b0 v\u1edbi tinh th\u1ea7n tr\u1ebb, n\u0103ng \u0111\u1ed9ng, \u0111\u1ea7y s\u1ee9c s\u00e1ng t\u1ea1o, lu\u00f4n c\u1eadp nh\u1eadt xu h\u01b0\u1edbng th\u1eddi \u0111\u1ea1i m\u1edbi nh\u1ea5t, r\u1ea5t gi\u00e0u \u00fd t\u01b0\u1edfng m\u1edbi m\u1ebb, t\u1ea1o b\u1ea1o, \u0111\u1ed9c v\u00e0 l\u1ea1 s\u1ebd ho\u00e0n thi\u1ec7n d\u1ef1 \u00e1n kinh doanh c\u1ee7a Qu\u00fd kh\u00e1ch h\u00e0ng theo h\u01b0\u1edbng \u0111\u1ed9c nh\u1ea5t v\u00e0 thu h\u00fat, h\u1ea5p d\u1eabn, \u0111\u1ec3 l\u1ea1i \u1ea5n t\u01b0\u1ee3ng s\u00e2u s\u1eafc nh\u1ea5t cho kh\u00e1ch h\u00e0ng.<\/li>\n<\/ul>\n<ol start=\"2\">\n<li>\n<h3>Nh\u00e2n s\u1ef1 s\u1ea3n xu\u1ea5t, thi c\u00f4ng, l\u1eafp \u0111\u1eb7t:<\/h3>\n<\/li>\n<\/ol>\n<ul>\n<li><em><strong>N\u1ed9i th\u1ea5t M\u1ed9c Style\u00a0<\/strong><\/em>s\u1edf h\u1eefu \u0111\u1ed9i ng\u0169 th\u1ee3 m\u1ed9c, th\u1ee3 h\u00e0n, th\u1ee3 s\u01a1n l\u00e0nh ngh\u1ec1 v\u1edbi nhi\u1ec1u n\u0103m kinh nghi\u1ec7m.<\/li>\n<li>\u0110\u1ed9i ng\u0169 th\u1ee3 c\u1ee7a ch\u00fang t\u00f4i \u0111\u00e3 s\u1ea3n xu\u1ea5t h\u00e0ng ng\u00e0n s\u1ea3n ph\u1ea9m, thi c\u00f4ng h\u00e0ng tr\u0103m d\u1ef1 \u00e1n l\u1edbn nh\u1ecf. \u201cTr\u0103m hay kh\u00f4ng b\u1eb1ng tay quen\u201d, \u0111\u1ed9i ng\u0169 th\u1ee3 c\u1ee7a M\u1ed9c Style c\u00f3 th\u1ec3 n\u00f3i l\u00e0 chuy\u00ean gia trong l\u0129nh v\u1ef1c s\u1ea3n xu\u1ea5t thi c\u00f4ng, l\u1eafp \u0111\u1eb7t. Ch\u00fang t\u00f4i bi\u1ebft s\u1ea3n ph\u1ea9m c\u1ee7a Qu\u00fd kh\u00e1ch h\u00e0ng s\u1ea3n xu\u1ea5t ra nh\u01b0 th\u1ebf n\u00e0o, l\u1eafp \u0111\u1eb7t ra sao \u0111\u1ec3 \u0111\u1ea1t \u0111\u1ed9 ho\u00e0n h\u1ea3o nh\u1ea5t, ho\u00e0n m\u1ef9 nh\u1ea5t.<\/li>\n<li>B\u1eb1ng th\u00e1i \u0111\u1ed9 t\u1eadn t\u00e2m trong c\u00f4ng vi\u1ec7c, l\u00f2ng \u0111am m\u00ea, y\u00eau v\u00e0 g\u1eafn b\u00f3 v\u1edbi ngh\u1ec1, v\u1edbi th\u00e1i \u0111\u1ed9 tr\u00e2n tr\u1ecdng nh\u1ea5t\u00a0<em><strong>N\u1ed9i th\u1ea5t M\u1ed9c Style\u00a0<\/strong><\/em>cam k\u1ebft \u0111em nh\u1eefng s\u1ea3n ph\u1ea9m ch\u1ea5t l\u01b0\u1ee3ng nh\u1ea5t, d\u1ecbch v\u1ee5 ch\u0103m s\u00f3c kh\u00e1ch h\u00e0ng chu \u0111\u00e1o nh\u1ea5t v\u1edbi gi\u00e1 r\u1ebb nh\u1ea5t t\u1edbi tay Qu\u00fd kh\u00e1ch h\u00e0ng.<\/li>\n<\/ul>\n<h2><strong>IV. NH\u00c0 X\u01af\u1edeNG, M\u00c1Y M\u00d3C:<\/strong><\/h2>\n<p>To\u1ea1 l\u1ea1c tr\u00ean m\u1ea3nh \u0111\u1ea5t r\u1ed9ng g\u1ea7n 1000m2, s\u00e1t tr\u1ee5c \u0111\u01b0\u1eddng ch\u00ednh, giao th\u00f4ng thu\u1eadn l\u1ee3i t\u1ea1i \u0111\u1ecba ch\u1ec9 \u0110\u1ed9i 8, C\u00e1t Qu\u1ebf, Ho\u00e0i \u0110\u1ee9c, H\u00e0 N\u1ed9i, x\u01b0\u1edfng s\u1ea3n xu\u1ea5t c\u1ee7a\u00a0<em><strong>M\u1ed9c Style<\/strong><\/em>\u00a0\u0111\u01b0\u1ee3c x\u00e2y d\u1ef1ng tr\u00ean d\u01b0\u1edbi 10 n\u0103m ho\u1ea1t \u0111\u1ed9ng \u1ed5n \u0111\u1ecbnh v\u00e0 n\u0103ng su\u1ea5t cao.<\/p>\n<p><em><strong>M\u1ed9c Style<\/strong>\u00a0<\/em>b\u1ed1 tr\u00ed h\u1ec7 th\u1ed1ng m\u00e1y m\u00f3c ti\u00ean ti\u1ebfn hi\u1ec7n \u0111\u1ea1i, th\u01b0\u1eddng xuy\u00ean c\u1eadp nh\u1eadt c\u00f4ng ngh\u1ec7 m\u1edbi \u0111\u1ec3 \u0111\u1ea9y m\u1ea1nh n\u0103ng l\u1ef1c s\u1ea3n xu\u1ea5t ch\u00ednh x\u00e1c, chu\u1ea9n, th\u1ea9m m\u1ef9 cao, t\u1ed1i \u01b0u m\u00e1y m\u00f3c gi\u00fap gi\u1ea3m nh\u1eb9 s\u1ee9c lao \u0111\u1ed9ng c\u1ee7a con ng\u01b0\u1eddi.<\/p>\n<figure id=\"attachment_1335\" class=\"wp-caption aligncenter\"><img loading=\"lazy\" class=\"wp-image-1335 size-full lazy-load-active\" src=\"https:\/\/noithatmocstyle.vn\/wp-content\/uploads\/2018\/07\/xuong-san-xuat.jpg\" sizes=\"(max-width: 960px) 100vw, 960px\" srcset=\"https:\/\/noithatmocstyle.vn\/wp-content\/uploads\/2018\/07\/xuong-san-xuat.jpg 960w, https:\/\/noithatmocstyle.vn\/wp-content\/uploads\/2018\/07\/xuong-san-xuat-650x488.jpg 650w, https:\/\/noithatmocstyle.vn\/wp-content\/uploads\/2018\/07\/xuong-san-xuat-300x225.jpg 300w, https:\/\/noithatmocstyle.vn\/wp-content\/uploads\/2018\/07\/xuong-san-xuat-768x576.jpg 768w\" alt=\"x\u01b0\u1edfng s\u1ea3n xu\u1ea5t hi\u1ec7n \u0111\u1ea1i N\u1ed9i th\u1ea5t M\u1ed9c Style\" width=\"960\" height=\"720\" data-src=\"https:\/\/noithatmocstyle.vn\/wp-content\/uploads\/2018\/07\/xuong-san-xuat.jpg\" data-srcset=\"https:\/\/noithatmocstyle.vn\/wp-content\/uploads\/2018\/07\/xuong-san-xuat.jpg 960w, https:\/\/noithatmocstyle.vn\/wp-content\/uploads\/2018\/07\/xuong-san-xuat-650x488.jpg 650w, https:\/\/noithatmocstyle.vn\/wp-content\/uploads\/2018\/07\/xuong-san-xuat-300x225.jpg 300w, https:\/\/noithatmocstyle.vn\/wp-content\/uploads\/2018\/07\/xuong-san-xuat-768x576.jpg 768w\" \/><figcaption class=\"wp-caption-text\">X\u01b0\u1edfng s\u1ea3n xu\u1ea5t c\u1ee7a N\u1ed9i th\u1ea5t M\u1ed9c Style \u0111\u01b0\u1ee3c trang b\u1ecb m\u00e1y m\u00f3c hi\u1ec7n \u0111\u1ea1i t\u1ea1o ra nh\u1eefng s\u1ea3n ph\u1ea9m ch\u1ea5t l\u01b0\u1ee3ng<\/figcaption><\/figure>\n<p>Ch\u00fang t\u00f4i lu\u00f4n \u0111\u1eb7t con ng\u01b0\u1eddi l\u00e0 v\u1ecb tr\u00ed trung t\u00e2m, n\u00e2ng cao n\u0103ng l\u1ef1c m\u00e1y m\u00f3c \u0111\u1ec3 gi\u1ea3m thi\u1ec3u s\u1ee9c lao \u0111\u1ed9ng c\u1ee7a con ng\u01b0\u1eddi, lu\u00f4n \u0111\u1eb7t ch\u1ebf \u0111\u1ed9 b\u1ea3o h\u1ed9 lao \u0111\u1ed9ng h\u00e0ng \u0111\u1ea7u, h\u1ea1n ch\u1ebf t\u1ed1i \u0111a tai n\u1ea1n lao \u0111\u1ed9ng. Ch\u00fang t\u00f4i n\u1ed7 l\u1ef1c mang nh\u1eefng gi\u00e1 tr\u1ecb t\u1ed1t \u0111\u1eb9p nh\u1ea5t cho t\u1ea5t c\u1ea3 m\u1ecdi ng\u01b0\u1eddi.<\/p>\n<p>C\u1ea2M \u01a0N QU\u00dd KH\u00c1CH H\u00c0NG \u0110\u00c3 L\u01afU T\u00c2M \u0110\u1ebeN\u00a0<em><strong>C\u00d4NG TY N\u1ed8I TH\u1ea4T M\u1ed8C STYLE<\/strong><\/em>\u00a0CH\u00daNG T\u00d4I.<\/p>\n<p><em><strong>N\u1ed8I TH\u1ea4T M\u1ed8C STYLE<\/strong><\/em>\u00a0HI V\u1eccNG C\u00d3 TH\u1ec2 \u0110\u1ed2NG H\u00c0NH C\u00d9NG QU\u00dd KH\u00c1CH H\u00c0NG X\u00c2Y D\u1ef0NG C\u01a0 S\u1ede KINH DOANH HI\u1ec6U QU\u1ea2, MANG NH\u1eeeNG \u0110I\u1ec0U T\u1ed0T\u0110\u1eb8P NH\u1ea4T CHO CU\u1ed8C S\u1ed0NG!<\/p>\n","protected":false},"excerpt":{"rendered":"<p>I. GI\u1edaI THI\u1ec6U CHUNG C\u00f4ng ty thi\u1ebft k\u1ebf v\u00e0 thi c\u00f4ng n\u1ed9i ngo\u1ea1i th\u1ea5t M\u1ed9c Style\u00a0l\u00e0 c\u00f4ng ty h\u00e0ng \u0111\u1ea7u Vi\u1ec7t Nam trong vi\u1ec7c cung c\u1ea5p c\u00e1c gi\u1ea3i ph\u00e1p thi\u1ebft k\u1ebf v\u00e0 thi c\u00f4ng n\u1ed9i ngo\u1ea1i th\u1ea5t. Ch\u00fang t\u00f4i mang h\u1edfi th\u1edf \u201c\u0110\u1eb8P, \u0110\u1ed8C, L\u1ea0\u201d th\u1ed5i h\u1ed3n v\u00e0o c\u00e1c gi\u1ea3i ph\u00e1p thi\u1ebft k\u1ebf \u2013 b\u1eb1ng&#8230;<\/p>\n","protected":false},"author":2,"featured_media":0,"parent":0,"menu_order":0,"comment_status":"closed","ping_status":"closed","template":"page-left-sidebar.php","meta":[],"_links":{"self":[{"href":"https:\/\/webmaibinh.com\/w\/noithat102011\/wp-json\/wp\/v2\/pages\/61"}],"collection":[{"href":"https:\/\/webmaibinh.com\/w\/noithat102011\/wp-json\/wp\/v2\/pages"}],"about":[{"href":"https:\/\/webmaibinh.com\/w\/noithat102011\/wp-json\/wp\/v2\/types\/page"}],"author":[{"embeddable":true,"href":"https:\/\/webmaibinh.com\/w\/noithat102011\/wp-json\/wp\/v2\/users\/2"}],"replies":[{"embeddable":true,"href":"https:\/\/webmaibinh.com\/w\/noithat102011\/wp-json\/wp\/v2\/comments?post=61"}],"version-history":[{"count":2,"href":"https:\/\/webmaibinh.com\/w\/noithat102011\/wp-json\/wp\/v2\/pages\/61\/revisions"}],"predecessor-version":[{"id":672,"href":"https:\/\/webmaibinh.com\/w\/noithat102011\/wp-json\/wp\/v2\/pages\/61\/revisions\/672"}],"wp:attachment":[{"href":"https:\/\/webmaibinh.com\/w\/noithat102011\/wp-json\/wp\/v2\/media?parent=61"}],"curies":[{"name":"wp","href":"https:\/\/api.w.org\/{rel}","templated":true}]}}