{"id":29,"date":"2019-08-07T22:45:44","date_gmt":"2019-08-07T15:45:44","guid":{"rendered":"http:\/\/nhakhoa3.w2steam.com\/?page_id=29"},"modified":"2019-08-09T10:56:04","modified_gmt":"2019-08-09T03:56:04","slug":"khuyen-mai","status":"publish","type":"page","link":"https:\/\/webmaibinh.com\/w\/nhakhoa22011\/khuyen-mai\/","title":{"rendered":"Khuy\u1ebfn m\u1ea1i"},"content":{"rendered":"<p>Step Up tin r\u1eb1ng m\u1ed7i ng\u01b0\u1eddi \u0111\u1ec1u c\u00f3 nh\u1eefng ti\u1ec1m n\u0103ng v\u00f4 h\u1ea1n \u0111\u1ec3 tr\u1edf n\u00ean gi\u1ecfi giang. V\u1ea5n \u0111\u1ec1 l\u00e0 h\u1ecd kh\u00f4ng \u00e1p d\u1ee5ng \u0111\u00fang ph\u01b0\u01a1ng ph\u00e1p \u0111\u1ec3 vi\u1ec7c h\u1ecdc hi\u1ec7u qu\u1ea3 h\u01a1n. V\u00ec v\u1eady Step Up mong mu\u1ed1n gi\u00fap cho nh\u1eefng ng\u01b0\u1eddi g\u1eb7p kh\u00f3 kh\u0103n trong vi\u1ec7c h\u1ecdc h\u00e0nh n\u00f3i chung v\u00e0 h\u1ecdc Ti\u1ebfng Anh n\u00f3i ri\u00eang \u0111\u01b0\u1ee3c ti\u1ebfp c\u1eadn c\u00e1c ph\u01b0\u01a1ng ph\u00e1p, kinh nghi\u1ec7m h\u1ecdc ti\u1ebfng Anh th\u00f4ng minh \u0111\u1ec3 tr\u1edf n\u00ean gi\u1ecfi th\u1ef1c s\u1ef1.<\/p>\n","protected":false},"excerpt":{"rendered":"<p>Step Up tin r\u1eb1ng m\u1ed7i ng\u01b0\u1eddi \u0111\u1ec1u c\u00f3 nh\u1eefng ti\u1ec1m n\u0103ng v\u00f4 h\u1ea1n \u0111\u1ec3 tr\u1edf n\u00ean gi\u1ecfi giang. V\u1ea5n \u0111\u1ec1 l\u00e0 h\u1ecd kh\u00f4ng \u00e1p d\u1ee5ng \u0111\u00fang ph\u01b0\u01a1ng ph\u00e1p \u0111\u1ec3 vi\u1ec7c h\u1ecdc hi\u1ec7u qu\u1ea3 h\u01a1n. V\u00ec v\u1eady Step Up mong mu\u1ed1n gi\u00fap cho nh\u1eefng ng\u01b0\u1eddi g\u1eb7p kh\u00f3 kh\u0103n trong vi\u1ec7c h\u1ecdc h\u00e0nh n\u00f3i chung v\u00e0 h\u1ecdc &#8230;<\/p>\n","protected":false},"author":1,"featured_media":0,"parent":0,"menu_order":0,"comment_status":"closed","ping_status":"closed","template":"page-right-sidebar.php","meta":[],"_links":{"self":[{"href":"https:\/\/webmaibinh.com\/w\/nhakhoa22011\/wp-json\/wp\/v2\/pages\/29"}],"collection":[{"href":"https:\/\/webmaibinh.com\/w\/nhakhoa22011\/wp-json\/wp\/v2\/pages"}],"about":[{"href":"https:\/\/webmaibinh.com\/w\/nhakhoa22011\/wp-json\/wp\/v2\/types\/page"}],"author":[{"embeddable":true,"href":"https:\/\/webmaibinh.com\/w\/nhakhoa22011\/wp-json\/wp\/v2\/users\/1"}],"replies":[{"embeddable":true,"href":"https:\/\/webmaibinh.com\/w\/nhakhoa22011\/wp-json\/wp\/v2\/comments?post=29"}],"version-history":[{"count":3,"href":"https:\/\/webmaibinh.com\/w\/nhakhoa22011\/wp-json\/wp\/v2\/pages\/29\/revisions"}],"predecessor-version":[{"id":717,"href":"https:\/\/webmaibinh.com\/w\/nhakhoa22011\/wp-json\/wp\/v2\/pages\/29\/revisions\/717"}],"wp:attachment":[{"href":"https:\/\/webmaibinh.com\/w\/nhakhoa22011\/wp-json\/wp\/v2\/media?parent=29"}],"curies":[{"name":"wp","href":"https:\/\/api.w.org\/{rel}","templated":true}]}}