{"id":25,"date":"2019-08-07T22:45:06","date_gmt":"2019-08-07T15:45:06","guid":{"rendered":"http:\/\/nhakhoa3.w2steam.com\/?page_id=25"},"modified":"2020-05-09T22:35:20","modified_gmt":"2020-05-09T15:35:20","slug":"lien-he","status":"publish","type":"page","link":"https:\/\/webmaibinh.com\/w\/nhakhoa22011\/lien-he\/","title":{"rendered":"Li\u00ean h\u1ec7"},"content":{"rendered":"<div class=\"row\"  id=\"row-172823085\">\n\n\t<div class=\"col medium-6 small-12 large-6\"  >\n\t\t<div class=\"col-inner\"  >\n\t\t\t\n\t\t\t\n<p>Step Up tin r\u1eb1ng m\u1ed7i ng\u01b0\u1eddi \u0111\u1ec1u c\u00f3 nh\u1eefng ti\u1ec1m n\u0103ng v\u00f4 h\u1ea1n \u0111\u1ec3 tr\u1edf n\u00ean gi\u1ecfi giang. V\u1ea5n \u0111\u1ec1 l\u00e0 h\u1ecd kh\u00f4ng \u00e1p d\u1ee5ng \u0111\u00fang ph\u01b0\u01a1ng ph\u00e1p \u0111\u1ec3 vi\u1ec7c h\u1ecdc hi\u1ec7u qu\u1ea3 h\u01a1n. V\u00ec v\u1eady Step Up mong mu\u1ed1n gi\u00fap cho nh\u1eefng ng\u01b0\u1eddi g\u1eb7p kh\u00f3 kh\u0103n trong vi\u1ec7c h\u1ecdc h\u00e0nh n\u00f3i chung v\u00e0 h\u1ecdc Ti\u1ebfng Anh n\u00f3i ri\u00eang \u0111\u01b0\u1ee3c ti\u1ebfp c\u1eadn c\u00e1c ph\u01b0\u01a1ng ph\u00e1p, kinh nghi\u1ec7m h\u1ecdc ti\u1ebfng Anh th\u00f4ng minh \u0111\u1ec3 tr\u1edf n\u00ean gi\u1ecfi th\u1ef1c s\u1ef1.<\/p>\n<ul>\n<li>\u0110\u1ecba ch\u1ec9: Ph\u1ea1m V\u0103n B\u1ea1ch, P. 15, Q. T\u00e2n B\u00ecnh, Tp. HCM<\/li>\n<li>\u0110i\u1ec7n tho\u1ea1i: 0999.999.999 \u2013 0999.999.999<\/li>\n<li>Email: email@gmail.com<\/li>\n<li>Website: www.tenweb.vn<\/li>\n<\/ul>\n\t\t<\/div>\n\t<\/div>\n\n\t\n\n\t<div class=\"col medium-6 small-12 large-6\"  >\n\t\t<div class=\"col-inner\"  >\n\t\t\t\n\t\t\t\n<h3>\u0110\u1eb7t mua s\u00e1ch Hack n\u00e3o 1500<\/h3>\n<div role=\"form\" class=\"wpcf7\" id=\"wpcf7-f278-o1\" lang=\"vi\" dir=\"ltr\">\n<div class=\"screen-reader-response\"><p role=\"status\" aria-live=\"polite\" aria-atomic=\"true\"><\/p> <ul><\/ul><\/div>\n<form action=\"\/w\/nhakhoa22011\/wp-json\/wp\/v2\/pages\/25#wpcf7-f278-o1\" method=\"post\" class=\"wpcf7-form init\" novalidate=\"novalidate\" data-status=\"init\">\n<div style=\"display: none;\">\n<input type=\"hidden\" name=\"_wpcf7\" value=\"278\" \/>\n<input type=\"hidden\" name=\"_wpcf7_version\" value=\"5.3\" \/>\n<input type=\"hidden\" name=\"_wpcf7_locale\" value=\"vi\" \/>\n<input type=\"hidden\" name=\"_wpcf7_unit_tag\" value=\"wpcf7-f278-o1\" \/>\n<input type=\"hidden\" name=\"_wpcf7_container_post\" value=\"0\" \/>\n<input type=\"hidden\" name=\"_wpcf7_posted_data_hash\" value=\"\" \/>\n<\/div>\n<div class=\"form-dat-hang\">\n<span class=\"wpcf7-form-control-wrap text-795\"><input type=\"text\" name=\"text-795\" value=\"\" size=\"40\" class=\"wpcf7-form-control wpcf7-text wpcf7-validates-as-required\" aria-required=\"true\" aria-invalid=\"false\" placeholder=\"H\u1ecd v\u00e0 t\u00ean...\" \/><\/span><br \/>\n<span class=\"wpcf7-form-control-wrap tel-571\"><input type=\"tel\" name=\"tel-571\" value=\"\" size=\"40\" class=\"wpcf7-form-control wpcf7-text wpcf7-tel wpcf7-validates-as-required wpcf7-validates-as-tel\" aria-required=\"true\" aria-invalid=\"false\" placeholder=\"S\u1ed1 \u0111i\u1ec7n tho\u1ea1i...\" \/><\/span><br \/>\n<span class=\"wpcf7-form-control-wrap email-686\"><input type=\"email\" name=\"email-686\" value=\"\" size=\"40\" class=\"wpcf7-form-control wpcf7-text wpcf7-email wpcf7-validates-as-email\" aria-invalid=\"false\" placeholder=\"Email c\u1ee7a b\u1ea1n...\" \/><\/span><\/p>\n<div class=\"row-info\">\n<div class=\"cot\">\n<span class=\"wpcf7-form-control-wrap text-744\"><input type=\"text\" name=\"text-744\" value=\"\" size=\"40\" class=\"wpcf7-form-control wpcf7-text\" aria-invalid=\"false\" placeholder=\"T\u1ec9nh\/th\u00e0nh ph\u1ed1...\" \/><\/span>\n<\/div>\n<div class=\"cot\">\n<span class=\"wpcf7-form-control-wrap text-73443\"><input type=\"text\" name=\"text-73443\" value=\"\" size=\"40\" class=\"wpcf7-form-control wpcf7-text\" aria-invalid=\"false\" placeholder=\"Qu\u1eadn\/huy\u1ec7n...\" \/><\/span>\n<\/div>\n<div class=\"cot\">\n<span class=\"wpcf7-form-control-wrap text-5343\"><input type=\"text\" name=\"text-5343\" value=\"\" size=\"40\" class=\"wpcf7-form-control wpcf7-text\" aria-invalid=\"false\" placeholder=\"X\u00e3\/ph\u01b0\u1eddng...\" \/><\/span>\n<\/div>\n<\/div>\n<p><span class=\"wpcf7-form-control-wrap textarea-198\"><textarea name=\"textarea-198\" cols=\"40\" rows=\"10\" class=\"wpcf7-form-control wpcf7-textarea\" aria-invalid=\"false\" placeholder=\"Ghi ch\u00fa th\u00eam...\"><\/textarea><\/span><br \/>\n<input type=\"submit\" value=\"\u0110\u0103ng k\u00fd t\u01b0 v\u1ea5n kh\u00e1m\" class=\"wpcf7-form-control wpcf7-submit\" \/>\n<\/p><\/div>\n<div class=\"wpcf7-response-output\" aria-hidden=\"true\"><\/div><\/form><\/div>\n\t\t<\/div>\n\t<\/div>\n\n\t\n<\/div>\n","protected":false},"excerpt":{"rendered":"","protected":false},"author":1,"featured_media":0,"parent":0,"menu_order":0,"comment_status":"closed","ping_status":"closed","template":"page-right-sidebar.php","meta":[],"_links":{"self":[{"href":"https:\/\/webmaibinh.com\/w\/nhakhoa22011\/wp-json\/wp\/v2\/pages\/25"}],"collection":[{"href":"https:\/\/webmaibinh.com\/w\/nhakhoa22011\/wp-json\/wp\/v2\/pages"}],"about":[{"href":"https:\/\/webmaibinh.com\/w\/nhakhoa22011\/wp-json\/wp\/v2\/types\/page"}],"author":[{"embeddable":true,"href":"https:\/\/webmaibinh.com\/w\/nhakhoa22011\/wp-json\/wp\/v2\/users\/1"}],"replies":[{"embeddable":true,"href":"https:\/\/webmaibinh.com\/w\/nhakhoa22011\/wp-json\/wp\/v2\/comments?post=25"}],"version-history":[{"count":9,"href":"https:\/\/webmaibinh.com\/w\/nhakhoa22011\/wp-json\/wp\/v2\/pages\/25\/revisions"}],"predecessor-version":[{"id":949,"href":"https:\/\/webmaibinh.com\/w\/nhakhoa22011\/wp-json\/wp\/v2\/pages\/25\/revisions\/949"}],"wp:attachment":[{"href":"https:\/\/webmaibinh.com\/w\/nhakhoa22011\/wp-json\/wp\/v2\/media?parent=25"}],"curies":[{"name":"wp","href":"https:\/\/api.w.org\/{rel}","templated":true}]}}