{"id":608,"date":"2019-02-21T12:48:15","date_gmt":"2019-02-21T05:48:15","guid":{"rendered":"https:\/\/tppone.com\/demo\/nhakhoa\/?page_id=608"},"modified":"2019-02-21T12:54:09","modified_gmt":"2019-02-21T05:54:09","slug":"lich-tham-kham-2","status":"publish","type":"page","link":"https:\/\/webmaibinh.com\/w\/nhakhoa\/lich-tham-kham-2\/","title":{"rendered":"L\u1ecbch th\u0103m kh\u00e1m"},"content":{"rendered":"<h2 style=\"text-align: center;\">L\u1ecbch th\u0103m kh\u00e1m<\/h2>\n<p style=\"text-align: center;\">M\u1eddi c\u00e1c b\u1ea1n c\u00f9ng theo d\u00f5i l\u1ecbch th\u0103m kh\u00e1m trong th\u00e1ng 02\/2019 nh\u01b0 sau:<\/p>\n<table>\n<tbody>\n<tr>\n<th class=\"tinh-thanh tieu-de\">T\u1ec9nh th\u00e0nh<\/th>\n<th class=\"dia-chi tieu-de\">\u0110\u1ecba ch\u1ec9<\/th>\n<th class=\"so-dien-thoai tieu-de\">S\u1ed1 \u0111i\u1ec7n tho\u1ea1i<\/th>\n<\/tr>\n<tr>\n<td>H\u00e0 N\u1ed9i<\/td>\n<td style=\"text-align: center;\">S\u1ed1 29, ng\u00f5 18 L\u01b0\u01a1ng Ng\u1ecdc Quy\u1ebfn, V\u0103n Qu\u00e1n, H\u00e0 \u0110\u00f4ng, H\u00e0 N\u1ed9i<\/td>\n<td>\u00a0<\/td>\n<\/tr>\n<tr>\n<td>Ninh B\u00ecnh<\/td>\n<td>Th\u00f4n L\u00e3ng N\u1ed9i, Gia L\u1eadp, Gia Vi\u1ec5n, Ninh B\u00ecnh<\/td>\n<td>01234.567.890<\/td>\n<\/tr>\n<tr>\n<td>H\u00e0 N\u1ed9i<\/td>\n<td>S\u1ed1 29, ng\u00f5 18 L\u01b0\u01a1ng Ng\u1ecdc Quy\u1ebfn, V\u0103n Qu\u00e1n, H\u00e0 \u0110\u00f4ng, H\u00e0 N\u1ed9i<\/td>\n<td>\u00a0<\/td>\n<\/tr>\n<tr>\n<td>Ninh B\u00ecnh<\/td>\n<td>Th\u00f4n L\u00e3ng N\u1ed9i, Gia L\u1eadp, Gia Vi\u1ec5n, Ninh B\u00ecnh<\/td>\n<td>01234.567.890<\/td>\n<\/tr>\n<tr>\n<td>H\u00e0 N\u1ed9i<\/td>\n<td>S\u1ed1 29, ng\u00f5 18 L\u01b0\u01a1ng Ng\u1ecdc Quy\u1ebfn, V\u0103n Qu\u00e1n, H\u00e0 \u0110\u00f4ng, H\u00e0 N\u1ed9i<\/td>\n<td>\u00a0<\/td>\n<\/tr>\n<tr>\n<td>Ninh B\u00ecnh<\/td>\n<td>Th\u00f4n L\u00e3ng N\u1ed9i, Gia L\u1eadp, Gia Vi\u1ec5n, Ninh B\u00ecnh<\/td>\n<td>01234.567.890<\/td>\n<\/tr>\n<tr>\n<td>H\u00e0 N\u1ed9i<\/td>\n<td>S\u1ed1 29, ng\u00f5 18 L\u01b0\u01a1ng Ng\u1ecdc Quy\u1ebfn, V\u0103n Qu\u00e1n, H\u00e0 \u0110\u00f4ng, H\u00e0 N\u1ed9i<\/td>\n<td>\u00a0<\/td>\n<\/tr>\n<tr>\n<td>Ninh B\u00ecnh<\/td>\n<td>Th\u00f4n L\u00e3ng N\u1ed9i, Gia L\u1eadp, Gia Vi\u1ec5n, Ninh B\u00ecnh<\/td>\n<td>01234.567.890<\/td>\n<\/tr>\n<\/tbody>\n<\/table>\n","protected":false},"excerpt":{"rendered":"<p>L\u1ecbch th\u0103m kh\u00e1m M\u1eddi c\u00e1c b\u1ea1n c\u00f9ng theo d\u00f5i l\u1ecbch th\u0103m kh\u00e1m trong th\u00e1ng 02\/2019 nh\u01b0 sau: T\u1ec9nh th\u00e0nh \u0110\u1ecba ch\u1ec9 S\u1ed1 \u0111i\u1ec7n tho\u1ea1i H\u00e0 N\u1ed9i S\u1ed1 29, ng\u00f5 18 L\u01b0\u01a1ng Ng\u1ecdc Quy\u1ebfn, V\u0103n Qu\u00e1n, H\u00e0 \u0110\u00f4ng, H\u00e0 N\u1ed9i \u00a0 Ninh B\u00ecnh Th\u00f4n L\u00e3ng N\u1ed9i, Gia L\u1eadp, Gia Vi\u1ec5n, Ninh B\u00ecnh 01234.567.890 H\u00e0 N\u1ed9i S\u1ed1 &#8230;<\/p>\n","protected":false},"author":1,"featured_media":0,"parent":0,"menu_order":0,"comment_status":"closed","ping_status":"closed","template":"page-right-sidebar.php","meta":[],"_links":{"self":[{"href":"https:\/\/webmaibinh.com\/w\/nhakhoa\/wp-json\/wp\/v2\/pages\/608"}],"collection":[{"href":"https:\/\/webmaibinh.com\/w\/nhakhoa\/wp-json\/wp\/v2\/pages"}],"about":[{"href":"https:\/\/webmaibinh.com\/w\/nhakhoa\/wp-json\/wp\/v2\/types\/page"}],"author":[{"embeddable":true,"href":"https:\/\/webmaibinh.com\/w\/nhakhoa\/wp-json\/wp\/v2\/users\/1"}],"replies":[{"embeddable":true,"href":"https:\/\/webmaibinh.com\/w\/nhakhoa\/wp-json\/wp\/v2\/comments?post=608"}],"version-history":[{"count":4,"href":"https:\/\/webmaibinh.com\/w\/nhakhoa\/wp-json\/wp\/v2\/pages\/608\/revisions"}],"predecessor-version":[{"id":619,"href":"https:\/\/webmaibinh.com\/w\/nhakhoa\/wp-json\/wp\/v2\/pages\/608\/revisions\/619"}],"wp:attachment":[{"href":"https:\/\/webmaibinh.com\/w\/nhakhoa\/wp-json\/wp\/v2\/media?parent=608"}],"curies":[{"name":"wp","href":"https:\/\/api.w.org\/{rel}","templated":true}]}}