{"id":93,"date":"2018-11-08T02:15:43","date_gmt":"2018-11-08T02:15:43","guid":{"rendered":"http:\/\/nhahang2.khowebseotop.vn\/?post_type=product&#038;p=93"},"modified":"2018-11-08T02:16:25","modified_gmt":"2018-11-08T02:16:25","slug":"ca-lang-ap-chao","status":"publish","type":"product","link":"https:\/\/webmaibinh.com\/w\/nhahang22011\/san-pham\/ca-lang-ap-chao\/","title":{"rendered":"C\u00e1 L\u0103ng \u00e1p ch\u1ea3o"},"content":{"rendered":"<p style=\"font-weight: 400;\"><span style=\"font-weight: inherit;\">B\u00e0i Demo &#8211; Nh\u00e0 h\u00e0ng C\u00e1 L\u0103ng To\u00e0n Th\u1eafng &#8211; S\u1ed1 445 B\u1ea1ch \u0110\u1eb1ng &#8211; Ho\u00e0n Ki\u1ebfm &#8211; H\u00e0 N\u1ed9i khai tr\u01b0\u01a1ng t\u1eeb th\u00e1ng 7\/2013 \u0111\u1ebfn nay \u0111\u00e3 d\u1ea7n tr\u1edf th\u00e0nh \u0111\u1ecba ch\u1ec9 \u1ea9m th\u1ef1c y\u00eau th\u00edch c\u1ee7a ng\u01b0\u1eddi H\u00e0 N\u1ed9i. V\u1edbi th\u1ef1c \u0111\u01a1n phong ph\u00fa t\u1eeb c\u00e1 L\u0103ng, k\u1ebft h\u1ee3p h\u00e0i ho\u00e0 gi\u1eefa \u1ea9m th\u1ef1c Vi\u1ec7t Nam truy\u1ec1n th\u1ed1ng v\u00e0 c\u00e1c m\u00f3n ngon c\u1ee7a \u1ea9m th\u1ef1c Ch\u00e2u \u00c1 hi\u1ec7n \u0111\u1ea1i \u0111\u01b0\u1ee3c b\u1ebfp tr\u01b0\u1edfng gi\u00e0u kinh nghi\u1ec7m ch\u1ecdn l\u1ecdc v\u00e0 s\u00e1ng t\u1ea1o th\u00e0nh nh\u1eefng m\u00f3n \u0103n \u0111\u1ed9c \u0111\u00e1o mang h\u01b0\u01a1ng v\u1ecb ri\u00eang c\u1ee7a nh\u00e0 h\u00e0ng To\u00e0n Th\u1eafng.N\u1eb1m tr\u00ean con ph\u1ed1 B\u1ea1ch \u0110\u1eb1ng n\u00e1o nhi\u1ec7t v\u1edbi \u0111\u1ecba th\u1ebf \u0111\u1eb9p, thu\u1eadn ti\u1ec7n \u0111i l\u1ea1i khi n\u1eb1m s\u00e1t ngay r\u1ea5t nhi\u1ec1u trung t\u00e2m th\u01b0\u01a1ng m\u1ea1i v\u00e0 to\u00e0 nh\u00e0 l\u1edbn, nh\u00e0 h\u00e0ng To\u00e0n Th\u1eafng l\u00e0 m\u1ed9t \u0111\u1ecba ch\u1ec9 v\u00f4 c\u00f9ng thu\u1eadn l\u1ee3i kh\u00f4ng ch\u1ec9 cho gi\u1edbi c\u00f4ng s\u1edf m\u00e0 c\u00f2n cho c\u1ea3 nh\u1eefng ai s\u00e0nh \u1ea9m th\u1ef1c. Nh\u00e0 h\u00e0ng To\u00e0n Th\u1eafng \u0111\u01b0\u1ee3c thi\u1ebft k\u1ebf hi\u1ec7n \u0111\u1ea1i, mang v\u1ebb \u0111\u1eb9p trang nh\u00e3 \u1ea5m c\u00fang trong kh\u00f4ng gian r\u1ed9ng r\u00e3i, tho\u00e1ng m\u00e1t t\u1ea1o c\u1ea3m gi\u00e1c th\u00fa v\u1ecb cho th\u1ef1c kh\u00e1ch khi tr\u1ea3i nghi\u1ec7m. \u0110\u00e2y kh\u00f4ng ch\u1ec9 l\u00e0 \u0111\u1ecba \u0111i\u1ec3m c\u1ef1c k\u00ec l\u00ed t\u01b0\u1edfng cho nh\u1eefng b\u1eefa \u0103n c\u00f4ng s\u1edf ti\u1ec7n l\u1ee3i, g\u1eb7p g\u1ee1 \u0111\u1ed1i t\u00e1c, qu\u00e2y qu\u1ea7n b\u00ean gia \u0111\u00ecnh b\u00e8 b\u1ea1n m\u00e0 c\u00f2n l\u00e0 kh\u00f4ng gian \u0111\u1eb9p \u0111\u1ec3 t\u1ed5 ch\u1ee9c ti\u1ec7c sinh nh\u1eadt, li\u00ean hoan c\u00f9ng c\u00f4ng ty.<\/span><\/p>\n<p><img loading=\"lazy\" class=\"alignnone size-medium wp-image-84\" src=\"http:\/\/nhahang2.khowebseotop.vn\/wp-content\/uploads\/2018\/11\/Img9617-667x400.jpg\" alt=\"\" width=\"667\" height=\"400\" srcset=\"https:\/\/webmaibinh.com\/w\/nhahang22011\/wp-content\/uploads\/2018\/11\/Img9617-667x400.jpg 667w, https:\/\/webmaibinh.com\/w\/nhahang22011\/wp-content\/uploads\/2018\/11\/Img9617-510x306.jpg 510w, https:\/\/webmaibinh.com\/w\/nhahang22011\/wp-content\/uploads\/2018\/11\/Img9617-768x461.jpg 768w, https:\/\/webmaibinh.com\/w\/nhahang22011\/wp-content\/uploads\/2018\/11\/Img9617-1334x800.jpg 1334w, https:\/\/webmaibinh.com\/w\/nhahang22011\/wp-content\/uploads\/2018\/11\/Img9617.jpg 1832w\" sizes=\"(max-width: 667px) 100vw, 667px\" \/><\/p>\n<p style=\"font-weight: 400;\"><span style=\"font-weight: inherit;\">B\u1ea1n c\u00f3 th\u1ec3 t\u00ecm th\u1ea5y \u1edf To\u00e0n Th\u1eafng r\u1ea5t nhi\u1ec1u m\u00f3n \u0103n \u0111\u1eb7c tr\u01b0ng t\u1eeb c\u00e1 l\u0103ng nh\u01b0: L\u00f2ng x\u00e0o c\u00e1 l\u0103ng, C\u00e1 l\u0103ng n\u01b0\u1edbng than hoa, C\u00e1 l\u0103ng h\u1ea5p chanh, Ch\u1ea3 c\u00e1 l\u0103ng, L\u1ea9u c\u00e1 l\u0103ng\u2026 .Ngo\u00e0i ra th\u1ef1c \u0111\u01a1n c\u00e1c m\u00f3n ngon kh\u00e1c \u0111ang ch\u1edd \u0111\u00f3n b\u1ea1n.<\/span><\/p>\n<p><img loading=\"lazy\" class=\"alignnone size-medium wp-image-84\" src=\"http:\/\/nhahang2.khowebseotop.vn\/wp-content\/uploads\/2018\/11\/Img9617-667x400.jpg\" alt=\"\" width=\"667\" height=\"400\" srcset=\"https:\/\/webmaibinh.com\/w\/nhahang22011\/wp-content\/uploads\/2018\/11\/Img9617-667x400.jpg 667w, https:\/\/webmaibinh.com\/w\/nhahang22011\/wp-content\/uploads\/2018\/11\/Img9617-510x306.jpg 510w, https:\/\/webmaibinh.com\/w\/nhahang22011\/wp-content\/uploads\/2018\/11\/Img9617-768x461.jpg 768w, https:\/\/webmaibinh.com\/w\/nhahang22011\/wp-content\/uploads\/2018\/11\/Img9617-1334x800.jpg 1334w, https:\/\/webmaibinh.com\/w\/nhahang22011\/wp-content\/uploads\/2018\/11\/Img9617.jpg 1832w\" sizes=\"(max-width: 667px) 100vw, 667px\" \/><\/p>\n<p style=\"font-weight: 400;\"><span style=\"font-weight: inherit;\">Trong kh\u00f4ng gian \u1ea5m c\u00fang trang nh\u00e3, th\u01b0\u1edfng th\u1ee9c nh\u1eefng m\u00f3n ngon \u0111\u1ed9c \u0111\u00e1o t\u1eeb Nh\u00e0 H\u00e0ng C\u00e1 L\u0103ng To\u00e0n Th\u1eafng s\u1ebd l\u00e0 \u0111\u1ecba \u0111i\u1ec3m l\u00fd t\u01b0\u1edfng d\u00e0nh cho nh\u1eefng b\u1eefa tr\u01b0a c\u00f4ng s\u1edf, b\u1eefa t\u1ed1i g\u1eb7p m\u1eb7t \u0111\u1ed1i t\u00e1c, b\u1ea1n b\u00e8 hay nh\u1eefng b\u1eefa c\u01a1m \u201cNgon nh\u01b0 c\u01a1m nh\u00e0\u201d qu\u00e2y qu\u1ea7n sum h\u1ecdp b\u00ean gia \u0111\u00ecnh.<\/span><\/p>\n<p style=\"font-weight: 400;\"><img loading=\"lazy\" class=\"alignnone size-medium wp-image-84\" src=\"http:\/\/nhahang2.khowebseotop.vn\/wp-content\/uploads\/2018\/11\/Img9617-667x400.jpg\" alt=\"\" width=\"667\" height=\"400\" srcset=\"https:\/\/webmaibinh.com\/w\/nhahang22011\/wp-content\/uploads\/2018\/11\/Img9617-667x400.jpg 667w, https:\/\/webmaibinh.com\/w\/nhahang22011\/wp-content\/uploads\/2018\/11\/Img9617-510x306.jpg 510w, https:\/\/webmaibinh.com\/w\/nhahang22011\/wp-content\/uploads\/2018\/11\/Img9617-768x461.jpg 768w, https:\/\/webmaibinh.com\/w\/nhahang22011\/wp-content\/uploads\/2018\/11\/Img9617-1334x800.jpg 1334w, https:\/\/webmaibinh.com\/w\/nhahang22011\/wp-content\/uploads\/2018\/11\/Img9617.jpg 1832w\" sizes=\"(max-width: 667px) 100vw, 667px\" \/><\/p>\n<p style=\"font-weight: 400;\"><span style=\"font-weight: inherit;\">\u00a0<\/span><\/p>\n<p style=\"font-weight: 400;\">\n","protected":false},"excerpt":{"rendered":"<p>B\u00e0i Demo &#8211; Nh\u00e0 h\u00e0ng C\u00e1 L\u0103ng To\u00e0n Th\u1eafng &#8211; S\u1ed1 445 B\u1ea1ch \u0110\u1eb1ng &#8211; Ho\u00e0n Ki\u1ebfm &#8211; H\u00e0 N\u1ed9i khai tr\u01b0\u01a1ng t\u1eeb th\u00e1ng 7\/2013 \u0111\u1ebfn nay \u0111\u00e3 d\u1ea7n tr\u1edf th\u00e0nh \u0111\u1ecba ch\u1ec9 \u1ea9m th\u1ef1c y\u00eau th\u00edch c\u1ee7a ng\u01b0\u1eddi H\u00e0 N\u1ed9i. V\u1edbi th\u1ef1c \u0111\u01a1n phong ph\u00fa t\u1eeb c\u00e1 L\u0103ng, k\u1ebft h\u1ee3p h\u00e0i ho\u00e0 gi\u1eefa \u1ea9m&#8230;<\/p>\n","protected":false},"featured_media":94,"comment_status":"open","ping_status":"closed","template":"","meta":[],"_links":{"self":[{"href":"https:\/\/webmaibinh.com\/w\/nhahang22011\/wp-json\/wp\/v2\/product\/93"}],"collection":[{"href":"https:\/\/webmaibinh.com\/w\/nhahang22011\/wp-json\/wp\/v2\/product"}],"about":[{"href":"https:\/\/webmaibinh.com\/w\/nhahang22011\/wp-json\/wp\/v2\/types\/product"}],"replies":[{"embeddable":true,"href":"https:\/\/webmaibinh.com\/w\/nhahang22011\/wp-json\/wp\/v2\/comments?post=93"}],"wp:featuredmedia":[{"embeddable":true,"href":"https:\/\/webmaibinh.com\/w\/nhahang22011\/wp-json\/wp\/v2\/media\/94"}],"wp:attachment":[{"href":"https:\/\/webmaibinh.com\/w\/nhahang22011\/wp-json\/wp\/v2\/media?parent=93"}],"curies":[{"name":"wp","href":"https:\/\/api.w.org\/{rel}","templated":true}]}}