{"id":41,"date":"2017-07-21T03:24:55","date_gmt":"2017-07-21T03:24:55","guid":{"rendered":"http:\/\/nhahang2.khowebseotop.vn\/?page_id=41"},"modified":"2019-10-03T10:44:27","modified_gmt":"2019-10-03T03:44:27","slug":"trang-chu","status":"publish","type":"page","link":"https:\/\/webmaibinh.com\/w\/nhahang22011\/","title":{"rendered":"Trang ch\u1ee7"},"content":{"rendered":"\t<section class=\"section dark\" id=\"section_578922244\">\n\t\t<div class=\"bg section-bg fill bg-fill  \" >\n\n\t\t\t\n\t\t\t<div class=\"section-bg-overlay absolute fill\"><\/div>\n\t\t\t\n\n\t\t<\/div>\n\n\t\t<div class=\"section-content relative\">\n\t\t\t\n<div class=\"row\"  id=\"row-1922099549\">\n\n\t<div id=\"col-848015381\" class=\"col small-12 large-12\"  >\n\t\t<div class=\"col-inner\"  >\n\t\t\t\n\t\t\t\n<div class=\"block-title wowpulse animated\">\n<div><img loading=\"lazy\" class=\"alignnone size-full wp-image-125 aligncenter\" src=\"\/wp-content\/uploads\/2018\/11\/icon-nha-hang.png\" alt=\"\" width=\"91\" height=\"63\" \/><\/div>\n<div class=\"text-title center-block text-center\" style=\"text-align: center;\">\n<h3 class=\"title-home\">NH\u00c0 H\u00c0NG C\u00c1 L\u0102NG TO\u00c0N TH\u1eaeNG<\/h3>\n<\/div>\n<\/div>\n<div class=\"block-content center-block\" style=\"text-align: center;\">N\u1eb1m s\u00e1t ven S\u00f4ng H\u1ed3ng \u00a0Nh\u00e0 h\u00e0ng c\u00e1 l\u0103ng To\u00e0n Th\u1eafng l\u00e0 m\u1ed9t th\u01b0\u01a1ng hi\u1ec7u \u1ea9m th\u1ef1c n\u1ed5i ti\u1ebfng t\u1ea1i H\u00e0 n\u1ed9i lu\u00f4n l\u00e0 \u0111i\u1ec3m \u0111\u1ebfn \u01b0a chu\u1ed9ng c\u1ee7a r\u1ea5t nhi\u1ec1u th\u1ef1c kh\u00e1ch t\u1eeb Nam ra B\u1eafc.Khu\u00f4n vi\u00ean \u0111\u1eb9p, kh\u00f4ng gian y\u00ean t\u0129nh th\u01a1 m\u1ed9ng \u0111\u1ec3 t\u1ed5 ch\u1ee9c c\u00e1c b\u1eefa \u0103n gia \u0111\u00ecnh hay nh\u1eefng bu\u1ed5i h\u1ecdp m\u1eb7t li\u00ean hoan sinh nh\u1eadt v\u00e0 \u0111\u1eb7c bi\u1ec7t l\u00e0 \u0111\u1ecba \u0111i\u1ec3m l\u00fd t\u01b0\u1edfng \u0111\u1ec3 t\u1ed5 ch\u1ee9c nh\u1eefng bu\u1ed5i ti\u1ec7c ngo\u00e0i tr\u1eddi. C\u00e1c m\u00f3n \u0103n \u0111\u01b0\u1ee3c ch\u1ebf bi\u1ebfn t\u1eeb c\u00e1 l\u0103ng do \u0111\u1ed9i ng\u0169 \u0111\u1ea7u b\u1ebfp kinh nghi\u1ec7m l\u00e2u n\u0103m s\u1ebd \u0111em&#8230;<\/div>\n\t\t<\/div>\n\t\t\t<\/div>\n\n\t\n<\/div>\n<div class=\"row\"  id=\"row-197930259\">\n\n\t<div id=\"col-1503246392\" class=\"col small-12 large-12\"  >\n\t\t<div class=\"col-inner\"  >\n\t\t\t\n\t\t\t\n\n  \n    <div class=\"row large-columns-3 medium-columns- small-columns-2 slider row-slider slider-nav-reveal\"  data-flickity-options='{\"imagesLoaded\": true, \"groupCells\": \"100%\", \"dragThreshold\" : 5, \"cellAlign\": \"left\",\"wrapAround\": true,\"prevNextButtons\": true,\"percentPosition\": true,\"pageDots\": false, \"rightToLeft\": false, \"autoPlay\" : 4000}'>\n\n          <div class=\"gallery-col col\" >\n          <div class=\"col-inner\">\n            <a class=\"image-lightbox lightbox-gallery\" href=\"https:\/\/webmaibinh.com\/w\/nhahang22011\/wp-content\/uploads\/2018\/11\/Anh-nha-hang-1-370x248.jpg\" title=\"\">            <div class=\"box has-hover gallery-box box-overlay dark\">\n              <div class=\"box-image\" >\n                <img width=\"370\" height=\"248\" src=\"https:\/\/webmaibinh.com\/w\/nhahang22011\/wp-content\/uploads\/2018\/11\/Anh-nha-hang-1-370x248.jpg\" class=\"attachment-medium size-medium\" alt=\"\" loading=\"lazy\" ids=\"127,128,129,130\" type=\"slider\" columns=\"3\" auto_slide=\"4000\" image_size=\"medium\" \/>                                  <div class=\"overlay fill\"\n                      style=\"background-color: rgba(0,0,0,.15)\">\n                  <\/div>\n                                                              <\/div>\n              <div class=\"box-text text-left\" >\n                 <p><\/p>\n              <\/div>\n            <\/div>\n            <\/a>          <\/div>\n         <\/div>\n                 <div class=\"gallery-col col\" >\n          <div class=\"col-inner\">\n            <a class=\"image-lightbox lightbox-gallery\" href=\"https:\/\/webmaibinh.com\/w\/nhahang22011\/wp-content\/uploads\/2018\/11\/Anh-nha-hang-2-370x248.jpg\" title=\"\">            <div class=\"box has-hover gallery-box box-overlay dark\">\n              <div class=\"box-image\" >\n                <img width=\"370\" height=\"248\" src=\"https:\/\/webmaibinh.com\/w\/nhahang22011\/wp-content\/uploads\/2018\/11\/Anh-nha-hang-2-370x248.jpg\" class=\"attachment-medium size-medium\" alt=\"\" loading=\"lazy\" ids=\"127,128,129,130\" type=\"slider\" columns=\"3\" auto_slide=\"4000\" image_size=\"medium\" \/>                                  <div class=\"overlay fill\"\n                      style=\"background-color: rgba(0,0,0,.15)\">\n                  <\/div>\n                                                              <\/div>\n              <div class=\"box-text text-left\" >\n                 <p><\/p>\n              <\/div>\n            <\/div>\n            <\/a>          <\/div>\n         <\/div>\n                 <div class=\"gallery-col col\" >\n          <div class=\"col-inner\">\n            <a class=\"image-lightbox lightbox-gallery\" href=\"https:\/\/webmaibinh.com\/w\/nhahang22011\/wp-content\/uploads\/2018\/11\/Anh-nha-hang-4-370x248.jpg\" title=\"\">            <div class=\"box has-hover gallery-box box-overlay dark\">\n              <div class=\"box-image\" >\n                <img width=\"370\" height=\"248\" src=\"https:\/\/webmaibinh.com\/w\/nhahang22011\/wp-content\/uploads\/2018\/11\/Anh-nha-hang-4-370x248.jpg\" class=\"attachment-medium size-medium\" alt=\"\" loading=\"lazy\" ids=\"127,128,129,130\" type=\"slider\" columns=\"3\" auto_slide=\"4000\" image_size=\"medium\" \/>                                  <div class=\"overlay fill\"\n                      style=\"background-color: rgba(0,0,0,.15)\">\n                  <\/div>\n                                                              <\/div>\n              <div class=\"box-text text-left\" >\n                 <p><\/p>\n              <\/div>\n            <\/div>\n            <\/a>          <\/div>\n         <\/div>\n                 <div class=\"gallery-col col\" >\n          <div class=\"col-inner\">\n            <a class=\"image-lightbox lightbox-gallery\" href=\"https:\/\/webmaibinh.com\/w\/nhahang22011\/wp-content\/uploads\/2018\/11\/Anh-nha-hang-6-370x248.jpg\" title=\"\">            <div class=\"box has-hover gallery-box box-overlay dark\">\n              <div class=\"box-image\" >\n                <img width=\"370\" height=\"248\" src=\"https:\/\/webmaibinh.com\/w\/nhahang22011\/wp-content\/uploads\/2018\/11\/Anh-nha-hang-6-370x248.jpg\" class=\"attachment-medium size-medium\" alt=\"\" loading=\"lazy\" ids=\"127,128,129,130\" type=\"slider\" columns=\"3\" auto_slide=\"4000\" image_size=\"medium\" \/>                                  <div class=\"overlay fill\"\n                      style=\"background-color: rgba(0,0,0,.15)\">\n                  <\/div>\n                                                              <\/div>\n              <div class=\"box-text text-left\" >\n                 <p><\/p>\n              <\/div>\n            <\/div>\n            <\/a>          <\/div>\n         <\/div>\n         <\/div>\n\t\t<\/div>\n\t\t\t<\/div>\n\n\t\n<\/div>\n<div class=\"row\"  id=\"row-1864750422\">\n\n\t<div id=\"col-1922314353\" class=\"col small-12 large-12\"  >\n\t\t<div class=\"col-inner\"  >\n\t\t\t\n\t\t\t\n<h3 class=\"title-home\" style=\"text-align: center;\">DANH S\u00c1CH M\u00d3N NGON<\/h3>\n<p style=\"text-align: center;\">T\u1ed5ng h\u1ee3p nh\u1eefng m\u00f3n ngon c\u1ee7a nh\u00e0 h\u00e0ng<\/p>\n\n  \n    <div class=\"row large-columns-2 medium-columns- small-columns- row-small\">\n  \t\n\t     \n\t\t\t\t\t\t            \t\n\t            \t<div class=\"col\" >\n\t\t\t\t\t\t<div class=\"col-inner\">\n\t\t\t\t\t\t\n<div class=\"badge-container absolute left top z-1\">\n<\/div>\n\t\t\t\t\t\t<div class=\"product-small box has-hover box-vertical box-text-bottom\">\n\t\t\t\t\t\t\t<div class=\"box-image\" style=\"width:26%;\">\n\t\t\t\t\t\t\t\t<div class=\"image-cover\" style=\"padding-top:75%;\">\n\t\t\t\t\t\t\t\t\t<a href=\"https:\/\/webmaibinh.com\/w\/nhahang22011\/san-pham\/ca-lang-ap-chao\/\">\n\t\t\t\t\t\t\t\t\t\t<img width=\"247\" height=\"296\" src=\"https:\/\/webmaibinh.com\/w\/nhahang22011\/wp-content\/uploads\/2018\/11\/Img9548-247x296.jpg\" class=\"attachment-woocommerce_thumbnail size-woocommerce_thumbnail\" alt=\"\" loading=\"lazy\" \/>\t\t\t\t\t\t\t\t\t<\/a>\n\t\t\t\t\t\t\t\t\t\t\t\t\t\t\t\t\t\t \t\t\t\t\t\t\t\t<\/div>\n\t\t\t\t\t\t\t\t<div class=\"image-tools top right show-on-hover\">\n\t\t\t\t\t\t\t\t\t\t\t\t\t\t\t\t\t<\/div>\n\t\t\t\t\t\t\t\t\t\t\t\t\t\t\t\t\t<div class=\"image-tools grid-tools text-center hide-for-small bottom hover-slide-in show-on-hover\">\n\t\t\t\t\t\t\t\t\t\t\t\t\t\t\t\t\t\t\t<\/div>\n\t\t\t\t\t\t\t\t\t\t\t\t\t\t\t\t\t\t\t\t\t\t\t<\/div>\n\n\t\t\t\t\t\t\t<div class=\"box-text text-left\" >\n\t\t\t\t\t\t\t\t<div class=\"title-wrapper\"><\/div><div class=\"price-wrapper\"><\/div>\t\t\t\t\t\t\t<\/div>\n\t\t\t\t\t\t<\/div>\n\t\t\t\t\t\t<\/div>\n\t\t\t\t\t<\/div>\n\t\t\t\t\t\t            \n\t\t\t\t\t\t            \t\n\t            \t<div class=\"col\" >\n\t\t\t\t\t\t<div class=\"col-inner\">\n\t\t\t\t\t\t\n<div class=\"badge-container absolute left top z-1\">\n<\/div>\n\t\t\t\t\t\t<div class=\"product-small box has-hover box-vertical box-text-bottom\">\n\t\t\t\t\t\t\t<div class=\"box-image\" style=\"width:26%;\">\n\t\t\t\t\t\t\t\t<div class=\"image-cover\" style=\"padding-top:75%;\">\n\t\t\t\t\t\t\t\t\t<a href=\"https:\/\/webmaibinh.com\/w\/nhahang22011\/san-pham\/ca-lang-nuong-than-hoa\/\">\n\t\t\t\t\t\t\t\t\t\t<img width=\"247\" height=\"296\" src=\"https:\/\/webmaibinh.com\/w\/nhahang22011\/wp-content\/uploads\/2018\/11\/Img9537-247x296.jpg\" class=\"attachment-woocommerce_thumbnail size-woocommerce_thumbnail\" alt=\"\" loading=\"lazy\" \/>\t\t\t\t\t\t\t\t\t<\/a>\n\t\t\t\t\t\t\t\t\t\t\t\t\t\t\t\t\t\t \t\t\t\t\t\t\t\t<\/div>\n\t\t\t\t\t\t\t\t<div class=\"image-tools top right show-on-hover\">\n\t\t\t\t\t\t\t\t\t\t\t\t\t\t\t\t\t<\/div>\n\t\t\t\t\t\t\t\t\t\t\t\t\t\t\t\t\t<div class=\"image-tools grid-tools text-center hide-for-small bottom hover-slide-in show-on-hover\">\n\t\t\t\t\t\t\t\t\t\t\t\t\t\t\t\t\t\t\t<\/div>\n\t\t\t\t\t\t\t\t\t\t\t\t\t\t\t\t\t\t\t\t\t\t\t<\/div>\n\n\t\t\t\t\t\t\t<div class=\"box-text text-left\" >\n\t\t\t\t\t\t\t\t<div class=\"title-wrapper\"><\/div><div class=\"price-wrapper\"><\/div>\t\t\t\t\t\t\t<\/div>\n\t\t\t\t\t\t<\/div>\n\t\t\t\t\t\t<\/div>\n\t\t\t\t\t<\/div>\n\t\t\t\t\t\t            \n\t\t\t\t\t\t            \t\n\t            \t<div class=\"col\" >\n\t\t\t\t\t\t<div class=\"col-inner\">\n\t\t\t\t\t\t\n<div class=\"badge-container absolute left top z-1\">\n<\/div>\n\t\t\t\t\t\t<div class=\"product-small box has-hover box-vertical box-text-bottom\">\n\t\t\t\t\t\t\t<div class=\"box-image\" style=\"width:26%;\">\n\t\t\t\t\t\t\t\t<div class=\"image-cover\" style=\"padding-top:75%;\">\n\t\t\t\t\t\t\t\t\t<a href=\"https:\/\/webmaibinh.com\/w\/nhahang22011\/san-pham\/ca-lang-hap-xi-dau\/\">\n\t\t\t\t\t\t\t\t\t\t<img width=\"247\" height=\"296\" src=\"https:\/\/webmaibinh.com\/w\/nhahang22011\/wp-content\/uploads\/2018\/11\/Ca-lang-hap-1-247x296.jpg\" class=\"attachment-woocommerce_thumbnail size-woocommerce_thumbnail\" alt=\"\" loading=\"lazy\" \/>\t\t\t\t\t\t\t\t\t<\/a>\n\t\t\t\t\t\t\t\t\t\t\t\t\t\t\t\t\t\t \t\t\t\t\t\t\t\t<\/div>\n\t\t\t\t\t\t\t\t<div class=\"image-tools top right show-on-hover\">\n\t\t\t\t\t\t\t\t\t\t\t\t\t\t\t\t\t<\/div>\n\t\t\t\t\t\t\t\t\t\t\t\t\t\t\t\t\t<div class=\"image-tools grid-tools text-center hide-for-small bottom hover-slide-in show-on-hover\">\n\t\t\t\t\t\t\t\t\t\t\t\t\t\t\t\t\t\t\t<\/div>\n\t\t\t\t\t\t\t\t\t\t\t\t\t\t\t\t\t\t\t\t\t\t\t<\/div>\n\n\t\t\t\t\t\t\t<div class=\"box-text text-left\" >\n\t\t\t\t\t\t\t\t<div class=\"title-wrapper\"><\/div><div class=\"price-wrapper\"><\/div>\t\t\t\t\t\t\t<\/div>\n\t\t\t\t\t\t<\/div>\n\t\t\t\t\t\t<\/div>\n\t\t\t\t\t<\/div>\n\t\t\t\t\t\t            \n\t\t\t\t\t\t            \t\n\t            \t<div class=\"col\" >\n\t\t\t\t\t\t<div class=\"col-inner\">\n\t\t\t\t\t\t\n<div class=\"badge-container absolute left top z-1\">\n<\/div>\n\t\t\t\t\t\t<div class=\"product-small box has-hover box-vertical box-text-bottom\">\n\t\t\t\t\t\t\t<div class=\"box-image\" style=\"width:26%;\">\n\t\t\t\t\t\t\t\t<div class=\"image-cover\" style=\"padding-top:75%;\">\n\t\t\t\t\t\t\t\t\t<a href=\"https:\/\/webmaibinh.com\/w\/nhahang22011\/san-pham\/lau-ca-lang\/\">\n\t\t\t\t\t\t\t\t\t\t<img width=\"247\" height=\"296\" src=\"https:\/\/webmaibinh.com\/w\/nhahang22011\/wp-content\/uploads\/2018\/11\/Img9588-247x296.jpg\" class=\"attachment-woocommerce_thumbnail size-woocommerce_thumbnail\" alt=\"\" loading=\"lazy\" \/>\t\t\t\t\t\t\t\t\t<\/a>\n\t\t\t\t\t\t\t\t\t\t\t\t\t\t\t\t\t\t \t\t\t\t\t\t\t\t<\/div>\n\t\t\t\t\t\t\t\t<div class=\"image-tools top right show-on-hover\">\n\t\t\t\t\t\t\t\t\t\t\t\t\t\t\t\t\t<\/div>\n\t\t\t\t\t\t\t\t\t\t\t\t\t\t\t\t\t<div class=\"image-tools grid-tools text-center hide-for-small bottom hover-slide-in show-on-hover\">\n\t\t\t\t\t\t\t\t\t\t\t\t\t\t\t\t\t\t\t<\/div>\n\t\t\t\t\t\t\t\t\t\t\t\t\t\t\t\t\t\t\t\t\t\t\t<\/div>\n\n\t\t\t\t\t\t\t<div class=\"box-text text-left\" >\n\t\t\t\t\t\t\t\t<div class=\"title-wrapper\"><\/div><div class=\"price-wrapper\"><\/div>\t\t\t\t\t\t\t<\/div>\n\t\t\t\t\t\t<\/div>\n\t\t\t\t\t\t<\/div>\n\t\t\t\t\t<\/div>\n\t\t\t\t\t\t            \n\t\t\t\t\t\t            \t\n\t            \t<div class=\"col\" >\n\t\t\t\t\t\t<div class=\"col-inner\">\n\t\t\t\t\t\t\n<div class=\"badge-container absolute left top z-1\">\n<\/div>\n\t\t\t\t\t\t<div class=\"product-small box has-hover box-vertical box-text-bottom\">\n\t\t\t\t\t\t\t<div class=\"box-image\" style=\"width:26%;\">\n\t\t\t\t\t\t\t\t<div class=\"image-cover\" style=\"padding-top:75%;\">\n\t\t\t\t\t\t\t\t\t<a href=\"https:\/\/webmaibinh.com\/w\/nhahang22011\/san-pham\/cha-ca-lang\/\">\n\t\t\t\t\t\t\t\t\t\t<img width=\"247\" height=\"296\" src=\"https:\/\/webmaibinh.com\/w\/nhahang22011\/wp-content\/uploads\/2018\/11\/Cha-ca-lang-247x296.jpg\" class=\"attachment-woocommerce_thumbnail size-woocommerce_thumbnail\" alt=\"\" loading=\"lazy\" \/>\t\t\t\t\t\t\t\t\t<\/a>\n\t\t\t\t\t\t\t\t\t\t\t\t\t\t\t\t\t\t \t\t\t\t\t\t\t\t<\/div>\n\t\t\t\t\t\t\t\t<div class=\"image-tools top right show-on-hover\">\n\t\t\t\t\t\t\t\t\t\t\t\t\t\t\t\t\t<\/div>\n\t\t\t\t\t\t\t\t\t\t\t\t\t\t\t\t\t<div class=\"image-tools grid-tools text-center hide-for-small bottom hover-slide-in show-on-hover\">\n\t\t\t\t\t\t\t\t\t\t\t\t\t\t\t\t\t\t\t<\/div>\n\t\t\t\t\t\t\t\t\t\t\t\t\t\t\t\t\t\t\t\t\t\t\t<\/div>\n\n\t\t\t\t\t\t\t<div class=\"box-text text-left\" >\n\t\t\t\t\t\t\t\t<div class=\"title-wrapper\"><\/div><div class=\"price-wrapper\"><\/div>\t\t\t\t\t\t\t<\/div>\n\t\t\t\t\t\t<\/div>\n\t\t\t\t\t\t<\/div>\n\t\t\t\t\t<\/div>\n\t\t\t\t\t\t            \n\t\t\t\t\t\t            \t\n\t            \t<div class=\"col\" >\n\t\t\t\t\t\t<div class=\"col-inner\">\n\t\t\t\t\t\t\n<div class=\"badge-container absolute left top z-1\">\n<\/div>\n\t\t\t\t\t\t<div class=\"product-small box has-hover box-vertical box-text-bottom\">\n\t\t\t\t\t\t\t<div class=\"box-image\" style=\"width:26%;\">\n\t\t\t\t\t\t\t\t<div class=\"image-cover\" style=\"padding-top:75%;\">\n\t\t\t\t\t\t\t\t\t<a href=\"https:\/\/webmaibinh.com\/w\/nhahang22011\/san-pham\/salat\/\">\n\t\t\t\t\t\t\t\t\t\t<img width=\"247\" height=\"296\" src=\"https:\/\/webmaibinh.com\/w\/nhahang22011\/wp-content\/uploads\/2018\/11\/Img9617-247x296.jpg\" class=\"attachment-woocommerce_thumbnail size-woocommerce_thumbnail\" alt=\"\" loading=\"lazy\" \/>\t\t\t\t\t\t\t\t\t<\/a>\n\t\t\t\t\t\t\t\t\t\t\t\t\t\t\t\t\t\t \t\t\t\t\t\t\t\t<\/div>\n\t\t\t\t\t\t\t\t<div class=\"image-tools top right show-on-hover\">\n\t\t\t\t\t\t\t\t\t\t\t\t\t\t\t\t\t<\/div>\n\t\t\t\t\t\t\t\t\t\t\t\t\t\t\t\t\t<div class=\"image-tools grid-tools text-center hide-for-small bottom hover-slide-in show-on-hover\">\n\t\t\t\t\t\t\t\t\t\t\t\t\t\t\t\t\t\t\t<\/div>\n\t\t\t\t\t\t\t\t\t\t\t\t\t\t\t\t\t\t\t\t\t\t\t<\/div>\n\n\t\t\t\t\t\t\t<div class=\"box-text text-left\" >\n\t\t\t\t\t\t\t\t<div class=\"title-wrapper\"><\/div><div class=\"price-wrapper\"><\/div>\t\t\t\t\t\t\t<\/div>\n\t\t\t\t\t\t<\/div>\n\t\t\t\t\t\t<\/div>\n\t\t\t\t\t<\/div>\n\t\t\t\t\t\t            \t        <\/div>\n<div class=\"row\"  id=\"row-206132223\">\n\n\t<div id=\"col-1709252109\" class=\"col row-xem-tat-ca small-12 large-12\"  >\n\t\t<div class=\"col-inner text-center\"  >\n\t\t\t\n\t\t\t\n<a class=\"button primary is-outline\"  >\n    <span>Xem t\u1ea5t c\u1ea3<\/span>\n  <\/a>\n\n\t\t<\/div>\n\t\t\t<\/div>\n\n\t\n<\/div>\n<h3 class=\"title-home\" style=\"text-align: center;\">KH\u00d4NG GIAN NH\u00c0 H\u00c0NG<\/h3>\n<p style=\"text-align: center;\">T\u1ed5ng h\u1ee3p nh\u1eefng h\u00ecnh \u1ea3nh c\u1ee7a nh\u00e0 h\u00e0ng<\/p>\n<div class=\"row row-small\"  id=\"row-140546676\">\n\n\t<div id=\"col-1836668618\" class=\"col medium-3 small-12 large-3\"  >\n\t\t<div class=\"col-inner\"  >\n\t\t\t\n\t\t\t\n\n  \n    <div class=\"row large-columns-1 medium-columns-1 small-columns-1\">\n  \t\t<div class=\"col post-item\" >\n\t\t\t<div class=\"col-inner\">\n\t\t\t<a href=\"https:\/\/webmaibinh.com\/w\/nhahang22011\/khong-gian-cua-nha-hang\/\" class=\"plain\">\n\t\t\t\t<div class=\"box box-normal box-text-bottom box-blog-post has-hover\">\n            \t\t\t\t\t<div class=\"box-image\" >\n  \t\t\t\t\t\t<div class=\"image-cover\" style=\"padding-top:75%;\">\n  \t\t\t\t\t\t\t<img width=\"970\" height=\"330\" src=\"https:\/\/webmaibinh.com\/w\/nhahang22011\/wp-content\/uploads\/2018\/11\/33-970x330.jpg\" class=\"attachment-original size-original wp-post-image\" alt=\"\" loading=\"lazy\" srcset=\"https:\/\/webmaibinh.com\/w\/nhahang22011\/wp-content\/uploads\/2018\/11\/33-970x330.jpg 970w, https:\/\/webmaibinh.com\/w\/nhahang22011\/wp-content\/uploads\/2018\/11\/33-970x330-510x174.jpg 510w, https:\/\/webmaibinh.com\/w\/nhahang22011\/wp-content\/uploads\/2018\/11\/33-970x330-800x272.jpg 800w, https:\/\/webmaibinh.com\/w\/nhahang22011\/wp-content\/uploads\/2018\/11\/33-970x330-768x261.jpg 768w\" sizes=\"(max-width: 970px) 100vw, 970px\" \/>  \t\t\t\t\t\t\t  \t\t\t\t\t\t\t  \t\t\t\t\t\t<\/div>\n  \t\t\t\t\t\t  \t\t\t\t\t<\/div>\n          \t\t\t\t\t<div class=\"box-text text-left\" >\n\t\t\t\t\t<div class=\"box-text-inner blog-post-inner\">\n\n\t\t\t\t\t\n\t\t\t\t\t\t\t\t\t\t<h5 class=\"post-title is-large \">Kh\u00f4ng gian c\u1ee7a nh\u00e0 h\u00e0ng<\/h5>\n\t\t\t\t\t<div class=\"post-meta is-small op-8\">09\/11\/2018<\/div>\t\t\t\t\t<div class=\"is-divider\"><\/div>\n\t\t\t\t\t\t\t\t\t\t<p class=\"from_the_blog_excerpt \">Nh\u00e0 h\u00e0ng C\u00e1 L\u0103ng To\u00e0n Th\u1eafng &#8211; S\u1ed1 445 B\u1ea1ch \u0110\u1eb1ng &#8211; Ho\u00e0n Ki\u1ebfm &#8211; H\u00e0 N\u1ed9i khai tr\u01b0\u01a1ng t\u1eeb th\u00e1ng 7\/2013 \u0111\u1ebfn nay \u0111\u00e3 d\u1ea7n tr\u1edf th\u00e0nh...\t\t\t\t\t<\/p>\n\t\t\t\t\t                    \n\t\t\t\t\t\n\t\t\t\t\t\n\t\t\t\t\t<\/div>\n\t\t\t\t\t<\/div>\n\t\t\t\t\t\t\t\t\t<\/div>\n\t\t\t\t<\/a>\n\t\t\t<\/div>\n\t\t<\/div>\n<\/div>\n\t\t<\/div>\n\t\t\t<\/div>\n\n\t\n\n\t<div id=\"col-514654451\" class=\"col medium-3 small-12 large-3\"  >\n\t\t<div class=\"col-inner\"  >\n\t\t\t\n\t\t\t\n\n  \n    <div class=\"row large-columns-1 medium-columns-1 small-columns-1\">\n  \t\t<div class=\"col post-item\" >\n\t\t\t<div class=\"col-inner\">\n\t\t\t<a href=\"https:\/\/webmaibinh.com\/w\/nhahang22011\/thom-ngon-ca-lang\/\" class=\"plain\">\n\t\t\t\t<div class=\"box box-normal box-text-bottom box-blog-post has-hover\">\n            \t\t\t\t\t<div class=\"box-image\" >\n  \t\t\t\t\t\t<div class=\"image-cover\" style=\"padding-top:75%;\">\n  \t\t\t\t\t\t\t<img width=\"800\" height=\"272\" src=\"https:\/\/webmaibinh.com\/w\/nhahang22011\/wp-content\/uploads\/2018\/11\/35-970x330-800x272.jpg\" class=\"attachment-medium size-medium wp-post-image\" alt=\"\" loading=\"lazy\" srcset=\"https:\/\/webmaibinh.com\/w\/nhahang22011\/wp-content\/uploads\/2018\/11\/35-970x330-800x272.jpg 800w, https:\/\/webmaibinh.com\/w\/nhahang22011\/wp-content\/uploads\/2018\/11\/35-970x330-510x174.jpg 510w, https:\/\/webmaibinh.com\/w\/nhahang22011\/wp-content\/uploads\/2018\/11\/35-970x330-768x261.jpg 768w, https:\/\/webmaibinh.com\/w\/nhahang22011\/wp-content\/uploads\/2018\/11\/35-970x330.jpg 970w\" sizes=\"(max-width: 800px) 100vw, 800px\" \/>  \t\t\t\t\t\t\t  \t\t\t\t\t\t\t  \t\t\t\t\t\t<\/div>\n  \t\t\t\t\t\t  \t\t\t\t\t<\/div>\n          \t\t\t\t\t<div class=\"box-text text-left\" >\n\t\t\t\t\t<div class=\"box-text-inner blog-post-inner\">\n\n\t\t\t\t\t\n\t\t\t\t\t\t\t\t\t\t<h5 class=\"post-title is-large \">Th\u01a1m ngon C\u00e1 L\u0103ng<\/h5>\n\t\t\t\t\t<div class=\"post-meta is-small op-8\">09\/11\/2018<\/div>\t\t\t\t\t<div class=\"is-divider\"><\/div>\n\t\t\t\t\t\t\t\t\t\t<p class=\"from_the_blog_excerpt \">Nh\u00e0 h\u00e0ng C\u00e1 L\u0103ng To\u00e0n Th\u1eafng &#8211; S\u1ed1 445 B\u1ea1ch \u0110\u1eb1ng &#8211; Ho\u00e0n Ki\u1ebfm &#8211; H\u00e0 N\u1ed9i khai tr\u01b0\u01a1ng t\u1eeb th\u00e1ng 7\/2013 \u0111\u1ebfn nay \u0111\u00e3 d\u1ea7n tr\u1edf th\u00e0nh...\t\t\t\t\t<\/p>\n\t\t\t\t\t                    \n\t\t\t\t\t\n\t\t\t\t\t\n\t\t\t\t\t<\/div>\n\t\t\t\t\t<\/div>\n\t\t\t\t\t\t\t\t\t<\/div>\n\t\t\t\t<\/a>\n\t\t\t<\/div>\n\t\t<\/div>\n<\/div>\n\t\t<\/div>\n\t\t\t<\/div>\n\n\t\n\n\t<div id=\"col-124627901\" class=\"col medium-6 small-12 large-6\"  >\n\t\t<div class=\"col-inner\"  >\n\t\t\t\n\t\t\t\n\n  \n    <div class=\"row large-columns-1 medium-columns-1 small-columns-1\">\n  \t\t<div class=\"col post-item\" >\n\t\t\t<div class=\"col-inner\">\n\t\t\t<a href=\"https:\/\/webmaibinh.com\/w\/nhahang22011\/mon-ngon-tu-ca-lang\/\" class=\"plain\">\n\t\t\t\t<div class=\"box box-shade dark box-text-bottom box-blog-post has-hover\">\n            \t\t\t\t\t<div class=\"box-image\" >\n  \t\t\t\t\t\t<div class=\"image-cover\" style=\"padding-top:75%;\">\n  \t\t\t\t\t\t\t<img width=\"800\" height=\"272\" src=\"https:\/\/webmaibinh.com\/w\/nhahang22011\/wp-content\/uploads\/2018\/11\/32-970x330-800x272.jpg\" class=\"attachment-medium size-medium wp-post-image\" alt=\"\" loading=\"lazy\" srcset=\"https:\/\/webmaibinh.com\/w\/nhahang22011\/wp-content\/uploads\/2018\/11\/32-970x330-800x272.jpg 800w, https:\/\/webmaibinh.com\/w\/nhahang22011\/wp-content\/uploads\/2018\/11\/32-970x330-510x174.jpg 510w, https:\/\/webmaibinh.com\/w\/nhahang22011\/wp-content\/uploads\/2018\/11\/32-970x330-768x261.jpg 768w, https:\/\/webmaibinh.com\/w\/nhahang22011\/wp-content\/uploads\/2018\/11\/32-970x330.jpg 970w\" sizes=\"(max-width: 800px) 100vw, 800px\" \/>  \t\t\t\t\t\t\t  \t\t\t\t\t\t\t<div class=\"shade\"><\/div>  \t\t\t\t\t\t<\/div>\n  \t\t\t\t\t\t  \t\t\t\t\t<\/div>\n          \t\t\t\t\t<div class=\"box-text text-left\" >\n\t\t\t\t\t<div class=\"box-text-inner blog-post-inner\">\n\n\t\t\t\t\t\n\t\t\t\t\t\t\t\t\t\t<h5 class=\"post-title is-large \">M\u00f3n ngon t\u1eeb C\u00e1 L\u0103ng<\/h5>\n\t\t\t\t\t<div class=\"post-meta is-small op-8\">09\/11\/2018<\/div>\t\t\t\t\t<div class=\"is-divider\"><\/div>\n\t\t\t\t\t\t\t\t\t\t<p class=\"from_the_blog_excerpt \">Nh\u00e0 h\u00e0ng C\u00e1 L\u0103ng To\u00e0n Th\u1eafng &#8211; S\u1ed1 445 B\u1ea1ch \u0110\u1eb1ng &#8211; Ho\u00e0n Ki\u1ebfm &#8211;...\t\t\t\t\t<\/p>\n\t\t\t\t\t                    \n\t\t\t\t\t\n\t\t\t\t\t\n\t\t\t\t\t<\/div>\n\t\t\t\t\t<\/div>\n\t\t\t\t\t\t\t\t\t<\/div>\n\t\t\t\t<\/a>\n\t\t\t<\/div>\n\t\t<\/div>\n<\/div>\n\t\t<\/div>\n\t\t\t<\/div>\n\n\t\n<\/div>\n\t\t<\/div>\n\t\t\t<\/div>\n\n\t\n<\/div>\n\t\t<\/div>\n\n\t\t\n<style>\n#section_578922244 {\n  padding-top: 30px;\n  padding-bottom: 30px;\n}\n#section_578922244 .section-bg-overlay {\n  background-color: rgba(0, 0, 0, 0.83);\n}\n#section_578922244 .section-bg.bg-loaded {\n  background-image: url(https:\/\/webmaibinh.com\/w\/nhahang22011\/wp-content\/uploads\/2018\/11\/main_bg2.jpg);\n}\n<\/style>\n\t<\/section>\n\t\n","protected":false},"excerpt":{"rendered":"","protected":false},"author":1,"featured_media":0,"parent":0,"menu_order":0,"comment_status":"closed","ping_status":"closed","template":"page-blank.php","meta":[],"_links":{"self":[{"href":"https:\/\/webmaibinh.com\/w\/nhahang22011\/wp-json\/wp\/v2\/pages\/41"}],"collection":[{"href":"https:\/\/webmaibinh.com\/w\/nhahang22011\/wp-json\/wp\/v2\/pages"}],"about":[{"href":"https:\/\/webmaibinh.com\/w\/nhahang22011\/wp-json\/wp\/v2\/types\/page"}],"author":[{"embeddable":true,"href":"https:\/\/webmaibinh.com\/w\/nhahang22011\/wp-json\/wp\/v2\/users\/1"}],"replies":[{"embeddable":true,"href":"https:\/\/webmaibinh.com\/w\/nhahang22011\/wp-json\/wp\/v2\/comments?post=41"}],"version-history":[{"count":10,"href":"https:\/\/webmaibinh.com\/w\/nhahang22011\/wp-json\/wp\/v2\/pages\/41\/revisions"}],"predecessor-version":[{"id":419,"href":"https:\/\/webmaibinh.com\/w\/nhahang22011\/wp-json\/wp\/v2\/pages\/41\/revisions\/419"}],"wp:attachment":[{"href":"https:\/\/webmaibinh.com\/w\/nhahang22011\/wp-json\/wp\/v2\/media?parent=41"}],"curies":[{"name":"wp","href":"https:\/\/api.w.org\/{rel}","templated":true}]}}