{"id":175,"date":"2018-11-09T07:14:12","date_gmt":"2018-11-09T07:14:12","guid":{"rendered":"http:\/\/nhahang2.khowebseotop.vn\/?page_id=175"},"modified":"2018-11-09T09:37:44","modified_gmt":"2018-11-09T09:37:44","slug":"gioi-thieu","status":"publish","type":"page","link":"https:\/\/webmaibinh.com\/w\/nhahang22011\/gioi-thieu\/","title":{"rendered":"Gi\u1edbi thi\u1ec7u"},"content":{"rendered":"\t<section class=\"section\" id=\"section_1913131310\">\n\t\t<div class=\"bg section-bg fill bg-fill  bg-loaded\" >\n\n\t\t\t\n\t\t\t\n\t\t\t\n\n\t\t<\/div>\n\n\t\t<div class=\"section-content relative\">\n\t\t\t\n<div class=\"row\"  id=\"row-861853138\">\n\n\t<div id=\"col-2004604742\" class=\"col small-12 large-12\"  >\n\t\t<div class=\"col-inner text-center\"  >\n\t\t\t\n\t\t\t\n<div class=\"block-title\"><img class=\"center-block aligncenter\" src=\"http:\/\/calangtoanthang.vn\/image\/catalog\/nha-hang\/icon-nha-hang.png\" alt=\"Nh\u00e0 h\u00e0ng c\u00e1 l\u0103ng To\u00e0n Th\u1eafng\" \/><\/p>\n<div class=\"text-title center-block text-center\" style=\"text-align: center;\">\n<h3 class=\"title-home\">NH\u00c0 H\u00c0NG C\u00c1 L\u0102NG TO\u00c0N TH\u1eaeNG<\/h3>\n<\/div>\n<\/div>\n<div class=\"block-content center-block\">\n<div class=\"pagetext\">\n<p style=\"text-align: center;\">N\u1eb1m s\u00e1t ven S\u00f4ng H\u1ed3ng \u00a0Nh\u00e0 h\u00e0ng c\u00e1 l\u0103ng To\u00e0n Th\u1eafng l\u00e0 m\u1ed9t th\u01b0\u01a1ng hi\u1ec7u \u1ea9m th\u1ef1c n\u1ed5i ti\u1ebfng t\u1ea1i H\u00e0 n\u1ed9i lu\u00f4n l\u00e0 \u0111i\u1ec3m \u0111\u1ebfn \u01b0a chu\u1ed9ng c\u1ee7a r\u1ea5t nhi\u1ec1u th\u1ef1c kh\u00e1ch t\u1eeb Nam ra B\u1eafc.<\/p>\n<p style=\"text-align: center;\">\u00a0 Khu\u00f4n vi\u00ean \u0111\u1eb9p, kh\u00f4ng gian y\u00ean t\u0129nh th\u01a1 m\u1ed9ng \u0111\u1ec3 t\u1ed5 ch\u1ee9c c\u00e1c b\u1eefa \u0103n gia \u0111\u00ecnh hay nh\u1eefng bu\u1ed5i h\u1ecdp m\u1eb7t li\u00ean hoan sinh nh\u1eadt v\u00e0 \u0111\u1eb7c bi\u1ec7t l\u00e0 \u0111\u1ecba \u0111i\u1ec3m l\u00fd t\u01b0\u1edfng \u0111\u1ec3 t\u1ed5 ch\u1ee9c nh\u1eefng bu\u1ed5i ti\u1ec7c ngo\u00e0i tr\u1eddi.<\/p>\n<p style=\"text-align: center;\">\u00a0 C\u00e1c m\u00f3n \u0103n \u0111\u01b0\u1ee3c ch\u1ebf bi\u1ebfn t\u1eeb c\u00e1 l\u0103ng do \u0111\u1ea7u b\u1ebfp kinh nghi\u1ec7m l\u00e2u n\u0103m s\u1ebd \u0111em \u0111\u1ebfn cho th\u1ef1c kh\u00e1ch nh\u1eefng \u1ea5n t\u01b0\u1ee3ng kh\u00f3 qu\u00ean.<\/p>\n<p style=\"text-align: center;\">\u00a0H\u00e3y \u0111\u1ebfn \u0111\u1ec3 c\u1ea3m nh\u1eadn \u0111\u00f3 l\u00e0 s\u1ef1 l\u1ef1a ch\u1ecdn s\u1ed1 1 c\u1ee7a qu\u00fd kh\u00e1ch!\u00a0<\/p>\n<p style=\"text-align: center;\">H\u00e3y \u0111\u1ebfn v\u1edbi Nh\u00e0 h\u00e0ng c\u00e1 l\u0103ng To\u00e0n Th\u1eafng \u0111\u1ec3 c\u1ea3m nh\u1eadn!<\/p>\n<\/div>\n<\/div>\n<a class=\"button primary\"  >\n    <span>Xem th\u1ef1c \u0111\u01a1n<\/span>\n  <\/a>\n\n\t\t<\/div>\n\t\t\t<\/div>\n\n\t\n<\/div>\n\t\t<\/div>\n\n\t\t\n<style>\n#section_1913131310 {\n  padding-top: 30px;\n  padding-bottom: 30px;\n}\n<\/style>\n\t<\/section>\n\t\n\t<section class=\"section\" id=\"section_853921702\">\n\t\t<div class=\"bg section-bg fill bg-fill  bg-loaded\" >\n\n\t\t\t\n\t\t\t\n\t\t\t\n\n\t\t<\/div>\n\n\t\t<div class=\"section-content relative\">\n\t\t\t\n<div class=\"row\"  id=\"row-989111448\">\n\n\t<div id=\"col-1008792973\" class=\"col small-12 large-12\"  >\n\t\t<div class=\"col-inner\"  >\n\t\t\t\n\t\t\t\n<h3 class=\"title-home\" style=\"text-align: center;\">KH\u00d4NG GIAN NH\u00c0 H\u00c0NG<\/h3>\n<p style=\"text-align: center;\">T\u1ed5ng h\u1ee3p nh\u1eefng h\u00ecnh \u1ea3nh nh\u00e0 h\u00e0ng<\/p>\n  <style>\n    #gallery-1478926020 .grid-col-1{height: 600px}\n    #gallery-1478926020 .grid-col-1-2{height: 300px}\n    #gallery-1478926020 .grid-col-1-3{height:200px}\n    #gallery-1478926020 .grid-col-2-3{height: 400px}\n    #gallery-1478926020 .grid-col-1-4{height: 150px}\n    #gallery-1478926020 .grid-col-3-4{height: 450px}\n\n\n        \/* Tablet *\/\n    @media (max-width: 850px){\n      #gallery-1478926020 .grid-col-1{height: 400px}\n      #gallery-1478926020 .grid-col-1-2{height: 200px}\n      #gallery-1478926020 .grid-col-1-3{height:133.33333333333px}\n      #gallery-1478926020 .grid-col-2-3{height: 266.66666666667px}\n      #gallery-1478926020 .grid-col-1-4{height: 100px}\n      #gallery-1478926020 .grid-col-3-4{height: 300px}\n    }\n    \n        \/* Mobile *\/\n    @media (max-width: 550px){\n      #gallery-1478926020 .grid-col-1{height: 400px}\n      #gallery-1478926020 .grid-col-1-2{height: 200px}\n      #gallery-1478926020 .grid-col-1-3{height:133.33333333333px}\n      #gallery-1478926020 .grid-col-2-3{height: 266.66666666667px}\n      #gallery-1478926020 .grid-col-1-4{height: 100px}\n      #gallery-1478926020 .grid-col-3-4{height: 300px}\n    }\n    \n\n  <\/style>\n  \n  \n    <div id=\"gallery-1478926020\" class=\"row row-grid\" data-packery-options='{\"itemSelector\": \".col\", \"gutter\": 0, \"presentageWidth\" : true}'>\n\n          <div class=\"gallery-col col grid-col grid-col-1 large-6 medium-12\" >\n          <div class=\"col-inner\">\n            <a class=\"image-lightbox lightbox-gallery\" href=\"https:\/\/webmaibinh.com\/w\/nhahang22011\/wp-content\/uploads\/2018\/11\/Img0085.jpg\" title=\"\">            <div class=\"box has-hover gallery-box box-overlay dark box-text-center\">\n              <div class=\"box-image\" >\n                <img width=\"900\" height=\"559\" src=\"https:\/\/webmaibinh.com\/w\/nhahang22011\/wp-content\/uploads\/2018\/11\/Img0085.jpg\" class=\"attachment-large size-large\" alt=\"\" loading=\"lazy\" ids=\"209,210,211,212,213,214\" style=\"normal\" type=\"grid\" grid=\"3\" image_size=\"large\" srcset=\"https:\/\/webmaibinh.com\/w\/nhahang22011\/wp-content\/uploads\/2018\/11\/Img0085.jpg 900w, https:\/\/webmaibinh.com\/w\/nhahang22011\/wp-content\/uploads\/2018\/11\/Img0085-510x317.jpg 510w, https:\/\/webmaibinh.com\/w\/nhahang22011\/wp-content\/uploads\/2018\/11\/Img0085-644x400.jpg 644w, https:\/\/webmaibinh.com\/w\/nhahang22011\/wp-content\/uploads\/2018\/11\/Img0085-768x477.jpg 768w\" sizes=\"(max-width: 900px) 100vw, 900px\" \/>                                  <div class=\"overlay fill\"\n                      style=\"background-color: rgba(0,0,0,.15)\">\n                  <\/div>\n                                                              <\/div>\n              <div class=\"box-text text-left dark\" >\n                 <p><\/p>\n              <\/div>\n            <\/div>\n            <\/a>          <\/div>\n         <\/div>\n                 <div class=\"gallery-col col grid-col grid-col-1-2 large-6 medium-6\" >\n          <div class=\"col-inner\">\n            <a class=\"image-lightbox lightbox-gallery\" href=\"https:\/\/webmaibinh.com\/w\/nhahang22011\/wp-content\/uploads\/2018\/11\/Img0107.jpg\" title=\"\">            <div class=\"box has-hover gallery-box box-overlay dark box-text-center\">\n              <div class=\"box-image\" >\n                <img width=\"600\" height=\"400\" src=\"https:\/\/webmaibinh.com\/w\/nhahang22011\/wp-content\/uploads\/2018\/11\/Img0107-600x400.jpg\" class=\"attachment-medium size-medium\" alt=\"\" loading=\"lazy\" ids=\"209,210,211,212,213,214\" style=\"normal\" type=\"grid\" grid=\"3\" image_size=\"large\" srcset=\"https:\/\/webmaibinh.com\/w\/nhahang22011\/wp-content\/uploads\/2018\/11\/Img0107-600x400.jpg 600w, https:\/\/webmaibinh.com\/w\/nhahang22011\/wp-content\/uploads\/2018\/11\/Img0107-510x340.jpg 510w, https:\/\/webmaibinh.com\/w\/nhahang22011\/wp-content\/uploads\/2018\/11\/Img0107-768x512.jpg 768w, https:\/\/webmaibinh.com\/w\/nhahang22011\/wp-content\/uploads\/2018\/11\/Img0107.jpg 900w\" sizes=\"(max-width: 600px) 100vw, 600px\" \/>                                  <div class=\"overlay fill\"\n                      style=\"background-color: rgba(0,0,0,.15)\">\n                  <\/div>\n                                                              <\/div>\n              <div class=\"box-text text-left dark\" >\n                 <p><\/p>\n              <\/div>\n            <\/div>\n            <\/a>          <\/div>\n         <\/div>\n                 <div class=\"gallery-col col grid-col grid-col-1-2 large-3 medium-6\" >\n          <div class=\"col-inner\">\n            <a class=\"image-lightbox lightbox-gallery\" href=\"https:\/\/webmaibinh.com\/w\/nhahang22011\/wp-content\/uploads\/2018\/11\/Img0142.jpg\" title=\"\">            <div class=\"box has-hover gallery-box box-overlay dark box-text-center\">\n              <div class=\"box-image\" >\n                <img width=\"587\" height=\"400\" src=\"https:\/\/webmaibinh.com\/w\/nhahang22011\/wp-content\/uploads\/2018\/11\/Img0142-587x400.jpg\" class=\"attachment-medium size-medium\" alt=\"\" loading=\"lazy\" ids=\"209,210,211,212,213,214\" style=\"normal\" type=\"grid\" grid=\"3\" image_size=\"large\" srcset=\"https:\/\/webmaibinh.com\/w\/nhahang22011\/wp-content\/uploads\/2018\/11\/Img0142-587x400.jpg 587w, https:\/\/webmaibinh.com\/w\/nhahang22011\/wp-content\/uploads\/2018\/11\/Img0142-510x347.jpg 510w, https:\/\/webmaibinh.com\/w\/nhahang22011\/wp-content\/uploads\/2018\/11\/Img0142-768x523.jpg 768w, https:\/\/webmaibinh.com\/w\/nhahang22011\/wp-content\/uploads\/2018\/11\/Img0142.jpg 900w\" sizes=\"(max-width: 587px) 100vw, 587px\" \/>                                  <div class=\"overlay fill\"\n                      style=\"background-color: rgba(0,0,0,.15)\">\n                  <\/div>\n                                                              <\/div>\n              <div class=\"box-text text-left dark\" >\n                 <p><\/p>\n              <\/div>\n            <\/div>\n            <\/a>          <\/div>\n         <\/div>\n                 <div class=\"gallery-col col grid-col grid-col-1-2 large-3 medium-6\" >\n          <div class=\"col-inner\">\n            <a class=\"image-lightbox lightbox-gallery\" href=\"https:\/\/webmaibinh.com\/w\/nhahang22011\/wp-content\/uploads\/2018\/11\/Img0145.jpg\" title=\"\">            <div class=\"box has-hover gallery-box box-overlay dark box-text-center\">\n              <div class=\"box-image\" >\n                <img width=\"716\" height=\"400\" src=\"https:\/\/webmaibinh.com\/w\/nhahang22011\/wp-content\/uploads\/2018\/11\/Img0145-716x400.jpg\" class=\"attachment-medium size-medium\" alt=\"\" loading=\"lazy\" ids=\"209,210,211,212,213,214\" style=\"normal\" type=\"grid\" grid=\"3\" image_size=\"large\" srcset=\"https:\/\/webmaibinh.com\/w\/nhahang22011\/wp-content\/uploads\/2018\/11\/Img0145-716x400.jpg 716w, https:\/\/webmaibinh.com\/w\/nhahang22011\/wp-content\/uploads\/2018\/11\/Img0145-510x285.jpg 510w, https:\/\/webmaibinh.com\/w\/nhahang22011\/wp-content\/uploads\/2018\/11\/Img0145-768x429.jpg 768w, https:\/\/webmaibinh.com\/w\/nhahang22011\/wp-content\/uploads\/2018\/11\/Img0145.jpg 900w\" sizes=\"(max-width: 716px) 100vw, 716px\" \/>                                  <div class=\"overlay fill\"\n                      style=\"background-color: rgba(0,0,0,.15)\">\n                  <\/div>\n                                                              <\/div>\n              <div class=\"box-text text-left dark\" >\n                 <p><\/p>\n              <\/div>\n            <\/div>\n            <\/a>          <\/div>\n         <\/div>\n                 <div class=\"gallery-col col grid-col grid-col-1-2 large-3 medium-6\" >\n          <div class=\"col-inner\">\n            <a class=\"image-lightbox lightbox-gallery\" href=\"https:\/\/webmaibinh.com\/w\/nhahang22011\/wp-content\/uploads\/2018\/11\/Img0162-533x800.jpg\" title=\"\">            <div class=\"box has-hover gallery-box box-overlay dark box-text-center\">\n              <div class=\"box-image\" >\n                <img width=\"267\" height=\"400\" src=\"https:\/\/webmaibinh.com\/w\/nhahang22011\/wp-content\/uploads\/2018\/11\/Img0162-267x400.jpg\" class=\"attachment-medium size-medium\" alt=\"\" loading=\"lazy\" ids=\"209,210,211,212,213,214\" style=\"normal\" type=\"grid\" grid=\"3\" image_size=\"large\" srcset=\"https:\/\/webmaibinh.com\/w\/nhahang22011\/wp-content\/uploads\/2018\/11\/Img0162-267x400.jpg 267w, https:\/\/webmaibinh.com\/w\/nhahang22011\/wp-content\/uploads\/2018\/11\/Img0162-510x765.jpg 510w, https:\/\/webmaibinh.com\/w\/nhahang22011\/wp-content\/uploads\/2018\/11\/Img0162-768x1152.jpg 768w, https:\/\/webmaibinh.com\/w\/nhahang22011\/wp-content\/uploads\/2018\/11\/Img0162-533x800.jpg 533w, https:\/\/webmaibinh.com\/w\/nhahang22011\/wp-content\/uploads\/2018\/11\/Img0162.jpg 900w\" sizes=\"(max-width: 267px) 100vw, 267px\" \/>                                  <div class=\"overlay fill\"\n                      style=\"background-color: rgba(0,0,0,.15)\">\n                  <\/div>\n                                                              <\/div>\n              <div class=\"box-text text-left dark\" >\n                 <p><\/p>\n              <\/div>\n            <\/div>\n            <\/a>          <\/div>\n         <\/div>\n                 <div class=\"gallery-col col grid-col grid-col-1-2 large-3 medium-6\" >\n          <div class=\"col-inner\">\n            <a class=\"image-lightbox lightbox-gallery\" href=\"https:\/\/webmaibinh.com\/w\/nhahang22011\/wp-content\/uploads\/2018\/11\/Img0098.jpg\" title=\"\">            <div class=\"box has-hover gallery-box box-overlay dark box-text-center\">\n              <div class=\"box-image\" >\n                <img width=\"600\" height=\"400\" src=\"https:\/\/webmaibinh.com\/w\/nhahang22011\/wp-content\/uploads\/2018\/11\/Img0098-600x400.jpg\" class=\"attachment-medium size-medium\" alt=\"\" loading=\"lazy\" ids=\"209,210,211,212,213,214\" style=\"normal\" type=\"grid\" grid=\"3\" image_size=\"large\" srcset=\"https:\/\/webmaibinh.com\/w\/nhahang22011\/wp-content\/uploads\/2018\/11\/Img0098-600x400.jpg 600w, https:\/\/webmaibinh.com\/w\/nhahang22011\/wp-content\/uploads\/2018\/11\/Img0098-510x340.jpg 510w, https:\/\/webmaibinh.com\/w\/nhahang22011\/wp-content\/uploads\/2018\/11\/Img0098-768x512.jpg 768w, https:\/\/webmaibinh.com\/w\/nhahang22011\/wp-content\/uploads\/2018\/11\/Img0098.jpg 900w\" sizes=\"(max-width: 600px) 100vw, 600px\" \/>                                  <div class=\"overlay fill\"\n                      style=\"background-color: rgba(0,0,0,.15)\">\n                  <\/div>\n                                                              <\/div>\n              <div class=\"box-text text-left dark\" >\n                 <p><\/p>\n              <\/div>\n            <\/div>\n            <\/a>          <\/div>\n         <\/div>\n         <\/div>\n\t\t<\/div>\n\t\t\t<\/div>\n\n\t\n<\/div>\n\t\t<\/div>\n\n\t\t\n<style>\n#section_853921702 {\n  padding-top: 30px;\n  padding-bottom: 30px;\n}\n<\/style>\n\t<\/section>\n\t\n","protected":false},"excerpt":{"rendered":"","protected":false},"author":1,"featured_media":0,"parent":0,"menu_order":0,"comment_status":"closed","ping_status":"closed","template":"page-blank.php","meta":[],"_links":{"self":[{"href":"https:\/\/webmaibinh.com\/w\/nhahang22011\/wp-json\/wp\/v2\/pages\/175"}],"collection":[{"href":"https:\/\/webmaibinh.com\/w\/nhahang22011\/wp-json\/wp\/v2\/pages"}],"about":[{"href":"https:\/\/webmaibinh.com\/w\/nhahang22011\/wp-json\/wp\/v2\/types\/page"}],"author":[{"embeddable":true,"href":"https:\/\/webmaibinh.com\/w\/nhahang22011\/wp-json\/wp\/v2\/users\/1"}],"replies":[{"embeddable":true,"href":"https:\/\/webmaibinh.com\/w\/nhahang22011\/wp-json\/wp\/v2\/comments?post=175"}],"version-history":[{"count":6,"href":"https:\/\/webmaibinh.com\/w\/nhahang22011\/wp-json\/wp\/v2\/pages\/175\/revisions"}],"predecessor-version":[{"id":232,"href":"https:\/\/webmaibinh.com\/w\/nhahang22011\/wp-json\/wp\/v2\/pages\/175\/revisions\/232"}],"wp:attachment":[{"href":"https:\/\/webmaibinh.com\/w\/nhahang22011\/wp-json\/wp\/v2\/media?parent=175"}],"curies":[{"name":"wp","href":"https:\/\/api.w.org\/{rel}","templated":true}]}}