{"id":81,"date":"2018-01-12T08:27:18","date_gmt":"2018-01-12T08:27:18","guid":{"rendered":"http:\/\/nhahang1.khowebseotop.vn\/?post_type=product&#038;p=81"},"modified":"2018-03-07T03:24:09","modified_gmt":"2018-03-07T03:24:09","slug":"com-chien-ca-man","status":"publish","type":"product","link":"https:\/\/webmaibinh.com\/w\/nhahang12011\/san-pham\/com-chien-ca-man\/","title":{"rendered":"C\u01a1m chi\u00ean c\u00e1 m\u1eb7n"},"content":{"rendered":"<p>Trong y h\u1ecdc c\u1ed5 truy\u1ec1n, chim b\u1ed3 c\u00e2u \u0111\u01b0\u1ee3c d\u00f9ng l\u00e0m v\u1ecb thu\u1ed1c nh\u01b0ng s\u1eed d\u1ee5ng hi\u1ec7u qu\u1ea3 nh\u1ea5t v\u1eabn l\u00e0 chim b\u1ed3 c\u00e2u non (ra r\u00e0ng), d\u01b0\u1edbi 1 th\u00e1ng tu\u1ed5i. Chim b\u1ed3 c\u00e2u (Columba livia domestica Gmelin) thu\u1ed9c h\u1ecd b\u1ed3 c\u00e2u (Columbidae), t\u00ean kh\u00e1c l\u00e0 b\u1ed3 c\u00e2u nh\u00e0, chim c\u00e2u, l\u00e0 lo\u00e0i chim nu\u00f4i r\u1ed9ng r\u00e3i kh\u1eafp c\u00e1c ch\u00e2u l\u1ee5c, t\u1eebng gia \u0111\u00ecnh c\u00f3 th\u1ec3 nu\u00f4i chim b\u1ed3 c\u00e2u \u0111\u1ec3 s\u1eed d\u1ee5ng. Chim b\u1ed3 c\u00e2u \u0111\u01b0\u1ee3c d\u00f9ng v\u1edbi t\u00ean thu\u1ed1c l\u00e0 c\u00e1p \u0111i\u1ec3u hay gia c\u00e1p, g\u1ed3m th\u1ecbt chim (c\u00e1p \u0111i\u1ec3u nh\u1ee5c), ti\u1ebft chim (c\u00e1p \u0111i\u1ec3u huy\u1ebft), ph\u00e2n chim (c\u00e1p \u0111i\u1ec3u ph\u1ea9n) v\u00e0 tr\u1ee9ng chim (c\u00e1p \u0111i\u1ec3u no\u00e3n) c\u0169ng \u0111\u01b0\u1ee3c d\u00f9ng.<\/p>\n","protected":false},"excerpt":{"rendered":"<p>Trong y h\u1ecdc c\u1ed5 truy\u1ec1n, chim b\u1ed3 c\u00e2u \u0111\u01b0\u1ee3c d\u00f9ng l\u00e0m v\u1ecb thu\u1ed1c nh\u01b0ng s\u1eed d\u1ee5ng hi\u1ec7u qu\u1ea3 nh\u1ea5t v\u1eabn l\u00e0 chim b\u1ed3 c\u00e2u non (ra r\u00e0ng), d\u01b0\u1edbi 1 th\u00e1ng tu\u1ed5i. Chim b\u1ed3 c\u00e2u (Columba livia domestica Gmelin) thu\u1ed9c h\u1ecd b\u1ed3 c\u00e2u (Columbidae), t\u00ean kh\u00e1c l\u00e0 b\u1ed3 c\u00e2u nh\u00e0, chim c\u00e2u, l\u00e0 lo\u00e0i chim nu\u00f4i [&#8230;]\n","protected":false},"featured_media":82,"comment_status":"open","ping_status":"closed","template":"","meta":[],"_links":{"self":[{"href":"https:\/\/webmaibinh.com\/w\/nhahang12011\/wp-json\/wp\/v2\/product\/81"}],"collection":[{"href":"https:\/\/webmaibinh.com\/w\/nhahang12011\/wp-json\/wp\/v2\/product"}],"about":[{"href":"https:\/\/webmaibinh.com\/w\/nhahang12011\/wp-json\/wp\/v2\/types\/product"}],"replies":[{"embeddable":true,"href":"https:\/\/webmaibinh.com\/w\/nhahang12011\/wp-json\/wp\/v2\/comments?post=81"}],"wp:featuredmedia":[{"embeddable":true,"href":"https:\/\/webmaibinh.com\/w\/nhahang12011\/wp-json\/wp\/v2\/media\/82"}],"wp:attachment":[{"href":"https:\/\/webmaibinh.com\/w\/nhahang12011\/wp-json\/wp\/v2\/media?parent=81"}],"curies":[{"name":"wp","href":"https:\/\/api.w.org\/{rel}","templated":true}]}}