{"id":76,"date":"2018-01-12T08:24:40","date_gmt":"2018-01-12T08:24:40","guid":{"rendered":"http:\/\/nhahang1.khowebseotop.vn\/?post_type=product&#038;p=76"},"modified":"2018-03-07T03:24:28","modified_gmt":"2018-03-07T03:24:28","slug":"chao-ga","status":"publish","type":"product","link":"https:\/\/webmaibinh.com\/w\/nhahang12011\/san-pham\/chao-ga\/","title":{"rendered":"Ch\u00e1o g\u00e0"},"content":{"rendered":"<p><em>Ch\u00e1o g\u00e0 l\u00e0 m\u00f3n \u0103n ngon v\u00e0 c\u1ef1c k\u1ef3 d\u1ec5 \u0103n. T\u00f4i ch\u1eafc ch\u1eafn v\u1edbi c\u00e1c b\u1ea1n r\u1eb1ng, h\u1ea7u h\u1ebft m\u1ecdi ng\u01b0\u1eddi tr\u00ean \u0111\u1ea5t n\u01b0\u1edbc Vi\u1ec7t Nam n\u00e0y \u0111\u1ec1u \u0111\u00e3 th\u01b0\u1edfng th\u1ee9c qua m\u00f3n ch\u00e1o g\u00e0 v\u00e0 \u0111\u1ec1u \u01b0a th\u00edch n\u00f3. B\u1ea1n \u0111\u1eebng qu\u00ean r\u1eb1ng, ch\u00e1o g\u00e0 kh\u00f4ng ch\u1ec9 l\u00e0 m\u00f3n ngon bu\u1ed5i s\u00e1ng, m\u00e0 d\u00f9ng v\u00e0o bu\u1ed5i tr\u01b0a hay bu\u1ed5i t\u1ed1i \u0111\u1ec1u c\u1ef1c k\u1ef3 ph\u00f9 h\u1ee3p. Ch\u00fac c\u00e1c b\u1ea1n th\u00e0nh c\u00f4ng v\u1edbi m\u00f3n ch\u00e1o g\u00e0 nh\u00e9.<\/em><\/p>\n","protected":false},"excerpt":{"rendered":"<p>Ch\u00e1o g\u00e0 l\u00e0 m\u00f3n \u0103n ngon v\u00e0 c\u1ef1c k\u1ef3 d\u1ec5 \u0103n. T\u00f4i ch\u1eafc ch\u1eafn v\u1edbi c\u00e1c b\u1ea1n r\u1eb1ng, h\u1ea7u h\u1ebft m\u1ecdi ng\u01b0\u1eddi tr\u00ean \u0111\u1ea5t n\u01b0\u1edbc Vi\u1ec7t Nam n\u00e0y \u0111\u1ec1u \u0111\u00e3 th\u01b0\u1edfng th\u1ee9c qua m\u00f3n ch\u00e1o g\u00e0 v\u00e0 \u0111\u1ec1u \u01b0a th\u00edch n\u00f3. B\u1ea1n \u0111\u1eebng qu\u00ean r\u1eb1ng, ch\u00e1o g\u00e0 kh\u00f4ng ch\u1ec9 l\u00e0 m\u00f3n ngon bu\u1ed5i s\u00e1ng, m\u00e0 [&#8230;]\n","protected":false},"featured_media":77,"comment_status":"open","ping_status":"closed","template":"","meta":[],"_links":{"self":[{"href":"https:\/\/webmaibinh.com\/w\/nhahang12011\/wp-json\/wp\/v2\/product\/76"}],"collection":[{"href":"https:\/\/webmaibinh.com\/w\/nhahang12011\/wp-json\/wp\/v2\/product"}],"about":[{"href":"https:\/\/webmaibinh.com\/w\/nhahang12011\/wp-json\/wp\/v2\/types\/product"}],"replies":[{"embeddable":true,"href":"https:\/\/webmaibinh.com\/w\/nhahang12011\/wp-json\/wp\/v2\/comments?post=76"}],"wp:featuredmedia":[{"embeddable":true,"href":"https:\/\/webmaibinh.com\/w\/nhahang12011\/wp-json\/wp\/v2\/media\/77"}],"wp:attachment":[{"href":"https:\/\/webmaibinh.com\/w\/nhahang12011\/wp-json\/wp\/v2\/media?parent=76"}],"curies":[{"name":"wp","href":"https:\/\/api.w.org\/{rel}","templated":true}]}}