{"id":66,"date":"2018-01-12T08:16:24","date_gmt":"2018-01-12T08:16:24","guid":{"rendered":"http:\/\/nhahang1.khowebseotop.vn\/?post_type=product&#038;p=66"},"modified":"2018-03-07T03:25:22","modified_gmt":"2018-03-07T03:25:22","slug":"muc-ong-sot-chanh-day","status":"publish","type":"product","link":"https:\/\/webmaibinh.com\/w\/nhahang12011\/san-pham\/muc-ong-sot-chanh-day\/","title":{"rendered":"M\u1ef0C \u1ed0NG S\u1ed0T CHANH D\u00c2Y"},"content":{"rendered":"<p>\u0110i\u1ec3m quan tr\u1ecdng c\u1ee7a m\u00f3n m\u1ef1c \u1ed1ng s\u1ed1t chanh d\u00e2y l\u00e0 nguy\u00ean li\u1ec7u ch\u00ednh \u201cm\u1ef1c \u1ed1ng\u201d t\u01b0\u01a1i ngon, s\u1ef1 k\u1ebft h\u1ee3p l\u1ea1 gi\u1eefa chanh d\u00e2y v\u00e0 m\u1ef1c \u1ed1ng b\u1eb1ng b\u00e0n tay t\u00e0i hoa c\u1ee7a \u0111\u1ea7u b\u1ebfp N\u00f3n L\u00e1 t\u1ea1o ra m\u1ed9t m\u00f3n \u0103n ph\u00f9 h\u1ee3p v\u1edbi nhi\u1ec1u \u0111\u1ed1i t\u01b0\u1ee3ng nam n\u1eef gi\u00e0 tr\u1ebb kh\u00e1c nhau<br \/>\nKh\u00f4ng ngoa khi n\u00f3i r\u1eb1ng: \u201cM\u00f3n \u0103n n\u00e0y s\u1ebd khi\u1ebfn b\u1ea1n ph\u1ea3i nh\u1edb m\u00e3i hay ph\u1ea3i l\u1eadp t\u1ee9c order th\u00eam ph\u1ea7n m\u1edbi khi m\u1ed9t l\u1ea7n \u0111\u01b0\u1ee3c th\u01b0\u1edfng th\u1ee9c n\u00f3<\/p>\n","protected":false},"excerpt":{"rendered":"<p>\u0110i\u1ec3m quan tr\u1ecdng c\u1ee7a m\u00f3n m\u1ef1c \u1ed1ng s\u1ed1t chanh d\u00e2y l\u00e0 nguy\u00ean li\u1ec7u ch\u00ednh \u201cm\u1ef1c \u1ed1ng\u201d t\u01b0\u01a1i ngon, s\u1ef1 k\u1ebft h\u1ee3p l\u1ea1 gi\u1eefa chanh d\u00e2y v\u00e0 m\u1ef1c \u1ed1ng b\u1eb1ng b\u00e0n tay t\u00e0i hoa c\u1ee7a \u0111\u1ea7u b\u1ebfp N\u00f3n L\u00e1 t\u1ea1o ra m\u1ed9t m\u00f3n \u0103n ph\u00f9 h\u1ee3p v\u1edbi nhi\u1ec1u \u0111\u1ed1i t\u01b0\u1ee3ng nam n\u1eef gi\u00e0 tr\u1ebb kh\u00e1c nhau [&#8230;]\n","protected":false},"featured_media":67,"comment_status":"open","ping_status":"closed","template":"","meta":[],"_links":{"self":[{"href":"https:\/\/webmaibinh.com\/w\/nhahang12011\/wp-json\/wp\/v2\/product\/66"}],"collection":[{"href":"https:\/\/webmaibinh.com\/w\/nhahang12011\/wp-json\/wp\/v2\/product"}],"about":[{"href":"https:\/\/webmaibinh.com\/w\/nhahang12011\/wp-json\/wp\/v2\/types\/product"}],"replies":[{"embeddable":true,"href":"https:\/\/webmaibinh.com\/w\/nhahang12011\/wp-json\/wp\/v2\/comments?post=66"}],"wp:featuredmedia":[{"embeddable":true,"href":"https:\/\/webmaibinh.com\/w\/nhahang12011\/wp-json\/wp\/v2\/media\/67"}],"wp:attachment":[{"href":"https:\/\/webmaibinh.com\/w\/nhahang12011\/wp-json\/wp\/v2\/media?parent=66"}],"curies":[{"name":"wp","href":"https:\/\/api.w.org\/{rel}","templated":true}]}}