{"id":626,"date":"2022-01-05T22:00:48","date_gmt":"2022-01-05T15:00:48","guid":{"rendered":"https:\/\/webmaibinh.com\/w\/ngocmanhphat\/?post_type=product&#038;p=626"},"modified":"2022-01-16T15:14:08","modified_gmt":"2022-01-16T08:14:08","slug":"goi-do-asahi-ukp","status":"publish","type":"product","link":"https:\/\/webmaibinh.com\/w\/ngocmanhphat\/san-pham\/goi-do-asahi-ukp\/","title":{"rendered":"G\u1ed0I \u0110\u1ee0 ASAHI UKP"},"content":{"rendered":"<p style=\"text-align: center;\"><img loading=\"lazy\" class=\"alignnone size-medium wp-image-673\" src=\"https:\/\/webmaibinh.com\/w\/ngocmanhphat\/wp-content\/uploads\/2022\/01\/GOI-DO-ASAHI-UKP-400x400.jpg\" alt=\"\" width=\"400\" height=\"400\" srcset=\"https:\/\/webmaibinh.com\/w\/ngocmanhphat\/wp-content\/uploads\/2022\/01\/GOI-DO-ASAHI-UKP-400x400.jpg 400w, https:\/\/webmaibinh.com\/w\/ngocmanhphat\/wp-content\/uploads\/2022\/01\/GOI-DO-ASAHI-UKP-800x800.jpg 800w, https:\/\/webmaibinh.com\/w\/ngocmanhphat\/wp-content\/uploads\/2022\/01\/GOI-DO-ASAHI-UKP-280x280.jpg 280w, https:\/\/webmaibinh.com\/w\/ngocmanhphat\/wp-content\/uploads\/2022\/01\/GOI-DO-ASAHI-UKP-768x768.jpg 768w, https:\/\/webmaibinh.com\/w\/ngocmanhphat\/wp-content\/uploads\/2022\/01\/GOI-DO-ASAHI-UKP-1536x1536.jpg 1536w, https:\/\/webmaibinh.com\/w\/ngocmanhphat\/wp-content\/uploads\/2022\/01\/GOI-DO-ASAHI-UKP-2048x2048.jpg 2048w, https:\/\/webmaibinh.com\/w\/ngocmanhphat\/wp-content\/uploads\/2022\/01\/GOI-DO-ASAHI-UKP-510x510.jpg 510w, https:\/\/webmaibinh.com\/w\/ngocmanhphat\/wp-content\/uploads\/2022\/01\/GOI-DO-ASAHI-UKP-100x100.jpg 100w\" sizes=\"(max-width: 400px) 100vw, 400px\" \/><\/p>\n","protected":false},"excerpt":{"rendered":"<p>S\u1ea3n ph\u1ea7m n\u00e0y \u0111\u00e3 m\u00f4 t\u1ea3<\/p>\n","protected":false},"featured_media":673,"comment_status":"closed","ping_status":"closed","template":"","meta":[],"yoast_head":"<!-- This site is optimized with the Yoast SEO plugin v15.3 - https:\/\/yoast.com\/wordpress\/plugins\/seo\/ -->\n<title>G\u1ed0I \u0110\u1ee0 ASAHI UKP - ngocmanhphat<\/title>\n<meta name=\"robots\" content=\"noindex, follow\" \/>\n<meta name=\"twitter:label1\" content=\"Written by\">\n\t<meta name=\"twitter:data1\" content=\"admin\">\n\t<meta name=\"twitter:label2\" content=\"Est. reading time\">\n\t<meta name=\"twitter:data2\" content=\"0 ph\u00fat\">\n<script type=\"application\/ld+json\" class=\"yoast-schema-graph\">{\"@context\":\"https:\/\/schema.org\",\"@graph\":[{\"@type\":\"WebSite\",\"@id\":\"https:\/\/webmaibinh.com\/w\/ngocmanhphat\/#website\",\"url\":\"https:\/\/webmaibinh.com\/w\/ngocmanhphat\/\",\"name\":\"ngocmanhphat\",\"description\":\"\",\"potentialAction\":[{\"@type\":\"SearchAction\",\"target\":\"https:\/\/webmaibinh.com\/w\/ngocmanhphat\/?s={search_term_string}\",\"query-input\":\"required name=search_term_string\"}],\"inLanguage\":\"vi\"},{\"@type\":\"ImageObject\",\"@id\":\"https:\/\/webmaibinh.com\/w\/ngocmanhphat\/san-pham\/goi-do-asahi-ukp\/#primaryimage\",\"inLanguage\":\"vi\",\"url\":\"https:\/\/webmaibinh.com\/w\/ngocmanhphat\/wp-content\/uploads\/2022\/01\/GOI-DO-ASAHI-UKP.jpg\",\"width\":2448,\"height\":2448},{\"@type\":\"WebPage\",\"@id\":\"https:\/\/webmaibinh.com\/w\/ngocmanhphat\/san-pham\/goi-do-asahi-ukp\/#webpage\",\"url\":\"https:\/\/webmaibinh.com\/w\/ngocmanhphat\/san-pham\/goi-do-asahi-ukp\/\",\"name\":\"G\\u1ed0I \\u0110\\u1ee0 ASAHI UKP - ngocmanhphat\",\"isPartOf\":{\"@id\":\"https:\/\/webmaibinh.com\/w\/ngocmanhphat\/#website\"},\"primaryImageOfPage\":{\"@id\":\"https:\/\/webmaibinh.com\/w\/ngocmanhphat\/san-pham\/goi-do-asahi-ukp\/#primaryimage\"},\"datePublished\":\"2022-01-05T15:00:48+00:00\",\"dateModified\":\"2022-01-16T08:14:08+00:00\",\"inLanguage\":\"vi\",\"potentialAction\":[{\"@type\":\"ReadAction\",\"target\":[\"https:\/\/webmaibinh.com\/w\/ngocmanhphat\/san-pham\/goi-do-asahi-ukp\/\"]}]}]}<\/script>\n<!-- \/ Yoast SEO plugin. -->","_links":{"self":[{"href":"https:\/\/webmaibinh.com\/w\/ngocmanhphat\/wp-json\/wp\/v2\/product\/626"}],"collection":[{"href":"https:\/\/webmaibinh.com\/w\/ngocmanhphat\/wp-json\/wp\/v2\/product"}],"about":[{"href":"https:\/\/webmaibinh.com\/w\/ngocmanhphat\/wp-json\/wp\/v2\/types\/product"}],"replies":[{"embeddable":true,"href":"https:\/\/webmaibinh.com\/w\/ngocmanhphat\/wp-json\/wp\/v2\/comments?post=626"}],"wp:featuredmedia":[{"embeddable":true,"href":"https:\/\/webmaibinh.com\/w\/ngocmanhphat\/wp-json\/wp\/v2\/media\/673"}],"wp:attachment":[{"href":"https:\/\/webmaibinh.com\/w\/ngocmanhphat\/wp-json\/wp\/v2\/media?parent=626"}],"curies":[{"name":"wp","href":"https:\/\/api.w.org\/{rel}","templated":true}]}}