{"id":580,"date":"2022-01-05T21:33:56","date_gmt":"2022-01-05T14:33:56","guid":{"rendered":"https:\/\/webmaibinh.com\/w\/ngocmanhphat\/?post_type=product&#038;p=580"},"modified":"2022-01-09T21:03:18","modified_gmt":"2022-01-09T14:03:18","slug":"day-cap-dien-daphaco","status":"publish","type":"product","link":"https:\/\/webmaibinh.com\/w\/ngocmanhphat\/san-pham\/day-cap-dien-daphaco\/","title":{"rendered":"D\u00c2Y C\u00c1P \u0110I\u1ec6N DAPHACO"},"content":{"rendered":"<p style=\"text-align: center;\"><img loading=\"lazy\" class=\"alignnone size-medium wp-image-732\" src=\"https:\/\/webmaibinh.com\/w\/ngocmanhphat\/wp-content\/uploads\/2022\/01\/DAY-CAP-DIEN-DAPHACO-400x400.jpg\" alt=\"\" width=\"400\" height=\"400\" srcset=\"https:\/\/webmaibinh.com\/w\/ngocmanhphat\/wp-content\/uploads\/2022\/01\/DAY-CAP-DIEN-DAPHACO-400x400.jpg 400w, https:\/\/webmaibinh.com\/w\/ngocmanhphat\/wp-content\/uploads\/2022\/01\/DAY-CAP-DIEN-DAPHACO-280x280.jpg 280w, https:\/\/webmaibinh.com\/w\/ngocmanhphat\/wp-content\/uploads\/2022\/01\/DAY-CAP-DIEN-DAPHACO-510x510.jpg 510w, https:\/\/webmaibinh.com\/w\/ngocmanhphat\/wp-content\/uploads\/2022\/01\/DAY-CAP-DIEN-DAPHACO-100x100.jpg 100w, https:\/\/webmaibinh.com\/w\/ngocmanhphat\/wp-content\/uploads\/2022\/01\/DAY-CAP-DIEN-DAPHACO.jpg 600w\" sizes=\"(max-width: 400px) 100vw, 400px\" \/><\/p>\n","protected":false},"excerpt":{"rendered":"","protected":false},"featured_media":732,"comment_status":"closed","ping_status":"closed","template":"","meta":[],"yoast_head":"<!-- This site is optimized with the Yoast SEO plugin v15.3 - https:\/\/yoast.com\/wordpress\/plugins\/seo\/ -->\n<title>D\u00c2Y C\u00c1P \u0110I\u1ec6N DAPHACO - ngocmanhphat<\/title>\n<meta name=\"robots\" content=\"noindex, follow\" \/>\n<meta name=\"twitter:label1\" content=\"Written by\">\n\t<meta name=\"twitter:data1\" content=\"admin\">\n\t<meta name=\"twitter:label2\" content=\"Est. reading time\">\n\t<meta name=\"twitter:data2\" content=\"0 ph\u00fat\">\n<script type=\"application\/ld+json\" class=\"yoast-schema-graph\">{\"@context\":\"https:\/\/schema.org\",\"@graph\":[{\"@type\":\"WebSite\",\"@id\":\"https:\/\/webmaibinh.com\/w\/ngocmanhphat\/#website\",\"url\":\"https:\/\/webmaibinh.com\/w\/ngocmanhphat\/\",\"name\":\"ngocmanhphat\",\"description\":\"\",\"potentialAction\":[{\"@type\":\"SearchAction\",\"target\":\"https:\/\/webmaibinh.com\/w\/ngocmanhphat\/?s={search_term_string}\",\"query-input\":\"required name=search_term_string\"}],\"inLanguage\":\"vi\"},{\"@type\":\"ImageObject\",\"@id\":\"https:\/\/webmaibinh.com\/w\/ngocmanhphat\/san-pham\/day-cap-dien-daphaco\/#primaryimage\",\"inLanguage\":\"vi\",\"url\":\"https:\/\/webmaibinh.com\/w\/ngocmanhphat\/wp-content\/uploads\/2022\/01\/DAY-CAP-DIEN-DAPHACO.jpg\",\"width\":600,\"height\":600},{\"@type\":\"WebPage\",\"@id\":\"https:\/\/webmaibinh.com\/w\/ngocmanhphat\/san-pham\/day-cap-dien-daphaco\/#webpage\",\"url\":\"https:\/\/webmaibinh.com\/w\/ngocmanhphat\/san-pham\/day-cap-dien-daphaco\/\",\"name\":\"D\\u00c2Y C\\u00c1P \\u0110I\\u1ec6N DAPHACO - ngocmanhphat\",\"isPartOf\":{\"@id\":\"https:\/\/webmaibinh.com\/w\/ngocmanhphat\/#website\"},\"primaryImageOfPage\":{\"@id\":\"https:\/\/webmaibinh.com\/w\/ngocmanhphat\/san-pham\/day-cap-dien-daphaco\/#primaryimage\"},\"datePublished\":\"2022-01-05T14:33:56+00:00\",\"dateModified\":\"2022-01-09T14:03:18+00:00\",\"inLanguage\":\"vi\",\"potentialAction\":[{\"@type\":\"ReadAction\",\"target\":[\"https:\/\/webmaibinh.com\/w\/ngocmanhphat\/san-pham\/day-cap-dien-daphaco\/\"]}]}]}<\/script>\n<!-- \/ Yoast SEO plugin. -->","_links":{"self":[{"href":"https:\/\/webmaibinh.com\/w\/ngocmanhphat\/wp-json\/wp\/v2\/product\/580"}],"collection":[{"href":"https:\/\/webmaibinh.com\/w\/ngocmanhphat\/wp-json\/wp\/v2\/product"}],"about":[{"href":"https:\/\/webmaibinh.com\/w\/ngocmanhphat\/wp-json\/wp\/v2\/types\/product"}],"replies":[{"embeddable":true,"href":"https:\/\/webmaibinh.com\/w\/ngocmanhphat\/wp-json\/wp\/v2\/comments?post=580"}],"wp:featuredmedia":[{"embeddable":true,"href":"https:\/\/webmaibinh.com\/w\/ngocmanhphat\/wp-json\/wp\/v2\/media\/732"}],"wp:attachment":[{"href":"https:\/\/webmaibinh.com\/w\/ngocmanhphat\/wp-json\/wp\/v2\/media?parent=580"}],"curies":[{"name":"wp","href":"https:\/\/api.w.org\/{rel}","templated":true}]}}