{"id":574,"date":"2022-01-05T21:28:35","date_gmt":"2022-01-05T14:28:35","guid":{"rendered":"https:\/\/webmaibinh.com\/w\/ngocmanhphat\/?post_type=product&#038;p=574"},"modified":"2022-01-09T20:55:48","modified_gmt":"2022-01-09T13:55:48","slug":"bong-den-led-ban-nguyet","status":"publish","type":"product","link":"https:\/\/webmaibinh.com\/w\/ngocmanhphat\/san-pham\/bong-den-led-ban-nguyet\/","title":{"rendered":"B\u00d3NG \u0110\u00c8N LED B\u00c1N NGUY\u1ec6T"},"content":{"rendered":"<p style=\"text-align: center;\"><img loading=\"lazy\" class=\"alignnone size-medium wp-image-725\" src=\"https:\/\/webmaibinh.com\/w\/ngocmanhphat\/wp-content\/uploads\/2022\/01\/BONG-DEN-LED-BAN-NGUYET-400x400.jpg\" alt=\"\" width=\"400\" height=\"400\" srcset=\"https:\/\/webmaibinh.com\/w\/ngocmanhphat\/wp-content\/uploads\/2022\/01\/BONG-DEN-LED-BAN-NGUYET-400x400.jpg 400w, https:\/\/webmaibinh.com\/w\/ngocmanhphat\/wp-content\/uploads\/2022\/01\/BONG-DEN-LED-BAN-NGUYET-800x800.jpg 800w, https:\/\/webmaibinh.com\/w\/ngocmanhphat\/wp-content\/uploads\/2022\/01\/BONG-DEN-LED-BAN-NGUYET-280x280.jpg 280w, https:\/\/webmaibinh.com\/w\/ngocmanhphat\/wp-content\/uploads\/2022\/01\/BONG-DEN-LED-BAN-NGUYET-768x768.jpg 768w, https:\/\/webmaibinh.com\/w\/ngocmanhphat\/wp-content\/uploads\/2022\/01\/BONG-DEN-LED-BAN-NGUYET-510x510.jpg 510w, https:\/\/webmaibinh.com\/w\/ngocmanhphat\/wp-content\/uploads\/2022\/01\/BONG-DEN-LED-BAN-NGUYET-100x100.jpg 100w, https:\/\/webmaibinh.com\/w\/ngocmanhphat\/wp-content\/uploads\/2022\/01\/BONG-DEN-LED-BAN-NGUYET.jpg 900w\" sizes=\"(max-width: 400px) 100vw, 400px\" \/><\/p>\n","protected":false},"excerpt":{"rendered":"","protected":false},"featured_media":725,"comment_status":"closed","ping_status":"closed","template":"","meta":[],"yoast_head":"<!-- This site is optimized with the Yoast SEO plugin v15.3 - https:\/\/yoast.com\/wordpress\/plugins\/seo\/ -->\n<title>B\u00d3NG \u0110\u00c8N LED B\u00c1N NGUY\u1ec6T - ngocmanhphat<\/title>\n<meta name=\"robots\" content=\"noindex, follow\" \/>\n<meta name=\"twitter:label1\" content=\"Written by\">\n\t<meta name=\"twitter:data1\" content=\"admin\">\n\t<meta name=\"twitter:label2\" content=\"Est. reading time\">\n\t<meta name=\"twitter:data2\" content=\"0 ph\u00fat\">\n<script type=\"application\/ld+json\" class=\"yoast-schema-graph\">{\"@context\":\"https:\/\/schema.org\",\"@graph\":[{\"@type\":\"WebSite\",\"@id\":\"https:\/\/webmaibinh.com\/w\/ngocmanhphat\/#website\",\"url\":\"https:\/\/webmaibinh.com\/w\/ngocmanhphat\/\",\"name\":\"ngocmanhphat\",\"description\":\"\",\"potentialAction\":[{\"@type\":\"SearchAction\",\"target\":\"https:\/\/webmaibinh.com\/w\/ngocmanhphat\/?s={search_term_string}\",\"query-input\":\"required name=search_term_string\"}],\"inLanguage\":\"vi\"},{\"@type\":\"ImageObject\",\"@id\":\"https:\/\/webmaibinh.com\/w\/ngocmanhphat\/san-pham\/bong-den-led-ban-nguyet\/#primaryimage\",\"inLanguage\":\"vi\",\"url\":\"https:\/\/webmaibinh.com\/w\/ngocmanhphat\/wp-content\/uploads\/2022\/01\/BONG-DEN-LED-BAN-NGUYET.jpg\",\"width\":900,\"height\":900},{\"@type\":\"WebPage\",\"@id\":\"https:\/\/webmaibinh.com\/w\/ngocmanhphat\/san-pham\/bong-den-led-ban-nguyet\/#webpage\",\"url\":\"https:\/\/webmaibinh.com\/w\/ngocmanhphat\/san-pham\/bong-den-led-ban-nguyet\/\",\"name\":\"B\\u00d3NG \\u0110\\u00c8N LED B\\u00c1N NGUY\\u1ec6T - ngocmanhphat\",\"isPartOf\":{\"@id\":\"https:\/\/webmaibinh.com\/w\/ngocmanhphat\/#website\"},\"primaryImageOfPage\":{\"@id\":\"https:\/\/webmaibinh.com\/w\/ngocmanhphat\/san-pham\/bong-den-led-ban-nguyet\/#primaryimage\"},\"datePublished\":\"2022-01-05T14:28:35+00:00\",\"dateModified\":\"2022-01-09T13:55:48+00:00\",\"inLanguage\":\"vi\",\"potentialAction\":[{\"@type\":\"ReadAction\",\"target\":[\"https:\/\/webmaibinh.com\/w\/ngocmanhphat\/san-pham\/bong-den-led-ban-nguyet\/\"]}]}]}<\/script>\n<!-- \/ Yoast SEO plugin. -->","_links":{"self":[{"href":"https:\/\/webmaibinh.com\/w\/ngocmanhphat\/wp-json\/wp\/v2\/product\/574"}],"collection":[{"href":"https:\/\/webmaibinh.com\/w\/ngocmanhphat\/wp-json\/wp\/v2\/product"}],"about":[{"href":"https:\/\/webmaibinh.com\/w\/ngocmanhphat\/wp-json\/wp\/v2\/types\/product"}],"replies":[{"embeddable":true,"href":"https:\/\/webmaibinh.com\/w\/ngocmanhphat\/wp-json\/wp\/v2\/comments?post=574"}],"wp:featuredmedia":[{"embeddable":true,"href":"https:\/\/webmaibinh.com\/w\/ngocmanhphat\/wp-json\/wp\/v2\/media\/725"}],"wp:attachment":[{"href":"https:\/\/webmaibinh.com\/w\/ngocmanhphat\/wp-json\/wp\/v2\/media?parent=574"}],"curies":[{"name":"wp","href":"https:\/\/api.w.org\/{rel}","templated":true}]}}