{"id":566,"date":"2022-01-05T20:55:34","date_gmt":"2022-01-05T13:55:34","guid":{"rendered":"https:\/\/webmaibinh.com\/w\/ngocmanhphat\/?page_id=566"},"modified":"2022-01-16T15:45:43","modified_gmt":"2022-01-16T08:45:43","slug":"gioi-thieu","status":"publish","type":"page","link":"https:\/\/webmaibinh.com\/w\/ngocmanhphat\/gioi-thieu\/","title":{"rendered":"GI\u1edaI THI\u1ec6U"},"content":{"rendered":"\n<p style=\"text-align: justify; padding-left: 80px;\"><strong>Ch\u00e0o m\u1eebng qu\u00fd kh\u00e1ch h\u00e0ng \u0111\u1ebfn v\u1edbi V\u1eadt t\u01b0 C\u00f4ng nghi\u1ec7p Ng\u1ecdc M\u1ea1nh Ph\u00e1t\u00a0!<\/strong><\/p>\n<p style=\"text-align: justify; padding-left: 80px;\">Ng\u1ecdc M\u1ea1nh Ph\u00e1t l\u00e0 \u0111\u01a1n v\u1ecb l\u00e2u n\u0103m trong l\u0129nh v\u1ef1c b\u00e1n bu\u00f4n, b\u00e1n l\u1ebb v\u1eadt t\u01b0 c\u00f4ng nghi\u1ec7p\u00a0:<\/p>\n<ul>\n<li style=\"list-style-type: none;\">\n<ul>\n<li style=\"list-style-type: none;\">\n<ul style=\"text-align: justify;\">\n<li>Thi\u1ebft b\u1ecb \u0111i\u1ec7n d\u00e2n d\u1ee5ng, \u0111i\u1ec7n c\u00f4ng nghi\u1ec7p.<\/li>\n<li>M\u00e1y n\u00e9n kh\u00ed, m\u00e1y th\u1ee7y l\u1ef1c<\/li>\n<li>V\u1eadt t\u01b0 c\u01a1 kh\u00ed<\/li>\n<li>V\u1eadt t\u01b0 ng\u00e0nh n\u01b0\u1edbc<\/li>\n<li>\u0110\u1ed3 ng\u0169 kim, \u0111\u1ed3 s\u1eaft th\u00e9p<\/li>\n<li>V\u00f2ng bi b\u1ea1c \u0111\u1ea1n<\/li>\n<\/ul>\n<\/li>\n<\/ul>\n<\/li>\n<\/ul>\n<p style=\"text-align: justify; padding-left: 80px;\">M\u00e1y m\u00f3c thi\u1ebft b\u1ecb ph\u1ee5c v\u1ee5 d\u00e2n d\u1ee5ng<\/p>\n<p style=\"text-align: justify; padding-left: 80px;\">Ch\u00fang t\u00f4i lu\u00f4n \u0111\u1eb7t ph\u01b0\u01a1ng ch\u1ea5t l\u01b0\u1ee3ng, uy t\u00edn, gi\u00e1 c\u1ea3 h\u1ee3p l\u00fd l\u00ean h\u00e0ng \u0111\u1ea7u \u0111\u1ec3 mang \u0111\u1ebfn kh\u00e1ch h\u00e0ng nh\u1eefng s\u1ea3n ph\u1ea9m t\u1ed1t nh\u1ea5t. Ch\u00fang t\u00f4i xin ch\u00e2n th\u00e0nh c\u1ea3m \u01a1n kh\u00e1ch h\u00e0ng \u0111\u00e3 tin t\u01b0\u1edfng s\u1eed d\u1ee5ng s\u1ea3n ph\u1ea9m c\u1ee7a ch\u00fang t\u00f4i trong su\u1ed1t th\u1eddi gian qua.<\/p>\n<p style=\"text-align: justify; padding-left: 80px;\">Qu\u00fd kh\u00e1ch h\u00e0ng c\u00f3 nhu c\u1ea7u mua s\u1ea3n ph\u1ea9m v\u1eadt t\u01b0 c\u00f4ng nghi\u1ec7p t\u1ed1t h\u00e3y li\u00ean h\u1ec7 ch\u00fang t\u00f4i ngay qua<\/p>\n<p style=\"text-align: justify; padding-left: 80px;\">Hotline\u00a0: <a href=\"https:\/\/zalo.me\/0972437702\"><span style=\"font-size: 110%; color: #ed1c24;\"><strong>0972 437 702<\/strong><\/span><\/a><\/p>\n<p style=\"text-align: justify; padding-left: 80px;\">Website : <a href=\"https:\/\/webmaibinh.com\/w\/ngocmanhphat\/\"><strong><span style=\"color: #ed1c24;\">Ngocmanhphat.com<\/span><\/strong><\/a><\/p>\n<p style=\"text-align: justify; padding-left: 80px;\">Gmail : <strong><span style=\"color: #ed1c24;\">Ngocmanhphat.com@gmail.com<\/span><\/strong><\/p>\n<p style=\"text-align: justify; padding-left: 80px;\">\u00a0<\/p>\n\n","protected":false},"excerpt":{"rendered":"","protected":false},"author":1,"featured_media":0,"parent":0,"menu_order":0,"comment_status":"closed","ping_status":"closed","template":"","meta":[],"yoast_head":"<!-- This site is optimized with the Yoast SEO plugin v15.3 - https:\/\/yoast.com\/wordpress\/plugins\/seo\/ -->\n<title>GI\u1edaI THI\u1ec6U - ngocmanhphat<\/title>\n<meta name=\"robots\" content=\"noindex, follow\" \/>\n<meta name=\"twitter:label1\" content=\"Written by\">\n\t<meta name=\"twitter:data1\" content=\"admin\">\n\t<meta name=\"twitter:label2\" content=\"Est. reading time\">\n\t<meta name=\"twitter:data2\" content=\"1 ph\u00fat\">\n<script type=\"application\/ld+json\" class=\"yoast-schema-graph\">{\"@context\":\"https:\/\/schema.org\",\"@graph\":[{\"@type\":\"WebSite\",\"@id\":\"https:\/\/webmaibinh.com\/w\/ngocmanhphat\/#website\",\"url\":\"https:\/\/webmaibinh.com\/w\/ngocmanhphat\/\",\"name\":\"ngocmanhphat\",\"description\":\"\",\"potentialAction\":[{\"@type\":\"SearchAction\",\"target\":\"https:\/\/webmaibinh.com\/w\/ngocmanhphat\/?s={search_term_string}\",\"query-input\":\"required name=search_term_string\"}],\"inLanguage\":\"vi\"},{\"@type\":\"WebPage\",\"@id\":\"https:\/\/webmaibinh.com\/w\/ngocmanhphat\/gioi-thieu\/#webpage\",\"url\":\"https:\/\/webmaibinh.com\/w\/ngocmanhphat\/gioi-thieu\/\",\"name\":\"GI\\u1edaI THI\\u1ec6U - ngocmanhphat\",\"isPartOf\":{\"@id\":\"https:\/\/webmaibinh.com\/w\/ngocmanhphat\/#website\"},\"datePublished\":\"2022-01-05T13:55:34+00:00\",\"dateModified\":\"2022-01-16T08:45:43+00:00\",\"inLanguage\":\"vi\",\"potentialAction\":[{\"@type\":\"ReadAction\",\"target\":[\"https:\/\/webmaibinh.com\/w\/ngocmanhphat\/gioi-thieu\/\"]}]}]}<\/script>\n<!-- \/ Yoast SEO plugin. -->","_links":{"self":[{"href":"https:\/\/webmaibinh.com\/w\/ngocmanhphat\/wp-json\/wp\/v2\/pages\/566"}],"collection":[{"href":"https:\/\/webmaibinh.com\/w\/ngocmanhphat\/wp-json\/wp\/v2\/pages"}],"about":[{"href":"https:\/\/webmaibinh.com\/w\/ngocmanhphat\/wp-json\/wp\/v2\/types\/page"}],"author":[{"embeddable":true,"href":"https:\/\/webmaibinh.com\/w\/ngocmanhphat\/wp-json\/wp\/v2\/users\/1"}],"replies":[{"embeddable":true,"href":"https:\/\/webmaibinh.com\/w\/ngocmanhphat\/wp-json\/wp\/v2\/comments?post=566"}],"version-history":[{"count":8,"href":"https:\/\/webmaibinh.com\/w\/ngocmanhphat\/wp-json\/wp\/v2\/pages\/566\/revisions"}],"predecessor-version":[{"id":829,"href":"https:\/\/webmaibinh.com\/w\/ngocmanhphat\/wp-json\/wp\/v2\/pages\/566\/revisions\/829"}],"wp:attachment":[{"href":"https:\/\/webmaibinh.com\/w\/ngocmanhphat\/wp-json\/wp\/v2\/media?parent=566"}],"curies":[{"name":"wp","href":"https:\/\/api.w.org\/{rel}","templated":true}]}}