{"id":847,"date":"2017-10-14T02:26:58","date_gmt":"2017-10-14T02:26:58","guid":{"rendered":"http:\/\/mypham4.khowebseotop.vn\/?post_type=product&#038;p=847"},"modified":"2018-07-25T10:39:28","modified_gmt":"2018-07-25T10:39:28","slug":"combo-10-goi-mat-na-dan-hoi-va-tre-hoa-da","status":"publish","type":"product","link":"https:\/\/webmaibinh.com\/w\/mypham42011\/san-pham\/combo-10-goi-mat-na-dan-hoi-va-tre-hoa-da\/","title":{"rendered":"Combo 10 G\u00f3i M\u1eb7t N\u1ea1 \u0110\u00e0n H\u1ed3i V\u00e0 Tr\u1ebb H\u00f3a Da"},"content":{"rendered":"<p><strong>Combo 10 G\u00f3i M\u1eb7t N\u1ea1 \u0110\u00e0n H\u1ed3i V\u00e0 Tr\u1ebb H\u00f3a Da Baby Face Injection Mask\u00a0<\/strong><\/p>\n<p><strong>Xu\u1ea5t x\u1ee9:\u00a0<\/strong>Bano &#8211; H\u00e0n Qu\u1ed1c<\/p>\n<p><strong>HSD:\u00a0<\/strong>\u00a01\/2020<\/p>\n<p><strong>Tr\u1ecdng l\u01b0\u1ee3ng:<\/strong>\u00a0\u00a0427 g<\/p>\n<p><img loading=\"lazy\" src=\"http:\/\/mypham4.khowebseotop.vn\/wp-content\/uploads\/2017\/10\/combo-10-goi-mat-na-dan-hoi-va-tre-hoa-da-847.jpg\" alt=\"\" width=\"500\" height=\"500\" \/><\/p>\n<p><strong>C\u00f4ng d\u1ee5ng:(*)<\/strong><\/p>\n<p>&#8211; M\u1eb7t N\u1ea1\u00a0<strong>Baby Face Iniecction Mask\u00a0<\/strong>v\u1edbi c\u00e1c ch\u1ea5t chi\u1ebft xu\u1ea5t t\u1eeb peptit v\u00e0 chi\u1ebft xu\u1ea5t t\u1eeb t\u1ebf b\u00e0o g\u1ed1c c\u1ee7a th\u1ef1c v\u1eadt t\u0103ng c\u01b0\u1eddng collagen v\u00e0 kh\u00f4i ph\u1ee5c l\u00e0n da c\u00f3 \u0111\u1ed9 \u0111\u00e0n h\u1ed3i cao.<\/p>\n<p>&#8211; D\u01b0\u1ee1ng \u1ea9m cho da c\u1ea3 ng\u00e0y,v\u1eeba t\u1ea1o m\u1ed9t l\u1edbp m\u00e0ng b\u00ean ngo\u00e0i da, gi\u1eef ch\u1ea5t \u1ea9m l\u1ea1i, ng\u0103n kh\u00f4ng cho ch\u00fang tho\u00e1t qua da.<\/p>\n<p>&#8211; Ph\u1ee5c h\u1ed3i cho l\u00e0n da b\u1ecb h\u01b0 t\u1ed5n.<\/p>\n<p>&#8211; V\u1edbi k\u1ebft c\u1ea5u d\u1ea1ng s\u1eefa \u0111\u1eb7c, s\u1ec7t nh\u01b0 s\u1eefa chua,th\u1ea9m th\u1ea5u nhanh v\u00e0o da, t\u00e1i t\u1ea1o da m\u1edbi, gi\u1eef g\u00ecn cho l\u00e0n da t\u01b0\u01a1i t\u1eafn h\u1ea1n ch\u1ebf s\u1ef1 l\u00e3o h\u00f3a theo th\u1eddi gian.<\/p>\n<p>&#8211; D\u01b0\u1ee1ng \u1ea9m cho da c\u1ea3 ng\u00e0y,v\u1eeba t\u1ea1o m\u1ed9t l\u1edbp m\u00e0ng b\u00ean ngo\u00e0i da, gi\u1eef ch\u1ea5t \u1ea9m l\u1ea1i, ng\u0103n kh\u00f4ng cho ch\u00fang tho\u00e1t qua da.<\/p>\n<p>&#8211; Mang l\u1ea1i v\u1ebb \u0111\u1eb9p v\u00e0 s\u1ee9c s\u1ed1ng cho l\u00e0n da.<\/p>\n<p><img loading=\"lazy\" src=\"http:\/\/mypham4.khowebseotop.vn\/wp-content\/uploads\/2017\/10\/combo-10-goi-mat-na-dan-hoi-va-tre-hoa-da-847-1.jpg\" alt=\"\" width=\"500\" height=\"786\" \/><\/p>\n<p><img loading=\"lazy\" src=\"http:\/\/mypham4.khowebseotop.vn\/wp-content\/uploads\/2017\/10\/combo-10-goi-mat-na-dan-hoi-va-tre-hoa-da-847-2.jpg\" alt=\"\" width=\"500\" height=\"666\" \/><\/p>\n<p><img loading=\"lazy\" src=\"http:\/\/mypham4.khowebseotop.vn\/wp-content\/uploads\/2017\/10\/combo-10-goi-mat-na-dan-hoi-va-tre-hoa-da-847-3.jpg\" alt=\"\" width=\"500\" height=\"498\" \/><\/p>\n","protected":false},"excerpt":{"rendered":"<p>Son d\u01b0\u1ee1ng v\u1edbi th\u00e0nh ph\u1ea7n t\u1eeb thi\u00ean nhi\u00ean: D\u1ea7u c\u00e1m g\u1ea1o, S\u00e1p ong, D\u1ea7u b\u01a1, D\u1ea7u Jojoba, B\u01a1 cacao, kh\u00f4ng ch\u00ec hay h\u00f3a ch\u1ea5t g\u00e2y h\u1ea1i. H\u01b0\u01a1ng th\u01a1m ng\u1ecdt ng\u00e0o t\u1eeb tinh d\u1ea7u hoa ng\u1ecdc lan t\u00e2y v\u00e0 cam d\u1ec5 ch\u1ecbu. Gi\u00fap d\u01b0\u1ee1ng m\u00f4i, cung c\u1ea5p \u0111\u1ed9 \u1ea9m c\u1ea7n thi\u1ebft cho m\u00f4i, gi\u00fap m\u00f4i tr\u00e1nh n\u1ee9t n\u1ebb khi th\u1eddi ti\u1ebft kh\u00f4 v\u00e0 l\u1ea1nh. S\u1ea3n ph\u1ea9m an to\u00e0n c\u00f3 th\u1ec3 d\u00f9ng cho m\u1ecdi \u0111\u1ed1i t\u01b0\u1ee3ng.<\/p>\n","protected":false},"featured_media":848,"comment_status":"open","ping_status":"closed","template":"","meta":[],"_links":{"self":[{"href":"https:\/\/webmaibinh.com\/w\/mypham42011\/wp-json\/wp\/v2\/product\/847"}],"collection":[{"href":"https:\/\/webmaibinh.com\/w\/mypham42011\/wp-json\/wp\/v2\/product"}],"about":[{"href":"https:\/\/webmaibinh.com\/w\/mypham42011\/wp-json\/wp\/v2\/types\/product"}],"replies":[{"embeddable":true,"href":"https:\/\/webmaibinh.com\/w\/mypham42011\/wp-json\/wp\/v2\/comments?post=847"}],"wp:featuredmedia":[{"embeddable":true,"href":"https:\/\/webmaibinh.com\/w\/mypham42011\/wp-json\/wp\/v2\/media\/848"}],"wp:attachment":[{"href":"https:\/\/webmaibinh.com\/w\/mypham42011\/wp-json\/wp\/v2\/media?parent=847"}],"curies":[{"name":"wp","href":"https:\/\/api.w.org\/{rel}","templated":true}]}}