{"id":842,"date":"2017-10-14T02:26:10","date_gmt":"2017-10-14T02:26:10","guid":{"rendered":"http:\/\/mypham4.khowebseotop.vn\/?post_type=product&#038;p=842"},"modified":"2017-10-14T02:26:13","modified_gmt":"2017-10-14T02:26:13","slug":"mat-na-chiet-xuat-tu-tro-nui-lua-face-shop","status":"publish","type":"product","link":"https:\/\/webmaibinh.com\/w\/mypham42011\/san-pham\/mat-na-chiet-xuat-tu-tro-nui-lua-face-shop\/","title":{"rendered":"M\u1eb7t N\u1ea1 Chi\u1ebft Xu\u1ea5t T\u1eeb Tro N\u00fai L\u1eeda The Face Shop"},"content":{"rendered":"<p><strong>M\u1eb7t N\u1ea1 Chi\u1ebft Xu\u1ea5t T\u1eeb Tro N\u00fai L\u1eeda The Face Shop Jeju Volcanic Lava Pore Mud Pack 100ml<\/strong><\/p>\n<p>Xu\u1ea5t x\u1ee9: H\u00e0n Qu\u1ed1c &#8211; HSD: 09\/01\/2020<\/p>\n<p>Dung l\u01b0\u1ee3ng: 100ml<\/p>\n<p><img loading=\"lazy\" src=\"http:\/\/mypham4.khowebseotop.vn\/wp-content\/uploads\/2017\/10\/mat-na-chiet-xuat-tu-tro-nui-lua-the-face-shop-842.jpg\" alt=\"\" width=\"500\" height=\"500\" \/><\/p>\n<p><strong>Th\u00f4ng tin s\u1ea3n ph\u1ea9m:<\/strong><\/p>\n<p><strong>M\u1eb7t N\u1ea1 The Face Shop Jeju Volcanic Lava Pore Mud Pack<\/strong>\u00a0l\u00e0 s\u1ea3n ph\u1ea9m m\u1eb7t n\u1ea1 chi\u1ebft xu\u1ea5t ch\u00ednh t\u1eeb kho\u00e1ng thi\u00ean nhi\u00ean t\u1eeb ngay tr\u00ean \u0111\u1ea3o JeJu v\u1edbi th\u00e0nh ph\u1ea7n ch\u00ednh l\u00e0 b\u1ee5i tro n\u00fai l\u1eeda, \u0111\u1ea5t s\u00e9t c\u00f9ng h\u1ea1t tr\u00e0 xanh, qu\u1ea3 qu\u00fdt, qu\u1ea3 thanh y\u00ean v\u00e0 c\u00e2y x\u01b0\u01a1ng r\u1ed3ng, l\u1ea5y s\u1ea1ch s\u00e2u t\u1eadn c\u00f9ng l\u1ed7 ch\u00e2n l\u00f4ng nh\u1eefng b\u1ee5i b\u1ea9n c\u1ee9ng \u0111\u1ea7u m\u00e0 ho\u00e0n to\u00e0n kh\u00f4ng g\u00e2y kh\u00f4 da, nh\u1edd kh\u1ea3 n\u0103ng b\u1ed5 sung d\u01b0\u1ee1ng ch\u1ea5t s\u00e2u \u0111\u1ec3 l\u1ea1i tr\u00ean da sau \u0111\u00f3. Th\u00e0nh ph\u1ea7n quan tr\u1ecdng trong s\u1ea3n ph\u1ea9m ch\u1ee9a t\u1eadn 6g th\u00e0nh ph\u1ea7n tro n\u00fai l\u1eeda.<\/p>\n<p><img loading=\"lazy\" src=\"http:\/\/mypham4.khowebseotop.vn\/wp-content\/uploads\/2017\/10\/mat-na-chiet-xuat-tu-tro-nui-lua-the-face-shop-842-1.jpg\" alt=\"\" width=\"500\" height=\"500\" \/><img loading=\"lazy\" src=\"http:\/\/mypham4.khowebseotop.vn\/wp-content\/uploads\/2017\/10\/mat-na-chiet-xuat-tu-tro-nui-lua-the-face-shop-842-2.jpg\" alt=\"\" width=\"500\" height=\"887\" \/><\/p>\n","protected":false},"excerpt":{"rendered":"<p>M\u1eb7t N\u1ea1 Chi\u1ebft Xu\u1ea5t T\u1eeb Tro N\u00fai L\u1eeda The Face Shop Jeju Volcanic Lava Pore Mud Pack 100ml Xu\u1ea5t x\u1ee9: H\u00e0n Qu\u1ed1c &#8211; HSD: 09\/01\/2020 Dung l\u01b0\u1ee3ng: 100ml Th\u00f4ng tin s\u1ea3n ph\u1ea9m: M\u1eb7t N\u1ea1 The Face Shop Jeju Volcanic Lava Pore Mud Pack\u00a0l\u00e0 s\u1ea3n ph\u1ea9m m\u1eb7t n\u1ea1 chi\u1ebft xu\u1ea5t ch\u00ednh t\u1eeb kho\u00e1ng thi\u00ean nhi\u00ean t\u1eeb&#8230;<\/p>\n","protected":false},"featured_media":843,"comment_status":"open","ping_status":"closed","template":"","meta":[],"_links":{"self":[{"href":"https:\/\/webmaibinh.com\/w\/mypham42011\/wp-json\/wp\/v2\/product\/842"}],"collection":[{"href":"https:\/\/webmaibinh.com\/w\/mypham42011\/wp-json\/wp\/v2\/product"}],"about":[{"href":"https:\/\/webmaibinh.com\/w\/mypham42011\/wp-json\/wp\/v2\/types\/product"}],"replies":[{"embeddable":true,"href":"https:\/\/webmaibinh.com\/w\/mypham42011\/wp-json\/wp\/v2\/comments?post=842"}],"wp:featuredmedia":[{"embeddable":true,"href":"https:\/\/webmaibinh.com\/w\/mypham42011\/wp-json\/wp\/v2\/media\/843"}],"wp:attachment":[{"href":"https:\/\/webmaibinh.com\/w\/mypham42011\/wp-json\/wp\/v2\/media?parent=842"}],"curies":[{"name":"wp","href":"https:\/\/api.w.org\/{rel}","templated":true}]}}