{"id":836,"date":"2017-10-14T02:06:56","date_gmt":"2017-10-14T02:06:56","guid":{"rendered":"http:\/\/mypham4.khowebseotop.vn\/?post_type=product&#038;p=836"},"modified":"2017-10-14T02:07:00","modified_gmt":"2017-10-14T02:07:00","slug":"mat-na-duong-den-skinfood-black-sugar-mask-100g","status":"publish","type":"product","link":"https:\/\/webmaibinh.com\/w\/mypham42011\/san-pham\/mat-na-duong-den-skinfood-black-sugar-mask-100g\/","title":{"rendered":"M\u1eb7t N\u1ea1 \u0110\u01b0\u1eddng \u0110en SkinFood Black Sugar Mask 100g"},"content":{"rendered":"<p><strong>M\u1eb7t N\u1ea1 \u0110\u01b0\u1eddng \u0110en SkinFood Black Sugar Mask 100g<\/strong><\/p>\n<p>NSX: 08\/2016 &#8211; HSD: 01\/2019 &#8211;\u00a0Xu\u1ea5t x\u1ee9: H\u00e0n Qu\u1ed1c<\/p>\n<p>M\u1eb7t n\u1ea1 \u0111\u01b0\u1eddng \u0111en Skinfood (Black sugar mask wash off Skinfood): M\u1eb7t n\u1ea1 \u0111\u01b0\u1eddng \u0111en chi\u1ebft xu\u1ea5t t\u1eeb \u0111\u01b0\u1eddng \u0111en Brazil c\u00f3 t\u00e1c d\u1ee5ng lo\u1ea1i b\u1ecf t\u1ebf b\u00e0o ch\u1ebft tr\u00ean da, ki\u1ec1m d\u1ea7u,\u00a0<a href=\"http:\/\/www.kosmebox.com\/duong-da\/Cac-Van-De-Cua-Da\/Tri-mun\" target=\"_self\">tr\u1ecb m\u1ee5n<\/a>\u00a0\u0111\u1ea7u \u0111en, gi\u00fap da m\u1eb7t l\u00e1ng m\u1ecbn, \u0111\u1ed3ng th\u1eddi cung c\u1ea5p vitamin v\u00e0 kho\u00e1ng ch\u1ea5t cho b\u1ea1n l\u00e0n da kh\u1ecfe m\u1ea1nh.<\/p>\n<p><img loading=\"lazy\" src=\"http:\/\/mypham4.khowebseotop.vn\/wp-content\/uploads\/2017\/10\/mat-na-duong-den-skinfood-black-sugar-mask-100g-836.jpg\" alt=\"\" width=\"500\" height=\"1659\" \/><\/p>\n<p><strong>C\u00e1ch s\u1eed d\u1ee5ng:<\/strong><\/p>\n<p>Sau khi r\u1eeda m\u1eb7t s\u1ea1ch, l\u1ea5y m\u1ed9t l\u01b0\u1ee3ng nh\u1ecf m\u1eb7t n\u1ea1 xoa l\u00ean m\u1eb7t massage, ch\u00fa \u00fd massage k\u1ef9 v\u00f9ng c\u00f3 m\u1ee5n \u0111\u1ea7u \u0111en hay m\u1ee5n c\u00e1m, tr\u00e1nh v\u00f9ng m\u1eaft, mi\u1ec7ng v\u00e0 \u0111\u1ec3 tr\u00ean da kho\u1ea3ng 10-15 ph\u00fat, sau \u0111\u00f3 r\u1eeda l\u1ea1i b\u1eb1ng n\u01b0\u1edbc. \u0110\u1ed1i v\u1edbi l\u00e0n da m\u1ecfng, nh\u1ea1y c\u1ea3m, n\u1ebfu c\u1ea3m th\u1ea5y b\u1ecb r\u00e1t khi s\u1eed d\u1ee5ng do h\u1ea1t massage l\u1edbn, b\u1ea1n c\u00f3 th\u1ec3 cho th\u00eam m\u1ed9t ch\u00fat n\u01b0\u1edbc ho\u1eb7c toner, massage trong l\u00f2ng b\u00e0n tay \u0111\u1ec3 h\u1ea1t \u0111\u01b0\u1eddng tan b\u1edbt, sau \u0111\u00f3 massage l\u00ean da \u0111\u1ec3 tr\u00e1nh b\u1ecb k\u00edch \u1ee9ng.<\/p>\n<p>N\u00ean s\u1eed d\u1ee5ng m\u1eb7t n\u1ea1 1-2 l\u1ea7n\/tu\u1ea7n.<\/p>\n","protected":false},"excerpt":{"rendered":"<p>M\u1eb7t N\u1ea1 \u0110\u01b0\u1eddng \u0110en SkinFood Black Sugar Mask 100g NSX: 08\/2016 &#8211; HSD: 01\/2019 &#8211;\u00a0Xu\u1ea5t x\u1ee9: H\u00e0n Qu\u1ed1c M\u1eb7t n\u1ea1 \u0111\u01b0\u1eddng \u0111en Skinfood (Black sugar mask wash off Skinfood): M\u1eb7t n\u1ea1 \u0111\u01b0\u1eddng \u0111en chi\u1ebft xu\u1ea5t t\u1eeb \u0111\u01b0\u1eddng \u0111en Brazil c\u00f3 t\u00e1c d\u1ee5ng lo\u1ea1i b\u1ecf t\u1ebf b\u00e0o ch\u1ebft tr\u00ean da, ki\u1ec1m d\u1ea7u,\u00a0tr\u1ecb m\u1ee5n\u00a0\u0111\u1ea7u \u0111en, gi\u00fap da&#8230;<\/p>\n","protected":false},"featured_media":837,"comment_status":"open","ping_status":"closed","template":"","meta":[],"_links":{"self":[{"href":"https:\/\/webmaibinh.com\/w\/mypham42011\/wp-json\/wp\/v2\/product\/836"}],"collection":[{"href":"https:\/\/webmaibinh.com\/w\/mypham42011\/wp-json\/wp\/v2\/product"}],"about":[{"href":"https:\/\/webmaibinh.com\/w\/mypham42011\/wp-json\/wp\/v2\/types\/product"}],"replies":[{"embeddable":true,"href":"https:\/\/webmaibinh.com\/w\/mypham42011\/wp-json\/wp\/v2\/comments?post=836"}],"wp:featuredmedia":[{"embeddable":true,"href":"https:\/\/webmaibinh.com\/w\/mypham42011\/wp-json\/wp\/v2\/media\/837"}],"wp:attachment":[{"href":"https:\/\/webmaibinh.com\/w\/mypham42011\/wp-json\/wp\/v2\/media?parent=836"}],"curies":[{"name":"wp","href":"https:\/\/api.w.org\/{rel}","templated":true}]}}