{"id":832,"date":"2017-10-14T02:06:01","date_gmt":"2017-10-14T02:06:01","guid":{"rendered":"http:\/\/mypham4.khowebseotop.vn\/?post_type=product&#038;p=832"},"modified":"2017-10-14T02:07:21","modified_gmt":"2017-10-14T02:07:21","slug":"phan-nuoc-lau-troi-lam-sang-da","status":"publish","type":"product","link":"https:\/\/webmaibinh.com\/w\/mypham42011\/san-pham\/phan-nuoc-lau-troi-lam-sang-da\/","title":{"rendered":"Ph\u00e2\u0301n N\u01b0\u01a1\u0301c L\u00e2u Tr\u00f4i La\u0300m Sa\u0301ng Da"},"content":{"rendered":"<p><strong>Ph\u00e2\u0301n N\u01b0\u01a1\u0301c L\u00e2u Tr\u00f4i La\u0300m Sa\u0301ng Da V\u00e0 Ch\u00f4\u0301ng L\u00e3o Ho\u00e1 Secret Key Natural CC Cushion SPF50 PA+++<\/strong><\/p>\n<p><strong>Xu\u00e2\u0301t X\u01b0\u0301<\/strong>:\u00a0Ha\u0300n Qu\u00f4\u0301c &#8211;\u00a0<strong>NSX:<\/strong>\u00a006\/07\/2016,<strong>\u00a0HSD:\u00a0<\/strong>05\/07\/2018<\/p>\n<p><strong>Dung ti\u0301ch<\/strong>: 15ml<\/p>\n<p><strong>Video v\u1ec1 s\u1ea3n ph\u1ea9m:<\/strong><\/p>\n<p><iframe src=\"\/wp-content\/uploads\/2017\/10\/phan-nuoc-lau-troi-lam-sang-da-832.jpg\" alt=\"\" width=\"450\" height=\"450\" \/><\/p>\n<p><strong>Tone ma\u0300u<\/strong>:<\/p>\n<p>+\u00a021 T\u00f4ng s\u00e1ng &#8211; Light Beige<br \/>\n+ 23 T\u00f4ng T\u1ef1 nhi\u00ean &#8211; Natural Beige<\/p>\n<p><img loading=\"lazy\" src=\"http:\/\/mypham4.khowebseotop.vn\/wp-content\/uploads\/2017\/10\/phan-nuoc-lau-troi-lam-sang-da-832-1.jpg\" alt=\"\" width=\"500\" height=\"325\" \/><\/p>\n<p><strong>Th\u00f4ng tin sa\u0309n ph\u00e2\u0309m<\/strong>:<\/p>\n<p>Sercet Key l\u00e0 th\u01b0\u01a1ng hi\u1ec7u m\u1ef9 ph\u1ea9m H\u00e0n Qu\u1ed1c kh\u00f4ng co\u0300n xa la\u0323 v\u01a1\u0301i \u0111a s\u00f4\u0301 chi\u0323 em phu\u0323 n\u01b0\u0303 b\u01a1\u0309i ch\u00e2\u0301t l\u01b0\u01a1\u0323ng ma\u0300 sa\u0309n ph\u00e2\u0309m mang la\u0323i. Ph\u1ea5n n\u01b0\u1edbc l\u00e0 b\u00ed quy\u1ebft \u0111\u1ec3 ph\u00e1i \u0111\u1eb9p c\u00f3 l\u1edbp n\u1ec1n<br \/>\ntrong su\u1ed1t, b\u00f3ng m\u1ecbn, t\u01b0\u0323 nhi\u00ean. L\u00e0n da b\u00f3ng m\u01b0\u1ee3t tr\u1eafng s\u1ee9 c\u1ee7a c\u00e1c m\u1ef9 nh\u00e2n H\u00e0n Qu\u1ed1c lu\u00f4n l\u00e0 ao \u01b0\u1edbc c\u1ee7a nhi\u1ec1u b\u1ea1n g\u00e1i.<\/p>\n<p>Secret Key Natural CC Cushion SPF50 PA+++ k\u1ebft h\u1ee3p t\u1ea5t c\u1ea3 nh\u1eefng g\u00ec c\u1ea7n thi\u1ebft cho s\u1ee9c kh\u1ecfe, v\u1ebb \u0111\u1eb9p v\u00e0 b\u1ea3o v\u1ec7 da, c\u0169ng nh\u01b0 \u0111\u1ec3 t\u1ea1o ra s\u1ef1 ho\u00e0n h\u1ea3o make-up, l\u00e0m m\u1ecbn n\u1ebfp nh\u0103n v\u00e0 l\u00e0m s\u00e1ng s\u1eafc t\u1ed1 da.<\/p>\n","protected":false},"excerpt":{"rendered":"<p>Ph\u00e2\u0301n N\u01b0\u01a1\u0301c L\u00e2u Tr\u00f4i La\u0300m Sa\u0301ng Da V\u00e0 Ch\u00f4\u0301ng L\u00e3o Ho\u00e1 Secret Key Natural CC Cushion SPF50 PA+++ Xu\u00e2\u0301t X\u01b0\u0301:\u00a0Ha\u0300n Qu\u00f4\u0301c &#8211;\u00a0NSX:\u00a006\/07\/2016,\u00a0HSD:\u00a005\/07\/2018 Dung ti\u0301ch: 15ml Video v\u1ec1 s\u1ea3n ph\u1ea9m: Tone ma\u0300u: +\u00a021 T\u00f4ng s\u00e1ng &#8211; Light Beige + 23 T\u00f4ng T\u1ef1 nhi\u00ean &#8211; Natural Beige Th\u00f4ng tin sa\u0309n ph\u00e2\u0309m: Sercet Key l\u00e0 th\u01b0\u01a1ng hi\u1ec7u m\u1ef9&#8230;<\/p>\n","protected":false},"featured_media":833,"comment_status":"open","ping_status":"closed","template":"","meta":[],"_links":{"self":[{"href":"https:\/\/webmaibinh.com\/w\/mypham42011\/wp-json\/wp\/v2\/product\/832"}],"collection":[{"href":"https:\/\/webmaibinh.com\/w\/mypham42011\/wp-json\/wp\/v2\/product"}],"about":[{"href":"https:\/\/webmaibinh.com\/w\/mypham42011\/wp-json\/wp\/v2\/types\/product"}],"replies":[{"embeddable":true,"href":"https:\/\/webmaibinh.com\/w\/mypham42011\/wp-json\/wp\/v2\/comments?post=832"}],"wp:featuredmedia":[{"embeddable":true,"href":"https:\/\/webmaibinh.com\/w\/mypham42011\/wp-json\/wp\/v2\/media\/833"}],"wp:attachment":[{"href":"https:\/\/webmaibinh.com\/w\/mypham42011\/wp-json\/wp\/v2\/media?parent=832"}],"curies":[{"name":"wp","href":"https:\/\/api.w.org\/{rel}","templated":true}]}}