{"id":824,"date":"2017-10-14T02:04:44","date_gmt":"2017-10-14T02:04:44","guid":{"rendered":"http:\/\/mypham4.khowebseotop.vn\/?post_type=product&#038;p=824"},"modified":"2017-10-14T02:13:27","modified_gmt":"2017-10-14T02:13:27","slug":"phan-nuoc-chong-lao-hoa-va-sang-da","status":"publish","type":"product","link":"https:\/\/webmaibinh.com\/w\/mypham42011\/san-pham\/phan-nuoc-chong-lao-hoa-va-sang-da\/","title":{"rendered":"Ph\u1ea5n N\u01b0\u1edbc Ch\u1ed1ng L\u00e3o H\u00f3a V\u00e0 S\u00e1ng Da"},"content":{"rendered":"<p><strong>Ph\u1ea5n N\u01b0\u1edbc Ch\u1ed1ng L\u00e3o H\u00f3a V\u00e0 S\u00e1ng Da Laneige BB Cushion Anti-Aging SPF50 PA+++ (K\u00e8m L\u00f5i Thay)<\/strong><\/p>\n<p><strong>Xu\u1ea5t x\u1ee9:<\/strong>\u00a0H\u00e0n Qu\u1ed1c &#8211; H\u00e3ng Laneige<\/p>\n<p>HSD: 07\/2020<\/p>\n<p><strong>Tr\u1ecdng l\u01b0\u1ee3ng:\u00a0<\/strong>15g<\/p>\n<p><strong>Lo\u1ea1i da:<\/strong>\u00a0m\u1ecdi lo\u1ea1i da<\/p>\n<p><img loading=\"lazy\" src=\"http:\/\/mypham4.khowebseotop.vn\/wp-content\/uploads\/2017\/10\/phan-nuoc-chong-lao-hoa-va-sang-da-824.jpg\" alt=\"\" width=\"500\" height=\"225\" \/><\/p>\n<p><strong>Video:<\/strong><\/p>\n<div tabindex=\"-1\" contenteditable=\"false\">\n<div class=\"embeddedContent\" data-align=\"none\" data-oembed=\"\/wp-content\/uploads\/2017\/10\/phan-nuoc-chong-lao-hoa-va-sang-da-824-1.jpg\" alt=\"\" \/>\n<\/div>\n<p><strong>C\u00f4ng d\u1ee5ng:<\/strong><\/p>\n<p><strong>Ph\u1ea5n N\u01b0\u1edbc Trang \u0110i\u1ec3m Laneige BB Cushion Anti-Aging SPF+50\/PA+++<\/strong>\u00a0mang m\u1ed9t s\u1ed1 c\u00f4ng d\u1ee5ng n\u1ed5i tr\u1ed9i sau:<\/p>\n<p>1. Che ph\u1ee7 n\u1ebfp nh\u0103n ho\u00e0n h\u1ea3o: kh\u1ea3 n\u0103ng che ph\u1ee7 t\u1ed1t mang l\u1ea1i m\u1ed9t l\u00e0n da tinh khi\u1ebft v\u00e0 kh\u00f4ng t\u1ef3 v\u1ebft, che \u0111i c\u00e1c d\u1ea5u hi\u1ec7u c\u1ee7a tu\u1ed5i t\u00e1c nh\u01b0 n\u1ebfp nh\u0103n v\u00e0 v\u00f9ng da kh\u00f4ng \u0111\u1ec1u m\u00e0u.<\/p>\n<p>2. L\u00e0n da tr\u1ebb trung t\u1ef1 nhi\u00ean v\u1edbi hi\u1ec7u \u1ee9ng s\u00e1ng h\u1ed3ng: s\u1ea3n ph\u1ea9m ch\u1ee9a th\u00e0nh ph\u1ea7n d\u1ea7u t\u1ea1o n\u00ean v\u1ebb h\u1ed3ng h\u00e0o v\u00e0 hi\u1ec7u \u1ee9ng ph\u1ea3n chi\u1ebfu cao mang l\u1ea1i cho b\u1ea1n l\u00e0n da tr\u1eafng s\u00e1ng.<\/p>\n<p>3. Trang \u0111i\u1ec3m l\u00e2u tr\u00f4i: l\u1edbp trang \u0111i\u1ec3m ho\u00e0n to\u00e0n kh\u00f4ng b\u1ecb tr\u00f4i \u0111i ngay c\u1ea3 trong ng\u00e0y d\u00e0i, v\u00e0 m\u00e0u s\u1eafc c\u0169ng kh\u00f4ng b\u1ecb t\u1ed1i \u0111i.<\/p>\n<p>4. T\u00e1c d\u1ee5ng l\u00e0m m\u00e1t da: c\u00f4ng th\u1ee9c l\u00e0m m\u00e1t da ngay c\u1ea3 khi thoa mang l\u1ea1i c\u1ea3m gi\u00e1c t\u01b0\u01a1i m\u00e1t.<\/p>\n<p>5. B\u1ea3o v\u1ec7 ch\u1ed1ng tia UV hi\u1ec7u qu\u1ea3: v\u1edbi c\u00f4ng th\u1ee9c SPF50+ PA+++ b\u1ea3o v\u1ec7 da kh\u1ecfi t\u00e1c h\u1ea1i c\u1ee7a tia UV.<\/p>\n<p>6. L\u00e0 s\u1ea3n ph\u1ea9m 3 trong 1: c\u1ea3i thi\u1ec7n s\u1ef1 xu\u1ea5t hi\u1ec7n c\u1ee7a n\u1ebfp nh\u0103n, d\u01b0\u1ee1ng tr\u1eafng v\u00e0 b\u1ea3o v\u1ec7 da kh\u1ecfi tia UV.<\/p>\n<p><img loading=\"lazy\" src=\"http:\/\/mypham4.khowebseotop.vn\/wp-content\/uploads\/2017\/10\/phan-nuoc-chong-lao-hoa-va-sang-da-824-2.jpg\" alt=\"\" width=\"500\" height=\"626\" \/><\/p>\n<p><img loading=\"lazy\" src=\"http:\/\/mypham4.khowebseotop.vn\/wp-content\/uploads\/2017\/10\/phan-nuoc-chong-lao-hoa-va-sang-da-824-3.jpg\" alt=\"\" width=\"500\" height=\"500\" \/><\/p>\n<p><img loading=\"lazy\" src=\"http:\/\/mypham4.khowebseotop.vn\/wp-content\/uploads\/2017\/10\/phan-nuoc-chong-lao-hoa-va-sang-da-824-4.jpg\" alt=\"\" width=\"500\" height=\"714\" \/><\/p>\n<p><strong>Hi\u1ec7n b\u00ean shop c\u00f3 2 tone m\u00e0u cho c\u00e1c b\u1ea1n l\u1ef1a ch\u1ecdn:<\/strong><\/p>\n<p><strong># No 21\u00a0Natural Beige:\u00a0<\/strong>T\u00f4ng tr\u1eafng s\u00e1ng<\/p>\n<div><strong># No 23 Sand:\u00a0<\/strong>T\u00f4ng da<\/div>\n<div><img loading=\"lazy\" src=\"http:\/\/mypham4.khowebseotop.vn\/wp-content\/uploads\/2017\/10\/phan-nuoc-chong-lao-hoa-va-sang-da-824-5.jpg\" alt=\"\" width=\"500\" height=\"318\" \/><\/div>\n<p><strong>H\u01b0\u1edbng d\u1eabn s\u1eed d\u1ee5ng:<\/strong><\/p>\n<p>B\u01b0\u1edbc 1: D\u00f9ng b\u00f4ng ph\u1ea5n d\u1eb7m \u0111\u1ec1u kh\u1eafp da sau \u0111\u00f3 h\u01a1i \u1ea5n nh\u1eb9 \u0111\u1ec3 ph\u1ea5n b\u00e1m v\u00e0o da. Thoa th\u00eam m\u1ed9t l\u1ea7n n\u1eefa n\u1ebfu mu\u1ed1n trang \u0111i\u1ec3m d\u00e0y.<\/p>\n<p>B\u01b0\u1edbc 2: D\u00f9ng ng\u00f3n tay \u1ea5n m\u1ea1nh v\u00e0o b\u00ean trong h\u1ed9p ph\u1ea5n v\u00e0 n\u1ebfu th\u1ea5y ph\u1ea5n kh\u00f4ng lem v\u00e0o ng\u00f3n tay th\u00ec c\u00f3 ngh\u0129a l\u00e0 ph\u1ea5n \u0111\u00e3 \u0111\u01b0\u1ee3c d\u00f9ng h\u1ebft v\u00e0 ph\u1ea3i thay th\u1ebf h\u1ed9p m\u1edbi kh\u00e1c.<\/p>\n<p>&#8211; C\u00e1ch thay h\u1ed9p thay th\u1ebf: Sau khi \u0111\u00f3ng n\u1eafp h\u1ed9p l\u1ea1i th\u00ec l\u1eadt m\u1eb7t sau c\u1ee7a h\u1ed9p l\u00ean sau \u0111\u00f3 d\u00f9ng hai tay \u1ea5n th\u1eadt m\u1ea1nh v\u00e0o m\u1eb7t sau c\u1ee7a h\u1ed9p \u0111\u1ec3 t\u00e1ch ph\u1ea7n l\u00f5i ra kh\u1ecfi h\u1ed9p.<\/p>\n<p>&#8211; C\u00e1ch qu\u1ea3n l\u00fd b\u00f4ng ph\u1ea5n: S\u1eed d\u1ee5ng b\u00f4ng ph\u1ea5n s\u1ea1ch s\u1ebd, khi gi\u1eb7t b\u00f4ng ph\u1ea5n n\u00ean d\u00f9ng n\u01b0\u1edbc \u1ea5m v\u00e0 \u1ea5n nh\u1eb9 v\u00e0o b\u1ec1 m\u1eb7t b\u00f4ng c\u0169ng nh\u01b0 n\u00ean d\u00f9ng b\u1ed9t gi\u1eb7t trung t\u00ednh ho\u1eb7c n\u01b0\u1edbc t\u1ea9y b\u00f4ng chuy\u00ean d\u1ee5ng \u0111\u1ec3 gi\u1eb7t. Sau khi gi\u1eb7t s\u1ea1ch b\u1eb1ng n\u01b0\u1edbc \u0111\u1ec3 ch\u1eafc ch\u1eafn r\u1eb1ng kh\u00f4ng c\u00f2n m\u1ed9t ch\u00fat ch\u1ea5t t\u1ea9y r\u1eeda n\u00e0o c\u00f2n b\u00e1m l\u1ea1i th\u00ec v\u1eaft kh\u00f4 r\u1ed3i \u0111em ph\u01a1i \u1edf n\u01a1i c\u00f3 b\u00f3ng m\u00e1t. L\u00e0m nh\u01b0 v\u1eady th\u00ec b\u00f4ng ph\u1ea5n s\u1ebd s\u1eed d\u1ee5ng \u0111\u01b0\u1ee3c trong m\u1ed9t th\u1eddi gian d\u00e0i.<\/p>\n<p>&nbsp;<\/p>\n","protected":false},"excerpt":{"rendered":"<p>Ph\u1ea5n N\u01b0\u1edbc Ch\u1ed1ng L\u00e3o H\u00f3a V\u00e0 S\u00e1ng Da Laneige BB Cushion Anti-Aging SPF50 PA+++ (K\u00e8m L\u00f5i Thay) Xu\u1ea5t x\u1ee9:\u00a0H\u00e0n Qu\u1ed1c &#8211; H\u00e3ng Laneige HSD: 07\/2020 Tr\u1ecdng l\u01b0\u1ee3ng:\u00a015g Lo\u1ea1i da:\u00a0m\u1ecdi lo\u1ea1i da Video: C\u00f4ng d\u1ee5ng: Ph\u1ea5n N\u01b0\u1edbc Trang \u0110i\u1ec3m Laneige BB Cushion Anti-Aging SPF+50\/PA+++\u00a0mang m\u1ed9t s\u1ed1 c\u00f4ng d\u1ee5ng n\u1ed5i tr\u1ed9i sau: 1. Che ph\u1ee7 n\u1ebfp nh\u0103n&#8230;<\/p>\n","protected":false},"featured_media":825,"comment_status":"open","ping_status":"closed","template":"","meta":[],"_links":{"self":[{"href":"https:\/\/webmaibinh.com\/w\/mypham42011\/wp-json\/wp\/v2\/product\/824"}],"collection":[{"href":"https:\/\/webmaibinh.com\/w\/mypham42011\/wp-json\/wp\/v2\/product"}],"about":[{"href":"https:\/\/webmaibinh.com\/w\/mypham42011\/wp-json\/wp\/v2\/types\/product"}],"replies":[{"embeddable":true,"href":"https:\/\/webmaibinh.com\/w\/mypham42011\/wp-json\/wp\/v2\/comments?post=824"}],"wp:featuredmedia":[{"embeddable":true,"href":"https:\/\/webmaibinh.com\/w\/mypham42011\/wp-json\/wp\/v2\/media\/825"}],"wp:attachment":[{"href":"https:\/\/webmaibinh.com\/w\/mypham42011\/wp-json\/wp\/v2\/media?parent=824"}],"curies":[{"name":"wp","href":"https:\/\/api.w.org\/{rel}","templated":true}]}}