{"id":820,"date":"2017-10-14T01:59:21","date_gmt":"2017-10-14T01:59:21","guid":{"rendered":"http:\/\/mypham4.khowebseotop.vn\/?post_type=product&#038;p=820"},"modified":"2017-10-14T02:03:48","modified_gmt":"2017-10-14T02:03:48","slug":"son-que-kem-etude-house-dear-darling","status":"publish","type":"product","link":"https:\/\/webmaibinh.com\/w\/mypham42011\/san-pham\/son-que-kem-etude-house-dear-darling\/","title":{"rendered":"Son Que Kem Etude House Dear Darling"},"content":{"rendered":"<p><strong>Son Que Kem Etude House Dear Darling Water Gel Tint 4.5g<\/strong><\/p>\n<p><strong>Xu\u1ea5t x\u1ee9:\u00a0<\/strong>H\u00e0n Qu\u1ed1c \u00a0&#8211; HSD: 05\/2020<\/p>\n<p><img loading=\"lazy\" src=\"http:\/\/mypham4.khowebseotop.vn\/wp-content\/uploads\/2017\/10\/son-que-kem-etude-house-dear-darling-820.jpg\" alt=\"\" width=\"500\" height=\"514\" \/><\/p>\n<p><strong>Video v\u1ec1 s\u1ea3n ph\u1ea9m:<\/strong><\/p>\n<div class=\"embeddedContent\" data-align=\"none\" data-oembed=\"\/wp-content\/uploads\/2017\/10\/son-que-kem-etude-house-dear-darling-820-1.jpg\" alt=\"\" width=\"500\" height=\"637\" \/>\n<p><strong>C\u00f4ng d\u1ee5ng s\u1ea3n ph\u1ea9m:<\/strong><\/p>\n<p>&#8211; Son tint que kem Etude House c\u00f2n ch\u1ee9a kh\u00e1 nhi\u1ec1u d\u01b0\u1ee1ng ch\u1ea5t v\u00e0 vitamin cho m\u00f4i, kh\u00f4ng nh\u1eefng gi\u00fap m\u00f4i l\u00ean m\u00e0u t\u1ef1 nhi\u00ean v\u00e0 c\u0103ng b\u00f3ng c\u1ef1c quy\u1ebfn r\u0169, m\u00e0 c\u00f2n gi\u00fap c\u00e1c n\u00e0ng n\u00e2ng niu m\u00f4i xinh, gi\u00fap m\u00f4i kh\u00f4ng b\u1ecb th\u00e2m v\u00e0 c\u0169ng kh\u00f4ng b\u1ecb kh\u00f4 nh\u01b0 khi s\u1eed d\u1ee5ng nh\u1eefng th\u1ecfi son tint kh\u00e1c \u0111\u00e2u nh\u00e9.<\/p>\n","protected":false},"excerpt":{"rendered":"<p>Son Que Kem Etude House Dear Darling Water Gel Tint 4.5g Xu\u1ea5t x\u1ee9:\u00a0H\u00e0n Qu\u1ed1c \u00a0&#8211; HSD: 05\/2020 Video v\u1ec1 s\u1ea3n ph\u1ea9m: C\u00f4ng d\u1ee5ng s\u1ea3n ph\u1ea9m: &#8211; Son tint que kem Etude House c\u00f2n ch\u1ee9a kh\u00e1 nhi\u1ec1u d\u01b0\u1ee1ng ch\u1ea5t v\u00e0 vitamin cho m\u00f4i, kh\u00f4ng nh\u1eefng gi\u00fap m\u00f4i l\u00ean m\u00e0u t\u1ef1 nhi\u00ean v\u00e0 c\u0103ng b\u00f3ng c\u1ef1c quy\u1ebfn&#8230;<\/p>\n","protected":false},"featured_media":821,"comment_status":"open","ping_status":"closed","template":"","meta":[],"_links":{"self":[{"href":"https:\/\/webmaibinh.com\/w\/mypham42011\/wp-json\/wp\/v2\/product\/820"}],"collection":[{"href":"https:\/\/webmaibinh.com\/w\/mypham42011\/wp-json\/wp\/v2\/product"}],"about":[{"href":"https:\/\/webmaibinh.com\/w\/mypham42011\/wp-json\/wp\/v2\/types\/product"}],"replies":[{"embeddable":true,"href":"https:\/\/webmaibinh.com\/w\/mypham42011\/wp-json\/wp\/v2\/comments?post=820"}],"wp:featuredmedia":[{"embeddable":true,"href":"https:\/\/webmaibinh.com\/w\/mypham42011\/wp-json\/wp\/v2\/media\/821"}],"wp:attachment":[{"href":"https:\/\/webmaibinh.com\/w\/mypham42011\/wp-json\/wp\/v2\/media?parent=820"}],"curies":[{"name":"wp","href":"https:\/\/api.w.org\/{rel}","templated":true}]}}