{"id":804,"date":"2017-10-14T01:02:23","date_gmt":"2017-10-14T01:02:23","guid":{"rendered":"http:\/\/mypham4.khowebseotop.vn\/?post_type=product&#038;p=804"},"modified":"2017-10-14T01:02:24","modified_gmt":"2017-10-14T01:02:24","slug":"tinh-chat-duong-da-kiem-dau-tra-xanh-face","status":"publish","type":"product","link":"https:\/\/webmaibinh.com\/w\/mypham42011\/san-pham\/tinh-chat-duong-da-kiem-dau-tra-xanh-face\/","title":{"rendered":"Tinh Ch\u1ea5t D\u01b0\u1ee1ng Da Ki\u1ec1m D\u1ea7u Tr\u00e0 Xanh The Face"},"content":{"rendered":"<p><strong>Tinh Ch\u1ea5t D\u01b0\u1ee1ng Da Ki\u1ec1m D\u1ea7u Tr\u00e0 Xanh The Face Shop Waterfull Green Tea Serum<\/strong><\/p>\n<p>Xu\u1ea5t x\u1ee9: H\u00e0n Qu\u1ed1c &#8211; HSD: 04\/2020<\/p>\n<p>Th\u1ec3 t\u00edch th\u1ef1c: 60ml<\/p>\n<p>D\u00e0nh cho da d\u1ea7u, da h\u1ed7n h\u1ee3p.<\/p>\n<p><img loading=\"lazy\" src=\"http:\/\/mypham4.khowebseotop.vn\/wp-content\/uploads\/2017\/10\/tinh-chat-duong-da-kiem-dau-tra-xanh-the-face-804.jpg\" alt=\"\" width=\"500\" height=\"500\" \/><\/p>\n<p><strong>Th\u00f4ng tin s\u1ea3n ph\u1ea9m:<\/strong><\/p>\n<p><strong>Tinh Ch\u1ea5t D\u01b0\u1ee1ng Da Tr\u00e0 Xanh The Face Shop Waterfull Green Tea Serum<\/strong>\u00a0l\u00e0 s\u1ea3n ph\u1ea9m tinh ch\u1ea5t d\u01b0\u1ee1ng s\u00e2u d\u00e0nh cho da d\u1ea7u, da h\u1ed7n h\u1ee3p, da hay b\u1ecb k\u00edch \u1ee9ng, nh\u1ea1y c\u1ea3m nh\u01b0 da m\u1ee5n, t\u0103ng \u0111\u1ed9 \u0111\u00e0n h\u1ed3i, ng\u0103n ch\u1eb7n qu\u00e1 tr\u00ecnh l\u00e3o h\u00f3a da, khi\u1ebfn l\u00e0n da tr\u1edf n\u00ean c\u0103ng m\u1ecbn \u0111\u1ea7y s\u1ee9c s\u1ed1ng.<\/p>\n<p><img loading=\"lazy\" src=\"http:\/\/mypham4.khowebseotop.vn\/wp-content\/uploads\/2017\/10\/tinh-chat-duong-da-kiem-dau-tra-xanh-the-face-804-1.jpg\" alt=\"\" width=\"500\" height=\"500\" \/><\/p>\n<p><strong>C\u00f4ng d\u1ee5ng s\u1ea3n ph\u1ea9m:<\/strong><\/p>\n<p>&#8211;\u00a0<strong>Tinh Ch\u1ea5t D\u01b0\u1ee1ng Da Tr\u00e0 Xanh The Face Shop Waterfull Green Tea Serum<\/strong>\u00a0gi\u00fap \u0111\u01b0a l\u1ea1i cho b\u1ea1n l\u00e0n da \u1ea9m m\u1ecbn, c\u0103ng m\u01b0\u1ee3t, kh\u00e1ng khu\u1ea9n, c\u00e2n b\u1eb1ng \u0111\u1ed9 \u1ea9m cho da, ng\u0103n ti\u1ebft d\u1ea7u, b\u00e3 nh\u1eddn v\u00e0 khu\u1ea9n g\u00e2y m\u1ee5n.<\/p>\n<p>&#8211; K\u1ebft c\u1ea5u \u1edf tinh ch\u1ea5t d\u01b0\u1ee1ng lu\u00f4n mang \u0111\u1ed9 th\u1ea9m th\u1ea5u nhanh v\u00e0 s\u00e2u, cho b\u1ea1n c\u1ea3m gi\u00e1c b\u1ec1 m\u1eb7t da tho\u00e1ng, nh\u1eb9 nh\u00e0ng, kh\u00f4ng h\u1ec1 g\u00e2y b\u00ed t\u1eafc l\u1ed7 ch\u00e2n l\u00f4ng.<\/p>\n","protected":false},"excerpt":{"rendered":"<p>Tinh Ch\u1ea5t D\u01b0\u1ee1ng Da Ki\u1ec1m D\u1ea7u Tr\u00e0 Xanh The Face Shop Waterfull Green Tea Serum Xu\u1ea5t x\u1ee9: H\u00e0n Qu\u1ed1c &#8211; HSD: 04\/2020 Th\u1ec3 t\u00edch th\u1ef1c: 60ml D\u00e0nh cho da d\u1ea7u, da h\u1ed7n h\u1ee3p. Th\u00f4ng tin s\u1ea3n ph\u1ea9m: Tinh Ch\u1ea5t D\u01b0\u1ee1ng Da Tr\u00e0 Xanh The Face Shop Waterfull Green Tea Serum\u00a0l\u00e0 s\u1ea3n ph\u1ea9m tinh ch\u1ea5t d\u01b0\u1ee1ng&#8230;<\/p>\n","protected":false},"featured_media":805,"comment_status":"open","ping_status":"closed","template":"","meta":[],"_links":{"self":[{"href":"https:\/\/webmaibinh.com\/w\/mypham42011\/wp-json\/wp\/v2\/product\/804"}],"collection":[{"href":"https:\/\/webmaibinh.com\/w\/mypham42011\/wp-json\/wp\/v2\/product"}],"about":[{"href":"https:\/\/webmaibinh.com\/w\/mypham42011\/wp-json\/wp\/v2\/types\/product"}],"replies":[{"embeddable":true,"href":"https:\/\/webmaibinh.com\/w\/mypham42011\/wp-json\/wp\/v2\/comments?post=804"}],"wp:featuredmedia":[{"embeddable":true,"href":"https:\/\/webmaibinh.com\/w\/mypham42011\/wp-json\/wp\/v2\/media\/805"}],"wp:attachment":[{"href":"https:\/\/webmaibinh.com\/w\/mypham42011\/wp-json\/wp\/v2\/media?parent=804"}],"curies":[{"name":"wp","href":"https:\/\/api.w.org\/{rel}","templated":true}]}}