{"id":801,"date":"2017-10-14T01:00:29","date_gmt":"2017-10-14T01:00:29","guid":{"rendered":"http:\/\/mypham4.khowebseotop.vn\/?post_type=product&#038;p=801"},"modified":"2017-10-14T01:00:39","modified_gmt":"2017-10-14T01:00:39","slug":"su%cc%83a-duo%cc%83ng-the%cc%89-giu%cc%83-a%cc%89m-va-ngan-ngua-la%cc%83o-hoa","status":"publish","type":"product","link":"https:\/\/webmaibinh.com\/w\/mypham42011\/san-pham\/su%cc%83a-duo%cc%83ng-the%cc%89-giu%cc%83-a%cc%89m-va-ngan-ngua-la%cc%83o-hoa\/","title":{"rendered":"S\u01b0\u0303a D\u01b0\u01a1\u0303ng Th\u00ea\u0309 Gi\u01b0\u0303 \u00c2\u0309m va\u0300 Ng\u0103n Ng\u01b0\u0300a La\u0303o Ho\u0301a"},"content":{"rendered":"<p><strong>S\u01b0\u0303a D\u01b0\u01a1\u0303ng Th\u00ea\u0309 Gi\u01b0\u0303 \u00c2\u0309m va\u0300 Ng\u0103n Ng\u01b0\u0300a La\u0303o Ho\u0301a Chi\u00ea\u0301t Xu\u00e2\u0301t T\u01b0\u0300 Tra\u0300 Xanh Innisfree Green Tea Pure Body Lotion 300ml<\/strong><\/p>\n<p><strong>Xu\u1ea5t x\u1ee9<\/strong>: H\u00e0n Qu\u1ed1c &#8211;\u00a0<strong>HSD:<\/strong>\u00a024\/01\/2020<\/p>\n<p><strong>Dung t\u00edch<\/strong>: 300ml<\/p>\n<p><strong>Loa\u0323i da<\/strong>: Th\u00edch h\u1ee3p cho m\u1ecdi lo\u1ea1i da, k\u1ec3 c\u1ea3 da nh\u1ea1y c\u1ea3m<\/p>\n<p><img loading=\"lazy\" src=\"http:\/\/mypham4.khowebseotop.vn\/wp-content\/uploads\/2017\/10\/succ83a-duocc83ng-thecc89-giucc83-acc89m-va-ngan-ngua-lacc83o-hoa-801.jpg\" alt=\"\" width=\"600\" height=\"588\" \/><\/p>\n<p>Innisfree Green Tea Pure Body Lotion\u00a0l\u00e0 d\u00f2ng m\u1ef9 ph\u1ea9m d\u01b0\u1ee1ng th\u1ec3, ch\u0103m s\u00f3c da d\u01b0\u1edbi d\u1ea1ng lotion.<\/p>\n<p><strong>V\u00e2\u0323y theo ba\u0323n Lotion la\u0300 gi\u0300?<\/strong><\/p>\n<p><strong>&#8211; Lotion<\/strong>\u00a0l\u00e0 lo\u1ea1i m\u1ef9 ph\u1ea9m ch\u0103m s\u00f3c da d\u01b0\u1edbi d\u1ea1ng l\u1ecfng. Th\u00e0nh ph\u1ea7n ch\u1ee7 y\u1ebfu c\u1ee7a ch\u00fang l\u00e0 c\u00e1c ch\u1ea5t kh\u00f4 \u0111\u01b0\u1ee3c ho\u00e0 tan trong n\u01b0\u1edbc. Do v\u1eady, c\u00f4ng d\u1ee5ng ch\u00ednh c\u1ee7a lotion l\u00e0 d\u01b0\u1ee1ng \u1ea9m cho da. Kh\u1ea3 n\u0103ng gi\u1eef \u1ea9m v\u00e0 duy tr\u00ec \u1ea9m c\u1ee7a lotion t\u1ed1t h\u01a1n nh\u1eefng lo\u1ea1i m\u1ef9 ph\u1ea9m b\u00f9 \u1ea9m\u00a0d\u01b0\u1edbi d\u1ea1ng gel.\u00a0S\u1eed d\u1ee5ng c\u00e1c s\u1ea3n ph\u1ea9m lotion cho ng\u01b0\u1eddi d\u00f9ng c\u1ea3m gi\u00e1c kh\u00f4ng b\u1ecb nh\u1eddn hay d\u00ednh nh\u01b0 kem. Lotion s\u1ee7 d\u1ee5ng nhi\u1ec1u v\u00e0o m\u00f9a h\u00e8 hay th\u1eddi gian ban ng\u00e0.khi m\u00e0 ph\u1ea3i l\u00e0m vi\u1ec7c v\u1edbi c\u01b0\u1eddng \u0111\u1ed9 nhi\u1ec1u, da ti\u1ebft ra nhi\u1ec1u m\u1ed3 h\u00f4i n\u00ean n\u1ebfu s\u1eed d\u1ee5ng m\u1ef9 ph\u1ea9m d\u1ea1ng kem\u00a0d\u1ec5 g\u00e2y n\u00ean hi\u1ec7n t\u01b0\u1ee3ng d\u00ednh nh\u1eddn kh\u00f3 ch\u1ecbu. S\u1eed d\u1ee5ng lotion t\u1ed1t nh\u1ea5t cho nh\u1eefng ng\u01b0\u1eddi cho l\u00e0n da th\u01b0\u1eddng ho\u1eb7c da kh\u00f4 b\u1edfi lotion r\u1ea5t nh\u1eb9, kh\u00f4ng qu\u00e1 s\u00e1nh \u0111\u1eb7c m\u00e0 hi\u1ec7u qu\u1ea3 b\u1ea3o v\u1ec7 v\u00e0 ch\u0103m s\u00f3c da v\u1eabn r\u1ea5t t\u1ed1t.<\/p>\n","protected":false},"excerpt":{"rendered":"<p>S\u01b0\u0303a D\u01b0\u01a1\u0303ng Th\u00ea\u0309 Gi\u01b0\u0303 \u00c2\u0309m va\u0300 Ng\u0103n Ng\u01b0\u0300a La\u0303o Ho\u0301a Chi\u00ea\u0301t Xu\u00e2\u0301t T\u01b0\u0300 Tra\u0300 Xanh Innisfree Green Tea Pure Body Lotion 300ml Xu\u1ea5t x\u1ee9: H\u00e0n Qu\u1ed1c &#8211;\u00a0HSD:\u00a024\/01\/2020 Dung t\u00edch: 300ml Loa\u0323i da: Th\u00edch h\u1ee3p cho m\u1ecdi lo\u1ea1i da, k\u1ec3 c\u1ea3 da nh\u1ea1y c\u1ea3m Innisfree Green Tea Pure Body Lotion\u00a0l\u00e0 d\u00f2ng m\u1ef9 ph\u1ea9m d\u01b0\u1ee1ng th\u1ec3, ch\u0103m&#8230;<\/p>\n","protected":false},"featured_media":802,"comment_status":"open","ping_status":"closed","template":"","meta":[],"_links":{"self":[{"href":"https:\/\/webmaibinh.com\/w\/mypham42011\/wp-json\/wp\/v2\/product\/801"}],"collection":[{"href":"https:\/\/webmaibinh.com\/w\/mypham42011\/wp-json\/wp\/v2\/product"}],"about":[{"href":"https:\/\/webmaibinh.com\/w\/mypham42011\/wp-json\/wp\/v2\/types\/product"}],"replies":[{"embeddable":true,"href":"https:\/\/webmaibinh.com\/w\/mypham42011\/wp-json\/wp\/v2\/comments?post=801"}],"wp:featuredmedia":[{"embeddable":true,"href":"https:\/\/webmaibinh.com\/w\/mypham42011\/wp-json\/wp\/v2\/media\/802"}],"wp:attachment":[{"href":"https:\/\/webmaibinh.com\/w\/mypham42011\/wp-json\/wp\/v2\/media?parent=801"}],"curies":[{"name":"wp","href":"https:\/\/api.w.org\/{rel}","templated":true}]}}