{"id":797,"date":"2017-10-14T00:59:41","date_gmt":"2017-10-14T00:59:41","guid":{"rendered":"http:\/\/mypham4.khowebseotop.vn\/?post_type=product&#038;p=797"},"modified":"2017-10-14T01:01:03","modified_gmt":"2017-10-14T01:01:03","slug":"tay-da-chet-trang-da-toan-face-shop-p","status":"publish","type":"product","link":"https:\/\/webmaibinh.com\/w\/mypham42011\/san-pham\/tay-da-chet-trang-da-toan-face-shop-p\/","title":{"rendered":"T\u1ea9y Da Ch\u1ebft Tr\u1eafng Da To\u00e0n Th\u00e2n The Face Shop"},"content":{"rendered":"<p><strong>T\u1ea9y Da Ch\u1ebft Tr\u1eafng Da To\u00e0n Th\u00e2n The Face Shop Perfume Seed White Peony Body Scrub 200ml (M\u1edbi 2017)<\/strong><\/p>\n<p>Xu\u1ea5t X\u1ee9: H\u00e0n Qu\u1ed1c &#8211; HSD: 08\/02\/2020<\/p>\n<p>K\u1ec3 t\u1eeb th\u00e1ng 4\/2017, h\u00e3ng The Face Shop \u0111\u00e3 thay \u0111\u1ed5i bao b\u00ec c\u1ee7a d\u00f2ng h\u1ee7 Kem t\u1ea9y da ch\u1ea5t tr\u1eafng da to\u00e0n th\u00e2n Perfume Seed White Peony Body Scrub 180ml sang lo\u1ea1i Tu\u00fdp t\u1ea9y da ch\u1ebft tr\u1eafng da to\u00e0n th\u00e2n White Poeny Body Scrub 200ml. Dung t\u00edch v\u1eeba nhi\u1ec1u h\u01a1n l\u1ea1i v\u1eeba d\u1ec5 b\u1ea3o qu\u1ea3n h\u01a1n n\u1eefa c\u00e1c b\u1ea1n nh\u00e9! Sau \u0111\u00e2y l\u00e0 h\u00ecnh \u1ea3nh bao b\u00ec s\u1ea3n ph\u1ea9m m\u1edbi:<\/p>\n<p><img loading=\"lazy\" src=\"http:\/\/mypham4.khowebseotop.vn\/wp-content\/uploads\/2017\/10\/tay-da-chet-trang-da-toan-than-the-face-shop-p-797.jpg\" alt=\"\" width=\"550\" height=\"590\" \/><\/p>\n<p><strong>M\u1eabu bao b\u00ec c\u0169:<\/strong><\/p>\n<p><img loading=\"lazy\" src=\"http:\/\/mypham4.khowebseotop.vn\/wp-content\/uploads\/2017\/10\/tay-da-chet-trang-da-toan-than-the-face-shop-p-797-1.jpg\" alt=\"\" width=\"500\" height=\"500\" \/><\/p>\n<p><strong>PERFUME SEED WHITE PEONY BODY Scrub<\/strong>\u00a0l\u00e0 s\u1ea3n ph\u1ea9m s\u1eefa t\u1eafm l\u00e0m tr\u1eafng da h\u01b0\u01a1ng n\u01b0\u1edbc hoa \u0111\u1eb7c bi\u1ec7t m\u1ed9t c\u00e1ch t\u1ef1 nhi\u00ean, \u0111\u01b0\u1ee3c s\u1ea3n xu\u1ea5t theo c\u00f4ng ngh\u1ec7 ti\u00ean ti\u1ebfn c\u1ee7a H\u00e0n Qu\u1ed1c, v\u1edbi hi\u1ec7u qu\u1ea3 l\u00e0m tr\u1eafng t\u1eeb chi\u1ebft xu\u1ea5t t\u1eeb M\u1eabu \u0110\u01a1n Tr\u1eafng gi\u00fap lo\u1ea1i b\u1ecf nh\u1eefng s\u1eafc t\u1ed1 da s\u1ea1m m\u00e0u v\u00e0 mang l\u1ea1i cho b\u1ea1n l\u00e0n da s\u00e1ng tr\u1eafng, m\u1ec1m m\u1ecbn v\u00e0 kho\u1ebb m\u1ea1nh h\u01a1n m\u1ed7i ng\u00e0y m\u00e0 kh\u00f4ng g\u00e2y nh\u1eddn r\u00edt.<\/p>\n","protected":false},"excerpt":{"rendered":"<p>T\u1ea9y Da Ch\u1ebft Tr\u1eafng Da To\u00e0n Th\u00e2n The Face Shop Perfume Seed White Peony Body Scrub 200ml (M\u1edbi 2017) Xu\u1ea5t X\u1ee9: H\u00e0n Qu\u1ed1c &#8211; HSD: 08\/02\/2020 K\u1ec3 t\u1eeb th\u00e1ng 4\/2017, h\u00e3ng The Face Shop \u0111\u00e3 thay \u0111\u1ed5i bao b\u00ec c\u1ee7a d\u00f2ng h\u1ee7 Kem t\u1ea9y da ch\u1ea5t tr\u1eafng da to\u00e0n th\u00e2n Perfume Seed White Peony Body&#8230;<\/p>\n","protected":false},"featured_media":798,"comment_status":"open","ping_status":"closed","template":"","meta":[],"_links":{"self":[{"href":"https:\/\/webmaibinh.com\/w\/mypham42011\/wp-json\/wp\/v2\/product\/797"}],"collection":[{"href":"https:\/\/webmaibinh.com\/w\/mypham42011\/wp-json\/wp\/v2\/product"}],"about":[{"href":"https:\/\/webmaibinh.com\/w\/mypham42011\/wp-json\/wp\/v2\/types\/product"}],"replies":[{"embeddable":true,"href":"https:\/\/webmaibinh.com\/w\/mypham42011\/wp-json\/wp\/v2\/comments?post=797"}],"wp:featuredmedia":[{"embeddable":true,"href":"https:\/\/webmaibinh.com\/w\/mypham42011\/wp-json\/wp\/v2\/media\/798"}],"wp:attachment":[{"href":"https:\/\/webmaibinh.com\/w\/mypham42011\/wp-json\/wp\/v2\/media?parent=797"}],"curies":[{"name":"wp","href":"https:\/\/api.w.org\/{rel}","templated":true}]}}