{"id":792,"date":"2017-10-14T00:56:36","date_gmt":"2017-10-14T00:56:36","guid":{"rendered":"http:\/\/mypham4.khowebseotop.vn\/?post_type=product&#038;p=792"},"modified":"2017-10-14T00:56:38","modified_gmt":"2017-10-14T00:56:38","slug":"bo-duong-trang-da-toan-face-shop","status":"publish","type":"product","link":"https:\/\/webmaibinh.com\/w\/mypham42011\/san-pham\/bo-duong-trang-da-toan-face-shop\/","title":{"rendered":"B\u1ed9 D\u01b0\u1ee1ng Tr\u1eafng Da To\u00e0n Th\u00e2n The Face Shop"},"content":{"rendered":"<p><strong>B\u1ed9 D\u01b0\u1ee1ng Tr\u1eafng Da To\u00e0n Th\u00e2n The Face Shop Perfume Seed White Peony Body Set<\/strong><\/p>\n<p>Xu\u1ea5t X\u1ee9: H\u00e0n Qu\u1ed1c &#8211; HSD: 03\/ 2019<\/p>\n<p><strong>PERFUME SEED WHITE PEONY BODY Set<\/strong>\u00a0l\u00e0 b\u1ed9 s\u1ea3n ph\u1ea9m s\u1eefa t\u1eafm l\u00e0m tr\u1eafng da h\u01b0\u01a1ng n\u01b0\u1edbc hoa \u0111\u1eb7c bi\u1ec7t m\u1ed9t c\u00e1ch t\u1ef1 nhi\u00ean, \u0111\u01b0\u1ee3c s\u1ea3n xu\u1ea5t theo c\u00f4ng ngh\u1ec7 ti\u00ean ti\u1ebfn c\u1ee7a H\u00e0n Qu\u1ed1c, v\u1edbi hi\u1ec7u qu\u1ea3 l\u00e0m tr\u1eafng t\u1eeb chi\u1ebft xu\u1ea5t t\u1eeb M\u1eabu \u0110\u01a1n Tr\u1eafng gi\u00fap lo\u1ea1i b\u1ecf nh\u1eefng s\u1eafc t\u1ed1 da s\u1ea1m m\u00e0u v\u00e0 mang l\u1ea1i cho b\u1ea1n l\u00e0n da s\u00e1ng tr\u1eafng, m\u1ec1m m\u1ecbn v\u00e0 kho\u1ebb m\u1ea1nh h\u01a1n m\u1ed7i ng\u00e0y m\u00e0 kh\u00f4ng g\u00e2y nh\u1eddn r\u00edt.<\/p>\n<p><strong>White Peony &#8211;<\/strong>\u00a0Hoa m\u1eabu \u0111\u01a1n tr\u1eafng, lo\u00e0i hoa v\u01b0\u01a1ng gi\u1ea3, \u0111\u01b0\u1ee3c t\u1ea7ng l\u1edbp th\u01b0\u1ee3ng l\u01b0u Trung Qu\u1ed1c \u0111\u1eb7c bi\u1ec7t \u01b0u chu\u1ed9ng! H\u01b0\u01a1ng th\u01a1m ngan ng\u00e1t, White Peony xinh \u0111\u1eb9p thanh tao th\u01b0\u1eddng \u0111\u01b0\u1ee3c d\u00f9ng l\u00e0m h\u01b0\u01a1ng li\u1ec7u ch\u0103m s\u00f3c nhan s\u1eafc c\u1ee7a c\u00e1c ti\u1ec3u th\u01b0 quy\u1ec1n qu\u00fd ng\u00e0y x\u01b0a!<\/p>\n<p><img loading=\"lazy\" src=\"http:\/\/mypham4.khowebseotop.vn\/wp-content\/uploads\/2017\/10\/bo-duong-trang-da-toan-than-the-face-shop-792.jpg\" alt=\"\" width=\"500\" height=\"335\" \/><img loading=\"lazy\" src=\"http:\/\/mypham4.khowebseotop.vn\/wp-content\/uploads\/2017\/10\/bo-duong-trang-da-toan-than-the-face-shop-792-1.jpg\" alt=\"\" width=\"500\" height=\"333\" \/><\/p>\n<p>Cu\u1ed1i c\u00f9ng, h\u01b0\u01a1ng th\u01a1m, \u0111\u00fang ch\u1ea5t \u201cti\u1ec3u th\u01b0 quy\u1ec1n qu\u00fd &#8211; con nh\u00e0 v\u01b0\u01a1ng gi\u1ea3\u201d. D\u1ecbu d\u00e0ng, thanh tho\u00e1t nh\u01b0 m\u1eabu \u0111\u01a1n v\u1eeba h\u00e9 n\u1edf! V\u00e0, \u0111\u1eebng qu\u00ean, \u0111\u00e2y l\u00e0 d\u00f2ng s\u1eefa t\u1eafm Perfume Seed ch\u1ee9a vi\u00ean nang n\u01b0\u1edbc hoa, h\u01b0\u01a1ng th\u01a1m m\u01a1n tr\u1edbn tr\u00ean l\u00e0n da \u0111\u1ebfn v\u00e0i gi\u1edd\u2026<\/p>\n<p><img loading=\"lazy\" src=\"http:\/\/mypham4.khowebseotop.vn\/wp-content\/uploads\/2017\/10\/bo-duong-trang-da-toan-than-the-face-shop-792-2.jpg\" alt=\"\" width=\"550\" height=\"550\" \/><\/p>\n<p>B\u1ed9\u00a0<a href=\"http:\/\/www.kosmebox.com\/duong-da\/Cac-Van-De-Cua-Da\/Duong-Trang-Va-Dac-Tri-Tham-Nam-Da\" target=\"_self\">d\u01b0\u1ee1ng tr\u1eafng<\/a>\u00a0da to\u00e0n th\u00e2n Pefume Seed White Peony Body Set g\u1ed3m 3 s\u1ea3n ph\u1ea9m :<\/p>\n<p>1. S\u1eefa T\u1eafm Tr\u1eafng Da The Face Shop Perfume Seed White Peony Body Wash 300ml<\/p>\n<p>2.\u00a0T\u1ea9y Da Ch\u1ebft Tr\u1eafng Da To\u00e0n Th\u00e2n The Face Shop Perfume Seed White Peony Body Scrub 180ml<\/p>\n<p>3. S\u1eefa D\u01b0\u1ee1ng Tr\u1eafng Da The Face Shop Perfume Seed White Peony Body Milk 300ml<\/p>\n","protected":false},"excerpt":{"rendered":"<p>B\u1ed9 D\u01b0\u1ee1ng Tr\u1eafng Da To\u00e0n Th\u00e2n The Face Shop Perfume Seed White Peony Body Set Xu\u1ea5t X\u1ee9: H\u00e0n Qu\u1ed1c &#8211; HSD: 03\/ 2019 PERFUME SEED WHITE PEONY BODY Set\u00a0l\u00e0 b\u1ed9 s\u1ea3n ph\u1ea9m s\u1eefa t\u1eafm l\u00e0m tr\u1eafng da h\u01b0\u01a1ng n\u01b0\u1edbc hoa \u0111\u1eb7c bi\u1ec7t m\u1ed9t c\u00e1ch t\u1ef1 nhi\u00ean, \u0111\u01b0\u1ee3c s\u1ea3n xu\u1ea5t theo c\u00f4ng ngh\u1ec7 ti\u00ean ti\u1ebfn c\u1ee7a&#8230;<\/p>\n","protected":false},"featured_media":793,"comment_status":"open","ping_status":"closed","template":"","meta":[],"_links":{"self":[{"href":"https:\/\/webmaibinh.com\/w\/mypham42011\/wp-json\/wp\/v2\/product\/792"}],"collection":[{"href":"https:\/\/webmaibinh.com\/w\/mypham42011\/wp-json\/wp\/v2\/product"}],"about":[{"href":"https:\/\/webmaibinh.com\/w\/mypham42011\/wp-json\/wp\/v2\/types\/product"}],"replies":[{"embeddable":true,"href":"https:\/\/webmaibinh.com\/w\/mypham42011\/wp-json\/wp\/v2\/comments?post=792"}],"wp:featuredmedia":[{"embeddable":true,"href":"https:\/\/webmaibinh.com\/w\/mypham42011\/wp-json\/wp\/v2\/media\/793"}],"wp:attachment":[{"href":"https:\/\/webmaibinh.com\/w\/mypham42011\/wp-json\/wp\/v2\/media?parent=792"}],"curies":[{"name":"wp","href":"https:\/\/api.w.org\/{rel}","templated":true}]}}